{"id":1879,"date":"2021-03-23T08:58:53","date_gmt":"2021-03-23T07:58:53","guid":{"rendered":"https:\/\/unilube.ch\/pourquoi-unilube\/"},"modified":"2021-03-23T09:23:06","modified_gmt":"2021-03-23T08:23:06","slug":"pourquoi-unilube","status":"publish","type":"page","link":"https:\/\/unilube.ch\/fr\/pourquoi-unilube\/","title":{"rendered":"Pourquoi Unilube\u00a0?"},"content":{"rendered":"\t\t<div data-elementor-type=\"wp-page\" data-elementor-id=\"1879\" class=\"elementor elementor-1879 elementor-568\" data-elementor-post-type=\"page\">\n\t\t\t\t\t\t<section class=\"elementor-section elementor-top-section elementor-element elementor-element-649cf0f1 elementor-section-boxed elementor-section-height-default elementor-section-height-default\" data-id=\"649cf0f1\" data-element_type=\"section\" data-e-type=\"section\">\n\t\t\t\t\t\t<div class=\"elementor-container elementor-column-gap-default\">\n\t\t\t\t\t<div class=\"elementor-column elementor-col-100 elementor-top-column elementor-element elementor-element-53682ea3\" data-id=\"53682ea3\" data-element_type=\"column\" data-e-type=\"column\">\n\t\t\t<div class=\"elementor-widget-wrap elementor-element-populated\">\n\t\t\t\t\t\t<div class=\"elementor-element elementor-element-3d891f8d elementor-icon-list--layout-inline elementor-align-start breadcrumbs elementor-list-item-link-full_width elementor-widget elementor-widget-icon-list\" data-id=\"3d891f8d\" data-element_type=\"widget\" data-e-type=\"widget\" data-widget_type=\"icon-list.default\">\n\t\t\t\t<div class=\"elementor-widget-container\">\n\t\t\t\t\t\t\t<ul class=\"elementor-icon-list-items elementor-inline-items\">\n\t\t\t\t\t\t\t<li class=\"elementor-icon-list-item elementor-inline-item\">\n\t\t\t\t\t\t\t\t\t\t\t<a href=\"https:\/\/unilube.ch\/fr\/\">\n\n\t\t\t\t\t\t\t\t\t\t\t\t<span class=\"elementor-icon-list-icon\">\n\t\t\t\t\t\t\t<i aria-hidden=\"true\" class=\"fas fa-home\"><\/i>\t\t\t\t\t\t<\/span>\n\t\t\t\t\t\t\t\t\t\t<span class=\"elementor-icon-list-text\"><\/span>\n\t\t\t\t\t\t\t\t\t\t\t<\/a>\n\t\t\t\t\t\t\t\t\t<\/li>\n\t\t\t\t\t\t\t\t<li class=\"elementor-icon-list-item elementor-inline-item\">\n\t\t\t\t\t\t\t\t\t\t\t<span class=\"elementor-icon-list-icon\">\n\t\t\t\t\t\t\t<i aria-hidden=\"true\" class=\"fas fa-circle\"><\/i>\t\t\t\t\t\t<\/span>\n\t\t\t\t\t\t\t\t\t\t<span class=\"elementor-icon-list-text\">Pourquoi Unilube\u00a0?<\/span>\n\t\t\t\t\t\t\t\t\t<\/li>\n\t\t\t\t\t\t<\/ul>\n\t\t\t\t\t\t<\/div>\n\t\t\t\t<\/div>\n\t\t\t\t\t<\/div>\n\t\t<\/div>\n\t\t\t\t\t<\/div>\n\t\t<\/section>\n\t\t\t\t<section class=\"elementor-section elementor-top-section elementor-element elementor-element-9478f9b elementor-section-height-min-height elementor-section-items-bottom elementor-section-boxed elementor-section-height-default\" data-id=\"9478f9b\" data-element_type=\"section\" data-e-type=\"section\" data-settings=\"{&quot;background_background&quot;:&quot;classic&quot;}\">\n\t\t\t\t\t\t<div class=\"elementor-container elementor-column-gap-default\">\n\t\t\t\t\t<div class=\"elementor-column elementor-col-50 elementor-top-column elementor-element elementor-element-9fd6747\" data-id=\"9fd6747\" data-element_type=\"column\" data-e-type=\"column\">\n\t\t\t<div class=\"elementor-widget-wrap elementor-element-populated\">\n\t\t\t\t\t\t<div class=\"elementor-element elementor-element-fdd4e5b table_display heading_yellow elementor-widget elementor-widget-heading\" data-id=\"fdd4e5b\" data-element_type=\"widget\" data-e-type=\"widget\" data-widget_type=\"heading.default\">\n\t\t\t\t<div class=\"elementor-widget-container\">\n\t\t\t\t\t<h1 class=\"elementor-heading-title elementor-size-default\">Pourquoi Unilube\u00a0?<\/h1>\t\t\t\t<\/div>\n\t\t\t\t<\/div>\n\t\t\t\t\t<\/div>\n\t\t<\/div>\n\t\t\t\t<div class=\"elementor-column elementor-col-50 elementor-top-column elementor-element elementor-element-cb69755\" data-id=\"cb69755\" data-element_type=\"column\" data-e-type=\"column\">\n\t\t\t<div class=\"elementor-widget-wrap\">\n\t\t\t\t\t\t\t<\/div>\n\t\t<\/div>\n\t\t\t\t\t<\/div>\n\t\t<\/section>\n\t\t\t\t<section class=\"elementor-section elementor-top-section elementor-element elementor-element-84ed247 elementor-section-boxed elementor-section-height-default elementor-section-height-default\" data-id=\"84ed247\" data-element_type=\"section\" data-e-type=\"section\">\n\t\t\t\t\t\t<div class=\"elementor-container elementor-column-gap-default\">\n\t\t\t\t\t<div class=\"elementor-column elementor-col-100 elementor-top-column elementor-element elementor-element-54a5307\" data-id=\"54a5307\" data-element_type=\"column\" data-e-type=\"column\">\n\t\t\t<div class=\"elementor-widget-wrap elementor-element-populated\">\n\t\t\t\t\t\t<div class=\"elementor-element elementor-element-20863df elementor-widget elementor-widget-heading\" data-id=\"20863df\" data-element_type=\"widget\" data-e-type=\"widget\" data-widget_type=\"heading.default\">\n\t\t\t\t<div class=\"elementor-widget-container\">\n\t\t\t\t\t<h4 class=\"elementor-heading-title elementor-size-default\">En r\u00e9sum\u00e9\u00a0:\n<\/h4>\t\t\t\t<\/div>\n\t\t\t\t<\/div>\n\t\t\t\t<div class=\"elementor-element elementor-element-58e429f elementor-align-start elementor-icon-list--layout-traditional elementor-list-item-link-full_width elementor-widget elementor-widget-icon-list\" data-id=\"58e429f\" data-element_type=\"widget\" data-e-type=\"widget\" data-widget_type=\"icon-list.default\">\n\t\t\t\t<div class=\"elementor-widget-container\">\n\t\t\t\t\t\t\t<ul class=\"elementor-icon-list-items\">\n\t\t\t\t\t\t\t<li class=\"elementor-icon-list-item\">\n\t\t\t\t\t\t\t\t\t\t\t<span class=\"elementor-icon-list-icon\">\n\t\t\t\t\t\t\t<i aria-hidden=\"true\" class=\"fas fa-circle\"><\/i>\t\t\t\t\t\t<\/span>\n\t\t\t\t\t\t\t\t\t\t<span class=\"elementor-icon-list-text\">Efficace\u00a0: &nbsp;&nbsp; Des frais d\u2019exploitation au plus bas niveau tout en ayant une grande rentabilit\u00e9, r\u00e9duction du temps d\u2019usinage<\/span>\n\t\t\t\t\t\t\t\t\t<\/li>\n\t\t\t\t\t\t\t\t<li class=\"elementor-icon-list-item\">\n\t\t\t\t\t\t\t\t\t\t\t<span class=\"elementor-icon-list-icon\">\n\t\t\t\t\t\t\t<i aria-hidden=\"true\" class=\"fas fa-circle\"><\/i>\t\t\t\t\t\t<\/span>\n\t\t\t\t\t\t\t\t\t\t<span class=\"elementor-icon-list-text\">Propre\u00a0:&nbsp;&nbsp; &nbsp;&nbsp;&nbsp; Des pi\u00e8ces et un environnement de travail propres, durable et respectueux de l\u2019environnement<\/span>\n\t\t\t\t\t\t\t\t\t<\/li>\n\t\t\t\t\t\t\t\t<li class=\"elementor-icon-list-item\">\n\t\t\t\t\t\t\t\t\t\t\t<span class=\"elementor-icon-list-icon\">\n\t\t\t\t\t\t\t<i aria-hidden=\"true\" class=\"fas fa-circle\"><\/i>\t\t\t\t\t\t<\/span>\n\t\t\t\t\t\t\t\t\t\t<span class=\"elementor-icon-list-text\">Malin\u00a0: &nbsp;&nbsp;&nbsp;&nbsp;&nbsp;&nbsp; Une technologie bien m\u00fbrie pour une meilleure qualit\u00e9 et une dur\u00e9e de vie prolong\u00e9e<\/span>\n\t\t\t\t\t\t\t\t\t<\/li>\n\t\t\t\t\t\t<\/ul>\n\t\t\t\t\t\t<\/div>\n\t\t\t\t<\/div>\n\t\t\t\t<div class=\"elementor-element elementor-element-721ae1b elementor-widget elementor-widget-heading\" data-id=\"721ae1b\" data-element_type=\"widget\" data-e-type=\"widget\" data-widget_type=\"heading.default\">\n\t\t\t\t<div class=\"elementor-widget-container\">\n\t\t\t\t\t<h4 class=\"elementor-heading-title elementor-size-default\">Profitez de notre offre ultime d\u00e9fiant toute concurrence\u00a0!\n<\/h4>\t\t\t\t<\/div>\n\t\t\t\t<\/div>\n\t\t\t\t<div class=\"elementor-element elementor-element-ce5f688 elementor-widget elementor-widget-text-editor\" data-id=\"ce5f688\" data-element_type=\"widget\" data-e-type=\"widget\" data-widget_type=\"text-editor.default\">\n\t\t\t\t<div class=\"elementor-widget-container\">\n\t\t\t\t\t\t\t\t\t<p>\u00c7a peut difficilement \u00eatre plus \u00e9conomique\u00a0: Le concept abouti d\u2019usinage quasi-sec r\u00e9duit vos charges directes de 90%. \u00c0 cela s\u2019ajoutent encore les \u00e9conomies sur les co\u00fbts d\u2019investissement. Les co\u00fbts d\u2019\u00e9limination sont compl\u00e8tement supprim\u00e9s.<\/p>\n<p>L\u2019int\u00e9r\u00eat majeur r\u00e9side cependant dans l\u2019augmentation de la vitesse de coupe et la diminution de la dur\u00e9e totale de l\u2019usinage. Une augmentation g\u00e9n\u00e9rale de la vitesse de coupe est m\u00eame utile dans le cas d\u2019une lubrification de consommation &#8211; pour une m\u00eame qualit\u00e9 de surface, bien entendu\u00a0! Les co\u00fbts d\u2019entretien et de maintenance sont nettement r\u00e9duits, voire supprim\u00e9s, ce qui g\u00e9n\u00e8re encore des effets positifs sur le plan financier. De plus, la dur\u00e9e de vie prolong\u00e9e de la machine ainsi que la pr\u00e9servation de la sant\u00e9 des salari\u00e9s et de l\u2019environnement sont autant d\u2019\u00e9l\u00e9ments en faveur de notre concept.<\/p>\n\t\t\t\t\t\t\t\t<\/div>\n\t\t\t\t<\/div>\n\t\t\t\t<div class=\"elementor-element elementor-element-df3ec3d elementor-widget elementor-widget-heading\" data-id=\"df3ec3d\" data-element_type=\"widget\" data-e-type=\"widget\" data-widget_type=\"heading.default\">\n\t\t\t\t<div class=\"elementor-widget-container\">\n\t\t\t\t\t<h4 class=\"elementor-heading-title elementor-size-default\">Une dur\u00e9e de vie de l\u2019outil fortement prolong\u00e9e\u00a0!\n<\/h4>\t\t\t\t<\/div>\n\t\t\t\t<\/div>\n\t\t\t\t<div class=\"elementor-element elementor-element-86ac7f6 elementor-widget elementor-widget-text-editor\" data-id=\"86ac7f6\" data-element_type=\"widget\" data-e-type=\"widget\" data-widget_type=\"text-editor.default\">\n\t\t\t\t<div class=\"elementor-widget-container\">\n\t\t\t\t\t\t\t\t\t<p>Avec UNILUBE, vous prolongez sans peine la dur\u00e9e de vie de l\u2019outil de 15 \u00e0 20 % \u2013 simplement comme \u00e7a. Les exp\u00e9riences clients nous indiquent qu&rsquo;il est possible de multiplier la dur\u00e9e de vie par cinq. Pour cela, la vitesse de coupe est r\u00e9gl\u00e9e de fa\u00e7on optimale pour un usinage quasi-sec et le r\u00e9glage du syst\u00e8me de lubrification minimale est choisi de telle sorte qu&rsquo;il y ait une v\u00e9ritable lubrification de consommation. Si on augmente encore un peu plus la vitesse de coupe, la dur\u00e9e de vie de l\u2019outil diminue, mais on gagne en temps d\u2019usinage. Vous avez donc le choix entre privil\u00e9gier la dur\u00e9e de vie de l\u2019outil et privil\u00e9gier le temps d\u2019usinage, selon ce qui est le plus judicieux pour vous.<\/p>\n\t\t\t\t\t\t\t\t<\/div>\n\t\t\t\t<\/div>\n\t\t\t\t<div class=\"elementor-element elementor-element-2e62618 elementor-widget elementor-widget-heading\" data-id=\"2e62618\" data-element_type=\"widget\" data-e-type=\"widget\" data-widget_type=\"heading.default\">\n\t\t\t\t<div class=\"elementor-widget-container\">\n\t\t\t\t\t<h4 class=\"elementor-heading-title elementor-size-default\">Des surfaces parfaites\n<\/h4>\t\t\t\t<\/div>\n\t\t\t\t<\/div>\n\t\t\t\t<div class=\"elementor-element elementor-element-b42cfe6 elementor-widget elementor-widget-text-editor\" data-id=\"b42cfe6\" data-element_type=\"widget\" data-e-type=\"widget\" data-widget_type=\"text-editor.default\">\n\t\t\t\t<div class=\"elementor-widget-container\">\n\t\t\t\t\t\t\t\t\t<p>En renon\u00e7ant aux syst\u00e8mes de filtration et gr\u00e2ce \u00e0 l\u2019utilisation d\u2019un lubrifiant haute performance sans impuret\u00e9s, il est exclu que des micro-copeaux ou des microparticules situ\u00e9s entre l\u2019outil et la pi\u00e8ce viennent griffer la surface ultra-fine. En outre, la qualit\u00e9 pharmaceutique de notre lubrifiant UNILUBE 9107 vous garantit qu\u2019aucun r\u00e9sidu d\u2019huile ne viendra ternir la surface lisse comme un miroir.<\/p>\n\t\t\t\t\t\t\t\t<\/div>\n\t\t\t\t<\/div>\n\t\t\t\t<div class=\"elementor-element elementor-element-bcf3f9d elementor-widget elementor-widget-heading\" data-id=\"bcf3f9d\" data-element_type=\"widget\" data-e-type=\"widget\" data-widget_type=\"heading.default\">\n\t\t\t\t<div class=\"elementor-widget-container\">\n\t\t\t\t\t<h4 class=\"elementor-heading-title elementor-size-default\">C\u2019est propre\u00a0: Usinage quasi-sec\n<\/h4>\t\t\t\t<\/div>\n\t\t\t\t<\/div>\n\t\t\t\t<div class=\"elementor-element elementor-element-16a5f7d elementor-widget elementor-widget-text-editor\" data-id=\"16a5f7d\" data-element_type=\"widget\" data-e-type=\"widget\" data-widget_type=\"text-editor.default\">\n\t\t\t\t<div class=\"elementor-widget-container\">\n\t\t\t\t\t\t\t\t\t<p>Le concept d\u2019usinage quasi-sec permet de disposer d\u2019un environnement de travail propre \u00e0 tout point de vue. Gr\u00e2ce \u00e0 la lubrification de consommation, la machine reste propre et s\u00e8che. L\u2019utilisateur de la machine a constamment la visibilit\u00e9 sur le processus d&rsquo;usinage. Cela peut \u00eatre particuli\u00e8rement utile dans le domaine du micro-usinage, par exemple pour surveiller une torsion ou un comportement instable de la pi\u00e8ce tout au long de l\u2019usinage. Sans parler des possibilit\u00e9s de mesure optique en cours de fabrication.<\/p>\n<p>Efficace, propre et malin\u00a0: On pourrait dire que l\u2019usinage quasi-sec peut tout faire &#8211; et il est n\u00e9 chez nous\u00a0! Tout cela n\u2019est pas un hasard, car chez UNILUBE, nous nous engageons fortement pour une \u00e9thique \u00e9conomique et pour le d\u00e9veloppement durable.<\/p>\n\t\t\t\t\t\t\t\t<\/div>\n\t\t\t\t<\/div>\n\t\t\t\t<div class=\"elementor-element elementor-element-5d4e9a1 elementor-widget elementor-widget-heading\" data-id=\"5d4e9a1\" data-element_type=\"widget\" data-e-type=\"widget\" data-widget_type=\"heading.default\">\n\t\t\t\t<div class=\"elementor-widget-container\">\n\t\t\t\t\t<h4 class=\"elementor-heading-title elementor-size-default\">Des arguments d\u00e9sarmants pour des produits \u00e0 la fois de haute qualit\u00e9 et durables\n<\/h4>\t\t\t\t<\/div>\n\t\t\t\t<\/div>\n\t\t\t\t<div class=\"elementor-element elementor-element-32293ce elementor-widget elementor-widget-text-editor\" data-id=\"32293ce\" data-element_type=\"widget\" data-e-type=\"widget\" data-widget_type=\"text-editor.default\">\n\t\t\t\t<div class=\"elementor-widget-container\">\n\t\t\t\t\t\t\t\t\t<p>Comment pouvons-nous mettre en harmonie notre philosophie d\u2019entreprise, nos valeurs avec ce que nous faisons au quotidien\u00a0? C\u2019est possible en poursuivant les deux objectifs de fa\u00e7on cons\u00e9quente\u00a0: D\u00e9velopper d\u2019excellentes solutions techniques et agir en m\u00eame temps de fa\u00e7on responsable. Nous ne soutenons pas, par exemple, d\u2019activit\u00e9s, de produits ou de services qui m\u00e9prisent le genre humain ou qui ont des effets d\u00e9vastateurs. Nous consid\u00e9rons plut\u00f4t qu&rsquo;il est de notre devoir de contribuer \u00e0 la bonne sant\u00e9 de l\u2019homme et de l\u2019environnement au travers de notre offre. Cela signifie, entre autres, que nous ne fournissons pas l\u2019industrie de l\u2019armement. De la m\u00eame fa\u00e7on, nous sommes extr\u00eamement vigilants \u00e0 ce que nos produits n\u2019aient aucun impact sur la sant\u00e9 des personnes. L\u2019application de cette politique est la plus visible au niveau de nos lubrifiants haute performance\u00a0: Ici, nous faisons bien attention \u00e0 n\u2019utiliser que des mati\u00e8res premi\u00e8res exotiques qui ne sont dangereuses ni pour l\u2019homme ni pour l\u2019environnement.<\/p>\n\t\t\t\t\t\t\t\t<\/div>\n\t\t\t\t<\/div>\n\t\t\t\t<div class=\"elementor-element elementor-element-4dd9e36 elementor-widget elementor-widget-heading\" data-id=\"4dd9e36\" data-element_type=\"widget\" data-e-type=\"widget\" data-widget_type=\"heading.default\">\n\t\t\t\t<div class=\"elementor-widget-container\">\n\t\t\t\t\t<h4 class=\"elementor-heading-title elementor-size-default\">Nous pensons aux g\u00e9n\u00e9rations futures\n<\/h4>\t\t\t\t<\/div>\n\t\t\t\t<\/div>\n\t\t\t\t<div class=\"elementor-element elementor-element-29576d3 elementor-widget elementor-widget-text-editor\" data-id=\"29576d3\" data-element_type=\"widget\" data-e-type=\"widget\" data-widget_type=\"text-editor.default\">\n\t\t\t\t<div class=\"elementor-widget-container\">\n\t\t\t\t\t\t\t\t\t<p>Pour nous, le d\u00e9veloppement durable signifie que ce que nous avons et que nous utilisons doit encore \u00eatre disponible pour les g\u00e9n\u00e9rations futures. Et \u00e0 savoir dans les m\u00eames proportions que ce que nous consid\u00e9rons aujourd\u2019hui comme normal.<\/p>\n<p>Comment le mettons-nous en pratique\u00a0? Par exemple avec des produits qui ont une dur\u00e9e de vie d\u2019au moins 10 ans. Dans les faits, nos clients reviennent vers nous en moyenne au bout de 15 ans pour demander des pi\u00e8ces de rechange pour des machines qui fonctionnent toujours.<\/p>\n\t\t\t\t\t\t\t\t<\/div>\n\t\t\t\t<\/div>\n\t\t\t\t<div class=\"elementor-element elementor-element-df8db19 elementor-widget elementor-widget-heading\" data-id=\"df8db19\" data-element_type=\"widget\" data-e-type=\"widget\" data-widget_type=\"heading.default\">\n\t\t\t\t<div class=\"elementor-widget-container\">\n\t\t\t\t\t<h4 class=\"elementor-heading-title elementor-size-default\">Relever des d\u00e9fis \u2013 ou parfois aussi \u00e9chouer et se relever\n<\/h4>\t\t\t\t<\/div>\n\t\t\t\t<\/div>\n\t\t\t\t<div class=\"elementor-element elementor-element-95ad235 elementor-widget elementor-widget-text-editor\" data-id=\"95ad235\" data-element_type=\"widget\" data-e-type=\"widget\" data-widget_type=\"text-editor.default\">\n\t\t\t\t<div class=\"elementor-widget-container\">\n\t\t\t\t\t\t\t\t\t<p>Nous tenons \u00e0 nos principes et \u00e0 nos convictions et ils passent avant le succ\u00e8s commercial \u00e0 court terme. Parce que les d\u00e9fis mondiaux sont \u00e9normes. Nous voulons pr\u00e9server aujourd\u2019hui l\u2019environnement, mais en conservant le m\u00eame niveau de confort et la m\u00eame performance pour tous. Mais ce n\u2019est possible qu\u2019\u00e0 condition de ne pas gaspiller de ressource et d\u2019agir en \u00e9tant clairvoyant. Dans le domaine de la lubrification par refroidissement, nous avons d\u00e9velopp\u00e9 la technologie n\u00e9cessaire pour travailler de fa\u00e7on rentable et respectueuse de l\u2019environnement \u2013 sans la moindre perte de performance.<\/p>\n\t\t\t\t\t\t\t\t<\/div>\n\t\t\t\t<\/div>\n\t\t\t\t<div class=\"elementor-element elementor-element-e040ce4 elementor-widget elementor-widget-heading\" data-id=\"e040ce4\" data-element_type=\"widget\" data-e-type=\"widget\" data-widget_type=\"heading.default\">\n\t\t\t\t<div class=\"elementor-widget-container\">\n\t\t\t\t\t<h4 class=\"elementor-heading-title elementor-size-default\">Nous promouvons le travail qui a du sens\n<\/h4>\t\t\t\t<\/div>\n\t\t\t\t<\/div>\n\t\t\t\t<div class=\"elementor-element elementor-element-311db89 elementor-widget elementor-widget-text-editor\" data-id=\"311db89\" data-element_type=\"widget\" data-e-type=\"widget\" data-widget_type=\"text-editor.default\">\n\t\t\t\t<div class=\"elementor-widget-container\">\n\t\t\t\t\t\t\t\t\t<p>Les v\u00e9ritables grands challenges du futur, nous les voyons dans la baisse de la coh\u00e9sion au niveau de la soci\u00e9t\u00e9 et des relations commerciales. Chez UNILUBE, nous voudrions, au contraire, des collaborateurs et des clients heureux et satisfaits. Nous travaillons \u00e0 ces relations et nous les respectons. Parce que nous sommes convaincus qu\u2019une entreprise qui sert l\u2019homme dans sa globalit\u00e9 apporte, sur le long terme, nettement plus de bien-\u00eatre, d\u2019engagement et de cr\u00e9ation de valeur pour tous.<\/p>\n\t\t\t\t\t\t\t\t<\/div>\n\t\t\t\t<\/div>\n\t\t\t\t\t<\/div>\n\t\t<\/div>\n\t\t\t\t\t<\/div>\n\t\t<\/section>\n\t\t\t\t<\/div>\n\t\t","protected":false},"excerpt":{"rendered":"<p>Pourquoi Unilube\u00a0? En r\u00e9sum\u00e9\u00a0: Efficace\u00a0: &nbsp;&nbsp; Des frais d\u2019exploitation au plus bas niveau tout en ayant une grande rentabilit\u00e9, r\u00e9duction du temps d\u2019usinage Propre\u00a0:&nbsp;&nbsp; &nbsp;&nbsp;&nbsp; Des pi\u00e8ces et un environnement de travail propres, durable et respectueux de l\u2019environnement Malin\u00a0: &nbsp;&nbsp;&nbsp;&nbsp;&nbsp;&nbsp; Une technologie bien m\u00fbrie pour une meilleure qualit\u00e9 et une dur\u00e9e de vie prolong\u00e9e Profitez [&hellip;]<\/p>\n","protected":false},"author":4,"featured_media":0,"parent":0,"menu_order":0,"comment_status":"closed","ping_status":"closed","template":"","meta":{"_acf_changed":false,"footnotes":""},"class_list":["post-1879","page","type-page","status-publish","hentry"],"acf":[],"yoast_head":"<!-- This site is optimized with the Yoast SEO Premium plugin v27.4 (Yoast SEO v27.4) - https:\/\/yoast.com\/product\/yoast-seo-premium-wordpress\/ -->\n<title>Pourquoi UNILUBE\u00a0? | Une volont\u00e9 affich\u00e9e de durabilit\u00e9 et de respect de l\u2019environnement<\/title>\n<meta name=\"description\" content=\"Une consommation et des frais d\u2019exploitation au plus bas, r\u00e9duction du temps d\u2019usinage, des pi\u00e8ces et un environnement de travail propres, une grande dur\u00e9e de vie\" \/>\n<meta name=\"robots\" content=\"index, follow, max-snippet:-1, max-image-preview:large, max-video-preview:-1\" \/>\n<link rel=\"canonical\" href=\"https:\/\/unilube.ch\/fr\/pourquoi-unilube\/\" \/>\n<meta property=\"og:locale\" content=\"fr_FR\" \/>\n<meta property=\"og:type\" content=\"article\" \/>\n<meta property=\"og:title\" content=\"Pourquoi Unilube\u00a0?\" \/>\n<meta property=\"og:description\" content=\"Une consommation et des frais d\u2019exploitation au plus bas, r\u00e9duction du temps d\u2019usinage, des pi\u00e8ces et un environnement de travail propres, une grande dur\u00e9e de vie\" \/>\n<meta property=\"og:url\" content=\"https:\/\/unilube.ch\/fr\/pourquoi-unilube\/\" \/>\n<meta property=\"og:site_name\" content=\"UNILUBE | Quasi-Trockenbearbeitung\" \/>\n<meta property=\"article:modified_time\" content=\"2021-03-23T08:23:06+00:00\" \/>\n<meta name=\"twitter:card\" content=\"summary_large_image\" \/>\n<meta name=\"twitter:label1\" content=\"Dur\u00e9e de lecture estim\u00e9e\" \/>\n\t<meta name=\"twitter:data1\" content=\"6 minutes\" \/>\n<script type=\"application\/ld+json\" class=\"yoast-schema-graph\">{\"@context\":\"https:\\\/\\\/schema.org\",\"@graph\":[{\"@type\":\"WebPage\",\"@id\":\"https:\\\/\\\/unilube.ch\\\/fr\\\/pourquoi-unilube\\\/\",\"url\":\"https:\\\/\\\/unilube.ch\\\/fr\\\/pourquoi-unilube\\\/\",\"name\":\"Pourquoi UNILUBE\u00a0? | Une volont\u00e9 affich\u00e9e de durabilit\u00e9 et de respect de l\u2019environnement\",\"isPartOf\":{\"@id\":\"https:\\\/\\\/unilube.ch\\\/#website\"},\"datePublished\":\"2021-03-23T07:58:53+00:00\",\"dateModified\":\"2021-03-23T08:23:06+00:00\",\"description\":\"Une consommation et des frais d\u2019exploitation au plus bas, r\u00e9duction du temps d\u2019usinage, des pi\u00e8ces et un environnement de travail propres, une grande dur\u00e9e de vie\",\"breadcrumb\":{\"@id\":\"https:\\\/\\\/unilube.ch\\\/fr\\\/pourquoi-unilube\\\/#breadcrumb\"},\"inLanguage\":\"fr-FR\",\"potentialAction\":[{\"@type\":\"ReadAction\",\"target\":[\"https:\\\/\\\/unilube.ch\\\/fr\\\/pourquoi-unilube\\\/\"]}]},{\"@type\":\"BreadcrumbList\",\"@id\":\"https:\\\/\\\/unilube.ch\\\/fr\\\/pourquoi-unilube\\\/#breadcrumb\",\"itemListElement\":[{\"@type\":\"ListItem\",\"position\":1,\"name\":\"Startseite\",\"item\":\"https:\\\/\\\/unilube.ch\\\/fr\\\/\"},{\"@type\":\"ListItem\",\"position\":2,\"name\":\"Pourquoi Unilube\u00a0?\"}]},{\"@type\":\"WebSite\",\"@id\":\"https:\\\/\\\/unilube.ch\\\/#website\",\"url\":\"https:\\\/\\\/unilube.ch\\\/\",\"name\":\"UNILUBE | Quasi-Trockenbearbeitung\",\"description\":\"Top of Cleantech\",\"potentialAction\":[{\"@type\":\"SearchAction\",\"target\":{\"@type\":\"EntryPoint\",\"urlTemplate\":\"https:\\\/\\\/unilube.ch\\\/?s={search_term_string}\"},\"query-input\":{\"@type\":\"PropertyValueSpecification\",\"valueRequired\":true,\"valueName\":\"search_term_string\"}}],\"inLanguage\":\"fr-FR\"}]}<\/script>\n<!-- \/ Yoast SEO Premium plugin. -->","yoast_head_json":{"title":"Pourquoi UNILUBE\u00a0? | Une volont\u00e9 affich\u00e9e de durabilit\u00e9 et de respect de l\u2019environnement","description":"Une consommation et des frais d\u2019exploitation au plus bas, r\u00e9duction du temps d\u2019usinage, des pi\u00e8ces et un environnement de travail propres, une grande dur\u00e9e de vie","robots":{"index":"index","follow":"follow","max-snippet":"max-snippet:-1","max-image-preview":"max-image-preview:large","max-video-preview":"max-video-preview:-1"},"canonical":"https:\/\/unilube.ch\/fr\/pourquoi-unilube\/","og_locale":"fr_FR","og_type":"article","og_title":"Pourquoi Unilube\u00a0?","og_description":"Une consommation et des frais d\u2019exploitation au plus bas, r\u00e9duction du temps d\u2019usinage, des pi\u00e8ces et un environnement de travail propres, une grande dur\u00e9e de vie","og_url":"https:\/\/unilube.ch\/fr\/pourquoi-unilube\/","og_site_name":"UNILUBE | Quasi-Trockenbearbeitung","article_modified_time":"2021-03-23T08:23:06+00:00","twitter_card":"summary_large_image","twitter_misc":{"Dur\u00e9e de lecture estim\u00e9e":"6 minutes"},"schema":{"@context":"https:\/\/schema.org","@graph":[{"@type":"WebPage","@id":"https:\/\/unilube.ch\/fr\/pourquoi-unilube\/","url":"https:\/\/unilube.ch\/fr\/pourquoi-unilube\/","name":"Pourquoi UNILUBE\u00a0? | Une volont\u00e9 affich\u00e9e de durabilit\u00e9 et de respect de l\u2019environnement","isPartOf":{"@id":"https:\/\/unilube.ch\/#website"},"datePublished":"2021-03-23T07:58:53+00:00","dateModified":"2021-03-23T08:23:06+00:00","description":"Une consommation et des frais d\u2019exploitation au plus bas, r\u00e9duction du temps d\u2019usinage, des pi\u00e8ces et un environnement de travail propres, une grande dur\u00e9e de vie","breadcrumb":{"@id":"https:\/\/unilube.ch\/fr\/pourquoi-unilube\/#breadcrumb"},"inLanguage":"fr-FR","potentialAction":[{"@type":"ReadAction","target":["https:\/\/unilube.ch\/fr\/pourquoi-unilube\/"]}]},{"@type":"BreadcrumbList","@id":"https:\/\/unilube.ch\/fr\/pourquoi-unilube\/#breadcrumb","itemListElement":[{"@type":"ListItem","position":1,"name":"Startseite","item":"https:\/\/unilube.ch\/fr\/"},{"@type":"ListItem","position":2,"name":"Pourquoi Unilube\u00a0?"}]},{"@type":"WebSite","@id":"https:\/\/unilube.ch\/#website","url":"https:\/\/unilube.ch\/","name":"UNILUBE | Quasi-Trockenbearbeitung","description":"Top of Cleantech","potentialAction":[{"@type":"SearchAction","target":{"@type":"EntryPoint","urlTemplate":"https:\/\/unilube.ch\/?s={search_term_string}"},"query-input":{"@type":"PropertyValueSpecification","valueRequired":true,"valueName":"search_term_string"}}],"inLanguage":"fr-FR"}]}},"_links":{"self":[{"href":"https:\/\/unilube.ch\/fr\/wp-json\/wp\/v2\/pages\/1879","targetHints":{"allow":["GET"]}}],"collection":[{"href":"https:\/\/unilube.ch\/fr\/wp-json\/wp\/v2\/pages"}],"about":[{"href":"https:\/\/unilube.ch\/fr\/wp-json\/wp\/v2\/types\/page"}],"author":[{"embeddable":true,"href":"https:\/\/unilube.ch\/fr\/wp-json\/wp\/v2\/users\/4"}],"replies":[{"embeddable":true,"href":"https:\/\/unilube.ch\/fr\/wp-json\/wp\/v2\/comments?post=1879"}],"version-history":[{"count":3,"href":"https:\/\/unilube.ch\/fr\/wp-json\/wp\/v2\/pages\/1879\/revisions"}],"predecessor-version":[{"id":1996,"href":"https:\/\/unilube.ch\/fr\/wp-json\/wp\/v2\/pages\/1879\/revisions\/1996"}],"wp:attachment":[{"href":"https:\/\/unilube.ch\/fr\/wp-json\/wp\/v2\/media?parent=1879"}],"curies":[{"name":"wp","href":"https:\/\/api.w.org\/{rel}","templated":true}]}}