{"id":1926,"date":"2021-03-23T08:59:49","date_gmt":"2021-03-23T07:59:49","guid":{"rendered":"https:\/\/unilube.ch\/systemes-de-lubrification-minimale\/"},"modified":"2022-02-09T15:02:07","modified_gmt":"2022-02-09T14:02:07","slug":"systemes-de-lubrification-minimale","status":"publish","type":"page","link":"https:\/\/unilube.ch\/fr\/systemes-de-lubrification-minimale\/","title":{"rendered":"Syst\u00e8mes de lubrification minimale"},"content":{"rendered":"\t\t<div data-elementor-type=\"wp-page\" data-elementor-id=\"1926\" class=\"elementor elementor-1926 elementor-810\" data-elementor-post-type=\"page\">\n\t\t\t\t\t\t<section class=\"elementor-section elementor-top-section elementor-element elementor-element-15ff730c elementor-section-boxed elementor-section-height-default elementor-section-height-default\" data-id=\"15ff730c\" data-element_type=\"section\" data-e-type=\"section\">\n\t\t\t\t\t\t<div class=\"elementor-container elementor-column-gap-default\">\n\t\t\t\t\t<div class=\"elementor-column elementor-col-100 elementor-top-column elementor-element elementor-element-7dee3779\" data-id=\"7dee3779\" data-element_type=\"column\" data-e-type=\"column\">\n\t\t\t<div class=\"elementor-widget-wrap elementor-element-populated\">\n\t\t\t\t\t\t<div class=\"elementor-element elementor-element-639c8b9 elementor-icon-list--layout-inline elementor-align-start breadcrumbs elementor-list-item-link-full_width elementor-widget elementor-widget-icon-list\" data-id=\"639c8b9\" data-element_type=\"widget\" data-e-type=\"widget\" data-widget_type=\"icon-list.default\">\n\t\t\t\t<div class=\"elementor-widget-container\">\n\t\t\t\t\t\t\t<ul class=\"elementor-icon-list-items elementor-inline-items\">\n\t\t\t\t\t\t\t<li class=\"elementor-icon-list-item elementor-inline-item\">\n\t\t\t\t\t\t\t\t\t\t\t<a href=\"https:\/\/unilube.ch\/fr\/\">\n\n\t\t\t\t\t\t\t\t\t\t\t\t<span class=\"elementor-icon-list-icon\">\n\t\t\t\t\t\t\t<i aria-hidden=\"true\" class=\"fas fa-home\"><\/i>\t\t\t\t\t\t<\/span>\n\t\t\t\t\t\t\t\t\t\t<span class=\"elementor-icon-list-text\"><\/span>\n\t\t\t\t\t\t\t\t\t\t\t<\/a>\n\t\t\t\t\t\t\t\t\t<\/li>\n\t\t\t\t\t\t\t\t<li class=\"elementor-icon-list-item elementor-inline-item\">\n\t\t\t\t\t\t\t\t\t\t\t<a href=\"https:\/\/unilube.ch\/fr\/systemes-de-lubrification-minimale\/\">\n\n\t\t\t\t\t\t\t\t\t\t\t\t<span class=\"elementor-icon-list-icon\">\n\t\t\t\t\t\t\t<i aria-hidden=\"true\" class=\"fas fa-circle\"><\/i>\t\t\t\t\t\t<\/span>\n\t\t\t\t\t\t\t\t\t\t<span class=\"elementor-icon-list-text\">Savoir-faire<\/span>\n\t\t\t\t\t\t\t\t\t\t\t<\/a>\n\t\t\t\t\t\t\t\t\t<\/li>\n\t\t\t\t\t\t\t\t<li class=\"elementor-icon-list-item elementor-inline-item\">\n\t\t\t\t\t\t\t\t\t\t\t<span class=\"elementor-icon-list-icon\">\n\t\t\t\t\t\t\t<i aria-hidden=\"true\" class=\"fas fa-circle\"><\/i>\t\t\t\t\t\t<\/span>\n\t\t\t\t\t\t\t\t\t\t<span class=\"elementor-icon-list-text\">Syst\u00e8mes de lubrification minimale<\/span>\n\t\t\t\t\t\t\t\t\t<\/li>\n\t\t\t\t\t\t<\/ul>\n\t\t\t\t\t\t<\/div>\n\t\t\t\t<\/div>\n\t\t\t\t\t<\/div>\n\t\t<\/div>\n\t\t\t\t\t<\/div>\n\t\t<\/section>\n\t\t\t\t<section class=\"elementor-section elementor-top-section elementor-element elementor-element-9478f9b elementor-section-height-min-height elementor-section-items-bottom elementor-section-boxed elementor-section-height-default\" data-id=\"9478f9b\" data-element_type=\"section\" data-e-type=\"section\" data-settings=\"{&quot;background_background&quot;:&quot;classic&quot;}\">\n\t\t\t\t\t\t<div class=\"elementor-container elementor-column-gap-default\">\n\t\t\t\t\t<div class=\"elementor-column elementor-col-50 elementor-top-column elementor-element elementor-element-9fd6747\" data-id=\"9fd6747\" data-element_type=\"column\" data-e-type=\"column\">\n\t\t\t<div class=\"elementor-widget-wrap elementor-element-populated\">\n\t\t\t\t\t\t<div class=\"elementor-element elementor-element-fdd4e5b table_display heading_yellow elementor-widget elementor-widget-heading\" data-id=\"fdd4e5b\" data-element_type=\"widget\" data-e-type=\"widget\" data-widget_type=\"heading.default\">\n\t\t\t\t<div class=\"elementor-widget-container\">\n\t\t\t\t\t<h2 class=\"elementor-heading-title elementor-size-default\">Syst\u00e8mes de lubrification minimale<\/h2>\t\t\t\t<\/div>\n\t\t\t\t<\/div>\n\t\t\t\t\t<\/div>\n\t\t<\/div>\n\t\t\t\t<div class=\"elementor-column elementor-col-50 elementor-top-column elementor-element elementor-element-cb69755\" data-id=\"cb69755\" data-element_type=\"column\" data-e-type=\"column\">\n\t\t\t<div class=\"elementor-widget-wrap\">\n\t\t\t\t\t\t\t<\/div>\n\t\t<\/div>\n\t\t\t\t\t<\/div>\n\t\t<\/section>\n\t\t\t\t<section class=\"elementor-section elementor-top-section elementor-element elementor-element-d417f70 elementor-section-boxed elementor-section-height-default elementor-section-height-default\" data-id=\"d417f70\" data-element_type=\"section\" data-e-type=\"section\">\n\t\t\t\t\t\t<div class=\"elementor-container elementor-column-gap-default\">\n\t\t\t\t\t<div class=\"elementor-column elementor-col-100 elementor-top-column elementor-element elementor-element-765d2d2\" data-id=\"765d2d2\" data-element_type=\"column\" data-e-type=\"column\">\n\t\t\t<div class=\"elementor-widget-wrap elementor-element-populated\">\n\t\t\t\t\t\t<div class=\"elementor-element elementor-element-28e15e7 elementor-widget elementor-widget-heading\" data-id=\"28e15e7\" data-element_type=\"widget\" data-e-type=\"widget\" data-widget_type=\"heading.default\">\n\t\t\t\t<div class=\"elementor-widget-container\">\n\t\t\t\t\t<h3 class=\"elementor-heading-title elementor-size-default\">Une r\u00e9duction drastique des frais d\u2019exploitation et une dur\u00e9e de vie des outils qui n\u2019en finit pas. Une efficacit\u00e9 extr\u00eame gr\u00e2ce \u00e0 des temps d\u2019usinage minimis\u00e9s. C\u2019est ce que vous assurent les syst\u00e8mes de lubrification minimale d\u2019UNILUBE\n\n<\/h3>\t\t\t\t<\/div>\n\t\t\t\t<\/div>\n\t\t\t\t<div class=\"elementor-element elementor-element-f5188ed elementor-widget elementor-widget-text-editor\" data-id=\"f5188ed\" data-element_type=\"widget\" data-e-type=\"widget\" data-widget_type=\"text-editor.default\">\n\t\t\t\t<div class=\"elementor-widget-container\">\n\t\t\t\t\t\t\t\t\t<p>Une technique de haute qualit\u00e9 et une production suisse\u00a0: Le programme des <a href=\"https:\/\/unilube.ch\/fr\/products_category\/systmes-de-lubrification\/\">syst\u00e8mes de lubrification minimale<\/a> uniques au monde\u00a0 \u00a0d\u2019UNILUBE AG comprend principalement deux mod\u00e8les bien con\u00e7us : POPLUBE et ECOLUBE. Le concept sous-jacent de lubrification de consommation contribue \u00e0 ce que la technique de lubrification minimale se r\u00e9v\u00e8le en peu de temps g\u00e9n\u00e9ratrice de b\u00e9n\u00e9fices. Et cela justement en ayant une gestion des co\u00fbts restrictive avec des investissements minimes.<\/p>\t\t\t\t\t\t\t\t<\/div>\n\t\t\t\t<\/div>\n\t\t\t\t<div class=\"elementor-element elementor-element-5598182 elementor-widget elementor-widget-image\" data-id=\"5598182\" data-element_type=\"widget\" data-e-type=\"widget\" data-widget_type=\"image.default\">\n\t\t\t\t<div class=\"elementor-widget-container\">\n\t\t\t\t\t\t\t\t\t\t\t\t\t\t\t<img fetchpriority=\"high\" decoding=\"async\" width=\"1985\" height=\"595\" src=\"https:\/\/unilube.ch\/wp-content\/uploads\/2020\/11\/Unilube-Minimalschmiersysteme-Uebersicht.jpg\" class=\"attachment-full size-full wp-image-2229\" alt=\"Affiche un aper\u00e7u des syst\u00e8mes de lubrification minimale possibles d&#039;Unilube pour l&#039;utilisation de la lubrification minimale.\" srcset=\"https:\/\/unilube.ch\/wp-content\/uploads\/2020\/11\/Unilube-Minimalschmiersysteme-Uebersicht.jpg 1985w, https:\/\/unilube.ch\/wp-content\/uploads\/2020\/11\/Unilube-Minimalschmiersysteme-Uebersicht-300x90.jpg 300w, https:\/\/unilube.ch\/wp-content\/uploads\/2020\/11\/Unilube-Minimalschmiersysteme-Uebersicht-1024x307.jpg 1024w, https:\/\/unilube.ch\/wp-content\/uploads\/2020\/11\/Unilube-Minimalschmiersysteme-Uebersicht-768x230.jpg 768w, https:\/\/unilube.ch\/wp-content\/uploads\/2020\/11\/Unilube-Minimalschmiersysteme-Uebersicht-1536x460.jpg 1536w\" sizes=\"(max-width: 1985px) 100vw, 1985px\" \/>\t\t\t\t\t\t\t\t\t\t\t\t\t\t\t<\/div>\n\t\t\t\t<\/div>\n\t\t\t\t<div class=\"elementor-element elementor-element-50d2f31 elementor-widget elementor-widget-heading\" data-id=\"50d2f31\" data-element_type=\"widget\" data-e-type=\"widget\" data-widget_type=\"heading.default\">\n\t\t\t\t<div class=\"elementor-widget-container\">\n\t\t\t\t\t<h3 class=\"elementor-heading-title elementor-size-default\">Quelle gamme pour quel usage\u00a0?\n<\/h3>\t\t\t\t<\/div>\n\t\t\t\t<\/div>\n\t\t\t\t<div class=\"elementor-element elementor-element-e915b6d elementor-widget elementor-widget-heading\" data-id=\"e915b6d\" data-element_type=\"widget\" data-e-type=\"widget\" data-widget_type=\"heading.default\">\n\t\t\t\t<div class=\"elementor-widget-container\">\n\t\t\t\t\t<h3 class=\"elementor-heading-title elementor-size-default\">POPLUBE\u00a0: Peu on\u00e9reux et universel\n<\/h3>\t\t\t\t<\/div>\n\t\t\t\t<\/div>\n\t\t\t\t<div class=\"elementor-element elementor-element-e536159 elementor-widget elementor-widget-text-editor\" data-id=\"e536159\" data-element_type=\"widget\" data-e-type=\"widget\" data-widget_type=\"text-editor.default\">\n\t\t\t\t<div class=\"elementor-widget-container\">\n\t\t\t\t\t\t\t\t\t<p>Les syst\u00e8mes peu on\u00e9reux d\u2019entr\u00e9e de gamme\u00a0<a href=\"https:\/\/unilube.ch\/fr\/products\/poplube-2d\/\">POPLUBE<\/a>\u00a0sont tr\u00e8s appropri\u00e9s pour percer, fraiser et tourner dans le domaine de la construction m\u00e9canique en g\u00e9n\u00e9ral. POPLUBE pr\u00e9sente \u00e9galement tous les avantages d\u2019une v\u00e9ritable lubrification de consommation pour l\u2019usinage des mati\u00e8res premi\u00e8res les plus vari\u00e9es. La quantit\u00e9 de lubrifiant \u00e0 appliquer peut \u00eatre r\u00e9gl\u00e9e au plus bas \u00e0 2 ml par heure en r\u00e9gime permanent. Il est possible de contr\u00f4ler, au choix, manuellement ou de fa\u00e7on automatique, le flux d\u2019air et de lubrifiant, par exemple \u00e0 l\u2019aide d\u2019une fonction M depuis le panneau de commande de la machine.<\/p>\t\t\t\t\t\t\t\t<\/div>\n\t\t\t\t<\/div>\n\t\t\t\t<div class=\"elementor-element elementor-element-37ba50f elementor-widget elementor-widget-heading\" data-id=\"37ba50f\" data-element_type=\"widget\" data-e-type=\"widget\" data-widget_type=\"heading.default\">\n\t\t\t\t<div class=\"elementor-widget-container\">\n\t\t\t\t\t<h3 class=\"elementor-heading-title elementor-size-default\">ECOLUBE\u00a0: La perfection dans l\u2019usinage quasi-sec\n<\/h3>\t\t\t\t<\/div>\n\t\t\t\t<\/div>\n\t\t\t\t<div class=\"elementor-element elementor-element-dd680da elementor-widget elementor-widget-text-editor\" data-id=\"dd680da\" data-element_type=\"widget\" data-e-type=\"widget\" data-widget_type=\"text-editor.default\">\n\t\t\t\t<div class=\"elementor-widget-container\">\n\t\t\t\t\t\t\t\t\t<p>La gamme de haute pr\u00e9cision\u00a0<a href=\"https:\/\/unilube.ch\/fr\/products\/ecolube-2d\/\">ECOLUBE<\/a>\u00a0est parfaitement adapt\u00e9e pour toutes les machines-outils modernes. La possibilit\u00e9 de r\u00e9gler particuli\u00e8rement finement l\u2019usinage quasi-sec permet d\u2019obtenir des r\u00e9sultats fantastiques. Le micro-usinage en m\u00e9canique de pr\u00e9cision ou encore l\u2019usinage \u00e0 grande vitesse dans la construction de moules ne sont que deux exemples d\u2019applications parmi tant d\u2019autres. Ici, on vient cr\u00e9er un film microlubrifiant permanent avec une dose minimale record de lubrifiant de 0,5 ml par heure pour assurer une lubrification de consommation tr\u00e8s efficace.<\/p>\t\t\t\t\t\t\t\t<\/div>\n\t\t\t\t<\/div>\n\t\t\t\t<div class=\"elementor-element elementor-element-ad3748d elementor-widget elementor-widget-heading\" data-id=\"ad3748d\" data-element_type=\"widget\" data-e-type=\"widget\" data-widget_type=\"heading.default\">\n\t\t\t\t<div class=\"elementor-widget-container\">\n\t\t\t\t\t<h3 class=\"elementor-heading-title elementor-size-default\">Un assemblage modulaire pour plus de flexibilit\u00e9\n<\/h3>\t\t\t\t<\/div>\n\t\t\t\t<\/div>\n\t\t\t\t<div class=\"elementor-element elementor-element-6f7f26c elementor-widget elementor-widget-text-editor\" data-id=\"6f7f26c\" data-element_type=\"widget\" data-e-type=\"widget\" data-widget_type=\"text-editor.default\">\n\t\t\t\t<div class=\"elementor-widget-container\">\n\t\t\t\t\t\t\t\t\t<p>Un gros avantage\u00a0: Les deux variantes de syst\u00e8mes de lubrification minimale sont modulables. Ainsi, les syst\u00e8mes de la gamme POPLUBE sont configur\u00e9s avec un \u00e0 trois dispositifs de dosage. Dans la gamme ECOLUBE, on peut m\u00eame utiliser jusqu\u2019\u00e0 8 dispositifs de dosage. De plus, les appareils de micro-dosage disposent au choix de r\u00e9servoirs de 0.3, 0.8 ou 1.5 litre de lubrifiant et d\u2019un contr\u00f4le de niveau. Comme l\u2019air de pulv\u00e9risation et le lubrifiant sont transport\u00e9s \u00e0 haute pression de fa\u00e7on s\u00e9par\u00e9e dans deux conduites coaxiales, les syst\u00e8mes de lubrification minimale fonctionnent ind\u00e9pendamment des longueurs de conduites. Les g\u00e9om\u00e9tries d\u2019outils les plus vari\u00e9es peuvent recevoir une pellicule lubrifiante tr\u00e8s fine et uniforme et ce de fa\u00e7on extr\u00eamement fiable.<\/p>\n\t\t\t\t\t\t\t\t<\/div>\n\t\t\t\t<\/div>\n\t\t\t\t<div class=\"elementor-element elementor-element-7e37b1b elementor-widget elementor-widget-heading\" data-id=\"7e37b1b\" data-element_type=\"widget\" data-e-type=\"widget\" data-widget_type=\"heading.default\">\n\t\t\t\t<div class=\"elementor-widget-container\">\n\t\t\t\t\t<h3 class=\"elementor-heading-title elementor-size-default\">Utilisez tout le potentiel d\u2019outils lubrifi\u00e9s de l\u2019int\u00e9rieur\n<\/h3>\t\t\t\t<\/div>\n\t\t\t\t<\/div>\n\t\t\t\t<div class=\"elementor-element elementor-element-cfb3409 elementor-widget elementor-widget-text-editor\" data-id=\"cfb3409\" data-element_type=\"widget\" data-e-type=\"widget\" data-widget_type=\"text-editor.default\">\n\t\t\t\t<div class=\"elementor-widget-container\">\n\t\t\t\t\t\t\t\t\t<p>Une technique ing\u00e9nieuse pour des processus s\u00fbrs et efficaces. Gr\u00e2ce \u00e0 la technologie de buse TIMJET d\u00e9velopp\u00e9e sp\u00e9cialement par UNILUBE, l\u2019a\u00e9rosol ultra-fin est produit juste devant le joint tournant au niveau de la broche porte-outil. L\u2019alimentation en air et en lubrifiant s\u2019effectue s\u00e9par\u00e9ment jusqu\u2019au TIMJET. En fonction du dimensionnement du passage int\u00e9rieur de la broche et de la g\u00e9om\u00e9trie de l\u2019outil, il est possible de r\u00e9aliser des mod\u00e8les TIMJET avec un ou deux branchements d\u2019air et de lubrifiant.<\/p>\n<p>Gr\u00e2ce \u00e0 la technologie TIMJET, la microlubrification est garantie m\u00eame pour des outils de tournage ou pour les plus petites conduites. L\u2019alimentation par l\u2019int\u00e9rieur depuis les orifices de sortie des buses sur les faces de coupe et les faces de d\u00e9pouille vous permet de b\u00e9n\u00e9ficier d\u2019une tr\u00e8s grande efficacit\u00e9 \u00e9nerg\u00e9tique. En comparaison, les co\u00fbteuses installations de refroidissement \u00e0 haute pression fonctionnant avec des pressions allant jusqu\u2019\u00e0 150 bars ou avec des boosters a\u00e9rosols ne peuvent pas rivaliser sur ce point. Les outils lubrifi\u00e9s de l\u2019int\u00e9rieur UNILUBE vous permettent de prolonger les dur\u00e9es de vie \u00e0 un prix imbattable et d\u2019am\u00e9liorer consid\u00e9rablement la s\u00e9curit\u00e9 du processus.<\/p>\n\t\t\t\t\t\t\t\t<\/div>\n\t\t\t\t<\/div>\n\t\t\t\t<div class=\"elementor-element elementor-element-ca5b8a0 elementor-widget elementor-widget-text-editor\" data-id=\"ca5b8a0\" data-element_type=\"widget\" data-e-type=\"widget\" data-widget_type=\"text-editor.default\">\n\t\t\t\t<div class=\"elementor-widget-container\">\n\t\t\t\t\t\t\t\t\t<p>Acc\u00e9der aux produits\u00a0: <a href=\"https:\/\/unilube.ch\/fr\/products_category\/systmes-de-lubrification\/\">Syst\u00e8mes de lubrification minimale<\/a><\/p>\t\t\t\t\t\t\t\t<\/div>\n\t\t\t\t<\/div>\n\t\t\t\t\t<\/div>\n\t\t<\/div>\n\t\t\t\t\t<\/div>\n\t\t<\/section>\n\t\t\t\t<\/div>\n\t\t","protected":false},"excerpt":{"rendered":"<p>Savoir-faire Une r\u00e9duction drastique des frais d\u2019exploitation et une dur\u00e9e de vie des outils qui n\u2019en finit pas. Une efficacit\u00e9 extr\u00eame gr\u00e2ce \u00e0 des temps d\u2019usinage minimis\u00e9s. C\u2019est ce que vous assurent les syst\u00e8mes de lubrification minimale d\u2019UNILUBE Une technique de haute qualit\u00e9 et une production suisse\u00a0: Le programme des syst\u00e8mes de lubrification minimale uniques [&hellip;]<\/p>\n","protected":false},"author":4,"featured_media":0,"parent":0,"menu_order":0,"comment_status":"closed","ping_status":"closed","template":"","meta":{"_acf_changed":false,"footnotes":""},"class_list":["post-1926","page","type-page","status-publish","hentry"],"acf":[],"yoast_head":"<!-- This site is optimized with the Yoast SEO Premium plugin v27.1 (Yoast SEO v27.1.1) - https:\/\/yoast.com\/product\/yoast-seo-premium-wordpress\/ -->\n<title>Savoir-faire UNILUBE | Syst\u00e8mes de lubrification minimale | R\u00e9sum\u00e9<\/title>\n<meta name=\"description\" content=\"Le bon syst\u00e8me de lubrification minimale pour la microlubrification\u00a0: Vous trouverez ici la gamme de produits qui vous convient - depuis le tournage, le fraisage jusqu\u2019au formage.\" \/>\n<meta name=\"robots\" content=\"index, follow, max-snippet:-1, max-image-preview:large, max-video-preview:-1\" \/>\n<link rel=\"canonical\" href=\"https:\/\/unilube.ch\/fr\/systemes-de-lubrification-minimale\/\" \/>\n<meta property=\"og:locale\" content=\"fr_FR\" \/>\n<meta property=\"og:type\" content=\"article\" \/>\n<meta property=\"og:title\" content=\"Syst\u00e8mes de lubrification minimale\" \/>\n<meta property=\"og:description\" content=\"Le bon syst\u00e8me de lubrification minimale pour la microlubrification\u00a0: Vous trouverez ici la gamme de produits qui vous convient - depuis le tournage, le fraisage jusqu\u2019au formage.\" \/>\n<meta property=\"og:url\" content=\"https:\/\/unilube.ch\/fr\/systemes-de-lubrification-minimale\/\" \/>\n<meta property=\"og:site_name\" content=\"UNILUBE | Quasi-Trockenbearbeitung\" \/>\n<meta property=\"article:modified_time\" content=\"2022-02-09T14:02:07+00:00\" \/>\n<meta property=\"og:image\" content=\"https:\/\/unilube.ch\/wp-content\/uploads\/2020\/11\/Unilube-Minimalschmiersysteme-Uebersicht.jpg\" \/>\n<meta name=\"twitter:card\" content=\"summary_large_image\" \/>\n<meta name=\"twitter:label1\" content=\"Dur\u00e9e de lecture estim\u00e9e\" \/>\n\t<meta name=\"twitter:data1\" content=\"4 minutes\" \/>\n<script type=\"application\/ld+json\" class=\"yoast-schema-graph\">{\"@context\":\"https:\/\/schema.org\",\"@graph\":[{\"@type\":\"WebPage\",\"@id\":\"https:\/\/unilube.ch\/fr\/systemes-de-lubrification-minimale\/\",\"url\":\"https:\/\/unilube.ch\/fr\/systemes-de-lubrification-minimale\/\",\"name\":\"Savoir-faire UNILUBE | Syst\u00e8mes de lubrification minimale | R\u00e9sum\u00e9\",\"isPartOf\":{\"@id\":\"https:\/\/unilube.ch\/#website\"},\"primaryImageOfPage\":{\"@id\":\"https:\/\/unilube.ch\/fr\/systemes-de-lubrification-minimale\/#primaryimage\"},\"image\":{\"@id\":\"https:\/\/unilube.ch\/fr\/systemes-de-lubrification-minimale\/#primaryimage\"},\"thumbnailUrl\":\"https:\/\/unilube.ch\/wp-content\/uploads\/2020\/11\/Unilube-Minimalschmiersysteme-Uebersicht.jpg\",\"datePublished\":\"2021-03-23T07:59:49+00:00\",\"dateModified\":\"2022-02-09T14:02:07+00:00\",\"description\":\"Le bon syst\u00e8me de lubrification minimale pour la microlubrification\u00a0: Vous trouverez ici la gamme de produits qui vous convient - depuis le tournage, le fraisage jusqu\u2019au formage.\",\"breadcrumb\":{\"@id\":\"https:\/\/unilube.ch\/fr\/systemes-de-lubrification-minimale\/#breadcrumb\"},\"inLanguage\":\"fr-FR\",\"potentialAction\":[{\"@type\":\"ReadAction\",\"target\":[\"https:\/\/unilube.ch\/fr\/systemes-de-lubrification-minimale\/\"]}]},{\"@type\":\"ImageObject\",\"inLanguage\":\"fr-FR\",\"@id\":\"https:\/\/unilube.ch\/fr\/systemes-de-lubrification-minimale\/#primaryimage\",\"url\":\"https:\/\/unilube.ch\/wp-content\/uploads\/2020\/11\/Unilube-Minimalschmiersysteme-Uebersicht.jpg\",\"contentUrl\":\"https:\/\/unilube.ch\/wp-content\/uploads\/2020\/11\/Unilube-Minimalschmiersysteme-Uebersicht.jpg\"},{\"@type\":\"BreadcrumbList\",\"@id\":\"https:\/\/unilube.ch\/fr\/systemes-de-lubrification-minimale\/#breadcrumb\",\"itemListElement\":[{\"@type\":\"ListItem\",\"position\":1,\"name\":\"Startseite\",\"item\":\"https:\/\/unilube.ch\/fr\/\"},{\"@type\":\"ListItem\",\"position\":2,\"name\":\"Syst\u00e8mes de lubrification minimale\"}]},{\"@type\":\"WebSite\",\"@id\":\"https:\/\/unilube.ch\/#website\",\"url\":\"https:\/\/unilube.ch\/\",\"name\":\"UNILUBE | Quasi-Trockenbearbeitung\",\"description\":\"Top of Cleantech\",\"potentialAction\":[{\"@type\":\"SearchAction\",\"target\":{\"@type\":\"EntryPoint\",\"urlTemplate\":\"https:\/\/unilube.ch\/?s={search_term_string}\"},\"query-input\":{\"@type\":\"PropertyValueSpecification\",\"valueRequired\":true,\"valueName\":\"search_term_string\"}}],\"inLanguage\":\"fr-FR\"}]}<\/script>\n<!-- \/ Yoast SEO Premium plugin. -->","yoast_head_json":{"title":"Savoir-faire UNILUBE | Syst\u00e8mes de lubrification minimale | R\u00e9sum\u00e9","description":"Le bon syst\u00e8me de lubrification minimale pour la microlubrification\u00a0: Vous trouverez ici la gamme de produits qui vous convient - depuis le tournage, le fraisage jusqu\u2019au formage.","robots":{"index":"index","follow":"follow","max-snippet":"max-snippet:-1","max-image-preview":"max-image-preview:large","max-video-preview":"max-video-preview:-1"},"canonical":"https:\/\/unilube.ch\/fr\/systemes-de-lubrification-minimale\/","og_locale":"fr_FR","og_type":"article","og_title":"Syst\u00e8mes de lubrification minimale","og_description":"Le bon syst\u00e8me de lubrification minimale pour la microlubrification\u00a0: Vous trouverez ici la gamme de produits qui vous convient - depuis le tournage, le fraisage jusqu\u2019au formage.","og_url":"https:\/\/unilube.ch\/fr\/systemes-de-lubrification-minimale\/","og_site_name":"UNILUBE | Quasi-Trockenbearbeitung","article_modified_time":"2022-02-09T14:02:07+00:00","og_image":[{"url":"https:\/\/unilube.ch\/wp-content\/uploads\/2020\/11\/Unilube-Minimalschmiersysteme-Uebersicht.jpg","type":"","width":"","height":""}],"twitter_card":"summary_large_image","twitter_misc":{"Dur\u00e9e de lecture estim\u00e9e":"4 minutes"},"schema":{"@context":"https:\/\/schema.org","@graph":[{"@type":"WebPage","@id":"https:\/\/unilube.ch\/fr\/systemes-de-lubrification-minimale\/","url":"https:\/\/unilube.ch\/fr\/systemes-de-lubrification-minimale\/","name":"Savoir-faire UNILUBE | Syst\u00e8mes de lubrification minimale | R\u00e9sum\u00e9","isPartOf":{"@id":"https:\/\/unilube.ch\/#website"},"primaryImageOfPage":{"@id":"https:\/\/unilube.ch\/fr\/systemes-de-lubrification-minimale\/#primaryimage"},"image":{"@id":"https:\/\/unilube.ch\/fr\/systemes-de-lubrification-minimale\/#primaryimage"},"thumbnailUrl":"https:\/\/unilube.ch\/wp-content\/uploads\/2020\/11\/Unilube-Minimalschmiersysteme-Uebersicht.jpg","datePublished":"2021-03-23T07:59:49+00:00","dateModified":"2022-02-09T14:02:07+00:00","description":"Le bon syst\u00e8me de lubrification minimale pour la microlubrification\u00a0: Vous trouverez ici la gamme de produits qui vous convient - depuis le tournage, le fraisage jusqu\u2019au formage.","breadcrumb":{"@id":"https:\/\/unilube.ch\/fr\/systemes-de-lubrification-minimale\/#breadcrumb"},"inLanguage":"fr-FR","potentialAction":[{"@type":"ReadAction","target":["https:\/\/unilube.ch\/fr\/systemes-de-lubrification-minimale\/"]}]},{"@type":"ImageObject","inLanguage":"fr-FR","@id":"https:\/\/unilube.ch\/fr\/systemes-de-lubrification-minimale\/#primaryimage","url":"https:\/\/unilube.ch\/wp-content\/uploads\/2020\/11\/Unilube-Minimalschmiersysteme-Uebersicht.jpg","contentUrl":"https:\/\/unilube.ch\/wp-content\/uploads\/2020\/11\/Unilube-Minimalschmiersysteme-Uebersicht.jpg"},{"@type":"BreadcrumbList","@id":"https:\/\/unilube.ch\/fr\/systemes-de-lubrification-minimale\/#breadcrumb","itemListElement":[{"@type":"ListItem","position":1,"name":"Startseite","item":"https:\/\/unilube.ch\/fr\/"},{"@type":"ListItem","position":2,"name":"Syst\u00e8mes de lubrification minimale"}]},{"@type":"WebSite","@id":"https:\/\/unilube.ch\/#website","url":"https:\/\/unilube.ch\/","name":"UNILUBE | Quasi-Trockenbearbeitung","description":"Top of Cleantech","potentialAction":[{"@type":"SearchAction","target":{"@type":"EntryPoint","urlTemplate":"https:\/\/unilube.ch\/?s={search_term_string}"},"query-input":{"@type":"PropertyValueSpecification","valueRequired":true,"valueName":"search_term_string"}}],"inLanguage":"fr-FR"}]}},"_links":{"self":[{"href":"https:\/\/unilube.ch\/fr\/wp-json\/wp\/v2\/pages\/1926","targetHints":{"allow":["GET"]}}],"collection":[{"href":"https:\/\/unilube.ch\/fr\/wp-json\/wp\/v2\/pages"}],"about":[{"href":"https:\/\/unilube.ch\/fr\/wp-json\/wp\/v2\/types\/page"}],"author":[{"embeddable":true,"href":"https:\/\/unilube.ch\/fr\/wp-json\/wp\/v2\/users\/4"}],"replies":[{"embeddable":true,"href":"https:\/\/unilube.ch\/fr\/wp-json\/wp\/v2\/comments?post=1926"}],"version-history":[{"count":15,"href":"https:\/\/unilube.ch\/fr\/wp-json\/wp\/v2\/pages\/1926\/revisions"}],"predecessor-version":[{"id":2825,"href":"https:\/\/unilube.ch\/fr\/wp-json\/wp\/v2\/pages\/1926\/revisions\/2825"}],"wp:attachment":[{"href":"https:\/\/unilube.ch\/fr\/wp-json\/wp\/v2\/media?parent=1926"}],"curies":[{"name":"wp","href":"https:\/\/api.w.org\/{rel}","templated":true}]}}