{"id":1932,"date":"2021-03-23T09:00:00","date_gmt":"2021-03-23T08:00:00","guid":{"rendered":"https:\/\/unilube.ch\/systemes-de-lubrification-minimale\/comment-cela-fonctionne-t-il\/"},"modified":"2022-02-09T15:06:49","modified_gmt":"2022-02-09T14:06:49","slug":"comment-cela-fonctionne-t-il","status":"publish","type":"page","link":"https:\/\/unilube.ch\/fr\/systemes-de-lubrification-minimale\/comment-cela-fonctionne-t-il\/","title":{"rendered":"Comment cela fonctionne-t-il\u00a0?"},"content":{"rendered":"\t\t<div data-elementor-type=\"wp-page\" data-elementor-id=\"1932\" class=\"elementor elementor-1932 elementor-832\" data-elementor-post-type=\"page\">\n\t\t\t\t\t\t<section class=\"elementor-section elementor-top-section elementor-element elementor-element-15ff730c elementor-section-boxed elementor-section-height-default elementor-section-height-default\" data-id=\"15ff730c\" data-element_type=\"section\" data-e-type=\"section\">\n\t\t\t\t\t\t<div class=\"elementor-container elementor-column-gap-default\">\n\t\t\t\t\t<div class=\"elementor-column elementor-col-100 elementor-top-column elementor-element elementor-element-7dee3779\" data-id=\"7dee3779\" data-element_type=\"column\" data-e-type=\"column\">\n\t\t\t<div class=\"elementor-widget-wrap elementor-element-populated\">\n\t\t\t\t\t\t<div class=\"elementor-element elementor-element-639c8b9 elementor-icon-list--layout-inline elementor-align-start breadcrumbs elementor-list-item-link-full_width elementor-widget elementor-widget-icon-list\" data-id=\"639c8b9\" data-element_type=\"widget\" data-e-type=\"widget\" data-widget_type=\"icon-list.default\">\n\t\t\t\t<div class=\"elementor-widget-container\">\n\t\t\t\t\t\t\t<ul class=\"elementor-icon-list-items elementor-inline-items\">\n\t\t\t\t\t\t\t<li class=\"elementor-icon-list-item elementor-inline-item\">\n\t\t\t\t\t\t\t\t\t\t\t<a href=\"https:\/\/unilube.ch\/fr\/\">\n\n\t\t\t\t\t\t\t\t\t\t\t\t<span class=\"elementor-icon-list-icon\">\n\t\t\t\t\t\t\t<i aria-hidden=\"true\" class=\"fas fa-home\"><\/i>\t\t\t\t\t\t<\/span>\n\t\t\t\t\t\t\t\t\t\t<span class=\"elementor-icon-list-text\"><\/span>\n\t\t\t\t\t\t\t\t\t\t\t<\/a>\n\t\t\t\t\t\t\t\t\t<\/li>\n\t\t\t\t\t\t\t\t<li class=\"elementor-icon-list-item elementor-inline-item\">\n\t\t\t\t\t\t\t\t\t\t\t<a href=\"https:\/\/unilube.ch\/fr\/systemes-de-lubrification-minimale\/comment-cela-fonctionne-t-il\/\">\n\n\t\t\t\t\t\t\t\t\t\t\t\t<span class=\"elementor-icon-list-icon\">\n\t\t\t\t\t\t\t<i aria-hidden=\"true\" class=\"fas fa-circle\"><\/i>\t\t\t\t\t\t<\/span>\n\t\t\t\t\t\t\t\t\t\t<span class=\"elementor-icon-list-text\">Savoir-faire<\/span>\n\t\t\t\t\t\t\t\t\t\t\t<\/a>\n\t\t\t\t\t\t\t\t\t<\/li>\n\t\t\t\t\t\t\t\t<li class=\"elementor-icon-list-item elementor-inline-item\">\n\t\t\t\t\t\t\t\t\t\t\t<a href=\"https:\/\/unilube.ch\/fr\/systemes-de-lubrification-minimale\/\">\n\n\t\t\t\t\t\t\t\t\t\t\t\t<span class=\"elementor-icon-list-icon\">\n\t\t\t\t\t\t\t<i aria-hidden=\"true\" class=\"fas fa-circle\"><\/i>\t\t\t\t\t\t<\/span>\n\t\t\t\t\t\t\t\t\t\t<span class=\"elementor-icon-list-text\">Syst\u00e8mes de lubrification minimale <\/span>\n\t\t\t\t\t\t\t\t\t\t\t<\/a>\n\t\t\t\t\t\t\t\t\t<\/li>\n\t\t\t\t\t\t\t\t<li class=\"elementor-icon-list-item elementor-inline-item\">\n\t\t\t\t\t\t\t\t\t\t\t<span class=\"elementor-icon-list-icon\">\n\t\t\t\t\t\t\t<i aria-hidden=\"true\" class=\"fas fa-circle\"><\/i>\t\t\t\t\t\t<\/span>\n\t\t\t\t\t\t\t\t\t\t<span class=\"elementor-icon-list-text\">Comment cela fonctionne-t-il\u00a0?<\/span>\n\t\t\t\t\t\t\t\t\t<\/li>\n\t\t\t\t\t\t<\/ul>\n\t\t\t\t\t\t<\/div>\n\t\t\t\t<\/div>\n\t\t\t\t\t<\/div>\n\t\t<\/div>\n\t\t\t\t\t<\/div>\n\t\t<\/section>\n\t\t\t\t<section class=\"elementor-section elementor-top-section elementor-element elementor-element-9478f9b elementor-section-height-min-height elementor-section-items-bottom elementor-section-boxed elementor-section-height-default\" data-id=\"9478f9b\" data-element_type=\"section\" data-e-type=\"section\" data-settings=\"{&quot;background_background&quot;:&quot;classic&quot;}\">\n\t\t\t\t\t\t<div class=\"elementor-container elementor-column-gap-default\">\n\t\t\t\t\t<div class=\"elementor-column elementor-col-50 elementor-top-column elementor-element elementor-element-9fd6747\" data-id=\"9fd6747\" data-element_type=\"column\" data-e-type=\"column\">\n\t\t\t<div class=\"elementor-widget-wrap elementor-element-populated\">\n\t\t\t\t\t\t<div class=\"elementor-element elementor-element-fdd4e5b table_display heading_yellow elementor-widget elementor-widget-heading\" data-id=\"fdd4e5b\" data-element_type=\"widget\" data-e-type=\"widget\" data-widget_type=\"heading.default\">\n\t\t\t\t<div class=\"elementor-widget-container\">\n\t\t\t\t\t<h2 class=\"elementor-heading-title elementor-size-default\">Syst\u00e8mes de lubrification minimale<\/h2>\t\t\t\t<\/div>\n\t\t\t\t<\/div>\n\t\t\t\t\t<\/div>\n\t\t<\/div>\n\t\t\t\t<div class=\"elementor-column elementor-col-50 elementor-top-column elementor-element elementor-element-cb69755\" data-id=\"cb69755\" data-element_type=\"column\" data-e-type=\"column\">\n\t\t\t<div class=\"elementor-widget-wrap\">\n\t\t\t\t\t\t\t<\/div>\n\t\t<\/div>\n\t\t\t\t\t<\/div>\n\t\t<\/section>\n\t\t\t\t<section class=\"elementor-section elementor-top-section elementor-element elementor-element-d417f70 elementor-section-boxed elementor-section-height-default elementor-section-height-default\" data-id=\"d417f70\" data-element_type=\"section\" data-e-type=\"section\">\n\t\t\t\t\t\t<div class=\"elementor-container elementor-column-gap-default\">\n\t\t\t\t\t<div class=\"elementor-column elementor-col-100 elementor-top-column elementor-element elementor-element-765d2d2\" data-id=\"765d2d2\" data-element_type=\"column\" data-e-type=\"column\">\n\t\t\t<div class=\"elementor-widget-wrap elementor-element-populated\">\n\t\t\t\t\t\t<div class=\"elementor-element elementor-element-f5188ed elementor-widget elementor-widget-text-editor\" data-id=\"f5188ed\" data-element_type=\"widget\" data-e-type=\"widget\" data-widget_type=\"text-editor.default\">\n\t\t\t\t<div class=\"elementor-widget-container\">\n\t\t\t\t\t\t\t\t\t<p><strong>Des quantit\u00e9s minimales d\u2019un lubrifiant haute performance sont pulv\u00e9ris\u00e9es \u00e0 travers un jet d\u2019air acc\u00e9l\u00e9r\u00e9 sur la zone requise. Une micro-pellicule fluide est cr\u00e9\u00e9e entre l\u2019outil et la pi\u00e8ce.<\/strong><\/p>\n\t\t\t\t\t\t\t\t<\/div>\n\t\t\t\t<\/div>\n\t\t\t\t<div class=\"elementor-element elementor-element-765cf8f elementor-widget elementor-widget-text-editor\" data-id=\"765cf8f\" data-element_type=\"widget\" data-e-type=\"widget\" data-widget_type=\"text-editor.default\">\n\t\t\t\t<div class=\"elementor-widget-container\">\n\t\t\t\t\t\t\t\t\t<p>Des pompes \u00e0 piston pneumatiques refoulent dans un tube capillaire des quantit\u00e9s minimales, toujours exactement identiques, des lubrifiants haute performance d\u00e9velopp\u00e9s par UNILUBE. L\u2019air comprim\u00e9 \u00e0 une pression de 5 \u00e0 8 bars est amen\u00e9 s\u00e9par\u00e9ment dans une conduite circulaire. Ces conduites coaxiales permettent au lubrifiant et \u00e0 l\u2019air d\u2019arriver s\u00e9par\u00e9ment le plus pr\u00e8s possible de la zone \u00e0 lubrifier. Il peut s\u2019agir par exemple des ar\u00eates de coupe d\u2019outils d\u2019enl\u00e8vement de copeaux ou des surfaces de profil\u00e9s \u00e0 former. Un m\u00e9langeur sp\u00e9cifique pulv\u00e9rise et achemine via un jet d\u2019air acc\u00e9l\u00e9r\u00e9 les particules de lubrifiants micro-dos\u00e9es pour venir d\u00e9poser une pellicule lubrifiante extr\u00eamement fine sur les outils et les composants \u00e0 usiner.<\/p>\n\t\t\t\t\t\t\t\t<\/div>\n\t\t\t\t<\/div>\n\t\t\t\t<div class=\"elementor-element elementor-element-50d2f31 elementor-widget elementor-widget-heading\" data-id=\"50d2f31\" data-element_type=\"widget\" data-e-type=\"widget\" data-widget_type=\"heading.default\">\n\t\t\t\t<div class=\"elementor-widget-container\">\n\t\t\t\t\t<h3 class=\"elementor-heading-title elementor-size-default\">Un besoin en lubrifiant extr\u00eamement limit\u00e9\n<\/h3>\t\t\t\t<\/div>\n\t\t\t\t<\/div>\n\t\t\t\t<div class=\"elementor-element elementor-element-e536159 elementor-widget elementor-widget-text-editor\" data-id=\"e536159\" data-element_type=\"widget\" data-e-type=\"widget\" data-widget_type=\"text-editor.default\">\n\t\t\t\t<div class=\"elementor-widget-container\">\n\t\t\t\t\t\t\t\t\t<p>Pour une microlubrification ajust\u00e9e particuli\u00e8rement finement \u2013 par exemple pour le micro-usinage dans le domaine de la m\u00e9canique de pr\u00e9cision de l\u2019horlogerie ou pour la technique m\u00e9dicale \u2013 les syst\u00e8mes de lubrification minimale \u00e9prouv\u00e9s d\u2019UNILUBE peuvent cr\u00e9er un microfilm lubrifiant permanent m\u00eame en n\u2019utilisant qu\u2019une dose extr\u00eamement faible de lubrifiant de 0,2 ml par heure. Les principaux r\u00e9glages pour l\u2019alimentation en air et en lubrifiant sont adapt\u00e9s manuellement \u00e0 chaque processus d\u2019usinage. Il est possible d\u2019adapter le d\u00e9bit d\u2019alimentation en lubrifiant de fa\u00e7on dynamique \u00e0 l\u2019aide d\u2019un signal de commande externe ou d\u2019une commande r\u00e9gl\u00e9e sur une horloge.<\/p>\n\t\t\t\t\t\t\t\t<\/div>\n\t\t\t\t<\/div>\n\t\t\t\t<div class=\"elementor-element elementor-element-31f4e70 elementor-widget elementor-widget-text-editor\" data-id=\"31f4e70\" data-element_type=\"widget\" data-e-type=\"widget\" data-widget_type=\"text-editor.default\">\n\t\t\t\t<div class=\"elementor-widget-container\">\n\t\t\t\t\t\t\t\t\t<p>Dans notre note technique, nous expliquons pourquoi cela fonctionne mieux qu\u2019un refroidissement par inondation avec des \u00e9mulsions ou des huiles\u00a0<a href=\"https:\/\/unilube.ch\/fr\/systemes-de-lubrification-minimale\/principe-physique\/\">\u201cPrincipe physique ?\u201d<\/a>.<\/p>\t\t\t\t\t\t\t\t<\/div>\n\t\t\t\t<\/div>\n\t\t\t\t\t<\/div>\n\t\t<\/div>\n\t\t\t\t\t<\/div>\n\t\t<\/section>\n\t\t\t\t<\/div>\n\t\t","protected":false},"excerpt":{"rendered":"<p>Savoir-faire Syst\u00e8mes de lubrification minimale Syst\u00e8mes de lubrification minimale Des quantit\u00e9s minimales d\u2019un lubrifiant haute performance sont pulv\u00e9ris\u00e9es \u00e0 travers un jet d\u2019air acc\u00e9l\u00e9r\u00e9 sur la zone requise. Une micro-pellicule fluide est cr\u00e9\u00e9e entre l\u2019outil et la pi\u00e8ce. Des pompes \u00e0 piston pneumatiques refoulent dans un tube capillaire des quantit\u00e9s minimales, toujours exactement identiques, des [&hellip;]<\/p>\n","protected":false},"author":4,"featured_media":0,"parent":1926,"menu_order":0,"comment_status":"closed","ping_status":"closed","template":"","meta":{"_acf_changed":false,"footnotes":""},"class_list":["post-1932","page","type-page","status-publish","hentry"],"acf":[],"yoast_head":"<!-- This site is optimized with the Yoast SEO Premium plugin v27.1 (Yoast SEO v27.1.1) - https:\/\/yoast.com\/product\/yoast-seo-premium-wordpress\/ -->\n<title>Savoir-faire UNILUBE | Comment cela fonctionne-t-il\u00a0?<\/title>\n<meta name=\"description\" content=\"Le principe de fonctionnement UNILUBE\u00a0: Des quantit\u00e9s minimales de lubrifiant sont pulv\u00e9ris\u00e9es \u00e0 travers un jet d\u2019air acc\u00e9l\u00e9r\u00e9 sur la zone requise.\" \/>\n<meta name=\"robots\" content=\"index, follow, max-snippet:-1, max-image-preview:large, max-video-preview:-1\" \/>\n<link rel=\"canonical\" href=\"https:\/\/unilube.ch\/fr\/systemes-de-lubrification-minimale\/comment-cela-fonctionne-t-il\/\" \/>\n<meta property=\"og:locale\" content=\"fr_FR\" \/>\n<meta property=\"og:type\" content=\"article\" \/>\n<meta property=\"og:title\" content=\"Comment cela fonctionne-t-il\u00a0?\" \/>\n<meta property=\"og:description\" content=\"Le principe de fonctionnement UNILUBE\u00a0: Des quantit\u00e9s minimales de lubrifiant sont pulv\u00e9ris\u00e9es \u00e0 travers un jet d\u2019air acc\u00e9l\u00e9r\u00e9 sur la zone requise.\" \/>\n<meta property=\"og:url\" content=\"https:\/\/unilube.ch\/fr\/systemes-de-lubrification-minimale\/comment-cela-fonctionne-t-il\/\" \/>\n<meta property=\"og:site_name\" content=\"UNILUBE | Quasi-Trockenbearbeitung\" \/>\n<meta property=\"article:modified_time\" content=\"2022-02-09T14:06:49+00:00\" \/>\n<meta name=\"twitter:card\" content=\"summary_large_image\" \/>\n<meta name=\"twitter:label1\" content=\"Dur\u00e9e de lecture estim\u00e9e\" \/>\n\t<meta name=\"twitter:data1\" content=\"2 minutes\" \/>\n<script type=\"application\/ld+json\" class=\"yoast-schema-graph\">{\"@context\":\"https:\/\/schema.org\",\"@graph\":[{\"@type\":\"WebPage\",\"@id\":\"https:\/\/unilube.ch\/fr\/systemes-de-lubrification-minimale\/comment-cela-fonctionne-t-il\/\",\"url\":\"https:\/\/unilube.ch\/fr\/systemes-de-lubrification-minimale\/comment-cela-fonctionne-t-il\/\",\"name\":\"Savoir-faire UNILUBE | Comment cela fonctionne-t-il\u00a0?\",\"isPartOf\":{\"@id\":\"https:\/\/unilube.ch\/#website\"},\"datePublished\":\"2021-03-23T08:00:00+00:00\",\"dateModified\":\"2022-02-09T14:06:49+00:00\",\"description\":\"Le principe de fonctionnement UNILUBE\u00a0: Des quantit\u00e9s minimales de lubrifiant sont pulv\u00e9ris\u00e9es \u00e0 travers un jet d\u2019air acc\u00e9l\u00e9r\u00e9 sur la zone requise.\",\"breadcrumb\":{\"@id\":\"https:\/\/unilube.ch\/fr\/systemes-de-lubrification-minimale\/comment-cela-fonctionne-t-il\/#breadcrumb\"},\"inLanguage\":\"fr-FR\",\"potentialAction\":[{\"@type\":\"ReadAction\",\"target\":[\"https:\/\/unilube.ch\/fr\/systemes-de-lubrification-minimale\/comment-cela-fonctionne-t-il\/\"]}]},{\"@type\":\"BreadcrumbList\",\"@id\":\"https:\/\/unilube.ch\/fr\/systemes-de-lubrification-minimale\/comment-cela-fonctionne-t-il\/#breadcrumb\",\"itemListElement\":[{\"@type\":\"ListItem\",\"position\":1,\"name\":\"Startseite\",\"item\":\"https:\/\/unilube.ch\/fr\/\"},{\"@type\":\"ListItem\",\"position\":2,\"name\":\"Syst\u00e8mes de lubrification minimale\",\"item\":\"https:\/\/unilube.ch\/fr\/systemes-de-lubrification-minimale\/\"},{\"@type\":\"ListItem\",\"position\":3,\"name\":\"Comment cela fonctionne-t-il\u00a0?\"}]},{\"@type\":\"WebSite\",\"@id\":\"https:\/\/unilube.ch\/#website\",\"url\":\"https:\/\/unilube.ch\/\",\"name\":\"UNILUBE | Quasi-Trockenbearbeitung\",\"description\":\"Top of Cleantech\",\"potentialAction\":[{\"@type\":\"SearchAction\",\"target\":{\"@type\":\"EntryPoint\",\"urlTemplate\":\"https:\/\/unilube.ch\/?s={search_term_string}\"},\"query-input\":{\"@type\":\"PropertyValueSpecification\",\"valueRequired\":true,\"valueName\":\"search_term_string\"}}],\"inLanguage\":\"fr-FR\"}]}<\/script>\n<!-- \/ Yoast SEO Premium plugin. -->","yoast_head_json":{"title":"Savoir-faire UNILUBE | Comment cela fonctionne-t-il\u00a0?","description":"Le principe de fonctionnement UNILUBE\u00a0: Des quantit\u00e9s minimales de lubrifiant sont pulv\u00e9ris\u00e9es \u00e0 travers un jet d\u2019air acc\u00e9l\u00e9r\u00e9 sur la zone requise.","robots":{"index":"index","follow":"follow","max-snippet":"max-snippet:-1","max-image-preview":"max-image-preview:large","max-video-preview":"max-video-preview:-1"},"canonical":"https:\/\/unilube.ch\/fr\/systemes-de-lubrification-minimale\/comment-cela-fonctionne-t-il\/","og_locale":"fr_FR","og_type":"article","og_title":"Comment cela fonctionne-t-il\u00a0?","og_description":"Le principe de fonctionnement UNILUBE\u00a0: Des quantit\u00e9s minimales de lubrifiant sont pulv\u00e9ris\u00e9es \u00e0 travers un jet d\u2019air acc\u00e9l\u00e9r\u00e9 sur la zone requise.","og_url":"https:\/\/unilube.ch\/fr\/systemes-de-lubrification-minimale\/comment-cela-fonctionne-t-il\/","og_site_name":"UNILUBE | Quasi-Trockenbearbeitung","article_modified_time":"2022-02-09T14:06:49+00:00","twitter_card":"summary_large_image","twitter_misc":{"Dur\u00e9e de lecture estim\u00e9e":"2 minutes"},"schema":{"@context":"https:\/\/schema.org","@graph":[{"@type":"WebPage","@id":"https:\/\/unilube.ch\/fr\/systemes-de-lubrification-minimale\/comment-cela-fonctionne-t-il\/","url":"https:\/\/unilube.ch\/fr\/systemes-de-lubrification-minimale\/comment-cela-fonctionne-t-il\/","name":"Savoir-faire UNILUBE | Comment cela fonctionne-t-il\u00a0?","isPartOf":{"@id":"https:\/\/unilube.ch\/#website"},"datePublished":"2021-03-23T08:00:00+00:00","dateModified":"2022-02-09T14:06:49+00:00","description":"Le principe de fonctionnement UNILUBE\u00a0: Des quantit\u00e9s minimales de lubrifiant sont pulv\u00e9ris\u00e9es \u00e0 travers un jet d\u2019air acc\u00e9l\u00e9r\u00e9 sur la zone requise.","breadcrumb":{"@id":"https:\/\/unilube.ch\/fr\/systemes-de-lubrification-minimale\/comment-cela-fonctionne-t-il\/#breadcrumb"},"inLanguage":"fr-FR","potentialAction":[{"@type":"ReadAction","target":["https:\/\/unilube.ch\/fr\/systemes-de-lubrification-minimale\/comment-cela-fonctionne-t-il\/"]}]},{"@type":"BreadcrumbList","@id":"https:\/\/unilube.ch\/fr\/systemes-de-lubrification-minimale\/comment-cela-fonctionne-t-il\/#breadcrumb","itemListElement":[{"@type":"ListItem","position":1,"name":"Startseite","item":"https:\/\/unilube.ch\/fr\/"},{"@type":"ListItem","position":2,"name":"Syst\u00e8mes de lubrification minimale","item":"https:\/\/unilube.ch\/fr\/systemes-de-lubrification-minimale\/"},{"@type":"ListItem","position":3,"name":"Comment cela fonctionne-t-il\u00a0?"}]},{"@type":"WebSite","@id":"https:\/\/unilube.ch\/#website","url":"https:\/\/unilube.ch\/","name":"UNILUBE | Quasi-Trockenbearbeitung","description":"Top of Cleantech","potentialAction":[{"@type":"SearchAction","target":{"@type":"EntryPoint","urlTemplate":"https:\/\/unilube.ch\/?s={search_term_string}"},"query-input":{"@type":"PropertyValueSpecification","valueRequired":true,"valueName":"search_term_string"}}],"inLanguage":"fr-FR"}]}},"_links":{"self":[{"href":"https:\/\/unilube.ch\/fr\/wp-json\/wp\/v2\/pages\/1932","targetHints":{"allow":["GET"]}}],"collection":[{"href":"https:\/\/unilube.ch\/fr\/wp-json\/wp\/v2\/pages"}],"about":[{"href":"https:\/\/unilube.ch\/fr\/wp-json\/wp\/v2\/types\/page"}],"author":[{"embeddable":true,"href":"https:\/\/unilube.ch\/fr\/wp-json\/wp\/v2\/users\/4"}],"replies":[{"embeddable":true,"href":"https:\/\/unilube.ch\/fr\/wp-json\/wp\/v2\/comments?post=1932"}],"version-history":[{"count":6,"href":"https:\/\/unilube.ch\/fr\/wp-json\/wp\/v2\/pages\/1932\/revisions"}],"predecessor-version":[{"id":2831,"href":"https:\/\/unilube.ch\/fr\/wp-json\/wp\/v2\/pages\/1932\/revisions\/2831"}],"up":[{"embeddable":true,"href":"https:\/\/unilube.ch\/fr\/wp-json\/wp\/v2\/pages\/1926"}],"wp:attachment":[{"href":"https:\/\/unilube.ch\/fr\/wp-json\/wp\/v2\/media?parent=1932"}],"curies":[{"name":"wp","href":"https:\/\/api.w.org\/{rel}","templated":true}]}}