{"id":1939,"date":"2021-03-23T09:00:14","date_gmt":"2021-03-23T08:00:14","guid":{"rendered":"https:\/\/unilube.ch\/systemes-de-lubrification-minimale\/focus-sur-lenlevement-de-copeaux\/"},"modified":"2021-03-23T09:32:40","modified_gmt":"2021-03-23T08:32:40","slug":"focus-sur-lenlevement-de-copeaux","status":"publish","type":"page","link":"https:\/\/unilube.ch\/fr\/systemes-de-lubrification-minimale\/focus-sur-lenlevement-de-copeaux\/","title":{"rendered":"Focus sur l\u2019enl\u00e8vement de copeaux"},"content":{"rendered":"\t\t<div data-elementor-type=\"wp-page\" data-elementor-id=\"1939\" class=\"elementor elementor-1939 elementor-839\" data-elementor-post-type=\"page\">\n\t\t\t\t\t\t<section class=\"elementor-section elementor-top-section elementor-element elementor-element-15ff730c elementor-section-boxed elementor-section-height-default elementor-section-height-default\" data-id=\"15ff730c\" data-element_type=\"section\" data-e-type=\"section\">\n\t\t\t\t\t\t<div class=\"elementor-container elementor-column-gap-default\">\n\t\t\t\t\t<div class=\"elementor-column elementor-col-100 elementor-top-column elementor-element elementor-element-7dee3779\" data-id=\"7dee3779\" data-element_type=\"column\" data-e-type=\"column\">\n\t\t\t<div class=\"elementor-widget-wrap elementor-element-populated\">\n\t\t\t\t\t\t<div class=\"elementor-element elementor-element-639c8b9 elementor-icon-list--layout-inline elementor-align-start breadcrumbs elementor-list-item-link-full_width elementor-widget elementor-widget-icon-list\" data-id=\"639c8b9\" data-element_type=\"widget\" data-e-type=\"widget\" data-widget_type=\"icon-list.default\">\n\t\t\t\t<div class=\"elementor-widget-container\">\n\t\t\t\t\t\t\t<ul class=\"elementor-icon-list-items elementor-inline-items\">\n\t\t\t\t\t\t\t<li class=\"elementor-icon-list-item elementor-inline-item\">\n\t\t\t\t\t\t\t\t\t\t\t<a href=\"https:\/\/unilube.ch\/fr\/\">\n\n\t\t\t\t\t\t\t\t\t\t\t\t<span class=\"elementor-icon-list-icon\">\n\t\t\t\t\t\t\t<i aria-hidden=\"true\" class=\"fas fa-home\"><\/i>\t\t\t\t\t\t<\/span>\n\t\t\t\t\t\t\t\t\t\t<span class=\"elementor-icon-list-text\"><\/span>\n\t\t\t\t\t\t\t\t\t\t\t<\/a>\n\t\t\t\t\t\t\t\t\t<\/li>\n\t\t\t\t\t\t\t\t<li class=\"elementor-icon-list-item elementor-inline-item\">\n\t\t\t\t\t\t\t\t\t\t\t<a href=\"https:\/\/unilube.ch\/fr\/systemes-de-lubrification-minimale\/focus-sur-lenlevement-de-copeaux\/\">\n\n\t\t\t\t\t\t\t\t\t\t\t\t<span class=\"elementor-icon-list-icon\">\n\t\t\t\t\t\t\t<i aria-hidden=\"true\" class=\"fas fa-circle\"><\/i>\t\t\t\t\t\t<\/span>\n\t\t\t\t\t\t\t\t\t\t<span class=\"elementor-icon-list-text\">Savoir-faire<\/span>\n\t\t\t\t\t\t\t\t\t\t\t<\/a>\n\t\t\t\t\t\t\t\t\t<\/li>\n\t\t\t\t\t\t\t\t<li class=\"elementor-icon-list-item elementor-inline-item\">\n\t\t\t\t\t\t\t\t\t\t\t<a href=\"https:\/\/unilube.ch\/fr\/systemes-de-lubrification-minimale\/\">\n\n\t\t\t\t\t\t\t\t\t\t\t\t<span class=\"elementor-icon-list-icon\">\n\t\t\t\t\t\t\t<i aria-hidden=\"true\" class=\"fas fa-circle\"><\/i>\t\t\t\t\t\t<\/span>\n\t\t\t\t\t\t\t\t\t\t<span class=\"elementor-icon-list-text\">Syst\u00e8mes de lubrification minimale <\/span>\n\t\t\t\t\t\t\t\t\t\t\t<\/a>\n\t\t\t\t\t\t\t\t\t<\/li>\n\t\t\t\t\t\t\t\t<li class=\"elementor-icon-list-item elementor-inline-item\">\n\t\t\t\t\t\t\t\t\t\t\t<span class=\"elementor-icon-list-icon\">\n\t\t\t\t\t\t\t<i aria-hidden=\"true\" class=\"fas fa-circle\"><\/i>\t\t\t\t\t\t<\/span>\n\t\t\t\t\t\t\t\t\t\t<span class=\"elementor-icon-list-text\">Focus sur l\u2019enl\u00e8vement de copeaux<\/span>\n\t\t\t\t\t\t\t\t\t<\/li>\n\t\t\t\t\t\t<\/ul>\n\t\t\t\t\t\t<\/div>\n\t\t\t\t<\/div>\n\t\t\t\t\t<\/div>\n\t\t<\/div>\n\t\t\t\t\t<\/div>\n\t\t<\/section>\n\t\t\t\t<section class=\"elementor-section elementor-top-section elementor-element elementor-element-9478f9b elementor-section-height-min-height elementor-section-items-bottom elementor-section-boxed elementor-section-height-default\" data-id=\"9478f9b\" data-element_type=\"section\" data-e-type=\"section\" data-settings=\"{&quot;background_background&quot;:&quot;classic&quot;}\">\n\t\t\t\t\t\t<div class=\"elementor-container elementor-column-gap-default\">\n\t\t\t\t\t<div class=\"elementor-column elementor-col-50 elementor-top-column elementor-element elementor-element-9fd6747\" data-id=\"9fd6747\" data-element_type=\"column\" data-e-type=\"column\">\n\t\t\t<div class=\"elementor-widget-wrap elementor-element-populated\">\n\t\t\t\t\t\t<div class=\"elementor-element elementor-element-fdd4e5b table_display heading_yellow elementor-widget elementor-widget-heading\" data-id=\"fdd4e5b\" data-element_type=\"widget\" data-e-type=\"widget\" data-widget_type=\"heading.default\">\n\t\t\t\t<div class=\"elementor-widget-container\">\n\t\t\t\t\t<h2 class=\"elementor-heading-title elementor-size-default\">Syst\u00e8mes de lubrification minimale<\/h2>\t\t\t\t<\/div>\n\t\t\t\t<\/div>\n\t\t\t\t\t<\/div>\n\t\t<\/div>\n\t\t\t\t<div class=\"elementor-column elementor-col-50 elementor-top-column elementor-element elementor-element-cb69755\" data-id=\"cb69755\" data-element_type=\"column\" data-e-type=\"column\">\n\t\t\t<div class=\"elementor-widget-wrap\">\n\t\t\t\t\t\t\t<\/div>\n\t\t<\/div>\n\t\t\t\t\t<\/div>\n\t\t<\/section>\n\t\t\t\t<section class=\"elementor-section elementor-top-section elementor-element elementor-element-d417f70 elementor-section-boxed elementor-section-height-default elementor-section-height-default\" data-id=\"d417f70\" data-element_type=\"section\" data-e-type=\"section\">\n\t\t\t\t\t\t<div class=\"elementor-container elementor-column-gap-default\">\n\t\t\t\t\t<div class=\"elementor-column elementor-col-100 elementor-top-column elementor-element elementor-element-765d2d2\" data-id=\"765d2d2\" data-element_type=\"column\" data-e-type=\"column\">\n\t\t\t<div class=\"elementor-widget-wrap elementor-element-populated\">\n\t\t\t\t\t\t<div class=\"elementor-element elementor-element-50d2f31 elementor-widget elementor-widget-heading\" data-id=\"50d2f31\" data-element_type=\"widget\" data-e-type=\"widget\" data-widget_type=\"heading.default\">\n\t\t\t\t<div class=\"elementor-widget-container\">\n\t\t\t\t\t<h3 class=\"elementor-heading-title elementor-size-default\">Un succ\u00e8s commercial sur le long terme\u00a0: Avec l\u2019approche \u00ab\u00a0int\u00e9rieur - ext\u00e9rieur\u00a0\u00bb\n<\/h3>\t\t\t\t<\/div>\n\t\t\t\t<\/div>\n\t\t\t\t<div class=\"elementor-element elementor-element-f5188ed elementor-widget elementor-widget-text-editor\" data-id=\"f5188ed\" data-element_type=\"widget\" data-e-type=\"widget\" data-widget_type=\"text-editor.default\">\n\t\t\t\t<div class=\"elementor-widget-container\">\n\t\t\t\t\t\t\t\t\t<p><strong>Pour pouvoir durer dans un contexte de march\u00e9 toujours plus difficile, il est important d\u2019optimiser sa production. Mais comment\u00a0? Souvent, les processus d\u2019usinage sont contraints d\u00e8s le d\u00e9part par le choix de la machine-outil. Un nouveau point de vue sur les processus d&rsquo;usinage et les param\u00e8tres du processus peut ici ouvrir de nouvelles voies. L\u2019approche \u00ab\u00a0int\u00e9rieur &#8211; ext\u00e9rieur\u00a0\u00bb d\u00e9finit ainsi l\u2019usinage en partant de l\u2019int\u00e9rieur et en allant vers l\u2019ext\u00e9rieur et permet de se focaliser sur les param\u00e8tres vraiment importants du processus &#8211; loin du principe partant de la machine et allant vers l\u2019\u00e9l\u00e9ment\u00a0: UNILUBE\u00a0!<\/strong><\/p>\n\t\t\t\t\t\t\t\t<\/div>\n\t\t\t\t<\/div>\n\t\t\t\t<div class=\"elementor-element elementor-element-a15fd23 elementor-widget elementor-widget-heading\" data-id=\"a15fd23\" data-element_type=\"widget\" data-e-type=\"widget\" data-widget_type=\"heading.default\">\n\t\t\t\t<div class=\"elementor-widget-container\">\n\t\t\t\t\t<h3 class=\"elementor-heading-title elementor-size-default\">Cr\u00e9er de nouvelles marges de man\u0153uvre\n<\/h3>\t\t\t\t<\/div>\n\t\t\t\t<\/div>\n\t\t\t\t<div class=\"elementor-element elementor-element-765cf8f elementor-widget elementor-widget-text-editor\" data-id=\"765cf8f\" data-element_type=\"widget\" data-e-type=\"widget\" data-widget_type=\"text-editor.default\">\n\t\t\t\t<div class=\"elementor-widget-container\">\n\t\t\t\t\t\t\t\t\t<p>Le cas classique que beaucoup d\u2019entreprises de production connaissent\u00a0: On ach\u00e8te une machine-outil et on essaie ensuite d\u2019usiner les produits existants dessus. Cela signifie que\u00a0: La machine doit suivre les sp\u00e9cifications de construction. Mais en pratique, on observe que cette approche, en raison de ses limites et de ses restrictions, est obsol\u00e8te.<\/p>\n<p>La situation initiale est un peu plus avantageuse lorsque l\u2019entreprise choisit en toute conscience un mod\u00e8le particulier de machine, \u00e9value pr\u00e9cis\u00e9ment son potentiel et l\u2019exploite de fa\u00e7on optimale. Dans ce cas, ce n\u2019est pas le constructeur qui d\u00e9finit le mode fabrication du produit, mais bien plus la machine qui sp\u00e9cifie les modalit\u00e9s de fabrication. La question de la faisabilit\u00e9 n\u2019est plus alors\u00a0: \u00ab\u00a0Pouvons-nous usiner ces produits sur cette machine\u00a0?\u00a0\u00bb C\u2019est plut\u00f4t la machine qui d\u00e9finit les modalit\u00e9s de fabrication du produit. Cette approche un peu plus moderne assure, certes, une production stable, mais on travaille alors en se concentrant sur l\u2019accessoire et on perd de vue l\u2019essentiel.<\/p>\n\t\t\t\t\t\t\t\t<\/div>\n\t\t\t\t<\/div>\n\t\t\t\t<div class=\"elementor-element elementor-element-230a8b2 elementor-widget elementor-widget-text-editor\" data-id=\"230a8b2\" data-element_type=\"widget\" data-e-type=\"widget\" data-widget_type=\"text-editor.default\">\n\t\t\t\t<div class=\"elementor-widget-container\">\n\t\t\t\t\t\t\t\t\t<p><strong>Nous disons plut\u00f4t\u00a0: Pourquoi ne pas se centrer sur le param\u00e8tre de processus qui compte vraiment\u00a0?<\/strong><\/p>\n\t\t\t\t\t\t\t\t<\/div>\n\t\t\t\t<\/div>\n\t\t\t\t<div class=\"elementor-element elementor-element-396929e elementor-widget elementor-widget-heading\" data-id=\"396929e\" data-element_type=\"widget\" data-e-type=\"widget\" data-widget_type=\"heading.default\">\n\t\t\t\t<div class=\"elementor-widget-container\">\n\t\t\t\t\t<h3 class=\"elementor-heading-title elementor-size-default\">Se focaliser sur l\u2019essentiel\n<\/h3>\t\t\t\t<\/div>\n\t\t\t\t<\/div>\n\t\t\t\t<div class=\"elementor-element elementor-element-8119bb7 elementor-widget elementor-widget-text-editor\" data-id=\"8119bb7\" data-element_type=\"widget\" data-e-type=\"widget\" data-widget_type=\"text-editor.default\">\n\t\t\t\t<div class=\"elementor-widget-container\">\n\t\t\t\t\t\t\t\t\t<p>Les processus d\u00e9cisifs se jouent entre la pi\u00e8ce et l\u2019outil \u2013 et c\u2019est pr\u00e9cis\u00e9ment l\u00e0 qu\u2019intervient UNILUBE.<\/p>\n<p>Partant de l\u00e0, nous d\u00e9finissons notre approche \u00ab\u00a0int\u00e9rieur &#8211; ext\u00e9rieur\u00a0\u00bb selon un principe de pelures d\u2019oignons dans deux directions distinctes.<\/p>\n\t\t\t\t\t\t\t\t<\/div>\n\t\t\t\t<\/div>\n\t\t\t\t<div class=\"elementor-element elementor-element-59f8124 elementor-widget elementor-widget-image\" data-id=\"59f8124\" data-element_type=\"widget\" data-e-type=\"widget\" data-widget_type=\"image.default\">\n\t\t\t\t<div class=\"elementor-widget-container\">\n\t\t\t\t\t\t\t\t\t\t\t\t\t\t\t<img fetchpriority=\"high\" decoding=\"async\" width=\"2048\" height=\"308\" src=\"https:\/\/unilube.ch\/wp-content\/uploads\/2020\/11\/Inside-Out-2048x308-1.jpg\" class=\"attachment-full size-full wp-image-2283\" alt=\"\" srcset=\"https:\/\/unilube.ch\/wp-content\/uploads\/2020\/11\/Inside-Out-2048x308-1.jpg 2048w, https:\/\/unilube.ch\/wp-content\/uploads\/2020\/11\/Inside-Out-2048x308-1-300x45.jpg 300w, https:\/\/unilube.ch\/wp-content\/uploads\/2020\/11\/Inside-Out-2048x308-1-1024x154.jpg 1024w, https:\/\/unilube.ch\/wp-content\/uploads\/2020\/11\/Inside-Out-2048x308-1-768x116.jpg 768w, https:\/\/unilube.ch\/wp-content\/uploads\/2020\/11\/Inside-Out-2048x308-1-1536x231.jpg 1536w\" sizes=\"(max-width: 2048px) 100vw, 2048px\" \/>\t\t\t\t\t\t\t\t\t\t\t\t\t\t\t<\/div>\n\t\t\t\t<\/div>\n\t\t\t\t<div class=\"elementor-element elementor-element-755d880 elementor-widget elementor-widget-heading\" data-id=\"755d880\" data-element_type=\"widget\" data-e-type=\"widget\" data-widget_type=\"heading.default\">\n\t\t\t\t<div class=\"elementor-widget-container\">\n\t\t\t\t\t<h3 class=\"elementor-heading-title elementor-size-default\">D\u00e9finissez d\u2019abord votre processus puis choisissez la machine\n<\/h3>\t\t\t\t<\/div>\n\t\t\t\t<\/div>\n\t\t\t\t<div class=\"elementor-element elementor-element-e536159 elementor-widget elementor-widget-text-editor\" data-id=\"e536159\" data-element_type=\"widget\" data-e-type=\"widget\" data-widget_type=\"text-editor.default\">\n\t\t\t\t<div class=\"elementor-widget-container\">\n\t\t\t\t\t\t\t\t\t<p>Nous sommes convaincus que l\u2019approche \u00ab\u00a0int\u00e9rieur &#8211; ext\u00e9rieur\u00a0\u00bb est la bonne pour rester comp\u00e9titif sur le long terme. On constate souvent que les machines de production les meilleures et les plus performantes viennent du fabricant qui a pr\u00e9c\u00e9demment produit lui aussi ces m\u00eames pi\u00e8ces et continue de le faire. Nous allons m\u00eame plus loin et nous affirmons qu\u2019il n\u2019a jamais \u00e9t\u00e9 aussi facile, justement dans le contexte actuel, de faire construire une machine adapt\u00e9e sp\u00e9cifiquement \u00e0 ses besoins.<\/p>\n<p>Donc\u00a0: Pourquoi ne pas commencer au centre avec UNILUBE et se diriger ensemble vers la p\u00e9riph\u00e9rie\u00a0? Nous vous soutenons volontiers\u00a0!<\/p>\n\t\t\t\t\t\t\t\t<\/div>\n\t\t\t\t<\/div>\n\t\t\t\t\t<\/div>\n\t\t<\/div>\n\t\t\t\t\t<\/div>\n\t\t<\/section>\n\t\t\t\t<\/div>\n\t\t","protected":false},"excerpt":{"rendered":"<p>Savoir-faire Syst\u00e8mes de lubrification minimale Syst\u00e8mes de lubrification minimale Un succ\u00e8s commercial sur le long terme\u00a0: Avec l\u2019approche \u00ab\u00a0int\u00e9rieur &#8211; ext\u00e9rieur\u00a0\u00bb Pour pouvoir durer dans un contexte de march\u00e9 toujours plus difficile, il est important d\u2019optimiser sa production. Mais comment\u00a0? Souvent, les processus d\u2019usinage sont contraints d\u00e8s le d\u00e9part par le choix de la machine-outil. [&hellip;]<\/p>\n","protected":false},"author":4,"featured_media":0,"parent":1926,"menu_order":0,"comment_status":"closed","ping_status":"closed","template":"","meta":{"_acf_changed":false,"footnotes":""},"class_list":["post-1939","page","type-page","status-publish","hentry"],"acf":[],"yoast_head":"<!-- This site is optimized with the Yoast SEO Premium plugin v27.1 (Yoast SEO v27.1.1) - https:\/\/yoast.com\/product\/yoast-seo-premium-wordpress\/ -->\n<title>Savoir-faire UNILUBE | Focus sur l\u2019enl\u00e8vement de copeaux<\/title>\n<meta name=\"description\" content=\"Plus de r\u00e9ussite avec l\u2019approche \u00ab\u00a0int\u00e9rieur - ext\u00e9rieur\u00a0\u00bb. Elle d\u00e9finit l\u2019usinage en partant de l\u2019int\u00e9rieur et en allant vers l\u2019ext\u00e9rieur et permet de se focaliser sur les param\u00e8tres vraiment importants du processus.\" \/>\n<meta name=\"robots\" content=\"index, follow, max-snippet:-1, max-image-preview:large, max-video-preview:-1\" \/>\n<link rel=\"canonical\" href=\"https:\/\/unilube.ch\/fr\/systemes-de-lubrification-minimale\/focus-sur-lenlevement-de-copeaux\/\" \/>\n<meta property=\"og:locale\" content=\"fr_FR\" \/>\n<meta property=\"og:type\" content=\"article\" \/>\n<meta property=\"og:title\" content=\"Focus sur l\u2019enl\u00e8vement de copeaux\" \/>\n<meta property=\"og:description\" content=\"Plus de r\u00e9ussite avec l\u2019approche \u00ab\u00a0int\u00e9rieur - ext\u00e9rieur\u00a0\u00bb. Elle d\u00e9finit l\u2019usinage en partant de l\u2019int\u00e9rieur et en allant vers l\u2019ext\u00e9rieur et permet de se focaliser sur les param\u00e8tres vraiment importants du processus.\" \/>\n<meta property=\"og:url\" content=\"https:\/\/unilube.ch\/fr\/systemes-de-lubrification-minimale\/focus-sur-lenlevement-de-copeaux\/\" \/>\n<meta property=\"og:site_name\" content=\"UNILUBE | Quasi-Trockenbearbeitung\" \/>\n<meta property=\"article:modified_time\" content=\"2021-03-23T08:32:40+00:00\" \/>\n<meta property=\"og:image\" content=\"https:\/\/unilube.ch\/wp-content\/uploads\/2020\/11\/Inside-Out-2048x308-1.jpg\" \/>\n<meta name=\"twitter:card\" content=\"summary_large_image\" \/>\n<meta name=\"twitter:label1\" content=\"Dur\u00e9e de lecture estim\u00e9e\" \/>\n\t<meta name=\"twitter:data1\" content=\"3 minutes\" \/>\n<script type=\"application\/ld+json\" class=\"yoast-schema-graph\">{\"@context\":\"https:\/\/schema.org\",\"@graph\":[{\"@type\":\"WebPage\",\"@id\":\"https:\/\/unilube.ch\/fr\/systemes-de-lubrification-minimale\/focus-sur-lenlevement-de-copeaux\/\",\"url\":\"https:\/\/unilube.ch\/fr\/systemes-de-lubrification-minimale\/focus-sur-lenlevement-de-copeaux\/\",\"name\":\"Savoir-faire UNILUBE | Focus sur l\u2019enl\u00e8vement de copeaux\",\"isPartOf\":{\"@id\":\"https:\/\/unilube.ch\/#website\"},\"primaryImageOfPage\":{\"@id\":\"https:\/\/unilube.ch\/fr\/systemes-de-lubrification-minimale\/focus-sur-lenlevement-de-copeaux\/#primaryimage\"},\"image\":{\"@id\":\"https:\/\/unilube.ch\/fr\/systemes-de-lubrification-minimale\/focus-sur-lenlevement-de-copeaux\/#primaryimage\"},\"thumbnailUrl\":\"https:\/\/unilube.ch\/wp-content\/uploads\/2020\/11\/Inside-Out-2048x308-1.jpg\",\"datePublished\":\"2021-03-23T08:00:14+00:00\",\"dateModified\":\"2021-03-23T08:32:40+00:00\",\"description\":\"Plus de r\u00e9ussite avec l\u2019approche \u00ab\u00a0int\u00e9rieur - ext\u00e9rieur\u00a0\u00bb. Elle d\u00e9finit l\u2019usinage en partant de l\u2019int\u00e9rieur et en allant vers l\u2019ext\u00e9rieur et permet de se focaliser sur les param\u00e8tres vraiment importants du processus.\",\"breadcrumb\":{\"@id\":\"https:\/\/unilube.ch\/fr\/systemes-de-lubrification-minimale\/focus-sur-lenlevement-de-copeaux\/#breadcrumb\"},\"inLanguage\":\"fr-FR\",\"potentialAction\":[{\"@type\":\"ReadAction\",\"target\":[\"https:\/\/unilube.ch\/fr\/systemes-de-lubrification-minimale\/focus-sur-lenlevement-de-copeaux\/\"]}]},{\"@type\":\"ImageObject\",\"inLanguage\":\"fr-FR\",\"@id\":\"https:\/\/unilube.ch\/fr\/systemes-de-lubrification-minimale\/focus-sur-lenlevement-de-copeaux\/#primaryimage\",\"url\":\"https:\/\/unilube.ch\/wp-content\/uploads\/2020\/11\/Inside-Out-2048x308-1.jpg\",\"contentUrl\":\"https:\/\/unilube.ch\/wp-content\/uploads\/2020\/11\/Inside-Out-2048x308-1.jpg\"},{\"@type\":\"BreadcrumbList\",\"@id\":\"https:\/\/unilube.ch\/fr\/systemes-de-lubrification-minimale\/focus-sur-lenlevement-de-copeaux\/#breadcrumb\",\"itemListElement\":[{\"@type\":\"ListItem\",\"position\":1,\"name\":\"Startseite\",\"item\":\"https:\/\/unilube.ch\/fr\/\"},{\"@type\":\"ListItem\",\"position\":2,\"name\":\"Syst\u00e8mes de lubrification minimale\",\"item\":\"https:\/\/unilube.ch\/fr\/systemes-de-lubrification-minimale\/\"},{\"@type\":\"ListItem\",\"position\":3,\"name\":\"Focus sur l\u2019enl\u00e8vement de copeaux\"}]},{\"@type\":\"WebSite\",\"@id\":\"https:\/\/unilube.ch\/#website\",\"url\":\"https:\/\/unilube.ch\/\",\"name\":\"UNILUBE | Quasi-Trockenbearbeitung\",\"description\":\"Top of Cleantech\",\"potentialAction\":[{\"@type\":\"SearchAction\",\"target\":{\"@type\":\"EntryPoint\",\"urlTemplate\":\"https:\/\/unilube.ch\/?s={search_term_string}\"},\"query-input\":{\"@type\":\"PropertyValueSpecification\",\"valueRequired\":true,\"valueName\":\"search_term_string\"}}],\"inLanguage\":\"fr-FR\"}]}<\/script>\n<!-- \/ Yoast SEO Premium plugin. -->","yoast_head_json":{"title":"Savoir-faire UNILUBE | Focus sur l\u2019enl\u00e8vement de copeaux","description":"Plus de r\u00e9ussite avec l\u2019approche \u00ab\u00a0int\u00e9rieur - ext\u00e9rieur\u00a0\u00bb. Elle d\u00e9finit l\u2019usinage en partant de l\u2019int\u00e9rieur et en allant vers l\u2019ext\u00e9rieur et permet de se focaliser sur les param\u00e8tres vraiment importants du processus.","robots":{"index":"index","follow":"follow","max-snippet":"max-snippet:-1","max-image-preview":"max-image-preview:large","max-video-preview":"max-video-preview:-1"},"canonical":"https:\/\/unilube.ch\/fr\/systemes-de-lubrification-minimale\/focus-sur-lenlevement-de-copeaux\/","og_locale":"fr_FR","og_type":"article","og_title":"Focus sur l\u2019enl\u00e8vement de copeaux","og_description":"Plus de r\u00e9ussite avec l\u2019approche \u00ab\u00a0int\u00e9rieur - ext\u00e9rieur\u00a0\u00bb. Elle d\u00e9finit l\u2019usinage en partant de l\u2019int\u00e9rieur et en allant vers l\u2019ext\u00e9rieur et permet de se focaliser sur les param\u00e8tres vraiment importants du processus.","og_url":"https:\/\/unilube.ch\/fr\/systemes-de-lubrification-minimale\/focus-sur-lenlevement-de-copeaux\/","og_site_name":"UNILUBE | Quasi-Trockenbearbeitung","article_modified_time":"2021-03-23T08:32:40+00:00","og_image":[{"url":"https:\/\/unilube.ch\/wp-content\/uploads\/2020\/11\/Inside-Out-2048x308-1.jpg","type":"","width":"","height":""}],"twitter_card":"summary_large_image","twitter_misc":{"Dur\u00e9e de lecture estim\u00e9e":"3 minutes"},"schema":{"@context":"https:\/\/schema.org","@graph":[{"@type":"WebPage","@id":"https:\/\/unilube.ch\/fr\/systemes-de-lubrification-minimale\/focus-sur-lenlevement-de-copeaux\/","url":"https:\/\/unilube.ch\/fr\/systemes-de-lubrification-minimale\/focus-sur-lenlevement-de-copeaux\/","name":"Savoir-faire UNILUBE | Focus sur l\u2019enl\u00e8vement de copeaux","isPartOf":{"@id":"https:\/\/unilube.ch\/#website"},"primaryImageOfPage":{"@id":"https:\/\/unilube.ch\/fr\/systemes-de-lubrification-minimale\/focus-sur-lenlevement-de-copeaux\/#primaryimage"},"image":{"@id":"https:\/\/unilube.ch\/fr\/systemes-de-lubrification-minimale\/focus-sur-lenlevement-de-copeaux\/#primaryimage"},"thumbnailUrl":"https:\/\/unilube.ch\/wp-content\/uploads\/2020\/11\/Inside-Out-2048x308-1.jpg","datePublished":"2021-03-23T08:00:14+00:00","dateModified":"2021-03-23T08:32:40+00:00","description":"Plus de r\u00e9ussite avec l\u2019approche \u00ab\u00a0int\u00e9rieur - ext\u00e9rieur\u00a0\u00bb. Elle d\u00e9finit l\u2019usinage en partant de l\u2019int\u00e9rieur et en allant vers l\u2019ext\u00e9rieur et permet de se focaliser sur les param\u00e8tres vraiment importants du processus.","breadcrumb":{"@id":"https:\/\/unilube.ch\/fr\/systemes-de-lubrification-minimale\/focus-sur-lenlevement-de-copeaux\/#breadcrumb"},"inLanguage":"fr-FR","potentialAction":[{"@type":"ReadAction","target":["https:\/\/unilube.ch\/fr\/systemes-de-lubrification-minimale\/focus-sur-lenlevement-de-copeaux\/"]}]},{"@type":"ImageObject","inLanguage":"fr-FR","@id":"https:\/\/unilube.ch\/fr\/systemes-de-lubrification-minimale\/focus-sur-lenlevement-de-copeaux\/#primaryimage","url":"https:\/\/unilube.ch\/wp-content\/uploads\/2020\/11\/Inside-Out-2048x308-1.jpg","contentUrl":"https:\/\/unilube.ch\/wp-content\/uploads\/2020\/11\/Inside-Out-2048x308-1.jpg"},{"@type":"BreadcrumbList","@id":"https:\/\/unilube.ch\/fr\/systemes-de-lubrification-minimale\/focus-sur-lenlevement-de-copeaux\/#breadcrumb","itemListElement":[{"@type":"ListItem","position":1,"name":"Startseite","item":"https:\/\/unilube.ch\/fr\/"},{"@type":"ListItem","position":2,"name":"Syst\u00e8mes de lubrification minimale","item":"https:\/\/unilube.ch\/fr\/systemes-de-lubrification-minimale\/"},{"@type":"ListItem","position":3,"name":"Focus sur l\u2019enl\u00e8vement de copeaux"}]},{"@type":"WebSite","@id":"https:\/\/unilube.ch\/#website","url":"https:\/\/unilube.ch\/","name":"UNILUBE | Quasi-Trockenbearbeitung","description":"Top of Cleantech","potentialAction":[{"@type":"SearchAction","target":{"@type":"EntryPoint","urlTemplate":"https:\/\/unilube.ch\/?s={search_term_string}"},"query-input":{"@type":"PropertyValueSpecification","valueRequired":true,"valueName":"search_term_string"}}],"inLanguage":"fr-FR"}]}},"_links":{"self":[{"href":"https:\/\/unilube.ch\/fr\/wp-json\/wp\/v2\/pages\/1939","targetHints":{"allow":["GET"]}}],"collection":[{"href":"https:\/\/unilube.ch\/fr\/wp-json\/wp\/v2\/pages"}],"about":[{"href":"https:\/\/unilube.ch\/fr\/wp-json\/wp\/v2\/types\/page"}],"author":[{"embeddable":true,"href":"https:\/\/unilube.ch\/fr\/wp-json\/wp\/v2\/users\/4"}],"replies":[{"embeddable":true,"href":"https:\/\/unilube.ch\/fr\/wp-json\/wp\/v2\/comments?post=1939"}],"version-history":[{"count":3,"href":"https:\/\/unilube.ch\/fr\/wp-json\/wp\/v2\/pages\/1939\/revisions"}],"predecessor-version":[{"id":2052,"href":"https:\/\/unilube.ch\/fr\/wp-json\/wp\/v2\/pages\/1939\/revisions\/2052"}],"up":[{"embeddable":true,"href":"https:\/\/unilube.ch\/fr\/wp-json\/wp\/v2\/pages\/1926"}],"wp:attachment":[{"href":"https:\/\/unilube.ch\/fr\/wp-json\/wp\/v2\/media?parent=1939"}],"curies":[{"name":"wp","href":"https:\/\/api.w.org\/{rel}","templated":true}]}}