{"id":1946,"date":"2021-03-23T09:00:25","date_gmt":"2021-03-23T08:00:25","guid":{"rendered":"https:\/\/unilube.ch\/lubrifiants-haute-performance\/"},"modified":"2024-12-10T11:22:23","modified_gmt":"2024-12-10T10:22:23","slug":"lubrifiants-haute-performance","status":"publish","type":"page","link":"https:\/\/unilube.ch\/fr\/lubrifiants-haute-performance\/","title":{"rendered":"Lubrifiants haute performance"},"content":{"rendered":"\t\t<div data-elementor-type=\"wp-page\" data-elementor-id=\"1946\" class=\"elementor elementor-1946 elementor-846\" data-elementor-post-type=\"page\">\n\t\t\t\t\t\t<section class=\"elementor-section elementor-top-section elementor-element elementor-element-15ff730c elementor-section-boxed elementor-section-height-default elementor-section-height-default\" data-id=\"15ff730c\" data-element_type=\"section\" data-e-type=\"section\">\n\t\t\t\t\t\t<div class=\"elementor-container elementor-column-gap-default\">\n\t\t\t\t\t<div class=\"elementor-column elementor-col-100 elementor-top-column elementor-element elementor-element-7dee3779\" data-id=\"7dee3779\" data-element_type=\"column\" data-e-type=\"column\">\n\t\t\t<div class=\"elementor-widget-wrap elementor-element-populated\">\n\t\t\t\t\t\t<div class=\"elementor-element elementor-element-639c8b9 elementor-icon-list--layout-inline elementor-align-start breadcrumbs elementor-list-item-link-full_width elementor-widget elementor-widget-icon-list\" data-id=\"639c8b9\" data-element_type=\"widget\" data-e-type=\"widget\" data-widget_type=\"icon-list.default\">\n\t\t\t\t<div class=\"elementor-widget-container\">\n\t\t\t\t\t\t\t<ul class=\"elementor-icon-list-items elementor-inline-items\">\n\t\t\t\t\t\t\t<li class=\"elementor-icon-list-item elementor-inline-item\">\n\t\t\t\t\t\t\t\t\t\t\t<a href=\"https:\/\/unilube.ch\/fr\/\">\n\n\t\t\t\t\t\t\t\t\t\t\t\t<span class=\"elementor-icon-list-icon\">\n\t\t\t\t\t\t\t<i aria-hidden=\"true\" class=\"fas fa-home\"><\/i>\t\t\t\t\t\t<\/span>\n\t\t\t\t\t\t\t\t\t\t<span class=\"elementor-icon-list-text\"><\/span>\n\t\t\t\t\t\t\t\t\t\t\t<\/a>\n\t\t\t\t\t\t\t\t\t<\/li>\n\t\t\t\t\t\t\t\t<li class=\"elementor-icon-list-item elementor-inline-item\">\n\t\t\t\t\t\t\t\t\t\t\t<a href=\"https:\/\/unilube.ch\/fr\/lubrifiants-haute-performance\/\">\n\n\t\t\t\t\t\t\t\t\t\t\t\t<span class=\"elementor-icon-list-icon\">\n\t\t\t\t\t\t\t<i aria-hidden=\"true\" class=\"fas fa-circle\"><\/i>\t\t\t\t\t\t<\/span>\n\t\t\t\t\t\t\t\t\t\t<span class=\"elementor-icon-list-text\">Savoir-faire<\/span>\n\t\t\t\t\t\t\t\t\t\t\t<\/a>\n\t\t\t\t\t\t\t\t\t<\/li>\n\t\t\t\t\t\t\t\t<li class=\"elementor-icon-list-item elementor-inline-item\">\n\t\t\t\t\t\t\t\t\t\t\t<span class=\"elementor-icon-list-icon\">\n\t\t\t\t\t\t\t<i aria-hidden=\"true\" class=\"fas fa-circle\"><\/i>\t\t\t\t\t\t<\/span>\n\t\t\t\t\t\t\t\t\t\t<span class=\"elementor-icon-list-text\">Lubrifiants haute performance<\/span>\n\t\t\t\t\t\t\t\t\t<\/li>\n\t\t\t\t\t\t<\/ul>\n\t\t\t\t\t\t<\/div>\n\t\t\t\t<\/div>\n\t\t\t\t\t<\/div>\n\t\t<\/div>\n\t\t\t\t\t<\/div>\n\t\t<\/section>\n\t\t\t\t<section class=\"elementor-section elementor-top-section elementor-element elementor-element-9478f9b elementor-section-height-min-height elementor-section-items-bottom elementor-section-boxed elementor-section-height-default\" data-id=\"9478f9b\" data-element_type=\"section\" data-e-type=\"section\" data-settings=\"{&quot;background_background&quot;:&quot;classic&quot;}\">\n\t\t\t\t\t\t<div class=\"elementor-container elementor-column-gap-default\">\n\t\t\t\t\t<div class=\"elementor-column elementor-col-50 elementor-top-column elementor-element elementor-element-9fd6747\" data-id=\"9fd6747\" data-element_type=\"column\" data-e-type=\"column\">\n\t\t\t<div class=\"elementor-widget-wrap elementor-element-populated\">\n\t\t\t\t\t\t<div class=\"elementor-element elementor-element-fdd4e5b table_display heading_yellow elementor-widget elementor-widget-heading\" data-id=\"fdd4e5b\" data-element_type=\"widget\" data-e-type=\"widget\" data-widget_type=\"heading.default\">\n\t\t\t\t<div class=\"elementor-widget-container\">\n\t\t\t\t\t<h2 class=\"elementor-heading-title elementor-size-default\">Lubrifiants haute performance<\/h2>\t\t\t\t<\/div>\n\t\t\t\t<\/div>\n\t\t\t\t\t<\/div>\n\t\t<\/div>\n\t\t\t\t<div class=\"elementor-column elementor-col-50 elementor-top-column elementor-element elementor-element-cb69755\" data-id=\"cb69755\" data-element_type=\"column\" data-e-type=\"column\">\n\t\t\t<div class=\"elementor-widget-wrap\">\n\t\t\t\t\t\t\t<\/div>\n\t\t<\/div>\n\t\t\t\t\t<\/div>\n\t\t<\/section>\n\t\t\t\t<section class=\"elementor-section elementor-top-section elementor-element elementor-element-d417f70 elementor-section-boxed elementor-section-height-default elementor-section-height-default\" data-id=\"d417f70\" data-element_type=\"section\" data-e-type=\"section\">\n\t\t\t\t\t\t<div class=\"elementor-container elementor-column-gap-default\">\n\t\t\t\t\t<div class=\"elementor-column elementor-col-100 elementor-top-column elementor-element elementor-element-765d2d2\" data-id=\"765d2d2\" data-element_type=\"column\" data-e-type=\"column\">\n\t\t\t<div class=\"elementor-widget-wrap elementor-element-populated\">\n\t\t\t\t\t\t<div class=\"elementor-element elementor-element-28e15e7 elementor-widget elementor-widget-heading\" data-id=\"28e15e7\" data-element_type=\"widget\" data-e-type=\"widget\" data-widget_type=\"heading.default\">\n\t\t\t\t<div class=\"elementor-widget-container\">\n\t\t\t\t\t<h3 class=\"elementor-heading-title elementor-size-default\">Une tr\u00e8s bonne performance sans r\u00e9sidu et sans tache\u00a0: Nos lubrifiants haute performance uniques, biod\u00e9gradables et universels sont dot\u00e9s d\u2019excellentes propri\u00e9t\u00e9s.<\/h3>\t\t\t\t<\/div>\n\t\t\t\t<\/div>\n\t\t\t\t<div class=\"elementor-element elementor-element-97393df elementor-widget elementor-widget-heading\" data-id=\"97393df\" data-element_type=\"widget\" data-e-type=\"widget\" data-widget_type=\"heading.default\">\n\t\t\t\t<div class=\"elementor-widget-container\">\n\t\t\t\t\t<h3 class=\"elementor-heading-title elementor-size-default\">Une puissance d\u2019usinage respectueuse de l\u2019environnement\n<\/h3>\t\t\t\t<\/div>\n\t\t\t\t<\/div>\n\t\t\t\t<div class=\"elementor-element elementor-element-e6d222f elementor-widget elementor-widget-text-editor\" data-id=\"e6d222f\" data-element_type=\"widget\" data-e-type=\"widget\" data-widget_type=\"text-editor.default\">\n\t\t\t\t<div class=\"elementor-widget-container\">\n\t\t\t\t\t\t\t\t\t<p>Hautement efficace et toujours \u00e0 la pointe du progr\u00e8s\u00a0: Les\u00a0<a href=\"https:\/\/unilube.ch\/fr\/products_category\/lubrifiants\/\">lubrifiants haute performance<\/a>\u00a0d\u2019UNILUBE sont en perp\u00e9tuelle \u00e9volution et suivent un processus d\u2019am\u00e9lioration continue. En outre, il est particuli\u00e8rement important pour nous de choisir parmi les innombrables mati\u00e8res premi\u00e8res seulement celles qui respectent l\u2019environnement et qui ne nuisent pas \u00e0 la sant\u00e9. Ainsi, la formulation du m\u00e9lange des microlubrifiants performants d\u2019UNILUBE est toujours le r\u00e9sultat d\u2019une s\u00e9rie d\u2019essais longs et minutieux. Car seuls des composants d\u2019une grande puret\u00e9 et des mati\u00e8res premi\u00e8res d\u2019excellente qualit\u00e9 garantissent une qualit\u00e9 constante et irr\u00e9prochable.<\/p>\t\t\t\t\t\t\t\t<\/div>\n\t\t\t\t<\/div>\n\t\t\t\t<div class=\"elementor-element elementor-element-c3584ec elementor-widget elementor-widget-heading\" data-id=\"c3584ec\" data-element_type=\"widget\" data-e-type=\"widget\" data-widget_type=\"heading.default\">\n\t\t\t\t<div class=\"elementor-widget-container\">\n\t\t\t\t\t<h3 class=\"elementor-heading-title elementor-size-default\">Le polyvalent\n<\/h3>\t\t\t\t<\/div>\n\t\t\t\t<\/div>\n\t\t\t\t<div class=\"elementor-element elementor-element-f5188ed elementor-widget elementor-widget-text-editor\" data-id=\"f5188ed\" data-element_type=\"widget\" data-e-type=\"widget\" data-widget_type=\"text-editor.default\">\n\t\t\t\t<div class=\"elementor-widget-container\">\n\t\t\t\t\t\t\t\t\t<p>UNILUBE 2032 est compos\u00e9 d\u2019\u00e9l\u00e9ments naturels. Il nous semble \u00e9vident de proposer des lubrifiants facilement biod\u00e9gradables et n\u2019ayant pas d\u2019impact n\u00e9gatif sur l\u2019environnement. Il est ainsi possible d\u2019usiner des pi\u00e8ces \u00e0 sec, en aspirant les copeaux et avec une tr\u00e8s bonne qualit\u00e9 de surface, qu\u2019il s\u2019agisse de mati\u00e8res plastiques, d\u2019alliages d\u2019acier ou de compos\u00e9s en titane.<\/p>\n\t\t\t\t\t\t\t\t<\/div>\n\t\t\t\t<\/div>\n\t\t\t\t<div class=\"elementor-element elementor-element-5598182 elementor-widget elementor-widget-image\" data-id=\"5598182\" data-element_type=\"widget\" data-e-type=\"widget\" data-widget_type=\"image.default\">\n\t\t\t\t<div class=\"elementor-widget-container\">\n\t\t\t\t\t\t\t\t\t\t\t\t\t\t\t<img decoding=\"async\" src=\"https:\/\/unilube.ch\/wp-content\/uploads\/2020\/11\/Unilube-2032-Kanister-300x173-1.jpg\" title=\"\" alt=\"\" loading=\"lazy\" \/>\t\t\t\t\t\t\t\t\t\t\t\t\t\t\t<\/div>\n\t\t\t\t<\/div>\n\t\t\t\t<div class=\"elementor-element elementor-element-50d2f31 elementor-widget elementor-widget-heading\" data-id=\"50d2f31\" data-element_type=\"widget\" data-e-type=\"widget\" data-widget_type=\"heading.default\">\n\t\t\t\t<div class=\"elementor-widget-container\">\n\t\t\t\t\t<h3 class=\"elementor-heading-title elementor-size-default\">Sans tache et sans r\u00e9sidu\n<\/h3>\t\t\t\t<\/div>\n\t\t\t\t<\/div>\n\t\t\t\t<div class=\"elementor-element elementor-element-e536159 elementor-widget elementor-widget-text-editor\" data-id=\"e536159\" data-element_type=\"widget\" data-e-type=\"widget\" data-widget_type=\"text-editor.default\">\n\t\t\t\t<div class=\"elementor-widget-container\">\n\t\t\t\t\t\t\t\t\t<p>UNILUBE 9107 a \u00e9t\u00e9 initialement con\u00e7u pour r\u00e9pondre aux demandes des industriels de l\u2019aluminium. La base d\u2019un lubrifiant sans tache et sans r\u00e9sidu est constitu\u00e9e de composants synth\u00e9tiques qui sont \u00e9galement pr\u00e9sents dans les produits cosm\u00e9tiques \u2013 sans constituant d&rsquo;origine animale et d\u2019une puret\u00e9 pharmaceutique. Les validations clients dans le domaine de la technique m\u00e9dicale nous permettent ainsi de travailler \u00e9galement des composants hautement sensibles. De plus, gr\u00e2ce \u00e0 ses propri\u00e9t\u00e9s lubrifiantes, UNILUBE 9107 \u00e9vite la formation d\u2019ar\u00eates rapport\u00e9es.<\/p>\n\t\t\t\t\t\t\t\t<\/div>\n\t\t\t\t<\/div>\n\t\t\t\t<div class=\"elementor-element elementor-element-d6b7f81 elementor-widget elementor-widget-heading\" data-id=\"d6b7f81\" data-element_type=\"widget\" data-e-type=\"widget\" data-widget_type=\"heading.default\">\n\t\t\t\t<div class=\"elementor-widget-container\">\n\t\t\t\t\t<h3 class=\"elementor-heading-title elementor-size-default\">Adapt\u00e9 finement\n<\/h3>\t\t\t\t<\/div>\n\t\t\t\t<\/div>\n\t\t\t\t<div class=\"elementor-element elementor-element-dd680da elementor-widget elementor-widget-text-editor\" data-id=\"dd680da\" data-element_type=\"widget\" data-e-type=\"widget\" data-widget_type=\"text-editor.default\">\n\t\t\t\t<div class=\"elementor-widget-container\">\n\t\t\t\t\t\t\t\t\t<p>UNILUBE propose des produits de haute qualit\u00e9 pour une lubrification de consommation efficace. Comme la zone d\u2019usinage ne doit \u00eatre que l\u00e9g\u00e8rement lubrifi\u00e9e, la technologie est assez rapidement amortie. La viscosit\u00e9 est parfaitement adapt\u00e9e \u00e0 la technologie des buses UNILUBE et assure le d\u00e9p\u00f4t d\u2019une pellicule microlubrifiante extr\u00eamement fine.<br \/>Le concept d\u2019usinage quasi-sec permet ainsi d\u2019avoir une tr\u00e8s bonne qualit\u00e9 de surface ainsi que des pi\u00e8ces s\u00e8ches et des espaces de travail secs. Les copeaux ne s\u2019agglutinent pas et peuvent \u00eatre recycl\u00e9s plus facilement.<br \/>Nous voudrions proposer encore plus de performance \u00e0 nos clients. C\u2019est pourquoi nous continuons de chercher de nouvelles mati\u00e8res premi\u00e8res alternatives pour les lubrifiants haute performance UNILUBE.<\/p>\n\t\t\t\t\t\t\t\t<\/div>\n\t\t\t\t<\/div>\n\t\t\t\t<div class=\"elementor-element elementor-element-ca5b8a0 elementor-widget elementor-widget-text-editor\" data-id=\"ca5b8a0\" data-element_type=\"widget\" data-e-type=\"widget\" data-widget_type=\"text-editor.default\">\n\t\t\t\t<div class=\"elementor-widget-container\">\n\t\t\t\t\t\t\t\t\t<p>Acc\u00e9der aux produits\u00a0:\u00a0<a href=\"https:\/\/unilube.ch\/fr\/products_category\/lubrifiants\/\">Lubrifiants haute performance<\/a><\/p>\t\t\t\t\t\t\t\t<\/div>\n\t\t\t\t<\/div>\n\t\t\t\t<div class=\"elementor-element elementor-element-ef1f471 elementor-widget elementor-widget-text-editor\" data-id=\"ef1f471\" data-element_type=\"widget\" data-e-type=\"widget\" data-widget_type=\"text-editor.default\">\n\t\t\t\t<div class=\"elementor-widget-container\">\n\t\t\t\t\t\t\t\t\t<p><span style=\"text-decoration: underline;\">Explication de biod\u00e9gradable&nbsp;:<\/span><br>Les tests OCDE 301 A \u00e0 F et 310 d\u00e9montrent une biod\u00e9gradation rapide et compl\u00e8te en conditions a\u00e9robies.<br>Si plus de 60 % sont d\u00e9grad\u00e9s en 28 jours dans les conditions de test, la substance peut \u00eatre class\u00e9e comme facilement biod\u00e9gradable.<br>Les lubrifiants d&rsquo;Unilube SA pr\u00e9sentent les valeurs de test ou de litt\u00e9rature suivantes pour les diff\u00e9rents ingr\u00e9dients&nbsp;:<br>Test OCDE 301F, facilement biod\u00e9gradable, 86%, 28 jours<br>Test OCDE 301D, facilement biod\u00e9gradable, 86%, 28 jours<br>Test OCDE 301B, facilement biod\u00e9gradable, &gt;60%, 28 jours<br>Test OCDE 310, facilement biod\u00e9gradable, &gt;60%, 28 jours<\/p>\t\t\t\t\t\t\t\t<\/div>\n\t\t\t\t<\/div>\n\t\t\t\t\t<\/div>\n\t\t<\/div>\n\t\t\t\t\t<\/div>\n\t\t<\/section>\n\t\t\t\t<\/div>\n\t\t","protected":false},"excerpt":{"rendered":"<p>Savoir-faire Une tr\u00e8s bonne performance sans r\u00e9sidu et sans tache\u00a0: Nos lubrifiants haute performance uniques, biod\u00e9gradables et universels sont dot\u00e9s d\u2019excellentes propri\u00e9t\u00e9s. Une puissance d\u2019usinage respectueuse de l\u2019environnement Hautement efficace et toujours \u00e0 la pointe du progr\u00e8s\u00a0: Les\u00a0lubrifiants haute performance\u00a0d\u2019UNILUBE sont en perp\u00e9tuelle \u00e9volution et suivent un processus d\u2019am\u00e9lioration continue. En outre, il est particuli\u00e8rement [&hellip;]<\/p>\n","protected":false},"author":4,"featured_media":0,"parent":0,"menu_order":0,"comment_status":"closed","ping_status":"closed","template":"","meta":{"_acf_changed":false,"footnotes":""},"class_list":["post-1946","page","type-page","status-publish","hentry"],"acf":[],"yoast_head":"<!-- This site is optimized with the Yoast SEO Premium plugin v27.4 (Yoast SEO v27.4) - https:\/\/yoast.com\/product\/yoast-seo-premium-wordpress\/ -->\n<title>Savoir-faire UNILUBE | Lubrifiants haute performance | R\u00e9sum\u00e9<\/title>\n<meta name=\"description\" content=\"Les lubrifiants haute performance d\u2019UNILUBE sont universels, performants et facilement biod\u00e9gradables.\" \/>\n<meta name=\"robots\" content=\"index, follow, max-snippet:-1, max-image-preview:large, max-video-preview:-1\" \/>\n<link rel=\"canonical\" href=\"https:\/\/unilube.ch\/it\/lubrificanti-ad-alte-prestazioni\/\" \/>\n<meta property=\"og:locale\" content=\"fr_FR\" \/>\n<meta property=\"og:type\" content=\"article\" \/>\n<meta property=\"og:title\" content=\"Lubrifiants haute performance\" \/>\n<meta property=\"og:description\" content=\"Les lubrifiants haute performance d\u2019UNILUBE sont universels, performants et facilement biod\u00e9gradables.\" \/>\n<meta property=\"og:url\" content=\"https:\/\/unilube.ch\/it\/lubrificanti-ad-alte-prestazioni\/\" \/>\n<meta property=\"og:site_name\" content=\"UNILUBE | Quasi-Trockenbearbeitung\" \/>\n<meta property=\"article:modified_time\" content=\"2024-12-10T10:22:23+00:00\" \/>\n<meta property=\"og:image\" content=\"https:\/\/unilube.ch\/wp-content\/uploads\/2020\/11\/Unilube-2032-Kanister-300x173-1.jpg\" \/>\n<meta name=\"twitter:card\" content=\"summary_large_image\" \/>\n<meta name=\"twitter:label1\" content=\"Dur\u00e9e de lecture estim\u00e9e\" \/>\n\t<meta name=\"twitter:data1\" content=\"3 minutes\" \/>\n<script type=\"application\/ld+json\" class=\"yoast-schema-graph\">{\"@context\":\"https:\\\/\\\/schema.org\",\"@graph\":[{\"@type\":\"WebPage\",\"@id\":\"https:\\\/\\\/unilube.ch\\\/it\\\/lubrificanti-ad-alte-prestazioni\\\/\",\"url\":\"https:\\\/\\\/unilube.ch\\\/it\\\/lubrificanti-ad-alte-prestazioni\\\/\",\"name\":\"Savoir-faire UNILUBE | Lubrifiants haute performance | R\u00e9sum\u00e9\",\"isPartOf\":{\"@id\":\"https:\\\/\\\/unilube.ch\\\/#website\"},\"primaryImageOfPage\":{\"@id\":\"https:\\\/\\\/unilube.ch\\\/it\\\/lubrificanti-ad-alte-prestazioni\\\/#primaryimage\"},\"image\":{\"@id\":\"https:\\\/\\\/unilube.ch\\\/it\\\/lubrificanti-ad-alte-prestazioni\\\/#primaryimage\"},\"thumbnailUrl\":\"https:\\\/\\\/unilube.ch\\\/wp-content\\\/uploads\\\/2020\\\/11\\\/Unilube-2032-Kanister-300x173-1.jpg\",\"datePublished\":\"2021-03-23T08:00:25+00:00\",\"dateModified\":\"2024-12-10T10:22:23+00:00\",\"description\":\"Les lubrifiants haute performance d\u2019UNILUBE sont universels, performants et facilement biod\u00e9gradables.\",\"breadcrumb\":{\"@id\":\"https:\\\/\\\/unilube.ch\\\/it\\\/lubrificanti-ad-alte-prestazioni\\\/#breadcrumb\"},\"inLanguage\":\"fr-FR\",\"potentialAction\":[{\"@type\":\"ReadAction\",\"target\":[\"https:\\\/\\\/unilube.ch\\\/it\\\/lubrificanti-ad-alte-prestazioni\\\/\"]}]},{\"@type\":\"ImageObject\",\"inLanguage\":\"fr-FR\",\"@id\":\"https:\\\/\\\/unilube.ch\\\/it\\\/lubrificanti-ad-alte-prestazioni\\\/#primaryimage\",\"url\":\"https:\\\/\\\/unilube.ch\\\/wp-content\\\/uploads\\\/2020\\\/11\\\/Unilube-2032-Kanister-300x173-1.jpg\",\"contentUrl\":\"https:\\\/\\\/unilube.ch\\\/wp-content\\\/uploads\\\/2020\\\/11\\\/Unilube-2032-Kanister-300x173-1.jpg\"},{\"@type\":\"BreadcrumbList\",\"@id\":\"https:\\\/\\\/unilube.ch\\\/it\\\/lubrificanti-ad-alte-prestazioni\\\/#breadcrumb\",\"itemListElement\":[{\"@type\":\"ListItem\",\"position\":1,\"name\":\"Startseite\",\"item\":\"https:\\\/\\\/unilube.ch\\\/fr\\\/\"},{\"@type\":\"ListItem\",\"position\":2,\"name\":\"Lubrifiants haute performance\"}]},{\"@type\":\"WebSite\",\"@id\":\"https:\\\/\\\/unilube.ch\\\/#website\",\"url\":\"https:\\\/\\\/unilube.ch\\\/\",\"name\":\"UNILUBE | Quasi-Trockenbearbeitung\",\"description\":\"Top of Cleantech\",\"potentialAction\":[{\"@type\":\"SearchAction\",\"target\":{\"@type\":\"EntryPoint\",\"urlTemplate\":\"https:\\\/\\\/unilube.ch\\\/?s={search_term_string}\"},\"query-input\":{\"@type\":\"PropertyValueSpecification\",\"valueRequired\":true,\"valueName\":\"search_term_string\"}}],\"inLanguage\":\"fr-FR\"}]}<\/script>\n<!-- \/ Yoast SEO Premium plugin. -->","yoast_head_json":{"title":"Savoir-faire UNILUBE | Lubrifiants haute performance | R\u00e9sum\u00e9","description":"Les lubrifiants haute performance d\u2019UNILUBE sont universels, performants et facilement biod\u00e9gradables.","robots":{"index":"index","follow":"follow","max-snippet":"max-snippet:-1","max-image-preview":"max-image-preview:large","max-video-preview":"max-video-preview:-1"},"canonical":"https:\/\/unilube.ch\/it\/lubrificanti-ad-alte-prestazioni\/","og_locale":"fr_FR","og_type":"article","og_title":"Lubrifiants haute performance","og_description":"Les lubrifiants haute performance d\u2019UNILUBE sont universels, performants et facilement biod\u00e9gradables.","og_url":"https:\/\/unilube.ch\/it\/lubrificanti-ad-alte-prestazioni\/","og_site_name":"UNILUBE | Quasi-Trockenbearbeitung","article_modified_time":"2024-12-10T10:22:23+00:00","og_image":[{"url":"https:\/\/unilube.ch\/wp-content\/uploads\/2020\/11\/Unilube-2032-Kanister-300x173-1.jpg","type":"","width":"","height":""}],"twitter_card":"summary_large_image","twitter_misc":{"Dur\u00e9e de lecture estim\u00e9e":"3 minutes"},"schema":{"@context":"https:\/\/schema.org","@graph":[{"@type":"WebPage","@id":"https:\/\/unilube.ch\/it\/lubrificanti-ad-alte-prestazioni\/","url":"https:\/\/unilube.ch\/it\/lubrificanti-ad-alte-prestazioni\/","name":"Savoir-faire UNILUBE | Lubrifiants haute performance | R\u00e9sum\u00e9","isPartOf":{"@id":"https:\/\/unilube.ch\/#website"},"primaryImageOfPage":{"@id":"https:\/\/unilube.ch\/it\/lubrificanti-ad-alte-prestazioni\/#primaryimage"},"image":{"@id":"https:\/\/unilube.ch\/it\/lubrificanti-ad-alte-prestazioni\/#primaryimage"},"thumbnailUrl":"https:\/\/unilube.ch\/wp-content\/uploads\/2020\/11\/Unilube-2032-Kanister-300x173-1.jpg","datePublished":"2021-03-23T08:00:25+00:00","dateModified":"2024-12-10T10:22:23+00:00","description":"Les lubrifiants haute performance d\u2019UNILUBE sont universels, performants et facilement biod\u00e9gradables.","breadcrumb":{"@id":"https:\/\/unilube.ch\/it\/lubrificanti-ad-alte-prestazioni\/#breadcrumb"},"inLanguage":"fr-FR","potentialAction":[{"@type":"ReadAction","target":["https:\/\/unilube.ch\/it\/lubrificanti-ad-alte-prestazioni\/"]}]},{"@type":"ImageObject","inLanguage":"fr-FR","@id":"https:\/\/unilube.ch\/it\/lubrificanti-ad-alte-prestazioni\/#primaryimage","url":"https:\/\/unilube.ch\/wp-content\/uploads\/2020\/11\/Unilube-2032-Kanister-300x173-1.jpg","contentUrl":"https:\/\/unilube.ch\/wp-content\/uploads\/2020\/11\/Unilube-2032-Kanister-300x173-1.jpg"},{"@type":"BreadcrumbList","@id":"https:\/\/unilube.ch\/it\/lubrificanti-ad-alte-prestazioni\/#breadcrumb","itemListElement":[{"@type":"ListItem","position":1,"name":"Startseite","item":"https:\/\/unilube.ch\/fr\/"},{"@type":"ListItem","position":2,"name":"Lubrifiants haute performance"}]},{"@type":"WebSite","@id":"https:\/\/unilube.ch\/#website","url":"https:\/\/unilube.ch\/","name":"UNILUBE | Quasi-Trockenbearbeitung","description":"Top of Cleantech","potentialAction":[{"@type":"SearchAction","target":{"@type":"EntryPoint","urlTemplate":"https:\/\/unilube.ch\/?s={search_term_string}"},"query-input":{"@type":"PropertyValueSpecification","valueRequired":true,"valueName":"search_term_string"}}],"inLanguage":"fr-FR"}]}},"_links":{"self":[{"href":"https:\/\/unilube.ch\/fr\/wp-json\/wp\/v2\/pages\/1946","targetHints":{"allow":["GET"]}}],"collection":[{"href":"https:\/\/unilube.ch\/fr\/wp-json\/wp\/v2\/pages"}],"about":[{"href":"https:\/\/unilube.ch\/fr\/wp-json\/wp\/v2\/types\/page"}],"author":[{"embeddable":true,"href":"https:\/\/unilube.ch\/fr\/wp-json\/wp\/v2\/users\/4"}],"replies":[{"embeddable":true,"href":"https:\/\/unilube.ch\/fr\/wp-json\/wp\/v2\/comments?post=1946"}],"version-history":[{"count":15,"href":"https:\/\/unilube.ch\/fr\/wp-json\/wp\/v2\/pages\/1946\/revisions"}],"predecessor-version":[{"id":3719,"href":"https:\/\/unilube.ch\/fr\/wp-json\/wp\/v2\/pages\/1946\/revisions\/3719"}],"wp:attachment":[{"href":"https:\/\/unilube.ch\/fr\/wp-json\/wp\/v2\/media?parent=1946"}],"curies":[{"name":"wp","href":"https:\/\/api.w.org\/{rel}","templated":true}]}}