{"id":1952,"date":"2021-03-23T09:00:37","date_gmt":"2021-03-23T08:00:37","guid":{"rendered":"https:\/\/unilube.ch\/lubrifiants-haute-performance\/recyclage-du-lubrifiant\/"},"modified":"2021-03-23T09:34:36","modified_gmt":"2021-03-23T08:34:36","slug":"recyclage-du-lubrifiant","status":"publish","type":"page","link":"https:\/\/unilube.ch\/fr\/lubrifiants-haute-performance\/recyclage-du-lubrifiant\/","title":{"rendered":"Recyclage du lubrifiant"},"content":{"rendered":"\t\t<div data-elementor-type=\"wp-page\" data-elementor-id=\"1952\" class=\"elementor elementor-1952 elementor-872\" data-elementor-post-type=\"page\">\n\t\t\t\t\t\t<section class=\"elementor-section elementor-top-section elementor-element elementor-element-15ff730c elementor-section-boxed elementor-section-height-default elementor-section-height-default\" data-id=\"15ff730c\" data-element_type=\"section\" data-e-type=\"section\">\n\t\t\t\t\t\t<div class=\"elementor-container elementor-column-gap-default\">\n\t\t\t\t\t<div class=\"elementor-column elementor-col-100 elementor-top-column elementor-element elementor-element-7dee3779\" data-id=\"7dee3779\" data-element_type=\"column\" data-e-type=\"column\">\n\t\t\t<div class=\"elementor-widget-wrap elementor-element-populated\">\n\t\t\t\t\t\t<div class=\"elementor-element elementor-element-639c8b9 elementor-icon-list--layout-inline elementor-align-start breadcrumbs elementor-list-item-link-full_width elementor-widget elementor-widget-icon-list\" data-id=\"639c8b9\" data-element_type=\"widget\" data-e-type=\"widget\" data-widget_type=\"icon-list.default\">\n\t\t\t\t<div class=\"elementor-widget-container\">\n\t\t\t\t\t\t\t<ul class=\"elementor-icon-list-items elementor-inline-items\">\n\t\t\t\t\t\t\t<li class=\"elementor-icon-list-item elementor-inline-item\">\n\t\t\t\t\t\t\t\t\t\t\t<a href=\"https:\/\/unilube.ch\/fr\/\">\n\n\t\t\t\t\t\t\t\t\t\t\t\t<span class=\"elementor-icon-list-icon\">\n\t\t\t\t\t\t\t<i aria-hidden=\"true\" class=\"fas fa-home\"><\/i>\t\t\t\t\t\t<\/span>\n\t\t\t\t\t\t\t\t\t\t<span class=\"elementor-icon-list-text\"><\/span>\n\t\t\t\t\t\t\t\t\t\t\t<\/a>\n\t\t\t\t\t\t\t\t\t<\/li>\n\t\t\t\t\t\t\t\t<li class=\"elementor-icon-list-item elementor-inline-item\">\n\t\t\t\t\t\t\t\t\t\t\t<a href=\"https:\/\/unilube.ch\/fr\/lubrifiants-haute-performance\/recyclage-du-lubrifiant\/\">\n\n\t\t\t\t\t\t\t\t\t\t\t\t<span class=\"elementor-icon-list-icon\">\n\t\t\t\t\t\t\t<i aria-hidden=\"true\" class=\"fas fa-circle\"><\/i>\t\t\t\t\t\t<\/span>\n\t\t\t\t\t\t\t\t\t\t<span class=\"elementor-icon-list-text\">Savoir-faire<\/span>\n\t\t\t\t\t\t\t\t\t\t\t<\/a>\n\t\t\t\t\t\t\t\t\t<\/li>\n\t\t\t\t\t\t\t\t<li class=\"elementor-icon-list-item elementor-inline-item\">\n\t\t\t\t\t\t\t\t\t\t\t<a href=\"https:\/\/unilube.ch\/fr\/lubrifiants-haute-performance\/\">\n\n\t\t\t\t\t\t\t\t\t\t\t\t<span class=\"elementor-icon-list-icon\">\n\t\t\t\t\t\t\t<i aria-hidden=\"true\" class=\"fas fa-circle\"><\/i>\t\t\t\t\t\t<\/span>\n\t\t\t\t\t\t\t\t\t\t<span class=\"elementor-icon-list-text\">Lubrifiants haute performance<\/span>\n\t\t\t\t\t\t\t\t\t\t\t<\/a>\n\t\t\t\t\t\t\t\t\t<\/li>\n\t\t\t\t\t\t\t\t<li class=\"elementor-icon-list-item elementor-inline-item\">\n\t\t\t\t\t\t\t\t\t\t\t<span class=\"elementor-icon-list-icon\">\n\t\t\t\t\t\t\t<i aria-hidden=\"true\" class=\"fas fa-circle\"><\/i>\t\t\t\t\t\t<\/span>\n\t\t\t\t\t\t\t\t\t\t<span class=\"elementor-icon-list-text\">Recyclage du lubrifiant<\/span>\n\t\t\t\t\t\t\t\t\t<\/li>\n\t\t\t\t\t\t<\/ul>\n\t\t\t\t\t\t<\/div>\n\t\t\t\t<\/div>\n\t\t\t\t\t<\/div>\n\t\t<\/div>\n\t\t\t\t\t<\/div>\n\t\t<\/section>\n\t\t\t\t<section class=\"elementor-section elementor-top-section elementor-element elementor-element-9478f9b elementor-section-height-min-height elementor-section-items-bottom elementor-section-boxed elementor-section-height-default\" data-id=\"9478f9b\" data-element_type=\"section\" data-e-type=\"section\" data-settings=\"{&quot;background_background&quot;:&quot;classic&quot;}\">\n\t\t\t\t\t\t<div class=\"elementor-container elementor-column-gap-default\">\n\t\t\t\t\t<div class=\"elementor-column elementor-col-50 elementor-top-column elementor-element elementor-element-9fd6747\" data-id=\"9fd6747\" data-element_type=\"column\" data-e-type=\"column\">\n\t\t\t<div class=\"elementor-widget-wrap elementor-element-populated\">\n\t\t\t\t\t\t<div class=\"elementor-element elementor-element-fdd4e5b table_display heading_yellow elementor-widget elementor-widget-heading\" data-id=\"fdd4e5b\" data-element_type=\"widget\" data-e-type=\"widget\" data-widget_type=\"heading.default\">\n\t\t\t\t<div class=\"elementor-widget-container\">\n\t\t\t\t\t<h2 class=\"elementor-heading-title elementor-size-default\">Lubrifiants haute performance<\/h2>\t\t\t\t<\/div>\n\t\t\t\t<\/div>\n\t\t\t\t\t<\/div>\n\t\t<\/div>\n\t\t\t\t<div class=\"elementor-column elementor-col-50 elementor-top-column elementor-element elementor-element-cb69755\" data-id=\"cb69755\" data-element_type=\"column\" data-e-type=\"column\">\n\t\t\t<div class=\"elementor-widget-wrap\">\n\t\t\t\t\t\t\t<\/div>\n\t\t<\/div>\n\t\t\t\t\t<\/div>\n\t\t<\/section>\n\t\t\t\t<section class=\"elementor-section elementor-top-section elementor-element elementor-element-d417f70 elementor-section-boxed elementor-section-height-default elementor-section-height-default\" data-id=\"d417f70\" data-element_type=\"section\" data-e-type=\"section\">\n\t\t\t\t\t\t<div class=\"elementor-container elementor-column-gap-default\">\n\t\t\t\t\t<div class=\"elementor-column elementor-col-100 elementor-top-column elementor-element elementor-element-765d2d2\" data-id=\"765d2d2\" data-element_type=\"column\" data-e-type=\"column\">\n\t\t\t<div class=\"elementor-widget-wrap elementor-element-populated\">\n\t\t\t\t\t\t<div class=\"elementor-element elementor-element-28e15e7 elementor-widget elementor-widget-heading\" data-id=\"28e15e7\" data-element_type=\"widget\" data-e-type=\"widget\" data-widget_type=\"heading.default\">\n\t\t\t\t<div class=\"elementor-widget-container\">\n\t\t\t\t\t<h3 class=\"elementor-heading-title elementor-size-default\">La deuxi\u00e8me vie de l\u2019huile de moteur\u00a0: Moins de soucis d\u2019\u00e9limination avec les lubrifiants haute performance d\u2019UNILUBE\n\n<\/h3>\t\t\t\t<\/div>\n\t\t\t\t<\/div>\n\t\t\t\t<div class=\"elementor-element elementor-element-e6d222f elementor-widget elementor-widget-text-editor\" data-id=\"e6d222f\" data-element_type=\"widget\" data-e-type=\"widget\" data-widget_type=\"text-editor.default\">\n\t\t\t\t<div class=\"elementor-widget-container\">\n\t\t\t\t\t\t\t\t\t<p>Qu\u2019advient-il en v\u00e9rit\u00e9 de l\u2019huile apr\u00e8s une vidange p\u00e9riodique de voiture\u00a0? Pour \u00eatre bref et concis\u00a0: Le garage doit \u00e9liminer l\u2019huile usag\u00e9e selon la r\u00e9glementation en vigueur. De la m\u00eame fa\u00e7on, ce processus s\u2019av\u00e8re co\u00fbteux en temps et en argent pour les entreprises industrielles et requiert les connaissances techniques correspondantes. \u00c0 contrario, les utilisateurs de la solution unique d\u2019usinage quasi-sec d\u2019UNILUBE peuvent se d\u00e9tendre car la question de l\u2019\u00e9limination ne se pose normalement pas pour eux dans le cas d\u2019une lubrification de consommation. Ce n\u2019est que dans le cas rare o\u00f9 d\u2019anciens r\u00e9sidus sont pr\u00e9sents sur le support qu&rsquo;on doit les \u00e9liminer. Voici les indications \u00e0 suivre dans ce cas.<\/p>\n<p>Lorsqu\u2019on parle d\u2019\u00e9limination de d\u00e9chets, les lubrifiants haute performance d\u2019UNILUBE appartiennent \u00e0 la cat\u00e9gorie des \u00ab\u00a0huiles synth\u00e9tiques\u00a0\u00bb. Mettons de c\u00f4t\u00e9 les descriptions marketing, la notion de \u00ab\u00a0synth\u00e9tique\u00a0\u00bb se rapporte seulement au proc\u00e9d\u00e9 chimique ou au processus de fabrication de l\u2019huile.<\/p>\n<div class=\"wpb_text_column wpb_content_element vc_custom_1599035002700\">\n<div class=\"wpb_wrapper\">\n<p>En termes d\u2019\u00e9limination, les produits synth\u00e9tiques tels que ceux d\u2019UNILUBE, qui sont d\u2019origine animale et v\u00e9g\u00e9tale, sont donc \u00e9valu\u00e9s de fa\u00e7on compl\u00e8tement diff\u00e9rente des huiles de moteur classiques. S\u2019ils sont purs, les lubrifiants UNILUBE peuvent \u00eatre recycl\u00e9s dans une installation de biogaz.<\/p>\n<\/div>\n<\/div>\n\t\t\t\t\t\t\t\t<\/div>\n\t\t\t\t<\/div>\n\t\t\t\t<div class=\"elementor-element elementor-element-c3584ec elementor-widget elementor-widget-heading\" data-id=\"c3584ec\" data-element_type=\"widget\" data-e-type=\"widget\" data-widget_type=\"heading.default\">\n\t\t\t\t<div class=\"elementor-widget-container\">\n\t\t\t\t\t<h3 class=\"elementor-heading-title elementor-size-default\">Les d\u00e9poser dans des points de collecte autoris\u00e9s\n<\/h3>\t\t\t\t<\/div>\n\t\t\t\t<\/div>\n\t\t\t\t<div class=\"elementor-element elementor-element-f5188ed elementor-widget elementor-widget-text-editor\" data-id=\"f5188ed\" data-element_type=\"widget\" data-e-type=\"widget\" data-widget_type=\"text-editor.default\">\n\t\t\t\t<div class=\"elementor-widget-container\">\n\t\t\t\t\t\t\t\t\t<p>Nous attirons l\u2019attention sur le fait qu\u2019il est imp\u00e9ratif, pour toute \u00e9limination de d\u00e9chet, de toujours respecter les dispositions r\u00e9gionales et nationales en vigueur. Elles peuvent diff\u00e9rer de nos pr\u00e9conisations.<\/p>\n<p>Les zones de d\u00e9p\u00f4t des huiles ou les points de collecte distinguent, si distinction il y a, deux cat\u00e9gories d\u2019huiles usag\u00e9es\u00a0: D\u2019un c\u00f4t\u00e9 les huiles alimentaires et d\u2019un autre c\u00f4t\u00e9 les huiles de moteur. En Suisse, pour des raisons de s\u00e9curit\u00e9, les deux sont class\u00e9es en tant que d\u00e9chets sp\u00e9ciaux d\u00e8s lors qu\u2019elles ont \u00e9t\u00e9 laiss\u00e9es sur un lieu de d\u00e9p\u00f4t public.<\/p>\n\t\t\t\t\t\t\t\t<\/div>\n\t\t\t\t<\/div>\n\t\t\t\t<div class=\"elementor-element elementor-element-50d2f31 elementor-widget elementor-widget-heading\" data-id=\"50d2f31\" data-element_type=\"widget\" data-e-type=\"widget\" data-widget_type=\"heading.default\">\n\t\t\t\t<div class=\"elementor-widget-container\">\n\t\t\t\t\t<h3 class=\"elementor-heading-title elementor-size-default\">Huile alimentaire ou huile de moteur \u2013 que devient-elle\u00a0?\n<\/h3>\t\t\t\t<\/div>\n\t\t\t\t<\/div>\n\t\t\t\t<div class=\"elementor-element elementor-element-e536159 elementor-widget elementor-widget-text-editor\" data-id=\"e536159\" data-element_type=\"widget\" data-e-type=\"widget\" data-widget_type=\"text-editor.default\">\n\t\t\t\t<div class=\"elementor-widget-container\">\n\t\t\t\t\t\t\t\t\t<p>La diff\u00e9renciation n\u2019a en v\u00e9rit\u00e9 de sens que dans le domaine du B to B, o\u00f9 les huiles alimentaires ou d\u2019origine animale ou v\u00e9g\u00e9tale peuvent \u00eatre r\u00e9utilis\u00e9es comme Biodiesel ou encore s\u2019\u00e9vaporer, au sens propre, dans des centrales fonctionnant au biogaz.<\/p>\n<p>Par contre, les huiles usag\u00e9es comme les huiles de moteur ou m\u00eame les huiles \u00e0 base de p\u00e9trole, respectivement synth\u00e9tiques, doivent absolument \u00eatre br\u00fbl\u00e9es dans une usine d\u2019incin\u00e9ration sp\u00e9cialis\u00e9e. Les usines d\u2019incin\u00e9ration des d\u00e9chets sp\u00e9ciaux, extr\u00eamement techniques, sont beaucoup plus pr\u00e9sentes dans l\u2019industrie du ciment, o\u00f9 l\u2019utilisation de l\u2019\u00e9nergie de combustion a un int\u00e9r\u00eat. Les filtres des usines d\u2019incin\u00e9ration des d\u00e9chets sp\u00e9ciaux atterrissent au final dans une d\u00e9charge pour d\u00e9chets sp\u00e9ciaux.<\/p>\n<p>Par ailleurs, le traitement des huiles usag\u00e9es n\u2019a de sens que si elles sont tri\u00e9es, pr\u00e9sentes en grande quantit\u00e9 et qu\u2019elles peuvent \u00eatre utilis\u00e9es comme mati\u00e8re premi\u00e8re pour une huile de qualit\u00e9 inf\u00e9rieure. Ce n\u2019est cependant que rarement le cas.<\/p>\n\t\t\t\t\t\t\t\t<\/div>\n\t\t\t\t<\/div>\n\t\t\t\t<div class=\"elementor-element elementor-element-d6b7f81 elementor-widget elementor-widget-heading\" data-id=\"d6b7f81\" data-element_type=\"widget\" data-e-type=\"widget\" data-widget_type=\"heading.default\">\n\t\t\t\t<div class=\"elementor-widget-container\">\n\t\t\t\t\t<h3 class=\"elementor-heading-title elementor-size-default\">\u00c9viter les probl\u00e8mes d\u2019\u00e9limination des d\u00e9chets\n<\/h3>\t\t\t\t<\/div>\n\t\t\t\t<\/div>\n\t\t\t\t<div class=\"elementor-element elementor-element-dd680da elementor-widget elementor-widget-text-editor\" data-id=\"dd680da\" data-element_type=\"widget\" data-e-type=\"widget\" data-widget_type=\"text-editor.default\">\n\t\t\t\t<div class=\"elementor-widget-container\">\n\t\t\t\t\t\t\t\t\t<p>L\u2019\u00e9limination de l\u2019huile repr\u00e9sente un poste de co\u00fbt important et doit donc absolument \u00eatre pris en compte lors de l\u2019\u00e9valuation du syst\u00e8me de lubrification minimale. C\u2019est pr\u00e9cis\u00e9ment ici que la lubrification de consommation d\u2019UNILUBE pr\u00e9sente tout son int\u00e9r\u00eat, la th\u00e9matique de l\u2019\u00e9limination n\u2019en \u00e9tant plus une. Les quantit\u00e9s minimales de lubrifiant haute performance sont consomm\u00e9es directement par le processus d\u2019enl\u00e8vement des copeaux.<\/p>\n\t\t\t\t\t\t\t\t<\/div>\n\t\t\t\t<\/div>\n\t\t\t\t\t<\/div>\n\t\t<\/div>\n\t\t\t\t\t<\/div>\n\t\t<\/section>\n\t\t\t\t<\/div>\n\t\t","protected":false},"excerpt":{"rendered":"<p>Savoir-faire Lubrifiants haute performance Lubrifiants haute performance La deuxi\u00e8me vie de l\u2019huile de moteur\u00a0: Moins de soucis d\u2019\u00e9limination avec les lubrifiants haute performance d\u2019UNILUBE Qu\u2019advient-il en v\u00e9rit\u00e9 de l\u2019huile apr\u00e8s une vidange p\u00e9riodique de voiture\u00a0? Pour \u00eatre bref et concis\u00a0: Le garage doit \u00e9liminer l\u2019huile usag\u00e9e selon la r\u00e9glementation en vigueur. De la m\u00eame fa\u00e7on, [&hellip;]<\/p>\n","protected":false},"author":4,"featured_media":0,"parent":1946,"menu_order":0,"comment_status":"closed","ping_status":"closed","template":"","meta":{"_acf_changed":false,"footnotes":""},"class_list":["post-1952","page","type-page","status-publish","hentry"],"acf":[],"yoast_head":"<!-- This site is optimized with the Yoast SEO Premium plugin v27.1 (Yoast SEO v27.1.1) - https:\/\/yoast.com\/product\/yoast-seo-premium-wordpress\/ -->\n<title>Savoir-faire UNILUBE | Recyclage des lubrifiants<\/title>\n<meta name=\"description\" content=\"Un recyclage correct du lubrifiant\u00a0: Moins de soucis d\u2019\u00e9limination avec les lubrifiants haute performance d\u2019UNILUBE.\" \/>\n<meta name=\"robots\" content=\"index, follow, max-snippet:-1, max-image-preview:large, max-video-preview:-1\" \/>\n<link rel=\"canonical\" href=\"https:\/\/unilube.ch\/it\/lubrificanti-ad-alte-prestazioni\/riciclaggio-dei-lubrificanti\/\" \/>\n<meta property=\"og:locale\" content=\"fr_FR\" \/>\n<meta property=\"og:type\" content=\"article\" \/>\n<meta property=\"og:title\" content=\"Recyclage du lubrifiant\" \/>\n<meta property=\"og:description\" content=\"Un recyclage correct du lubrifiant\u00a0: Moins de soucis d\u2019\u00e9limination avec les lubrifiants haute performance d\u2019UNILUBE.\" \/>\n<meta property=\"og:url\" content=\"https:\/\/unilube.ch\/it\/lubrificanti-ad-alte-prestazioni\/riciclaggio-dei-lubrificanti\/\" \/>\n<meta property=\"og:site_name\" content=\"UNILUBE | Quasi-Trockenbearbeitung\" \/>\n<meta property=\"article:modified_time\" content=\"2021-03-23T08:34:36+00:00\" \/>\n<meta name=\"twitter:card\" content=\"summary_large_image\" \/>\n<meta name=\"twitter:label1\" content=\"Dur\u00e9e de lecture estim\u00e9e\" \/>\n\t<meta name=\"twitter:data1\" content=\"3 minutes\" \/>\n<script type=\"application\/ld+json\" class=\"yoast-schema-graph\">{\"@context\":\"https:\/\/schema.org\",\"@graph\":[{\"@type\":\"WebPage\",\"@id\":\"https:\/\/unilube.ch\/it\/lubrificanti-ad-alte-prestazioni\/riciclaggio-dei-lubrificanti\/\",\"url\":\"https:\/\/unilube.ch\/it\/lubrificanti-ad-alte-prestazioni\/riciclaggio-dei-lubrificanti\/\",\"name\":\"Savoir-faire UNILUBE | Recyclage des lubrifiants\",\"isPartOf\":{\"@id\":\"https:\/\/unilube.ch\/#website\"},\"datePublished\":\"2021-03-23T08:00:37+00:00\",\"dateModified\":\"2021-03-23T08:34:36+00:00\",\"description\":\"Un recyclage correct du lubrifiant\u00a0: Moins de soucis d\u2019\u00e9limination avec les lubrifiants haute performance d\u2019UNILUBE.\",\"breadcrumb\":{\"@id\":\"https:\/\/unilube.ch\/it\/lubrificanti-ad-alte-prestazioni\/riciclaggio-dei-lubrificanti\/#breadcrumb\"},\"inLanguage\":\"fr-FR\",\"potentialAction\":[{\"@type\":\"ReadAction\",\"target\":[\"https:\/\/unilube.ch\/it\/lubrificanti-ad-alte-prestazioni\/riciclaggio-dei-lubrificanti\/\"]}]},{\"@type\":\"BreadcrumbList\",\"@id\":\"https:\/\/unilube.ch\/it\/lubrificanti-ad-alte-prestazioni\/riciclaggio-dei-lubrificanti\/#breadcrumb\",\"itemListElement\":[{\"@type\":\"ListItem\",\"position\":1,\"name\":\"Startseite\",\"item\":\"https:\/\/unilube.ch\/fr\/\"},{\"@type\":\"ListItem\",\"position\":2,\"name\":\"Lubrifiants haute performance\",\"item\":\"https:\/\/unilube.ch\/it\/lubrificanti-ad-alte-prestazioni\/\"},{\"@type\":\"ListItem\",\"position\":3,\"name\":\"Recyclage du lubrifiant\"}]},{\"@type\":\"WebSite\",\"@id\":\"https:\/\/unilube.ch\/#website\",\"url\":\"https:\/\/unilube.ch\/\",\"name\":\"UNILUBE | Quasi-Trockenbearbeitung\",\"description\":\"Top of Cleantech\",\"potentialAction\":[{\"@type\":\"SearchAction\",\"target\":{\"@type\":\"EntryPoint\",\"urlTemplate\":\"https:\/\/unilube.ch\/?s={search_term_string}\"},\"query-input\":{\"@type\":\"PropertyValueSpecification\",\"valueRequired\":true,\"valueName\":\"search_term_string\"}}],\"inLanguage\":\"fr-FR\"}]}<\/script>\n<!-- \/ Yoast SEO Premium plugin. -->","yoast_head_json":{"title":"Savoir-faire UNILUBE | Recyclage des lubrifiants","description":"Un recyclage correct du lubrifiant\u00a0: Moins de soucis d\u2019\u00e9limination avec les lubrifiants haute performance d\u2019UNILUBE.","robots":{"index":"index","follow":"follow","max-snippet":"max-snippet:-1","max-image-preview":"max-image-preview:large","max-video-preview":"max-video-preview:-1"},"canonical":"https:\/\/unilube.ch\/it\/lubrificanti-ad-alte-prestazioni\/riciclaggio-dei-lubrificanti\/","og_locale":"fr_FR","og_type":"article","og_title":"Recyclage du lubrifiant","og_description":"Un recyclage correct du lubrifiant\u00a0: Moins de soucis d\u2019\u00e9limination avec les lubrifiants haute performance d\u2019UNILUBE.","og_url":"https:\/\/unilube.ch\/it\/lubrificanti-ad-alte-prestazioni\/riciclaggio-dei-lubrificanti\/","og_site_name":"UNILUBE | Quasi-Trockenbearbeitung","article_modified_time":"2021-03-23T08:34:36+00:00","twitter_card":"summary_large_image","twitter_misc":{"Dur\u00e9e de lecture estim\u00e9e":"3 minutes"},"schema":{"@context":"https:\/\/schema.org","@graph":[{"@type":"WebPage","@id":"https:\/\/unilube.ch\/it\/lubrificanti-ad-alte-prestazioni\/riciclaggio-dei-lubrificanti\/","url":"https:\/\/unilube.ch\/it\/lubrificanti-ad-alte-prestazioni\/riciclaggio-dei-lubrificanti\/","name":"Savoir-faire UNILUBE | Recyclage des lubrifiants","isPartOf":{"@id":"https:\/\/unilube.ch\/#website"},"datePublished":"2021-03-23T08:00:37+00:00","dateModified":"2021-03-23T08:34:36+00:00","description":"Un recyclage correct du lubrifiant\u00a0: Moins de soucis d\u2019\u00e9limination avec les lubrifiants haute performance d\u2019UNILUBE.","breadcrumb":{"@id":"https:\/\/unilube.ch\/it\/lubrificanti-ad-alte-prestazioni\/riciclaggio-dei-lubrificanti\/#breadcrumb"},"inLanguage":"fr-FR","potentialAction":[{"@type":"ReadAction","target":["https:\/\/unilube.ch\/it\/lubrificanti-ad-alte-prestazioni\/riciclaggio-dei-lubrificanti\/"]}]},{"@type":"BreadcrumbList","@id":"https:\/\/unilube.ch\/it\/lubrificanti-ad-alte-prestazioni\/riciclaggio-dei-lubrificanti\/#breadcrumb","itemListElement":[{"@type":"ListItem","position":1,"name":"Startseite","item":"https:\/\/unilube.ch\/fr\/"},{"@type":"ListItem","position":2,"name":"Lubrifiants haute performance","item":"https:\/\/unilube.ch\/it\/lubrificanti-ad-alte-prestazioni\/"},{"@type":"ListItem","position":3,"name":"Recyclage du lubrifiant"}]},{"@type":"WebSite","@id":"https:\/\/unilube.ch\/#website","url":"https:\/\/unilube.ch\/","name":"UNILUBE | Quasi-Trockenbearbeitung","description":"Top of Cleantech","potentialAction":[{"@type":"SearchAction","target":{"@type":"EntryPoint","urlTemplate":"https:\/\/unilube.ch\/?s={search_term_string}"},"query-input":{"@type":"PropertyValueSpecification","valueRequired":true,"valueName":"search_term_string"}}],"inLanguage":"fr-FR"}]}},"_links":{"self":[{"href":"https:\/\/unilube.ch\/fr\/wp-json\/wp\/v2\/pages\/1952","targetHints":{"allow":["GET"]}}],"collection":[{"href":"https:\/\/unilube.ch\/fr\/wp-json\/wp\/v2\/pages"}],"about":[{"href":"https:\/\/unilube.ch\/fr\/wp-json\/wp\/v2\/types\/page"}],"author":[{"embeddable":true,"href":"https:\/\/unilube.ch\/fr\/wp-json\/wp\/v2\/users\/4"}],"replies":[{"embeddable":true,"href":"https:\/\/unilube.ch\/fr\/wp-json\/wp\/v2\/comments?post=1952"}],"version-history":[{"count":3,"href":"https:\/\/unilube.ch\/fr\/wp-json\/wp\/v2\/pages\/1952\/revisions"}],"predecessor-version":[{"id":2064,"href":"https:\/\/unilube.ch\/fr\/wp-json\/wp\/v2\/pages\/1952\/revisions\/2064"}],"up":[{"embeddable":true,"href":"https:\/\/unilube.ch\/fr\/wp-json\/wp\/v2\/pages\/1946"}],"wp:attachment":[{"href":"https:\/\/unilube.ch\/fr\/wp-json\/wp\/v2\/media?parent=1952"}],"curies":[{"name":"wp","href":"https:\/\/api.w.org\/{rel}","templated":true}]}}