{"id":1965,"date":"2021-03-23T09:01:12","date_gmt":"2021-03-23T08:01:12","guid":{"rendered":"https:\/\/unilube.ch\/des-surfaces-parfaites\/"},"modified":"2021-07-07T05:24:38","modified_gmt":"2021-07-07T03:24:38","slug":"des-surfaces-parfaites","status":"publish","type":"page","link":"https:\/\/unilube.ch\/fr\/des-surfaces-parfaites\/","title":{"rendered":"Des surfaces parfaites"},"content":{"rendered":"\t\t<div data-elementor-type=\"wp-page\" data-elementor-id=\"1965\" class=\"elementor elementor-1965 elementor-892\" data-elementor-post-type=\"page\">\n\t\t\t\t\t\t<section class=\"elementor-section elementor-top-section elementor-element elementor-element-15ff730c elementor-section-boxed elementor-section-height-default elementor-section-height-default\" data-id=\"15ff730c\" data-element_type=\"section\" data-e-type=\"section\">\n\t\t\t\t\t\t<div class=\"elementor-container elementor-column-gap-default\">\n\t\t\t\t\t<div class=\"elementor-column elementor-col-100 elementor-top-column elementor-element elementor-element-7dee3779\" data-id=\"7dee3779\" data-element_type=\"column\" data-e-type=\"column\">\n\t\t\t<div class=\"elementor-widget-wrap elementor-element-populated\">\n\t\t\t\t\t\t<div class=\"elementor-element elementor-element-639c8b9 elementor-icon-list--layout-inline elementor-align-start breadcrumbs elementor-list-item-link-full_width elementor-widget elementor-widget-icon-list\" data-id=\"639c8b9\" data-element_type=\"widget\" data-e-type=\"widget\" data-widget_type=\"icon-list.default\">\n\t\t\t\t<div class=\"elementor-widget-container\">\n\t\t\t\t\t\t\t<ul class=\"elementor-icon-list-items elementor-inline-items\">\n\t\t\t\t\t\t\t<li class=\"elementor-icon-list-item elementor-inline-item\">\n\t\t\t\t\t\t\t\t\t\t\t<a href=\"https:\/\/unilube.ch\/fr\/\">\n\n\t\t\t\t\t\t\t\t\t\t\t\t<span class=\"elementor-icon-list-icon\">\n\t\t\t\t\t\t\t<i aria-hidden=\"true\" class=\"fas fa-home\"><\/i>\t\t\t\t\t\t<\/span>\n\t\t\t\t\t\t\t\t\t\t<span class=\"elementor-icon-list-text\"><\/span>\n\t\t\t\t\t\t\t\t\t\t\t<\/a>\n\t\t\t\t\t\t\t\t\t<\/li>\n\t\t\t\t\t\t\t\t<li class=\"elementor-icon-list-item elementor-inline-item\">\n\t\t\t\t\t\t\t\t\t\t\t<a href=\"https:\/\/unilube.ch\/fr\/des-surfaces-parfaites\/\">\n\n\t\t\t\t\t\t\t\t\t\t\t\t<span class=\"elementor-icon-list-icon\">\n\t\t\t\t\t\t\t<i aria-hidden=\"true\" class=\"fas fa-circle\"><\/i>\t\t\t\t\t\t<\/span>\n\t\t\t\t\t\t\t\t\t\t<span class=\"elementor-icon-list-text\">Savoir-faire<\/span>\n\t\t\t\t\t\t\t\t\t\t\t<\/a>\n\t\t\t\t\t\t\t\t\t<\/li>\n\t\t\t\t\t\t\t\t<li class=\"elementor-icon-list-item elementor-inline-item\">\n\t\t\t\t\t\t\t\t\t\t\t<a href=\"#\">\n\n\t\t\t\t\t\t\t\t\t\t\t\t<span class=\"elementor-icon-list-icon\">\n\t\t\t\t\t\t\t<i aria-hidden=\"true\" class=\"fas fa-circle\"><\/i>\t\t\t\t\t\t<\/span>\n\t\t\t\t\t\t\t\t\t\t<span class=\"elementor-icon-list-text\">Ce qu\u2019il faut savoir<\/span>\n\t\t\t\t\t\t\t\t\t\t\t<\/a>\n\t\t\t\t\t\t\t\t\t<\/li>\n\t\t\t\t\t\t\t\t<li class=\"elementor-icon-list-item elementor-inline-item\">\n\t\t\t\t\t\t\t\t\t\t\t<span class=\"elementor-icon-list-icon\">\n\t\t\t\t\t\t\t<i aria-hidden=\"true\" class=\"fas fa-circle\"><\/i>\t\t\t\t\t\t<\/span>\n\t\t\t\t\t\t\t\t\t\t<span class=\"elementor-icon-list-text\">Des surfaces parfaites<\/span>\n\t\t\t\t\t\t\t\t\t<\/li>\n\t\t\t\t\t\t<\/ul>\n\t\t\t\t\t\t<\/div>\n\t\t\t\t<\/div>\n\t\t\t\t\t<\/div>\n\t\t<\/div>\n\t\t\t\t\t<\/div>\n\t\t<\/section>\n\t\t\t\t<section class=\"elementor-section elementor-top-section elementor-element elementor-element-9478f9b elementor-section-height-min-height elementor-section-items-bottom elementor-section-boxed elementor-section-height-default\" data-id=\"9478f9b\" data-element_type=\"section\" data-e-type=\"section\" data-settings=\"{&quot;background_background&quot;:&quot;classic&quot;}\">\n\t\t\t\t\t\t<div class=\"elementor-container elementor-column-gap-default\">\n\t\t\t\t\t<div class=\"elementor-column elementor-col-50 elementor-top-column elementor-element elementor-element-9fd6747\" data-id=\"9fd6747\" data-element_type=\"column\" data-e-type=\"column\">\n\t\t\t<div class=\"elementor-widget-wrap elementor-element-populated\">\n\t\t\t\t\t\t<div class=\"elementor-element elementor-element-fdd4e5b table_display heading_yellow elementor-widget elementor-widget-heading\" data-id=\"fdd4e5b\" data-element_type=\"widget\" data-e-type=\"widget\" data-widget_type=\"heading.default\">\n\t\t\t\t<div class=\"elementor-widget-container\">\n\t\t\t\t\t<h2 class=\"elementor-heading-title elementor-size-default\">Ce qu\u2019il faut savoir\n<\/h2>\t\t\t\t<\/div>\n\t\t\t\t<\/div>\n\t\t\t\t\t<\/div>\n\t\t<\/div>\n\t\t\t\t<div class=\"elementor-column elementor-col-50 elementor-top-column elementor-element elementor-element-cb69755\" data-id=\"cb69755\" data-element_type=\"column\" data-e-type=\"column\">\n\t\t\t<div class=\"elementor-widget-wrap\">\n\t\t\t\t\t\t\t<\/div>\n\t\t<\/div>\n\t\t\t\t\t<\/div>\n\t\t<\/section>\n\t\t\t\t<section class=\"elementor-section elementor-top-section elementor-element elementor-element-d417f70 elementor-section-boxed elementor-section-height-default elementor-section-height-default\" data-id=\"d417f70\" data-element_type=\"section\" data-e-type=\"section\">\n\t\t\t\t\t\t<div class=\"elementor-container elementor-column-gap-default\">\n\t\t\t\t\t<div class=\"elementor-column elementor-col-100 elementor-top-column elementor-element elementor-element-765d2d2\" data-id=\"765d2d2\" data-element_type=\"column\" data-e-type=\"column\">\n\t\t\t<div class=\"elementor-widget-wrap elementor-element-populated\">\n\t\t\t\t\t\t<div class=\"elementor-element elementor-element-f5188ed elementor-widget elementor-widget-text-editor\" data-id=\"f5188ed\" data-element_type=\"widget\" data-e-type=\"widget\" data-widget_type=\"text-editor.default\">\n\t\t\t\t<div class=\"elementor-widget-container\">\n\t\t\t\t\t\t\t\t\t<p><strong>Plus jamais de probl\u00e8me de nettoyage\u00a0! Des surfaces esth\u00e9tiques gr\u00e2ce \u00e0 l\u2019absence de taches. Des surfaces sans r\u00e9sidu pour la m\u00e9decine et, de fa\u00e7on g\u00e9n\u00e9rale, une meilleure rugosit\u00e9 superficielle. UNILUBE est synonyme de surfaces de pi\u00e8ces propres.<\/strong><\/p>\n\t\t\t\t\t\t\t\t<\/div>\n\t\t\t\t<\/div>\n\t\t\t\t<div class=\"elementor-element elementor-element-6768d24 elementor-widget elementor-widget-heading\" data-id=\"6768d24\" data-element_type=\"widget\" data-e-type=\"widget\" data-widget_type=\"heading.default\">\n\t\t\t\t<div class=\"elementor-widget-container\">\n\t\t\t\t\t<h3 class=\"elementor-heading-title elementor-size-default\">Des surfaces lisses et propres\u00a0: Caract\u00e9ristiques importantes de qualit\u00e9\n<\/h3>\t\t\t\t<\/div>\n\t\t\t\t<\/div>\n\t\t\t\t<div class=\"elementor-element elementor-element-fcfeb5f elementor-widget elementor-widget-text-editor\" data-id=\"fcfeb5f\" data-element_type=\"widget\" data-e-type=\"widget\" data-widget_type=\"text-editor.default\">\n\t\t\t\t<div class=\"elementor-widget-container\">\n\t\t\t\t\t\t\t\t\t<p>La qualit\u00e9 d\u2019une surface est d\u00e9finie par sa rugosit\u00e9 et sa propret\u00e9. UNILUBE fournit des solutions r\u00e9pondant \u00e0 ces deux objectifs de qualit\u00e9 et qui contribuent \u00e0 r\u00e9duire les co\u00fbts de production et \u00e0 \u00e9viter les co\u00fbts d\u2019entretien. Cela devient particuli\u00e8rement tendu dans les cas o\u00f9 les aspects de rugosit\u00e9 et de propret\u00e9 repr\u00e9sentent tous deux d\u2019importants crit\u00e8res de qualit\u00e9 \u2013 par exemple dans la fabrication m\u00e9dicale et l\u2019industrie horlog\u00e8re. Ici, l\u2019usinage quasi-sec devient une composante-cl\u00e9 du succ\u00e8s \u00e9conomique de la production.<\/p>\n\t\t\t\t\t\t\t\t<\/div>\n\t\t\t\t<\/div>\n\t\t\t\t<div class=\"elementor-element elementor-element-89887f2 elementor-widget elementor-widget-heading\" data-id=\"89887f2\" data-element_type=\"widget\" data-e-type=\"widget\" data-widget_type=\"heading.default\">\n\t\t\t\t<div class=\"elementor-widget-container\">\n\t\t\t\t\t<h3 class=\"elementor-heading-title elementor-size-default\">Une esth\u00e9tique sans tache\n<\/h3>\t\t\t\t<\/div>\n\t\t\t\t<\/div>\n\t\t\t\t<div class=\"elementor-element elementor-element-a251f33 elementor-widget elementor-widget-text-editor\" data-id=\"a251f33\" data-element_type=\"widget\" data-e-type=\"widget\" data-widget_type=\"text-editor.default\">\n\t\t\t\t<div class=\"elementor-widget-container\">\n\t\t\t\t\t\t\t\t\t<p>Pour les pi\u00e8ces qui sont soumises \u00e0 de fortes exigences esth\u00e9tiques, il est tr\u00e8s int\u00e9ressant de ne pas avoir de trace r\u00e9siduelle de bulles d\u2019\u00e9vaporation (bord ou ombre). Car ces taches ou ce brouillard n\u00e9cessitent un nettoyage suppl\u00e9mentaire et les zones concern\u00e9es, pr\u00e9cis\u00e9ment pour des surfaces tr\u00e8s lisses, doivent \u00eatre nettoy\u00e9es non seulement chimiquement mais \u00e9galement partiellement m\u00e9caniquement. C\u2019est justement en lien avec cette probl\u00e9matique que nous proposons un lubrifiant haute performance qui ne cr\u00e9e pas de tache. Ainsi, vous \u00e9conomisez gratuitement du temps et des co\u00fbts d\u2019entretien \u2013 et qui peut vous offrir \u00e7a sinon\u00a0?<\/p>\n\t\t\t\t\t\t\t\t<\/div>\n\t\t\t\t<\/div>\n\t\t\t\t<div class=\"elementor-element elementor-element-50d2f31 elementor-widget elementor-widget-heading\" data-id=\"50d2f31\" data-element_type=\"widget\" data-e-type=\"widget\" data-widget_type=\"heading.default\">\n\t\t\t\t<div class=\"elementor-widget-container\">\n\t\t\t\t\t<h3 class=\"elementor-heading-title elementor-size-default\">Des surfaces propres, sans germes et sans r\u00e9sidus\n<\/h3>\t\t\t\t<\/div>\n\t\t\t\t<\/div>\n\t\t\t\t<div class=\"elementor-element elementor-element-e536159 elementor-widget elementor-widget-text-editor\" data-id=\"e536159\" data-element_type=\"widget\" data-e-type=\"widget\" data-widget_type=\"text-editor.default\">\n\t\t\t\t<div class=\"elementor-widget-container\">\n\t\t\t\t\t\t\t\t\t<p>Lors de l\u2019usinage de pi\u00e8ces m\u00e9dicales sensibles, il faut id\u00e9alement amener aussi peu de substances \u00e9trang\u00e8res que possible, de fa\u00e7on \u00e0 ne pas cr\u00e9er un milieu favorable au d\u00e9veloppement des germes. C\u2019est pr\u00e9cis\u00e9ment ici que r\u00e9sident les avantages de nos syst\u00e8mes de lubrification minimale qui permettent un usinage quasi-sec et qui gardent les surfaces s\u00e8ches gr\u00e2ce \u00e0 une consommation tr\u00e8s faible de lubrifiant. Le lubrifiant haute performance d\u2019UNILUBE, de qualit\u00e9 pharmaceutique et exempt de toute particule \u00e9trang\u00e8re, contribue consid\u00e9rablement \u00e0 rendre envisageable de passer directement de la machine de production \u00e0 l\u2019autoclave ou \u00e0 la st\u00e9rilisation par faisceau \u00e9lectronique, sans n\u00e9cessiter plusieurs \u00e9tapes de nettoyage. Les buses de lubrification minimale sont encore utilis\u00e9es lors du montage de l\u2019usinage sans lubrifiant pour nettoyer localement la poussi\u00e8re m\u00e9tallique issue de l\u2019enl\u00e8vement des copeaux.<\/p>\n<p>Dans le domaine de la technique m\u00e9dicale, les faibles quantit\u00e9s consomm\u00e9es offrent des avantages insoup\u00e7onn\u00e9s pour la validation d\u2019un processus. La faible dose de lubrifiant haute performance d\u2019UNILUBE fait de l\u2019usinage quasi-sec un concept id\u00e9al par exemple pour des mat\u00e9riaux poreux ayant un effet capillaire.<\/p>\n\t\t\t\t\t\t\t\t<\/div>\n\t\t\t\t<\/div>\n\t\t\t\t<div class=\"elementor-element elementor-element-ad3748d elementor-widget elementor-widget-heading\" data-id=\"ad3748d\" data-element_type=\"widget\" data-e-type=\"widget\" data-widget_type=\"heading.default\">\n\t\t\t\t<div class=\"elementor-widget-container\">\n\t\t\t\t\t<h3 class=\"elementor-heading-title elementor-size-default\">Lisse comme un miroir<\/h3>\t\t\t\t<\/div>\n\t\t\t\t<\/div>\n\t\t\t\t<div class=\"elementor-element elementor-element-6f7f26c elementor-widget elementor-widget-text-editor\" data-id=\"6f7f26c\" data-element_type=\"widget\" data-e-type=\"widget\" data-widget_type=\"text-editor.default\">\n\t\t\t\t<div class=\"elementor-widget-container\">\n\t\t\t\t\t\t\t\t\t<p>Ce n\u2019est qu\u2019en l\u2019absence de particules \u00e9trang\u00e8res et une fois les micro-copeaux \u00e9vacu\u00e9s de fa\u00e7on certaine que l\u2019on peut r\u00e9pondre aux plus hautes exigences en mati\u00e8re de qualit\u00e9 de surface dans le cadre du micro-usinage. Chaque \u00e9l\u00e9ment perturbateur situ\u00e9 entre l\u2019outil et la pi\u00e8ce influence n\u00e9gativement la rugosit\u00e9 \u2013 cela vaut de la m\u00eame fa\u00e7on pour l\u2019enl\u00e8vement de copeaux avec une ar\u00eate de coupe d\u00e9termin\u00e9e ou ind\u00e9termin\u00e9e. C\u2019est pr\u00e9cis\u00e9ment sur ce point central et d\u00e9licat de l\u2019enl\u00e8vement de copeaux microscopiques ou de la super-finition que le concept m\u00fbrement r\u00e9fl\u00e9chi d\u2019usinage quasi-sec peut faire valoir ses avantages. La lubrification unique de consommation d\u2019UNILUBE garantit en plus l\u2019absence de vibrations sur l\u2019outil qui pourraient \u00eatre li\u00e9es \u00e0 un coussin d\u2019huile hydrostatique, comme dans le cas d\u2019une application excessive de lubrifiant. Le jet d\u2019air des buses \u00e9vacue les micro-copeaux ou la poussi\u00e8re de m\u00e9tal de fa\u00e7on fiable et continue et prot\u00e8ge en m\u00eame temps l\u2019outil. \u00c0 la fin, une l\u00e9g\u00e8re d\u00e9pression avec aspiration au sein de la machine-outil supprime le probl\u00e8me de poussi\u00e8re issue des mat\u00e9riaux.<\/p>\n\t\t\t\t\t\t\t\t<\/div>\n\t\t\t\t<\/div>\n\t\t\t\t<div class=\"elementor-element elementor-element-4e6c9f5 elementor-widget elementor-widget-text-editor\" data-id=\"4e6c9f5\" data-element_type=\"widget\" data-e-type=\"widget\" data-widget_type=\"text-editor.default\">\n\t\t\t\t<div class=\"elementor-widget-container\">\n\t\t\t\t\t\t\t\t\t<p>Il est aussi extr\u00eamement judicieux d\u2019un point de vue \u00e9conomique de vouloir obtenir une super-finition directement avec un outil \u00e0 ar\u00eate de coupe d\u00e9termin\u00e9e \u2013 al\u00e9sage plut\u00f4t que pierrage. De la m\u00eame mani\u00e8re, les r\u00e9sultats de brillance obtenus avec une ar\u00eate de coupe ind\u00e9termin\u00e9e lors du pierrage sont \u00e9vidents.<\/p>\n\t\t\t\t\t\t\t\t<\/div>\n\t\t\t\t<\/div>\n\t\t\t\t\t<\/div>\n\t\t<\/div>\n\t\t\t\t\t<\/div>\n\t\t<\/section>\n\t\t\t\t<\/div>\n\t\t","protected":false},"excerpt":{"rendered":"<p>Savoir-faire Ce qu\u2019il faut savoir Ce qu\u2019il faut savoir Plus jamais de probl\u00e8me de nettoyage\u00a0! Des surfaces esth\u00e9tiques gr\u00e2ce \u00e0 l\u2019absence de taches. Des surfaces sans r\u00e9sidu pour la m\u00e9decine et, de fa\u00e7on g\u00e9n\u00e9rale, une meilleure rugosit\u00e9 superficielle. UNILUBE est synonyme de surfaces de pi\u00e8ces propres. Des surfaces lisses et propres\u00a0: Caract\u00e9ristiques importantes de qualit\u00e9 [&hellip;]<\/p>\n","protected":false},"author":4,"featured_media":0,"parent":0,"menu_order":0,"comment_status":"closed","ping_status":"closed","template":"","meta":{"_acf_changed":false,"footnotes":""},"class_list":["post-1965","page","type-page","status-publish","hentry"],"acf":[],"yoast_head":"<!-- This site is optimized with the Yoast SEO Premium plugin v27.4 (Yoast SEO v27.4) - https:\/\/yoast.com\/product\/yoast-seo-premium-wordpress\/ -->\n<title>Savoir-faire UNILUBE | Des surfaces parfaites<\/title>\n<meta name=\"description\" content=\"Des surfaces de pi\u00e8ces esth\u00e9tiques sans r\u00e9sidu pour la m\u00e9decine et, de fa\u00e7on g\u00e9n\u00e9rale, une meilleure rugosit\u00e9 de surface\u00a0: Des surfaces propres.\" \/>\n<meta name=\"robots\" content=\"index, follow, max-snippet:-1, max-image-preview:large, max-video-preview:-1\" \/>\n<link rel=\"canonical\" href=\"https:\/\/unilube.ch\/fr\/des-surfaces-parfaites\/\" \/>\n<meta property=\"og:locale\" content=\"fr_FR\" \/>\n<meta property=\"og:type\" content=\"article\" \/>\n<meta property=\"og:title\" content=\"Des surfaces parfaites\" \/>\n<meta property=\"og:description\" content=\"Des surfaces de pi\u00e8ces esth\u00e9tiques sans r\u00e9sidu pour la m\u00e9decine et, de fa\u00e7on g\u00e9n\u00e9rale, une meilleure rugosit\u00e9 de surface\u00a0: Des surfaces propres.\" \/>\n<meta property=\"og:url\" content=\"https:\/\/unilube.ch\/fr\/des-surfaces-parfaites\/\" \/>\n<meta property=\"og:site_name\" content=\"UNILUBE | Quasi-Trockenbearbeitung\" \/>\n<meta property=\"article:modified_time\" content=\"2021-07-07T03:24:38+00:00\" \/>\n<meta name=\"twitter:card\" content=\"summary_large_image\" \/>\n<meta name=\"twitter:label1\" content=\"Dur\u00e9e de lecture estim\u00e9e\" \/>\n\t<meta name=\"twitter:data1\" content=\"3 minutes\" \/>\n<script type=\"application\/ld+json\" class=\"yoast-schema-graph\">{\"@context\":\"https:\\\/\\\/schema.org\",\"@graph\":[{\"@type\":\"WebPage\",\"@id\":\"https:\\\/\\\/unilube.ch\\\/fr\\\/des-surfaces-parfaites\\\/\",\"url\":\"https:\\\/\\\/unilube.ch\\\/fr\\\/des-surfaces-parfaites\\\/\",\"name\":\"Savoir-faire UNILUBE | Des surfaces parfaites\",\"isPartOf\":{\"@id\":\"https:\\\/\\\/unilube.ch\\\/#website\"},\"datePublished\":\"2021-03-23T08:01:12+00:00\",\"dateModified\":\"2021-07-07T03:24:38+00:00\",\"description\":\"Des surfaces de pi\u00e8ces esth\u00e9tiques sans r\u00e9sidu pour la m\u00e9decine et, de fa\u00e7on g\u00e9n\u00e9rale, une meilleure rugosit\u00e9 de surface\u00a0: Des surfaces propres.\",\"breadcrumb\":{\"@id\":\"https:\\\/\\\/unilube.ch\\\/fr\\\/des-surfaces-parfaites\\\/#breadcrumb\"},\"inLanguage\":\"fr-FR\",\"potentialAction\":[{\"@type\":\"ReadAction\",\"target\":[\"https:\\\/\\\/unilube.ch\\\/fr\\\/des-surfaces-parfaites\\\/\"]}]},{\"@type\":\"BreadcrumbList\",\"@id\":\"https:\\\/\\\/unilube.ch\\\/fr\\\/des-surfaces-parfaites\\\/#breadcrumb\",\"itemListElement\":[{\"@type\":\"ListItem\",\"position\":1,\"name\":\"Startseite\",\"item\":\"https:\\\/\\\/unilube.ch\\\/fr\\\/\"},{\"@type\":\"ListItem\",\"position\":2,\"name\":\"Des surfaces parfaites\"}]},{\"@type\":\"WebSite\",\"@id\":\"https:\\\/\\\/unilube.ch\\\/#website\",\"url\":\"https:\\\/\\\/unilube.ch\\\/\",\"name\":\"UNILUBE | Quasi-Trockenbearbeitung\",\"description\":\"Top of Cleantech\",\"potentialAction\":[{\"@type\":\"SearchAction\",\"target\":{\"@type\":\"EntryPoint\",\"urlTemplate\":\"https:\\\/\\\/unilube.ch\\\/?s={search_term_string}\"},\"query-input\":{\"@type\":\"PropertyValueSpecification\",\"valueRequired\":true,\"valueName\":\"search_term_string\"}}],\"inLanguage\":\"fr-FR\"}]}<\/script>\n<!-- \/ Yoast SEO Premium plugin. -->","yoast_head_json":{"title":"Savoir-faire UNILUBE | Des surfaces parfaites","description":"Des surfaces de pi\u00e8ces esth\u00e9tiques sans r\u00e9sidu pour la m\u00e9decine et, de fa\u00e7on g\u00e9n\u00e9rale, une meilleure rugosit\u00e9 de surface\u00a0: Des surfaces propres.","robots":{"index":"index","follow":"follow","max-snippet":"max-snippet:-1","max-image-preview":"max-image-preview:large","max-video-preview":"max-video-preview:-1"},"canonical":"https:\/\/unilube.ch\/fr\/des-surfaces-parfaites\/","og_locale":"fr_FR","og_type":"article","og_title":"Des surfaces parfaites","og_description":"Des surfaces de pi\u00e8ces esth\u00e9tiques sans r\u00e9sidu pour la m\u00e9decine et, de fa\u00e7on g\u00e9n\u00e9rale, une meilleure rugosit\u00e9 de surface\u00a0: Des surfaces propres.","og_url":"https:\/\/unilube.ch\/fr\/des-surfaces-parfaites\/","og_site_name":"UNILUBE | Quasi-Trockenbearbeitung","article_modified_time":"2021-07-07T03:24:38+00:00","twitter_card":"summary_large_image","twitter_misc":{"Dur\u00e9e de lecture estim\u00e9e":"3 minutes"},"schema":{"@context":"https:\/\/schema.org","@graph":[{"@type":"WebPage","@id":"https:\/\/unilube.ch\/fr\/des-surfaces-parfaites\/","url":"https:\/\/unilube.ch\/fr\/des-surfaces-parfaites\/","name":"Savoir-faire UNILUBE | Des surfaces parfaites","isPartOf":{"@id":"https:\/\/unilube.ch\/#website"},"datePublished":"2021-03-23T08:01:12+00:00","dateModified":"2021-07-07T03:24:38+00:00","description":"Des surfaces de pi\u00e8ces esth\u00e9tiques sans r\u00e9sidu pour la m\u00e9decine et, de fa\u00e7on g\u00e9n\u00e9rale, une meilleure rugosit\u00e9 de surface\u00a0: Des surfaces propres.","breadcrumb":{"@id":"https:\/\/unilube.ch\/fr\/des-surfaces-parfaites\/#breadcrumb"},"inLanguage":"fr-FR","potentialAction":[{"@type":"ReadAction","target":["https:\/\/unilube.ch\/fr\/des-surfaces-parfaites\/"]}]},{"@type":"BreadcrumbList","@id":"https:\/\/unilube.ch\/fr\/des-surfaces-parfaites\/#breadcrumb","itemListElement":[{"@type":"ListItem","position":1,"name":"Startseite","item":"https:\/\/unilube.ch\/fr\/"},{"@type":"ListItem","position":2,"name":"Des surfaces parfaites"}]},{"@type":"WebSite","@id":"https:\/\/unilube.ch\/#website","url":"https:\/\/unilube.ch\/","name":"UNILUBE | Quasi-Trockenbearbeitung","description":"Top of Cleantech","potentialAction":[{"@type":"SearchAction","target":{"@type":"EntryPoint","urlTemplate":"https:\/\/unilube.ch\/?s={search_term_string}"},"query-input":{"@type":"PropertyValueSpecification","valueRequired":true,"valueName":"search_term_string"}}],"inLanguage":"fr-FR"}]}},"_links":{"self":[{"href":"https:\/\/unilube.ch\/fr\/wp-json\/wp\/v2\/pages\/1965","targetHints":{"allow":["GET"]}}],"collection":[{"href":"https:\/\/unilube.ch\/fr\/wp-json\/wp\/v2\/pages"}],"about":[{"href":"https:\/\/unilube.ch\/fr\/wp-json\/wp\/v2\/types\/page"}],"author":[{"embeddable":true,"href":"https:\/\/unilube.ch\/fr\/wp-json\/wp\/v2\/users\/4"}],"replies":[{"embeddable":true,"href":"https:\/\/unilube.ch\/fr\/wp-json\/wp\/v2\/comments?post=1965"}],"version-history":[{"count":6,"href":"https:\/\/unilube.ch\/fr\/wp-json\/wp\/v2\/pages\/1965\/revisions"}],"predecessor-version":[{"id":2607,"href":"https:\/\/unilube.ch\/fr\/wp-json\/wp\/v2\/pages\/1965\/revisions\/2607"}],"wp:attachment":[{"href":"https:\/\/unilube.ch\/fr\/wp-json\/wp\/v2\/media?parent=1965"}],"curies":[{"name":"wp","href":"https:\/\/api.w.org\/{rel}","templated":true}]}}