{"id":1881,"date":"2021-03-23T08:58:55","date_gmt":"2021-03-23T07:58:55","guid":{"rendered":"https:\/\/unilube.ch\/perche-unilube\/"},"modified":"2021-03-23T09:23:24","modified_gmt":"2021-03-23T08:23:24","slug":"perche-unilube","status":"publish","type":"page","link":"https:\/\/unilube.ch\/it\/perche-unilube\/","title":{"rendered":"Perch\u00e9 Unilube?"},"content":{"rendered":"\t\t<div data-elementor-type=\"wp-page\" data-elementor-id=\"1881\" class=\"elementor elementor-1881 elementor-568\" data-elementor-post-type=\"page\">\n\t\t\t\t\t\t<section class=\"elementor-section elementor-top-section elementor-element elementor-element-649cf0f1 elementor-section-boxed elementor-section-height-default elementor-section-height-default\" data-id=\"649cf0f1\" data-element_type=\"section\" data-e-type=\"section\">\n\t\t\t\t\t\t<div class=\"elementor-container elementor-column-gap-default\">\n\t\t\t\t\t<div class=\"elementor-column elementor-col-100 elementor-top-column elementor-element elementor-element-53682ea3\" data-id=\"53682ea3\" data-element_type=\"column\" data-e-type=\"column\">\n\t\t\t<div class=\"elementor-widget-wrap elementor-element-populated\">\n\t\t\t\t\t\t<div class=\"elementor-element elementor-element-3d891f8d elementor-icon-list--layout-inline elementor-align-start breadcrumbs elementor-list-item-link-full_width elementor-widget elementor-widget-icon-list\" data-id=\"3d891f8d\" data-element_type=\"widget\" data-e-type=\"widget\" data-widget_type=\"icon-list.default\">\n\t\t\t\t<div class=\"elementor-widget-container\">\n\t\t\t\t\t\t\t<ul class=\"elementor-icon-list-items elementor-inline-items\">\n\t\t\t\t\t\t\t<li class=\"elementor-icon-list-item elementor-inline-item\">\n\t\t\t\t\t\t\t\t\t\t\t<a href=\"https:\/\/unilube.ch\/it\/\">\n\n\t\t\t\t\t\t\t\t\t\t\t\t<span class=\"elementor-icon-list-icon\">\n\t\t\t\t\t\t\t<i aria-hidden=\"true\" class=\"fas fa-home\"><\/i>\t\t\t\t\t\t<\/span>\n\t\t\t\t\t\t\t\t\t\t<span class=\"elementor-icon-list-text\"><\/span>\n\t\t\t\t\t\t\t\t\t\t\t<\/a>\n\t\t\t\t\t\t\t\t\t<\/li>\n\t\t\t\t\t\t\t\t<li class=\"elementor-icon-list-item elementor-inline-item\">\n\t\t\t\t\t\t\t\t\t\t\t<span class=\"elementor-icon-list-icon\">\n\t\t\t\t\t\t\t<i aria-hidden=\"true\" class=\"fas fa-circle\"><\/i>\t\t\t\t\t\t<\/span>\n\t\t\t\t\t\t\t\t\t\t<span class=\"elementor-icon-list-text\">Perch\u00e9 Unilube?<\/span>\n\t\t\t\t\t\t\t\t\t<\/li>\n\t\t\t\t\t\t<\/ul>\n\t\t\t\t\t\t<\/div>\n\t\t\t\t<\/div>\n\t\t\t\t\t<\/div>\n\t\t<\/div>\n\t\t\t\t\t<\/div>\n\t\t<\/section>\n\t\t\t\t<section class=\"elementor-section elementor-top-section elementor-element elementor-element-9478f9b elementor-section-height-min-height elementor-section-items-bottom elementor-section-boxed elementor-section-height-default\" data-id=\"9478f9b\" data-element_type=\"section\" data-e-type=\"section\" data-settings=\"{&quot;background_background&quot;:&quot;classic&quot;}\">\n\t\t\t\t\t\t<div class=\"elementor-container elementor-column-gap-default\">\n\t\t\t\t\t<div class=\"elementor-column elementor-col-50 elementor-top-column elementor-element elementor-element-9fd6747\" data-id=\"9fd6747\" data-element_type=\"column\" data-e-type=\"column\">\n\t\t\t<div class=\"elementor-widget-wrap elementor-element-populated\">\n\t\t\t\t\t\t<div class=\"elementor-element elementor-element-fdd4e5b table_display heading_yellow elementor-widget elementor-widget-heading\" data-id=\"fdd4e5b\" data-element_type=\"widget\" data-e-type=\"widget\" data-widget_type=\"heading.default\">\n\t\t\t\t<div class=\"elementor-widget-container\">\n\t\t\t\t\t<h1 class=\"elementor-heading-title elementor-size-default\">Perch\u00e9 Unilube?<\/h1>\t\t\t\t<\/div>\n\t\t\t\t<\/div>\n\t\t\t\t\t<\/div>\n\t\t<\/div>\n\t\t\t\t<div class=\"elementor-column elementor-col-50 elementor-top-column elementor-element elementor-element-cb69755\" data-id=\"cb69755\" data-element_type=\"column\" data-e-type=\"column\">\n\t\t\t<div class=\"elementor-widget-wrap\">\n\t\t\t\t\t\t\t<\/div>\n\t\t<\/div>\n\t\t\t\t\t<\/div>\n\t\t<\/section>\n\t\t\t\t<section class=\"elementor-section elementor-top-section elementor-element elementor-element-84ed247 elementor-section-boxed elementor-section-height-default elementor-section-height-default\" data-id=\"84ed247\" data-element_type=\"section\" data-e-type=\"section\">\n\t\t\t\t\t\t<div class=\"elementor-container elementor-column-gap-default\">\n\t\t\t\t\t<div class=\"elementor-column elementor-col-100 elementor-top-column elementor-element elementor-element-54a5307\" data-id=\"54a5307\" data-element_type=\"column\" data-e-type=\"column\">\n\t\t\t<div class=\"elementor-widget-wrap elementor-element-populated\">\n\t\t\t\t\t\t<div class=\"elementor-element elementor-element-20863df elementor-widget elementor-widget-heading\" data-id=\"20863df\" data-element_type=\"widget\" data-e-type=\"widget\" data-widget_type=\"heading.default\">\n\t\t\t\t<div class=\"elementor-widget-container\">\n\t\t\t\t\t<h4 class=\"elementor-heading-title elementor-size-default\">In breve:\n<\/h4>\t\t\t\t<\/div>\n\t\t\t\t<\/div>\n\t\t\t\t<div class=\"elementor-element elementor-element-58e429f elementor-align-start elementor-icon-list--layout-traditional elementor-list-item-link-full_width elementor-widget elementor-widget-icon-list\" data-id=\"58e429f\" data-element_type=\"widget\" data-e-type=\"widget\" data-widget_type=\"icon-list.default\">\n\t\t\t\t<div class=\"elementor-widget-container\">\n\t\t\t\t\t\t\t<ul class=\"elementor-icon-list-items\">\n\t\t\t\t\t\t\t<li class=\"elementor-icon-list-item\">\n\t\t\t\t\t\t\t\t\t\t\t<span class=\"elementor-icon-list-icon\">\n\t\t\t\t\t\t\t<i aria-hidden=\"true\" class=\"fas fa-circle\"><\/i>\t\t\t\t\t\t<\/span>\n\t\t\t\t\t\t\t\t\t\t<span class=\"elementor-icon-list-text\">Efficiente: &nbsp;&nbsp; I costi operativi pi\u00f9 bassi per un\u2019elevata economicit\u00e0, riduzione del tempo di lavorazione<\/span>\n\t\t\t\t\t\t\t\t\t<\/li>\n\t\t\t\t\t\t\t\t<li class=\"elementor-icon-list-item\">\n\t\t\t\t\t\t\t\t\t\t\t<span class=\"elementor-icon-list-icon\">\n\t\t\t\t\t\t\t<i aria-hidden=\"true\" class=\"fas fa-circle\"><\/i>\t\t\t\t\t\t<\/span>\n\t\t\t\t\t\t\t\t\t\t<span class=\"elementor-icon-list-text\">Pulito:&nbsp;&nbsp; &nbsp;&nbsp;&nbsp; Pezzi e ambiente di lavoro puliti, sostenibile e rispettoso dell\u2019ambiente<\/span>\n\t\t\t\t\t\t\t\t\t<\/li>\n\t\t\t\t\t\t\t\t<li class=\"elementor-icon-list-item\">\n\t\t\t\t\t\t\t\t\t\t\t<span class=\"elementor-icon-list-icon\">\n\t\t\t\t\t\t\t<i aria-hidden=\"true\" class=\"fas fa-circle\"><\/i>\t\t\t\t\t\t<\/span>\n\t\t\t\t\t\t\t\t\t\t<span class=\"elementor-icon-list-text\">Intelligente: &nbsp;&nbsp;&nbsp;&nbsp;&nbsp;&nbsp; Tecnologia matura per una migliore qualit\u00e0 e una lunga durata<\/span>\n\t\t\t\t\t\t\t\t\t<\/li>\n\t\t\t\t\t\t<\/ul>\n\t\t\t\t\t\t<\/div>\n\t\t\t\t<\/div>\n\t\t\t\t<div class=\"elementor-element elementor-element-721ae1b elementor-widget elementor-widget-heading\" data-id=\"721ae1b\" data-element_type=\"widget\" data-e-type=\"widget\" data-widget_type=\"heading.default\">\n\t\t\t\t<div class=\"elementor-widget-container\">\n\t\t\t\t\t<h4 class=\"elementor-heading-title elementor-size-default\">Approfittate del nostro abbattitore dei costi definitivo!\n<\/h4>\t\t\t\t<\/div>\n\t\t\t\t<\/div>\n\t\t\t\t<div class=\"elementor-element elementor-element-ce5f688 elementor-widget elementor-widget-text-editor\" data-id=\"ce5f688\" data-element_type=\"widget\" data-e-type=\"widget\" data-widget_type=\"text-editor.default\">\n\t\t\t\t<div class=\"elementor-widget-container\">\n\t\t\t\t\t\t\t\t\t<p>Non potrebbe essere pi\u00f9 economico: Il concetto maturo della lavorazione quasi a secco riduce i vostri costi operativi diretti del 90%. A questo si aggiungono i risparmi nei costi di investimento, e i costi di smaltimento vengono addirittura eliminati completamente.<\/p>\n<p>Il beneficio maggiore, tuttavia, deriva dall&#8217;aumento della velocit\u00e0 di taglio e dalla riduzione del tempo complessivo di lavorazione. Un aumento generale della velocit\u00e0 di taglio \u00e8 addirittura vantaggioso per il concetto di lubrificazione a consumo &#8211; naturalmente mantenendo la stessa qualit\u00e0 superficiale! Ulteriori effetti positivi sui costi derivano dal fatto che i costi consequenziali vengono significativamente ridotti o non si presentano affatto. Inoltre, la maggiore durata della macchina, la tutela della salute delle persone e la protezione dell&#8217;ambiente parlano a favore del concetto.<\/p>\n\t\t\t\t\t\t\t\t<\/div>\n\t\t\t\t<\/div>\n\t\t\t\t<div class=\"elementor-element elementor-element-df3ec3d elementor-widget elementor-widget-heading\" data-id=\"df3ec3d\" data-element_type=\"widget\" data-e-type=\"widget\" data-widget_type=\"heading.default\">\n\t\t\t\t<div class=\"elementor-widget-container\">\n\t\t\t\t\t<h4 class=\"elementor-heading-title elementor-size-default\">Durata degli utensili fortemente aumentata!\n<\/h4>\t\t\t\t<\/div>\n\t\t\t\t<\/div>\n\t\t\t\t<div class=\"elementor-element elementor-element-86ac7f6 elementor-widget elementor-widget-text-editor\" data-id=\"86ac7f6\" data-element_type=\"widget\" data-e-type=\"widget\" data-widget_type=\"text-editor.default\">\n\t\t\t\t<div class=\"elementor-widget-container\">\n\t\t\t\t\t\t\t\t\t<p>Con UNILUBE aumentate senza alcuno sforzo la durata degli utensili dal 15 al 20% \u2013 semplicemente cos\u00ec. Le esperienze dei clienti ci dimostra che \u00e8 possibile aumentare la durata degli utensili anche di cinque volte. In tal caso la velocit\u00e0 di taglio viene aumentata al livello ottimale per la lavorazione quasi a secco e la regolazione del sistema di lubrificazione minima viene selezionata in modo da far s\u00ec che abbia luogo una reale lubrificazione a consumo. Se la velocit\u00e0 di taglio viene aumentata di ulteriori livelli, la durata degli utensili si riduce, ma si risparmia sul tempo di lavorazione. Quindi avete la scelta se per voi \u00e8 pi\u00f9 importante la durata degli utensili o il tempo di lavorazione.<\/p>\n\t\t\t\t\t\t\t\t<\/div>\n\t\t\t\t<\/div>\n\t\t\t\t<div class=\"elementor-element elementor-element-2e62618 elementor-widget elementor-widget-heading\" data-id=\"2e62618\" data-element_type=\"widget\" data-e-type=\"widget\" data-widget_type=\"heading.default\">\n\t\t\t\t<div class=\"elementor-widget-container\">\n\t\t\t\t\t<h4 class=\"elementor-heading-title elementor-size-default\">Superfici perfette\n<\/h4>\t\t\t\t<\/div>\n\t\t\t\t<\/div>\n\t\t\t\t<div class=\"elementor-element elementor-element-b42cfe6 elementor-widget elementor-widget-text-editor\" data-id=\"b42cfe6\" data-element_type=\"widget\" data-e-type=\"widget\" data-widget_type=\"text-editor.default\">\n\t\t\t\t<div class=\"elementor-widget-container\">\n\t\t\t\t\t\t\t\t\t<p>Grazie alla rinuncia a sistemi di filtraggio e all&#8217;utilizzo di un lubrificante ad alte prestazioni privo di particelle estranee, \u00e8 impossibile che microtrucioli o microparticelle tra l&#8217;utensile e il pezzo da lavorare possano graffiare la superficie ultra-fine. Inoltre, la qualit\u00e0 farmaceutica del nostro lubrificante UNILUBE 9107 assicura che la superficie liscia come uno specchio rimanga priva di residui di olio.<\/p>\n\t\t\t\t\t\t\t\t<\/div>\n\t\t\t\t<\/div>\n\t\t\t\t<div class=\"elementor-element elementor-element-bcf3f9d elementor-widget elementor-widget-heading\" data-id=\"bcf3f9d\" data-element_type=\"widget\" data-e-type=\"widget\" data-widget_type=\"heading.default\">\n\t\t\t\t<div class=\"elementor-widget-container\">\n\t\t\t\t\t<h4 class=\"elementor-heading-title elementor-size-default\">Una faccenda pulita: lavorazione quasi a secco\n<\/h4>\t\t\t\t<\/div>\n\t\t\t\t<\/div>\n\t\t\t\t<div class=\"elementor-element elementor-element-16a5f7d elementor-widget elementor-widget-text-editor\" data-id=\"16a5f7d\" data-element_type=\"widget\" data-e-type=\"widget\" data-widget_type=\"text-editor.default\">\n\t\t\t\t<div class=\"elementor-widget-container\">\n\t\t\t\t\t\t\t\t\t<p>Il concetto della lavorazione quasi a secco consente un ambiente di lavoro pulito sotto ogni punto di vista. Grazie alla lubrificazione a consumo, la macchina rimane pulita e asciutta. L&#8217;operatore della macchina ha una visione chiara del processo di lavorazione in ogni momento. Questo pu\u00f2 essere enormemente utile, specialmente nella microlavorazione, ad esempio per monitorare continuamente la flessione o il comportamento instabile del pezzo durante la lavorazione. Per non parlare delle possibilit\u00e0 della misurazione ottica in-process.<\/p>\n<p>Efficiente, pulita e intelligente: la lavorazione quasi a secco \u00e8, per cos\u00ec dire, la gallina dalle uova oro &#8211; ed \u00e8 nata nella nostra azienda! Tutto questo non \u00e8 una coincidenza, perch\u00e9 in UNILUBE ci impegniamo per una forte etica commerciale e sostenibilit\u00e0.<\/p>\n\t\t\t\t\t\t\t\t<\/div>\n\t\t\t\t<\/div>\n\t\t\t\t<div class=\"elementor-element elementor-element-5d4e9a1 elementor-widget elementor-widget-heading\" data-id=\"5d4e9a1\" data-element_type=\"widget\" data-e-type=\"widget\" data-widget_type=\"heading.default\">\n\t\t\t\t<div class=\"elementor-widget-container\">\n\t\t\t\t\t<h4 class=\"elementor-heading-title elementor-size-default\">Argomenti disarmanti per prodotti di alta qualit\u00e0 e allo stesso tempo sostenibili\n<\/h4>\t\t\t\t<\/div>\n\t\t\t\t<\/div>\n\t\t\t\t<div class=\"elementor-element elementor-element-32293ce elementor-widget elementor-widget-text-editor\" data-id=\"32293ce\" data-element_type=\"widget\" data-e-type=\"widget\" data-widget_type=\"text-editor.default\">\n\t\t\t\t<div class=\"elementor-widget-container\">\n\t\t\t\t\t\t\t\t\t<p>Come possiamo conciliare la nostra filosofia aziendale, i nostri valori, con quello che facciamo ogni giorno? Possiamo farlo perseguendo costantemente entrambi gli obiettivi: creare soluzioni tecniche eccellenti e, allo stesso tempo, agire in modo responsabile. Non sosteniamo, per esempio, attivit\u00e0, prodotti e servizi inumani e distruttivi. Piuttosto, consideriamo che il nostro compito \u00e8 quello di dare un contributo alla salute delle persone e dell&#8217;ambiente con la nostra offerta. Tra l\u2019altro, ci\u00f2 significa che non riforniamo aziende facenti parte dell\u2019industria degli armamenti. Inoltre, ci preoccupiamo di garantire che i nostri prodotti non danneggino la salute delle persone. Questo \u00e8 pi\u00f9 evidente nei nostri lubrificanti ad alte prestazioni: qui perseguiamo costantemente la strada difficile delle materie prime esotiche che sono innocue per l&#8217;uomo e l&#8217;ambiente.<\/p>\n\t\t\t\t\t\t\t\t<\/div>\n\t\t\t\t<\/div>\n\t\t\t\t<div class=\"elementor-element elementor-element-4dd9e36 elementor-widget elementor-widget-heading\" data-id=\"4dd9e36\" data-element_type=\"widget\" data-e-type=\"widget\" data-widget_type=\"heading.default\">\n\t\t\t\t<div class=\"elementor-widget-container\">\n\t\t\t\t\t<h4 class=\"elementor-heading-title elementor-size-default\">Pensiamo alla prossima generazione\n<\/h4>\t\t\t\t<\/div>\n\t\t\t\t<\/div>\n\t\t\t\t<div class=\"elementor-element elementor-element-29576d3 elementor-widget elementor-widget-text-editor\" data-id=\"29576d3\" data-element_type=\"widget\" data-e-type=\"widget\" data-widget_type=\"text-editor.default\">\n\t\t\t\t<div class=\"elementor-widget-container\">\n\t\t\t\t\t\t\t\t\t<p>Per noi, sostenibilit\u00e0 significa che ci\u00f2 che abbiamo e usiamo dovrebbe essere disponibile anche per le generazioni future. E nella stessa misura in cui oggi lo diamo per scontato.<\/p>\n<p>Come lo mettiamo in pratica? Ad esempio con prodotti che possiedono una durata di almeno 10 anni. Infatti, in media, i nostri clienti tornano da noi solo dopo 15 anni per richiedere pezzi di ricambio per un sistema che hanno in uso.<\/p>\n\t\t\t\t\t\t\t\t<\/div>\n\t\t\t\t<\/div>\n\t\t\t\t<div class=\"elementor-element elementor-element-df8db19 elementor-widget elementor-widget-heading\" data-id=\"df8db19\" data-element_type=\"widget\" data-e-type=\"widget\" data-widget_type=\"heading.default\">\n\t\t\t\t<div class=\"elementor-widget-container\">\n\t\t\t\t\t<h4 class=\"elementor-heading-title elementor-size-default\">Affrontare le sfide \u2013 o, qualche volta, anche fallire e rialzarsi di nuovo\n<\/h4>\t\t\t\t<\/div>\n\t\t\t\t<\/div>\n\t\t\t\t<div class=\"elementor-element elementor-element-95ad235 elementor-widget elementor-widget-text-editor\" data-id=\"95ad235\" data-element_type=\"widget\" data-e-type=\"widget\" data-widget_type=\"text-editor.default\">\n\t\t\t\t<div class=\"elementor-widget-container\">\n\t\t\t\t\t\t\t\t\t<p>Siamo fedeli ai nostri principi e alle nostre convinzioni e li mettiamo al di sopra del successo economico a breve termine. Perch\u00e9 le sfide globali sono enormi. Oggi vogliamo salvaguardare l&#8217;ambiente, ma con lo stesso comfort e le stesse prestazioni per tutti. Ma questo \u00e8 possibile solo se non sprechiamo risorse e agiamo con lungimiranza. Nel campo della lubrorefrigerazione, abbiamo sviluppato la tecnologia necessaria per lavorare in modo economico ed ecologico \u2013 senza la minima perdita in termini di prestazioni.<\/p>\n\t\t\t\t\t\t\t\t<\/div>\n\t\t\t\t<\/div>\n\t\t\t\t<div class=\"elementor-element elementor-element-e040ce4 elementor-widget elementor-widget-heading\" data-id=\"e040ce4\" data-element_type=\"widget\" data-e-type=\"widget\" data-widget_type=\"heading.default\">\n\t\t\t\t<div class=\"elementor-widget-container\">\n\t\t\t\t\t<h4 class=\"elementor-heading-title elementor-size-default\">Noi promuoviamo il lavoro significativo\n<\/h4>\t\t\t\t<\/div>\n\t\t\t\t<\/div>\n\t\t\t\t<div class=\"elementor-element elementor-element-311db89 elementor-widget elementor-widget-text-editor\" data-id=\"311db89\" data-element_type=\"widget\" data-e-type=\"widget\" data-widget_type=\"text-editor.default\">\n\t\t\t\t<div class=\"elementor-widget-container\">\n\t\t\t\t\t\t\t\t\t<p>Vediamo le vere grandi sfide del futuro nell&#8217;indebolimento della coesione della societ\u00e0 e delle relazioni commerciali. Al contrario, in UNILUBE vogliamo clienti e dipendenti felici e soddisfatti, e noi curiamo queste relazioni e le rispettiamo. Perch\u00e9 siamo convinti che un&#8217;azienda che serve le persone in modo olistico produce a lungo termine molto pi\u00f9 benessere, impegno e valore aggiunto per tutti.<\/p>\n\t\t\t\t\t\t\t\t<\/div>\n\t\t\t\t<\/div>\n\t\t\t\t\t<\/div>\n\t\t<\/div>\n\t\t\t\t\t<\/div>\n\t\t<\/section>\n\t\t\t\t<\/div>\n\t\t","protected":false},"excerpt":{"rendered":"<p>Perch\u00e9 Unilube? In breve: Efficiente: &nbsp;&nbsp; I costi operativi pi\u00f9 bassi per un\u2019elevata economicit\u00e0, riduzione del tempo di lavorazione Pulito:&nbsp;&nbsp; &nbsp;&nbsp;&nbsp; Pezzi e ambiente di lavoro puliti, sostenibile e rispettoso dell\u2019ambiente Intelligente: &nbsp;&nbsp;&nbsp;&nbsp;&nbsp;&nbsp; Tecnologia matura per una migliore qualit\u00e0 e una lunga durata Approfittate del nostro abbattitore dei costi definitivo! Non potrebbe essere pi\u00f9 economico: [&hellip;]<\/p>\n","protected":false},"author":4,"featured_media":0,"parent":0,"menu_order":0,"comment_status":"closed","ping_status":"closed","template":"","meta":{"_acf_changed":false,"footnotes":""},"class_list":["post-1881","page","type-page","status-publish","hentry"],"acf":[],"yoast_head":"<!-- This site is optimized with the Yoast SEO Premium plugin v27.1 (Yoast SEO v27.1.1) - https:\/\/yoast.com\/product\/yoast-seo-premium-wordpress\/ -->\n<title>Perch\u00e9 UNILUBE? | Consapevolmente sostenibile e rispettoso dell&#039;ambiente<\/title>\n<meta name=\"description\" content=\"I costi operativi e il consumo pi\u00f9 bassi in assoluto, la riduzione del tempo di lavorazione, la pulizia dei pezzi e dell&#039;ambiente di lavoro, la lunga durata di vita\" \/>\n<meta name=\"robots\" content=\"index, follow, max-snippet:-1, max-image-preview:large, max-video-preview:-1\" \/>\n<link rel=\"canonical\" href=\"https:\/\/unilube.ch\/it\/perche-unilube\/\" \/>\n<meta property=\"og:locale\" content=\"it_IT\" \/>\n<meta property=\"og:type\" content=\"article\" \/>\n<meta property=\"og:title\" content=\"Perch\u00e9 Unilube?\" \/>\n<meta property=\"og:description\" content=\"I costi operativi e il consumo pi\u00f9 bassi in assoluto, la riduzione del tempo di lavorazione, la pulizia dei pezzi e dell&#039;ambiente di lavoro, la lunga durata di vita\" \/>\n<meta property=\"og:url\" content=\"https:\/\/unilube.ch\/it\/perche-unilube\/\" \/>\n<meta property=\"og:site_name\" content=\"UNILUBE | Quasi-Trockenbearbeitung\" \/>\n<meta property=\"article:modified_time\" content=\"2021-03-23T08:23:24+00:00\" \/>\n<meta name=\"twitter:card\" content=\"summary_large_image\" \/>\n<meta name=\"twitter:label1\" content=\"Tempo di lettura stimato\" \/>\n\t<meta name=\"twitter:data1\" content=\"4 minuti\" \/>\n<script type=\"application\/ld+json\" class=\"yoast-schema-graph\">{\"@context\":\"https:\/\/schema.org\",\"@graph\":[{\"@type\":\"WebPage\",\"@id\":\"https:\/\/unilube.ch\/it\/perche-unilube\/\",\"url\":\"https:\/\/unilube.ch\/it\/perche-unilube\/\",\"name\":\"Perch\u00e9 UNILUBE? | Consapevolmente sostenibile e rispettoso dell'ambiente\",\"isPartOf\":{\"@id\":\"https:\/\/unilube.ch\/#website\"},\"datePublished\":\"2021-03-23T07:58:55+00:00\",\"dateModified\":\"2021-03-23T08:23:24+00:00\",\"description\":\"I costi operativi e il consumo pi\u00f9 bassi in assoluto, la riduzione del tempo di lavorazione, la pulizia dei pezzi e dell'ambiente di lavoro, la lunga durata di vita\",\"breadcrumb\":{\"@id\":\"https:\/\/unilube.ch\/it\/perche-unilube\/#breadcrumb\"},\"inLanguage\":\"it-IT\",\"potentialAction\":[{\"@type\":\"ReadAction\",\"target\":[\"https:\/\/unilube.ch\/it\/perche-unilube\/\"]}]},{\"@type\":\"BreadcrumbList\",\"@id\":\"https:\/\/unilube.ch\/it\/perche-unilube\/#breadcrumb\",\"itemListElement\":[{\"@type\":\"ListItem\",\"position\":1,\"name\":\"Startseite\",\"item\":\"https:\/\/unilube.ch\/it\/\"},{\"@type\":\"ListItem\",\"position\":2,\"name\":\"Perch\u00e9 Unilube?\"}]},{\"@type\":\"WebSite\",\"@id\":\"https:\/\/unilube.ch\/#website\",\"url\":\"https:\/\/unilube.ch\/\",\"name\":\"UNILUBE | Quasi-Trockenbearbeitung\",\"description\":\"Top of Cleantech\",\"potentialAction\":[{\"@type\":\"SearchAction\",\"target\":{\"@type\":\"EntryPoint\",\"urlTemplate\":\"https:\/\/unilube.ch\/?s={search_term_string}\"},\"query-input\":{\"@type\":\"PropertyValueSpecification\",\"valueRequired\":true,\"valueName\":\"search_term_string\"}}],\"inLanguage\":\"it-IT\"}]}<\/script>\n<!-- \/ Yoast SEO Premium plugin. -->","yoast_head_json":{"title":"Perch\u00e9 UNILUBE? | Consapevolmente sostenibile e rispettoso dell'ambiente","description":"I costi operativi e il consumo pi\u00f9 bassi in assoluto, la riduzione del tempo di lavorazione, la pulizia dei pezzi e dell'ambiente di lavoro, la lunga durata di vita","robots":{"index":"index","follow":"follow","max-snippet":"max-snippet:-1","max-image-preview":"max-image-preview:large","max-video-preview":"max-video-preview:-1"},"canonical":"https:\/\/unilube.ch\/it\/perche-unilube\/","og_locale":"it_IT","og_type":"article","og_title":"Perch\u00e9 Unilube?","og_description":"I costi operativi e il consumo pi\u00f9 bassi in assoluto, la riduzione del tempo di lavorazione, la pulizia dei pezzi e dell'ambiente di lavoro, la lunga durata di vita","og_url":"https:\/\/unilube.ch\/it\/perche-unilube\/","og_site_name":"UNILUBE | Quasi-Trockenbearbeitung","article_modified_time":"2021-03-23T08:23:24+00:00","twitter_card":"summary_large_image","twitter_misc":{"Tempo di lettura stimato":"4 minuti"},"schema":{"@context":"https:\/\/schema.org","@graph":[{"@type":"WebPage","@id":"https:\/\/unilube.ch\/it\/perche-unilube\/","url":"https:\/\/unilube.ch\/it\/perche-unilube\/","name":"Perch\u00e9 UNILUBE? | Consapevolmente sostenibile e rispettoso dell'ambiente","isPartOf":{"@id":"https:\/\/unilube.ch\/#website"},"datePublished":"2021-03-23T07:58:55+00:00","dateModified":"2021-03-23T08:23:24+00:00","description":"I costi operativi e il consumo pi\u00f9 bassi in assoluto, la riduzione del tempo di lavorazione, la pulizia dei pezzi e dell'ambiente di lavoro, la lunga durata di vita","breadcrumb":{"@id":"https:\/\/unilube.ch\/it\/perche-unilube\/#breadcrumb"},"inLanguage":"it-IT","potentialAction":[{"@type":"ReadAction","target":["https:\/\/unilube.ch\/it\/perche-unilube\/"]}]},{"@type":"BreadcrumbList","@id":"https:\/\/unilube.ch\/it\/perche-unilube\/#breadcrumb","itemListElement":[{"@type":"ListItem","position":1,"name":"Startseite","item":"https:\/\/unilube.ch\/it\/"},{"@type":"ListItem","position":2,"name":"Perch\u00e9 Unilube?"}]},{"@type":"WebSite","@id":"https:\/\/unilube.ch\/#website","url":"https:\/\/unilube.ch\/","name":"UNILUBE | Quasi-Trockenbearbeitung","description":"Top of Cleantech","potentialAction":[{"@type":"SearchAction","target":{"@type":"EntryPoint","urlTemplate":"https:\/\/unilube.ch\/?s={search_term_string}"},"query-input":{"@type":"PropertyValueSpecification","valueRequired":true,"valueName":"search_term_string"}}],"inLanguage":"it-IT"}]}},"_links":{"self":[{"href":"https:\/\/unilube.ch\/it\/wp-json\/wp\/v2\/pages\/1881","targetHints":{"allow":["GET"]}}],"collection":[{"href":"https:\/\/unilube.ch\/it\/wp-json\/wp\/v2\/pages"}],"about":[{"href":"https:\/\/unilube.ch\/it\/wp-json\/wp\/v2\/types\/page"}],"author":[{"embeddable":true,"href":"https:\/\/unilube.ch\/it\/wp-json\/wp\/v2\/users\/4"}],"replies":[{"embeddable":true,"href":"https:\/\/unilube.ch\/it\/wp-json\/wp\/v2\/comments?post=1881"}],"version-history":[{"count":3,"href":"https:\/\/unilube.ch\/it\/wp-json\/wp\/v2\/pages\/1881\/revisions"}],"predecessor-version":[{"id":1998,"href":"https:\/\/unilube.ch\/it\/wp-json\/wp\/v2\/pages\/1881\/revisions\/1998"}],"wp:attachment":[{"href":"https:\/\/unilube.ch\/it\/wp-json\/wp\/v2\/media?parent=1881"}],"curies":[{"name":"wp","href":"https:\/\/api.w.org\/{rel}","templated":true}]}}