{"id":1928,"date":"2021-03-23T08:59:53","date_gmt":"2021-03-23T07:59:53","guid":{"rendered":"https:\/\/unilube.ch\/sistemi-di-lubrificazione-minima\/"},"modified":"2022-02-09T15:29:02","modified_gmt":"2022-02-09T14:29:02","slug":"sistemi-di-lubrificazione-minima","status":"publish","type":"page","link":"https:\/\/unilube.ch\/it\/sistemi-di-lubrificazione-minima\/","title":{"rendered":"Sistemi di Lubrificazione Minima"},"content":{"rendered":"\t\t<div data-elementor-type=\"wp-page\" data-elementor-id=\"1928\" class=\"elementor elementor-1928 elementor-810\" data-elementor-post-type=\"page\">\n\t\t\t\t\t\t<section class=\"elementor-section elementor-top-section elementor-element elementor-element-15ff730c elementor-section-boxed elementor-section-height-default elementor-section-height-default\" data-id=\"15ff730c\" data-element_type=\"section\" data-e-type=\"section\">\n\t\t\t\t\t\t<div class=\"elementor-container elementor-column-gap-default\">\n\t\t\t\t\t<div class=\"elementor-column elementor-col-100 elementor-top-column elementor-element elementor-element-7dee3779\" data-id=\"7dee3779\" data-element_type=\"column\" data-e-type=\"column\">\n\t\t\t<div class=\"elementor-widget-wrap elementor-element-populated\">\n\t\t\t\t\t\t<div class=\"elementor-element elementor-element-639c8b9 elementor-icon-list--layout-inline elementor-align-start breadcrumbs elementor-list-item-link-full_width elementor-widget elementor-widget-icon-list\" data-id=\"639c8b9\" data-element_type=\"widget\" data-e-type=\"widget\" data-widget_type=\"icon-list.default\">\n\t\t\t\t<div class=\"elementor-widget-container\">\n\t\t\t\t\t\t\t<ul class=\"elementor-icon-list-items elementor-inline-items\">\n\t\t\t\t\t\t\t<li class=\"elementor-icon-list-item elementor-inline-item\">\n\t\t\t\t\t\t\t\t\t\t\t<a href=\"https:\/\/unilube.ch\/it\/\">\n\n\t\t\t\t\t\t\t\t\t\t\t\t<span class=\"elementor-icon-list-icon\">\n\t\t\t\t\t\t\t<i aria-hidden=\"true\" class=\"fas fa-home\"><\/i>\t\t\t\t\t\t<\/span>\n\t\t\t\t\t\t\t\t\t\t<span class=\"elementor-icon-list-text\"><\/span>\n\t\t\t\t\t\t\t\t\t\t\t<\/a>\n\t\t\t\t\t\t\t\t\t<\/li>\n\t\t\t\t\t\t\t\t<li class=\"elementor-icon-list-item elementor-inline-item\">\n\t\t\t\t\t\t\t\t\t\t\t<a href=\"https:\/\/unilube.ch\/it\/sistemi-di-lubrificazione-minima\/\">\n\n\t\t\t\t\t\t\t\t\t\t\t\t<span class=\"elementor-icon-list-icon\">\n\t\t\t\t\t\t\t<i aria-hidden=\"true\" class=\"fas fa-circle\"><\/i>\t\t\t\t\t\t<\/span>\n\t\t\t\t\t\t\t\t\t\t<span class=\"elementor-icon-list-text\">Know-how<\/span>\n\t\t\t\t\t\t\t\t\t\t\t<\/a>\n\t\t\t\t\t\t\t\t\t<\/li>\n\t\t\t\t\t\t\t\t<li class=\"elementor-icon-list-item elementor-inline-item\">\n\t\t\t\t\t\t\t\t\t\t\t<span class=\"elementor-icon-list-icon\">\n\t\t\t\t\t\t\t<i aria-hidden=\"true\" class=\"fas fa-circle\"><\/i>\t\t\t\t\t\t<\/span>\n\t\t\t\t\t\t\t\t\t\t<span class=\"elementor-icon-list-text\">Sistemi di Lubrificazione Minima<\/span>\n\t\t\t\t\t\t\t\t\t<\/li>\n\t\t\t\t\t\t<\/ul>\n\t\t\t\t\t\t<\/div>\n\t\t\t\t<\/div>\n\t\t\t\t\t<\/div>\n\t\t<\/div>\n\t\t\t\t\t<\/div>\n\t\t<\/section>\n\t\t\t\t<section class=\"elementor-section elementor-top-section elementor-element elementor-element-9478f9b elementor-section-height-min-height elementor-section-items-bottom elementor-section-boxed elementor-section-height-default\" data-id=\"9478f9b\" data-element_type=\"section\" data-e-type=\"section\" data-settings=\"{&quot;background_background&quot;:&quot;classic&quot;}\">\n\t\t\t\t\t\t<div class=\"elementor-container elementor-column-gap-default\">\n\t\t\t\t\t<div class=\"elementor-column elementor-col-50 elementor-top-column elementor-element elementor-element-9fd6747\" data-id=\"9fd6747\" data-element_type=\"column\" data-e-type=\"column\">\n\t\t\t<div class=\"elementor-widget-wrap elementor-element-populated\">\n\t\t\t\t\t\t<div class=\"elementor-element elementor-element-fdd4e5b table_display heading_yellow elementor-widget elementor-widget-heading\" data-id=\"fdd4e5b\" data-element_type=\"widget\" data-e-type=\"widget\" data-widget_type=\"heading.default\">\n\t\t\t\t<div class=\"elementor-widget-container\">\n\t\t\t\t\t<h2 class=\"elementor-heading-title elementor-size-default\">Sistemi di Lubrificazione Minima<\/h2>\t\t\t\t<\/div>\n\t\t\t\t<\/div>\n\t\t\t\t\t<\/div>\n\t\t<\/div>\n\t\t\t\t<div class=\"elementor-column elementor-col-50 elementor-top-column elementor-element elementor-element-cb69755\" data-id=\"cb69755\" data-element_type=\"column\" data-e-type=\"column\">\n\t\t\t<div class=\"elementor-widget-wrap\">\n\t\t\t\t\t\t\t<\/div>\n\t\t<\/div>\n\t\t\t\t\t<\/div>\n\t\t<\/section>\n\t\t\t\t<section class=\"elementor-section elementor-top-section elementor-element elementor-element-d417f70 elementor-section-boxed elementor-section-height-default elementor-section-height-default\" data-id=\"d417f70\" data-element_type=\"section\" data-e-type=\"section\">\n\t\t\t\t\t\t<div class=\"elementor-container elementor-column-gap-default\">\n\t\t\t\t\t<div class=\"elementor-column elementor-col-100 elementor-top-column elementor-element elementor-element-765d2d2\" data-id=\"765d2d2\" data-element_type=\"column\" data-e-type=\"column\">\n\t\t\t<div class=\"elementor-widget-wrap elementor-element-populated\">\n\t\t\t\t\t\t<div class=\"elementor-element elementor-element-28e15e7 elementor-widget elementor-widget-heading\" data-id=\"28e15e7\" data-element_type=\"widget\" data-e-type=\"widget\" data-widget_type=\"heading.default\">\n\t\t\t\t<div class=\"elementor-widget-container\">\n\t\t\t\t\t<h3 class=\"elementor-heading-title elementor-size-default\">Riduzione drastica dei costi operativi e durata degli utensili infinita. Massima efficienza grazie a tempi di lavorazione ridotti al minimo. Questo \u00e8 ci\u00f2 che rappresentano i Sistemi di Lubrificazione Minima di UNILUBE\n\n<\/h3>\t\t\t\t<\/div>\n\t\t\t\t<\/div>\n\t\t\t\t<div class=\"elementor-element elementor-element-f5188ed elementor-widget elementor-widget-text-editor\" data-id=\"f5188ed\" data-element_type=\"widget\" data-e-type=\"widget\" data-widget_type=\"text-editor.default\">\n\t\t\t\t<div class=\"elementor-widget-container\">\n\t\t\t\t\t\t\t\t\t<p>Tecnologia pregiata di produzione svizzera: Il programma dei\u00a0<a href=\"https:\/\/unilube.ch\/it\/products_category\/sistemi-di-lubrificazione\/\">Sistemi di Lubrificazione Minima<\/a>\u00a0della UNILUBE AG, unici al mondo, \u00e8 composto principalmente dalle due varianti di modello mature POPLUBE ed ECOLUBE. Il concetto di lubrificazione a consumo su cui si basano contribuisce al fatto che la tecnologia di lubrificazione minimale pu\u00f2 essere implementata con profitto nel pi\u00f9 breve tempo possibile. E questo soprattutto nel caso di una gestione restrittiva dei costi con investimenti ridotti.<\/p>\t\t\t\t\t\t\t\t<\/div>\n\t\t\t\t<\/div>\n\t\t\t\t<div class=\"elementor-element elementor-element-5598182 elementor-widget elementor-widget-image\" data-id=\"5598182\" data-element_type=\"widget\" data-e-type=\"widget\" data-widget_type=\"image.default\">\n\t\t\t\t<div class=\"elementor-widget-container\">\n\t\t\t\t\t\t\t\t\t\t\t\t\t\t\t<img fetchpriority=\"high\" decoding=\"async\" width=\"1985\" height=\"595\" src=\"https:\/\/unilube.ch\/wp-content\/uploads\/2020\/11\/Unilube-Minimalschmiersysteme-Uebersicht.jpg\" class=\"attachment-full size-full wp-image-2230\" alt=\"Mostra una panoramica dei possibili sistemi di lubrificazione minima di Unilube per l&#039;utilizzo della lubrificazione minimale.\" srcset=\"https:\/\/unilube.ch\/wp-content\/uploads\/2020\/11\/Unilube-Minimalschmiersysteme-Uebersicht.jpg 1985w, https:\/\/unilube.ch\/wp-content\/uploads\/2020\/11\/Unilube-Minimalschmiersysteme-Uebersicht-300x90.jpg 300w, https:\/\/unilube.ch\/wp-content\/uploads\/2020\/11\/Unilube-Minimalschmiersysteme-Uebersicht-1024x307.jpg 1024w, https:\/\/unilube.ch\/wp-content\/uploads\/2020\/11\/Unilube-Minimalschmiersysteme-Uebersicht-768x230.jpg 768w, https:\/\/unilube.ch\/wp-content\/uploads\/2020\/11\/Unilube-Minimalschmiersysteme-Uebersicht-1536x460.jpg 1536w\" sizes=\"(max-width: 1985px) 100vw, 1985px\" \/>\t\t\t\t\t\t\t\t\t\t\t\t\t\t\t<\/div>\n\t\t\t\t<\/div>\n\t\t\t\t<div class=\"elementor-element elementor-element-50d2f31 elementor-widget elementor-widget-heading\" data-id=\"50d2f31\" data-element_type=\"widget\" data-e-type=\"widget\" data-widget_type=\"heading.default\">\n\t\t\t\t<div class=\"elementor-widget-container\">\n\t\t\t\t\t<h3 class=\"elementor-heading-title elementor-size-default\">Quale serie per quale scopo?\n<\/h3>\t\t\t\t<\/div>\n\t\t\t\t<\/div>\n\t\t\t\t<div class=\"elementor-element elementor-element-e915b6d elementor-widget elementor-widget-heading\" data-id=\"e915b6d\" data-element_type=\"widget\" data-e-type=\"widget\" data-widget_type=\"heading.default\">\n\t\t\t\t<div class=\"elementor-widget-container\">\n\t\t\t\t\t<h3 class=\"elementor-heading-title elementor-size-default\">POPLUBE: Economica e universale\n<\/h3>\t\t\t\t<\/div>\n\t\t\t\t<\/div>\n\t\t\t\t<div class=\"elementor-element elementor-element-e536159 elementor-widget elementor-widget-text-editor\" data-id=\"e536159\" data-element_type=\"widget\" data-e-type=\"widget\" data-widget_type=\"text-editor.default\">\n\t\t\t\t<div class=\"elementor-widget-container\">\n\t\t\t\t\t\t\t\t\t<p>I sistemi economici della serie entry-level\u00a0<a href=\"https:\/\/unilube.ch\/it\/products\/poplube-2d\/\">POPLUBE<\/a>\u00a0sono perfettamente adatti alla foratura, fresatura e tornitura nell&#8217;ingegneria meccanica generale. POPLUBE offre anche tutti i vantaggi di una vera lubrificazione a consumo nella lavorazione dei materiali pi\u00f9 svariati. La quantit\u00e0 di lubrificante da applicare pu\u00f2 essere regolata fino a 2 ml all&#8217;ora nel funzionamento continuo. Il flusso d&#8217;aria e l&#8217;erogazione del lubrificante possono essere controllati manualmente o automaticamente, per esempio con una funzione M dal controllo macchina.<\/p>\t\t\t\t\t\t\t\t<\/div>\n\t\t\t\t<\/div>\n\t\t\t\t<div class=\"elementor-element elementor-element-37ba50f elementor-widget elementor-widget-heading\" data-id=\"37ba50f\" data-element_type=\"widget\" data-e-type=\"widget\" data-widget_type=\"heading.default\">\n\t\t\t\t<div class=\"elementor-widget-container\">\n\t\t\t\t\t<h3 class=\"elementor-heading-title elementor-size-default\">ECOLUBE: Perfezione nella lavorazione quasi a secco\n<\/h3>\t\t\t\t<\/div>\n\t\t\t\t<\/div>\n\t\t\t\t<div class=\"elementor-element elementor-element-dd680da elementor-widget elementor-widget-text-editor\" data-id=\"dd680da\" data-element_type=\"widget\" data-e-type=\"widget\" data-widget_type=\"text-editor.default\">\n\t\t\t\t<div class=\"elementor-widget-container\">\n\t\t\t\t\t\t\t\t\t<p>La serie ad alta precisione\u00a0<a href=\"https:\/\/unilube.ch\/it\/products\/ecolube-2d\/\">ECOLUBE<\/a>\u00a0\u00e8 perfetta per tutte le moderne macchine utensile. Con la possibilit\u00e0 di una lavorazione quasi a secco calibrata in modo preciso, si possono ottenere risultati fantastici. La microlavorazione nella meccanica di precisione o l\u2019asportazione di trucioli ad alta velocit\u00e0 (HSC) nella costruzione di stampi sono solo due degli innumerevoli esempi di applicazione. In questo caso viene creato un film microlubrificante permanente con una dose minima di lubrificante da record di 0,5 ml all&#8217;ora per consentire una lubrificazione a consumo altamente efficace.<\/p>\t\t\t\t\t\t\t\t<\/div>\n\t\t\t\t<\/div>\n\t\t\t\t<div class=\"elementor-element elementor-element-ad3748d elementor-widget elementor-widget-heading\" data-id=\"ad3748d\" data-element_type=\"widget\" data-e-type=\"widget\" data-widget_type=\"heading.default\">\n\t\t\t\t<div class=\"elementor-widget-container\">\n\t\t\t\t\t<h3 class=\"elementor-heading-title elementor-size-default\">Particolarmente flessibile grazie alla struttura modulare\n<\/h3>\t\t\t\t<\/div>\n\t\t\t\t<\/div>\n\t\t\t\t<div class=\"elementor-element elementor-element-6f7f26c elementor-widget elementor-widget-text-editor\" data-id=\"6f7f26c\" data-element_type=\"widget\" data-e-type=\"widget\" data-widget_type=\"text-editor.default\">\n\t\t\t\t<div class=\"elementor-widget-container\">\n\t\t\t\t\t\t\t\t\t<p>Un grande vantaggio: Entrambe le varianti dei Sistemi di Lubrificazione Minima hanno una struttura modulare. Pertanto, con il POPLUBE, i sistemi possono essere configurati con uno fino a tre dosatori. Nel caso dell\u2019ECOLUBE \u00e8 addirittura possibile utilizzare fino a otto dosatori. Inoltre, i micro dosatori sono opzionalmente dotati di serbatoi con 0,3, 0,8 o 1,5 litri di riserva di lubrificante e monitoraggio del livello. Poich\u00e9 l&#8217;aria miscelata e il lubrificante vengono trasportati separatamente attraverso tubazioni coassiali ad alta pressione d&#8217;esercizio, i Sistemi di Lubrificazione Minima funzionano indipendentemente dalle lunghezza delle tubazioni. I pi\u00f9 svariati tipi di geometrie di utensili vengono alimentati in modo estremamente affidabile e con un&#8217;applicazione del film di lubrificante assolutamente uniforme e sottilissimo.<\/p>\n\t\t\t\t\t\t\t\t<\/div>\n\t\t\t\t<\/div>\n\t\t\t\t<div class=\"elementor-element elementor-element-7e37b1b elementor-widget elementor-widget-heading\" data-id=\"7e37b1b\" data-element_type=\"widget\" data-e-type=\"widget\" data-widget_type=\"heading.default\">\n\t\t\t\t<div class=\"elementor-widget-container\">\n\t\t\t\t\t<h3 class=\"elementor-heading-title elementor-size-default\">Sfruttate le potenzialit\u00e0 degli utensili lubrificati internamente (IKZ)\n<\/h3>\t\t\t\t<\/div>\n\t\t\t\t<\/div>\n\t\t\t\t<div class=\"elementor-element elementor-element-cfb3409 elementor-widget elementor-widget-text-editor\" data-id=\"cfb3409\" data-element_type=\"widget\" data-e-type=\"widget\" data-widget_type=\"text-editor.default\">\n\t\t\t\t<div class=\"elementor-widget-container\">\n\t\t\t\t\t\t\t\t\t<p>Tecnologia sofisticata per processi efficienti e sicuri. Grazie alla tecnologia degli ugelli TIMJET sviluppata appositamente da UNILUBE, l&#8217;aerosol microfine viene generato solo direttamente davanti al giunto rotante sul mandrino portautensile. Fino al TIMJET, l&#8217;aria e il lubrificante vengono alimentati separatamente. A seconda del dimensionamento del passaggio del mandrino e della geometria dell&#8217;utensile, sono disponibili a scelta versioni TIMJET con uno o due attacchi per l\u2019aria e per il lubrificante.<\/p>\n<p>Grazie alla tecnologia TIMJET, la lubrificazione minimale \u00e8 garantita anche per gli utensili di tornitura o i pi\u00f9 piccoli canali. Grazie all&#8217;alimentazione interna con uscite dell&#8217;ugello sul petto e sul fianco, beneficiate di un&#8217;efficienza energetica molto alta. In confronto, i costosi sistemi di raffreddamento ad alta pressione fino a 150 bar o i booster di aerosol non possono semplicemente competere in questo senso. Con gli utensili lubrificati internamente con UNILUBE, potete prolungare la durata degli utensili a prezzi imbattibili e migliorare significativamente la stabilit\u00e0 del processo.<\/p>\n\t\t\t\t\t\t\t\t<\/div>\n\t\t\t\t<\/div>\n\t\t\t\t<div class=\"elementor-element elementor-element-ca5b8a0 elementor-widget elementor-widget-text-editor\" data-id=\"ca5b8a0\" data-element_type=\"widget\" data-e-type=\"widget\" data-widget_type=\"text-editor.default\">\n\t\t\t\t<div class=\"elementor-widget-container\">\n\t\t\t\t\t\t\t\t\t<p>Qui si va ai prodotti: <a href=\"https:\/\/unilube.ch\/it\/products_category\/sistemi-di-lubrificazione\/\">Sistemi di Lubrificazione Minima<\/a><\/p>\t\t\t\t\t\t\t\t<\/div>\n\t\t\t\t<\/div>\n\t\t\t\t\t<\/div>\n\t\t<\/div>\n\t\t\t\t\t<\/div>\n\t\t<\/section>\n\t\t\t\t<\/div>\n\t\t","protected":false},"excerpt":{"rendered":"<p>Know-how Riduzione drastica dei costi operativi e durata degli utensili infinita. Massima efficienza grazie a tempi di lavorazione ridotti al minimo. Questo \u00e8 ci\u00f2 che rappresentano i Sistemi di Lubrificazione Minima di UNILUBE Tecnologia pregiata di produzione svizzera: Il programma dei\u00a0Sistemi di Lubrificazione Minima\u00a0della UNILUBE AG, unici al mondo, \u00e8 composto principalmente dalle due varianti [&hellip;]<\/p>\n","protected":false},"author":4,"featured_media":0,"parent":0,"menu_order":0,"comment_status":"closed","ping_status":"closed","template":"","meta":{"_acf_changed":false,"footnotes":""},"class_list":["post-1928","page","type-page","status-publish","hentry"],"acf":[],"yoast_head":"<!-- This site is optimized with the Yoast SEO Premium plugin v27.4 (Yoast SEO v27.4) - https:\/\/yoast.com\/product\/yoast-seo-premium-wordpress\/ -->\n<title>Know-how UNILUBE | Sistemi di Lubrificazione Minima | Panoramica<\/title>\n<meta name=\"description\" content=\"Il Sistema di Lubrificazione Minima corretto per la lubrificazione minimale: Qui troverete la serie giusta \u2013 dalla tornitura, alla fresatura fino alla formatura.\" \/>\n<meta name=\"robots\" content=\"index, follow, max-snippet:-1, max-image-preview:large, max-video-preview:-1\" \/>\n<link rel=\"canonical\" href=\"https:\/\/unilube.ch\/it\/sistemi-di-lubrificazione-minima\/\" \/>\n<meta property=\"og:locale\" content=\"it_IT\" \/>\n<meta property=\"og:type\" content=\"article\" \/>\n<meta property=\"og:title\" content=\"Sistemi di Lubrificazione Minima\" \/>\n<meta property=\"og:description\" content=\"Il Sistema di Lubrificazione Minima corretto per la lubrificazione minimale: Qui troverete la serie giusta \u2013 dalla tornitura, alla fresatura fino alla formatura.\" \/>\n<meta property=\"og:url\" content=\"https:\/\/unilube.ch\/it\/sistemi-di-lubrificazione-minima\/\" \/>\n<meta property=\"og:site_name\" content=\"UNILUBE | Quasi-Trockenbearbeitung\" \/>\n<meta property=\"article:modified_time\" content=\"2022-02-09T14:29:02+00:00\" \/>\n<meta property=\"og:image\" content=\"https:\/\/unilube.ch\/wp-content\/uploads\/2020\/11\/Unilube-Minimalschmiersysteme-Uebersicht.jpg\" \/>\n<meta name=\"twitter:card\" content=\"summary_large_image\" \/>\n<meta name=\"twitter:label1\" content=\"Tempo di lettura stimato\" \/>\n\t<meta name=\"twitter:data1\" content=\"4 minuti\" \/>\n<script type=\"application\/ld+json\" class=\"yoast-schema-graph\">{\"@context\":\"https:\\\/\\\/schema.org\",\"@graph\":[{\"@type\":\"WebPage\",\"@id\":\"https:\\\/\\\/unilube.ch\\\/it\\\/sistemi-di-lubrificazione-minima\\\/\",\"url\":\"https:\\\/\\\/unilube.ch\\\/it\\\/sistemi-di-lubrificazione-minima\\\/\",\"name\":\"Know-how UNILUBE | Sistemi di Lubrificazione Minima | Panoramica\",\"isPartOf\":{\"@id\":\"https:\\\/\\\/unilube.ch\\\/#website\"},\"primaryImageOfPage\":{\"@id\":\"https:\\\/\\\/unilube.ch\\\/it\\\/sistemi-di-lubrificazione-minima\\\/#primaryimage\"},\"image\":{\"@id\":\"https:\\\/\\\/unilube.ch\\\/it\\\/sistemi-di-lubrificazione-minima\\\/#primaryimage\"},\"thumbnailUrl\":\"https:\\\/\\\/unilube.ch\\\/wp-content\\\/uploads\\\/2020\\\/11\\\/Unilube-Minimalschmiersysteme-Uebersicht.jpg\",\"datePublished\":\"2021-03-23T07:59:53+00:00\",\"dateModified\":\"2022-02-09T14:29:02+00:00\",\"description\":\"Il Sistema di Lubrificazione Minima corretto per la lubrificazione minimale: Qui troverete la serie giusta \u2013 dalla tornitura, alla fresatura fino alla formatura.\",\"breadcrumb\":{\"@id\":\"https:\\\/\\\/unilube.ch\\\/it\\\/sistemi-di-lubrificazione-minima\\\/#breadcrumb\"},\"inLanguage\":\"it-IT\",\"potentialAction\":[{\"@type\":\"ReadAction\",\"target\":[\"https:\\\/\\\/unilube.ch\\\/it\\\/sistemi-di-lubrificazione-minima\\\/\"]}]},{\"@type\":\"ImageObject\",\"inLanguage\":\"it-IT\",\"@id\":\"https:\\\/\\\/unilube.ch\\\/it\\\/sistemi-di-lubrificazione-minima\\\/#primaryimage\",\"url\":\"https:\\\/\\\/unilube.ch\\\/wp-content\\\/uploads\\\/2020\\\/11\\\/Unilube-Minimalschmiersysteme-Uebersicht.jpg\",\"contentUrl\":\"https:\\\/\\\/unilube.ch\\\/wp-content\\\/uploads\\\/2020\\\/11\\\/Unilube-Minimalschmiersysteme-Uebersicht.jpg\"},{\"@type\":\"BreadcrumbList\",\"@id\":\"https:\\\/\\\/unilube.ch\\\/it\\\/sistemi-di-lubrificazione-minima\\\/#breadcrumb\",\"itemListElement\":[{\"@type\":\"ListItem\",\"position\":1,\"name\":\"Startseite\",\"item\":\"https:\\\/\\\/unilube.ch\\\/it\\\/\"},{\"@type\":\"ListItem\",\"position\":2,\"name\":\"Sistemi di Lubrificazione Minima\"}]},{\"@type\":\"WebSite\",\"@id\":\"https:\\\/\\\/unilube.ch\\\/#website\",\"url\":\"https:\\\/\\\/unilube.ch\\\/\",\"name\":\"UNILUBE | Quasi-Trockenbearbeitung\",\"description\":\"Top of Cleantech\",\"potentialAction\":[{\"@type\":\"SearchAction\",\"target\":{\"@type\":\"EntryPoint\",\"urlTemplate\":\"https:\\\/\\\/unilube.ch\\\/?s={search_term_string}\"},\"query-input\":{\"@type\":\"PropertyValueSpecification\",\"valueRequired\":true,\"valueName\":\"search_term_string\"}}],\"inLanguage\":\"it-IT\"}]}<\/script>\n<!-- \/ Yoast SEO Premium plugin. -->","yoast_head_json":{"title":"Know-how UNILUBE | Sistemi di Lubrificazione Minima | Panoramica","description":"Il Sistema di Lubrificazione Minima corretto per la lubrificazione minimale: Qui troverete la serie giusta \u2013 dalla tornitura, alla fresatura fino alla formatura.","robots":{"index":"index","follow":"follow","max-snippet":"max-snippet:-1","max-image-preview":"max-image-preview:large","max-video-preview":"max-video-preview:-1"},"canonical":"https:\/\/unilube.ch\/it\/sistemi-di-lubrificazione-minima\/","og_locale":"it_IT","og_type":"article","og_title":"Sistemi di Lubrificazione Minima","og_description":"Il Sistema di Lubrificazione Minima corretto per la lubrificazione minimale: Qui troverete la serie giusta \u2013 dalla tornitura, alla fresatura fino alla formatura.","og_url":"https:\/\/unilube.ch\/it\/sistemi-di-lubrificazione-minima\/","og_site_name":"UNILUBE | Quasi-Trockenbearbeitung","article_modified_time":"2022-02-09T14:29:02+00:00","og_image":[{"url":"https:\/\/unilube.ch\/wp-content\/uploads\/2020\/11\/Unilube-Minimalschmiersysteme-Uebersicht.jpg","type":"","width":"","height":""}],"twitter_card":"summary_large_image","twitter_misc":{"Tempo di lettura stimato":"4 minuti"},"schema":{"@context":"https:\/\/schema.org","@graph":[{"@type":"WebPage","@id":"https:\/\/unilube.ch\/it\/sistemi-di-lubrificazione-minima\/","url":"https:\/\/unilube.ch\/it\/sistemi-di-lubrificazione-minima\/","name":"Know-how UNILUBE | Sistemi di Lubrificazione Minima | Panoramica","isPartOf":{"@id":"https:\/\/unilube.ch\/#website"},"primaryImageOfPage":{"@id":"https:\/\/unilube.ch\/it\/sistemi-di-lubrificazione-minima\/#primaryimage"},"image":{"@id":"https:\/\/unilube.ch\/it\/sistemi-di-lubrificazione-minima\/#primaryimage"},"thumbnailUrl":"https:\/\/unilube.ch\/wp-content\/uploads\/2020\/11\/Unilube-Minimalschmiersysteme-Uebersicht.jpg","datePublished":"2021-03-23T07:59:53+00:00","dateModified":"2022-02-09T14:29:02+00:00","description":"Il Sistema di Lubrificazione Minima corretto per la lubrificazione minimale: Qui troverete la serie giusta \u2013 dalla tornitura, alla fresatura fino alla formatura.","breadcrumb":{"@id":"https:\/\/unilube.ch\/it\/sistemi-di-lubrificazione-minima\/#breadcrumb"},"inLanguage":"it-IT","potentialAction":[{"@type":"ReadAction","target":["https:\/\/unilube.ch\/it\/sistemi-di-lubrificazione-minima\/"]}]},{"@type":"ImageObject","inLanguage":"it-IT","@id":"https:\/\/unilube.ch\/it\/sistemi-di-lubrificazione-minima\/#primaryimage","url":"https:\/\/unilube.ch\/wp-content\/uploads\/2020\/11\/Unilube-Minimalschmiersysteme-Uebersicht.jpg","contentUrl":"https:\/\/unilube.ch\/wp-content\/uploads\/2020\/11\/Unilube-Minimalschmiersysteme-Uebersicht.jpg"},{"@type":"BreadcrumbList","@id":"https:\/\/unilube.ch\/it\/sistemi-di-lubrificazione-minima\/#breadcrumb","itemListElement":[{"@type":"ListItem","position":1,"name":"Startseite","item":"https:\/\/unilube.ch\/it\/"},{"@type":"ListItem","position":2,"name":"Sistemi di Lubrificazione Minima"}]},{"@type":"WebSite","@id":"https:\/\/unilube.ch\/#website","url":"https:\/\/unilube.ch\/","name":"UNILUBE | Quasi-Trockenbearbeitung","description":"Top of Cleantech","potentialAction":[{"@type":"SearchAction","target":{"@type":"EntryPoint","urlTemplate":"https:\/\/unilube.ch\/?s={search_term_string}"},"query-input":{"@type":"PropertyValueSpecification","valueRequired":true,"valueName":"search_term_string"}}],"inLanguage":"it-IT"}]}},"_links":{"self":[{"href":"https:\/\/unilube.ch\/it\/wp-json\/wp\/v2\/pages\/1928","targetHints":{"allow":["GET"]}}],"collection":[{"href":"https:\/\/unilube.ch\/it\/wp-json\/wp\/v2\/pages"}],"about":[{"href":"https:\/\/unilube.ch\/it\/wp-json\/wp\/v2\/types\/page"}],"author":[{"embeddable":true,"href":"https:\/\/unilube.ch\/it\/wp-json\/wp\/v2\/users\/4"}],"replies":[{"embeddable":true,"href":"https:\/\/unilube.ch\/it\/wp-json\/wp\/v2\/comments?post=1928"}],"version-history":[{"count":19,"href":"https:\/\/unilube.ch\/it\/wp-json\/wp\/v2\/pages\/1928\/revisions"}],"predecessor-version":[{"id":2866,"href":"https:\/\/unilube.ch\/it\/wp-json\/wp\/v2\/pages\/1928\/revisions\/2866"}],"wp:attachment":[{"href":"https:\/\/unilube.ch\/it\/wp-json\/wp\/v2\/media?parent=1928"}],"curies":[{"name":"wp","href":"https:\/\/api.w.org\/{rel}","templated":true}]}}