{"id":1942,"date":"2021-03-23T09:00:18","date_gmt":"2021-03-23T08:00:18","guid":{"rendered":"https:\/\/unilube.ch\/sistemi-di-lubrificazione-minima\/la-truciolatura-al-centro-dellattenzione\/"},"modified":"2021-03-23T09:33:05","modified_gmt":"2021-03-23T08:33:05","slug":"la-truciolatura-al-centro-dellattenzione","status":"publish","type":"page","link":"https:\/\/unilube.ch\/it\/sistemi-di-lubrificazione-minima\/la-truciolatura-al-centro-dellattenzione\/","title":{"rendered":"La truciolatura al centro dell\u2019attenzione"},"content":{"rendered":"\t\t<div data-elementor-type=\"wp-page\" data-elementor-id=\"1942\" class=\"elementor elementor-1942 elementor-839\" data-elementor-post-type=\"page\">\n\t\t\t\t\t\t<section class=\"elementor-section elementor-top-section elementor-element elementor-element-15ff730c elementor-section-boxed elementor-section-height-default elementor-section-height-default\" data-id=\"15ff730c\" data-element_type=\"section\" data-e-type=\"section\">\n\t\t\t\t\t\t<div class=\"elementor-container elementor-column-gap-default\">\n\t\t\t\t\t<div class=\"elementor-column elementor-col-100 elementor-top-column elementor-element elementor-element-7dee3779\" data-id=\"7dee3779\" data-element_type=\"column\" data-e-type=\"column\">\n\t\t\t<div class=\"elementor-widget-wrap elementor-element-populated\">\n\t\t\t\t\t\t<div class=\"elementor-element elementor-element-639c8b9 elementor-icon-list--layout-inline elementor-align-start breadcrumbs elementor-list-item-link-full_width elementor-widget elementor-widget-icon-list\" data-id=\"639c8b9\" data-element_type=\"widget\" data-e-type=\"widget\" data-widget_type=\"icon-list.default\">\n\t\t\t\t<div class=\"elementor-widget-container\">\n\t\t\t\t\t\t\t<ul class=\"elementor-icon-list-items elementor-inline-items\">\n\t\t\t\t\t\t\t<li class=\"elementor-icon-list-item elementor-inline-item\">\n\t\t\t\t\t\t\t\t\t\t\t<a href=\"https:\/\/unilube.ch\/it\/\">\n\n\t\t\t\t\t\t\t\t\t\t\t\t<span class=\"elementor-icon-list-icon\">\n\t\t\t\t\t\t\t<i aria-hidden=\"true\" class=\"fas fa-home\"><\/i>\t\t\t\t\t\t<\/span>\n\t\t\t\t\t\t\t\t\t\t<span class=\"elementor-icon-list-text\"><\/span>\n\t\t\t\t\t\t\t\t\t\t\t<\/a>\n\t\t\t\t\t\t\t\t\t<\/li>\n\t\t\t\t\t\t\t\t<li class=\"elementor-icon-list-item elementor-inline-item\">\n\t\t\t\t\t\t\t\t\t\t\t<a href=\"https:\/\/unilube.ch\/it\/sistemi-di-lubrificazione-minima\/la-truciolatura-al-centro-dellattenzione\/\">\n\n\t\t\t\t\t\t\t\t\t\t\t\t<span class=\"elementor-icon-list-icon\">\n\t\t\t\t\t\t\t<i aria-hidden=\"true\" class=\"fas fa-circle\"><\/i>\t\t\t\t\t\t<\/span>\n\t\t\t\t\t\t\t\t\t\t<span class=\"elementor-icon-list-text\">Know-how<\/span>\n\t\t\t\t\t\t\t\t\t\t\t<\/a>\n\t\t\t\t\t\t\t\t\t<\/li>\n\t\t\t\t\t\t\t\t<li class=\"elementor-icon-list-item elementor-inline-item\">\n\t\t\t\t\t\t\t\t\t\t\t<a href=\"https:\/\/unilube.ch\/it\/sistemi-di-lubrificazione-minima\/\">\n\n\t\t\t\t\t\t\t\t\t\t\t\t<span class=\"elementor-icon-list-icon\">\n\t\t\t\t\t\t\t<i aria-hidden=\"true\" class=\"fas fa-circle\"><\/i>\t\t\t\t\t\t<\/span>\n\t\t\t\t\t\t\t\t\t\t<span class=\"elementor-icon-list-text\">Sistemi di Lubrificazione Minima <\/span>\n\t\t\t\t\t\t\t\t\t\t\t<\/a>\n\t\t\t\t\t\t\t\t\t<\/li>\n\t\t\t\t\t\t\t\t<li class=\"elementor-icon-list-item elementor-inline-item\">\n\t\t\t\t\t\t\t\t\t\t\t<span class=\"elementor-icon-list-icon\">\n\t\t\t\t\t\t\t<i aria-hidden=\"true\" class=\"fas fa-circle\"><\/i>\t\t\t\t\t\t<\/span>\n\t\t\t\t\t\t\t\t\t\t<span class=\"elementor-icon-list-text\">La truciolatura al centro dell\u2019attenzione<\/span>\n\t\t\t\t\t\t\t\t\t<\/li>\n\t\t\t\t\t\t<\/ul>\n\t\t\t\t\t\t<\/div>\n\t\t\t\t<\/div>\n\t\t\t\t\t<\/div>\n\t\t<\/div>\n\t\t\t\t\t<\/div>\n\t\t<\/section>\n\t\t\t\t<section class=\"elementor-section elementor-top-section elementor-element elementor-element-9478f9b elementor-section-height-min-height elementor-section-items-bottom elementor-section-boxed elementor-section-height-default\" data-id=\"9478f9b\" data-element_type=\"section\" data-e-type=\"section\" data-settings=\"{&quot;background_background&quot;:&quot;classic&quot;}\">\n\t\t\t\t\t\t<div class=\"elementor-container elementor-column-gap-default\">\n\t\t\t\t\t<div class=\"elementor-column elementor-col-50 elementor-top-column elementor-element elementor-element-9fd6747\" data-id=\"9fd6747\" data-element_type=\"column\" data-e-type=\"column\">\n\t\t\t<div class=\"elementor-widget-wrap elementor-element-populated\">\n\t\t\t\t\t\t<div class=\"elementor-element elementor-element-fdd4e5b table_display heading_yellow elementor-widget elementor-widget-heading\" data-id=\"fdd4e5b\" data-element_type=\"widget\" data-e-type=\"widget\" data-widget_type=\"heading.default\">\n\t\t\t\t<div class=\"elementor-widget-container\">\n\t\t\t\t\t<h2 class=\"elementor-heading-title elementor-size-default\">Sistemi di Lubrificazione Minima<\/h2>\t\t\t\t<\/div>\n\t\t\t\t<\/div>\n\t\t\t\t\t<\/div>\n\t\t<\/div>\n\t\t\t\t<div class=\"elementor-column elementor-col-50 elementor-top-column elementor-element elementor-element-cb69755\" data-id=\"cb69755\" data-element_type=\"column\" data-e-type=\"column\">\n\t\t\t<div class=\"elementor-widget-wrap\">\n\t\t\t\t\t\t\t<\/div>\n\t\t<\/div>\n\t\t\t\t\t<\/div>\n\t\t<\/section>\n\t\t\t\t<section class=\"elementor-section elementor-top-section elementor-element elementor-element-d417f70 elementor-section-boxed elementor-section-height-default elementor-section-height-default\" data-id=\"d417f70\" data-element_type=\"section\" data-e-type=\"section\">\n\t\t\t\t\t\t<div class=\"elementor-container elementor-column-gap-default\">\n\t\t\t\t\t<div class=\"elementor-column elementor-col-100 elementor-top-column elementor-element elementor-element-765d2d2\" data-id=\"765d2d2\" data-element_type=\"column\" data-e-type=\"column\">\n\t\t\t<div class=\"elementor-widget-wrap elementor-element-populated\">\n\t\t\t\t\t\t<div class=\"elementor-element elementor-element-50d2f31 elementor-widget elementor-widget-heading\" data-id=\"50d2f31\" data-element_type=\"widget\" data-e-type=\"widget\" data-widget_type=\"heading.default\">\n\t\t\t\t<div class=\"elementor-widget-container\">\n\t\t\t\t\t<h3 class=\"elementor-heading-title elementor-size-default\">Successo a lungo termine sul mercato: con l\u2019approccio inside-out\n<\/h3>\t\t\t\t<\/div>\n\t\t\t\t<\/div>\n\t\t\t\t<div class=\"elementor-element elementor-element-f5188ed elementor-widget elementor-widget-text-editor\" data-id=\"f5188ed\" data-element_type=\"widget\" data-e-type=\"widget\" data-widget_type=\"text-editor.default\">\n\t\t\t\t<div class=\"elementor-widget-container\">\n\t\t\t\t\t\t\t\t\t<p><strong>Per sopravvivere meglio in un ambiente di mercato sempre pi\u00f9 difficile, \u00e8 importante ottimizzare la produzione. Ma come? I processi di lavorazione sono spesso limitati artificialmente fin dall&#8217;inizio dalla scelta della macchina utensile. Qui, una nuova prospettiva sui processi di lavorazione e sui parametri di processo pu\u00f2 aprire nuove strade. In questo modo, l&#8217;approccio inside-out definisce la lavorazione dall&#8217;interno verso l&#8217;esterno e dirige l&#8217;attenzione sui parametri di processo che sono effettivamente importanti \u2013 via dalla macchina e verso l&#8217;elemento centrale: UNILUBE!<\/strong><\/p>\n\t\t\t\t\t\t\t\t<\/div>\n\t\t\t\t<\/div>\n\t\t\t\t<div class=\"elementor-element elementor-element-a15fd23 elementor-widget elementor-widget-heading\" data-id=\"a15fd23\" data-element_type=\"widget\" data-e-type=\"widget\" data-widget_type=\"heading.default\">\n\t\t\t\t<div class=\"elementor-widget-container\">\n\t\t\t\t\t<h3 class=\"elementor-heading-title elementor-size-default\">Creare nuovi spazi di manovra\n<\/h3>\t\t\t\t<\/div>\n\t\t\t\t<\/div>\n\t\t\t\t<div class=\"elementor-element elementor-element-765cf8f elementor-widget elementor-widget-text-editor\" data-id=\"765cf8f\" data-element_type=\"widget\" data-e-type=\"widget\" data-widget_type=\"text-editor.default\">\n\t\t\t\t<div class=\"elementor-widget-container\">\n\t\t\t\t\t\t\t\t\t<p>Il classico caso che molte aziende di produzione conoscono: viene acquistata una macchina utensile e dopo si tenta di produrvi i prodotti presenti. Questo significa: la macchina deve seguire le specifiche di progetto. La pratica, tuttavia, ha dimostrato che questo approccio non \u00e8 pi\u00f9 al passo con i tempi a causa delle limitazioni e delle restrizioni che impone.<\/p>\n<p>La posizione di partenza \u00e8 un po&#8217; pi\u00f9 favorevole se l&#8217;azienda opta consapevolmente a favore di un modello specifico di macchina, esplora attentamente il potenziale di questa macchina e ne fa un uso ottimale. In questo caso, la progettazione effettiva del prodotto non viene pi\u00f9 effettuata dal progettista, piuttosto \u00e8 la macchina a specificare le possibili progettazioni del prodotto. La questione della fattibilit\u00e0 in tal caso non \u00e8 pi\u00f9: \u201cPossiamo produrre questi prodotti su questa macchina?\u201d Piuttosto, \u00e8 la macchina a definire le possibili progettazione del prodotto. Questo approccio leggermente pi\u00f9 moderno fornisce una produzione stabile, ma concentra l\u2019attenzione su aree periferiche, perdendo di vista l&#8217;essenziale.<\/p>\n\t\t\t\t\t\t\t\t<\/div>\n\t\t\t\t<\/div>\n\t\t\t\t<div class=\"elementor-element elementor-element-230a8b2 elementor-widget elementor-widget-text-editor\" data-id=\"230a8b2\" data-element_type=\"widget\" data-e-type=\"widget\" data-widget_type=\"text-editor.default\">\n\t\t\t\t<div class=\"elementor-widget-container\">\n\t\t\t\t\t\t\t\t\t<p><strong>Noi diciamo: Perch\u00e9 non concentrarsi sul parametro di processo che conta davvero?<\/strong><\/p>\n\t\t\t\t\t\t\t\t<\/div>\n\t\t\t\t<\/div>\n\t\t\t\t<div class=\"elementor-element elementor-element-396929e elementor-widget elementor-widget-heading\" data-id=\"396929e\" data-element_type=\"widget\" data-e-type=\"widget\" data-widget_type=\"heading.default\">\n\t\t\t\t<div class=\"elementor-widget-container\">\n\t\t\t\t\t<h3 class=\"elementor-heading-title elementor-size-default\">Concentrarsi sull\u2019essenziale\n<\/h3>\t\t\t\t<\/div>\n\t\t\t\t<\/div>\n\t\t\t\t<div class=\"elementor-element elementor-element-8119bb7 elementor-widget elementor-widget-text-editor\" data-id=\"8119bb7\" data-element_type=\"widget\" data-e-type=\"widget\" data-widget_type=\"text-editor.default\">\n\t\t\t\t<div class=\"elementor-widget-container\">\n\t\t\t\t\t\t\t\t\t<p>I processi decisivi avvengono tra il pezzo e l&#8217;utensile \u2013 ed \u00e8 proprio l\u00ec che UNILUBE lavora.<\/p>\n<p>Su questa base, definiamo il nostro approccio inside-out secondo un principio a cipolla in due direzioni diverse.<\/p>\n\t\t\t\t\t\t\t\t<\/div>\n\t\t\t\t<\/div>\n\t\t\t\t<div class=\"elementor-element elementor-element-59f8124 elementor-widget elementor-widget-image\" data-id=\"59f8124\" data-element_type=\"widget\" data-e-type=\"widget\" data-widget_type=\"image.default\">\n\t\t\t\t<div class=\"elementor-widget-container\">\n\t\t\t\t\t\t\t\t\t\t\t\t\t\t\t<img fetchpriority=\"high\" decoding=\"async\" width=\"2048\" height=\"308\" src=\"https:\/\/unilube.ch\/wp-content\/uploads\/2020\/11\/Inside-Out-2048x308-1.jpg\" class=\"attachment-full size-full wp-image-2284\" alt=\"\" srcset=\"https:\/\/unilube.ch\/wp-content\/uploads\/2020\/11\/Inside-Out-2048x308-1.jpg 2048w, https:\/\/unilube.ch\/wp-content\/uploads\/2020\/11\/Inside-Out-2048x308-1-300x45.jpg 300w, https:\/\/unilube.ch\/wp-content\/uploads\/2020\/11\/Inside-Out-2048x308-1-1024x154.jpg 1024w, https:\/\/unilube.ch\/wp-content\/uploads\/2020\/11\/Inside-Out-2048x308-1-768x116.jpg 768w, https:\/\/unilube.ch\/wp-content\/uploads\/2020\/11\/Inside-Out-2048x308-1-1536x231.jpg 1536w\" sizes=\"(max-width: 2048px) 100vw, 2048px\" \/>\t\t\t\t\t\t\t\t\t\t\t\t\t\t\t<\/div>\n\t\t\t\t<\/div>\n\t\t\t\t<div class=\"elementor-element elementor-element-755d880 elementor-widget elementor-widget-heading\" data-id=\"755d880\" data-element_type=\"widget\" data-e-type=\"widget\" data-widget_type=\"heading.default\">\n\t\t\t\t<div class=\"elementor-widget-container\">\n\t\t\t\t\t<h3 class=\"elementor-heading-title elementor-size-default\">Prima definire il processo, poi scegliere la macchina\n<\/h3>\t\t\t\t<\/div>\n\t\t\t\t<\/div>\n\t\t\t\t<div class=\"elementor-element elementor-element-e536159 elementor-widget elementor-widget-text-editor\" data-id=\"e536159\" data-element_type=\"widget\" data-e-type=\"widget\" data-widget_type=\"text-editor.default\">\n\t\t\t\t<div class=\"elementor-widget-container\">\n\t\t\t\t\t\t\t\t\t<p>Siamo convinti che l&#8217;approccio inside-out sia quello giusto per rimanere competitivi a lungo termine. Cos\u00ec, si vede spesso che le migliori e pi\u00f9 efficienti macchine di produzione provengono dal produttore di macchine che produceva o produce ancora esattamente questi pezzi. Facciamo addirittura un passo avanti e diciamo che, soprattutto nell&#8217;ambiente odierno, non \u00e8 mai stato cos\u00ec facile avere una macchina speciale costruita esattamente per le vostre esigenze.<\/p>\n<p>Quindi: Perch\u00e9 non cominciare dal centro con UNILUBE e lavorare insieme verso le zone periferiche? Noi vi supportiamo volentieri!<\/p>\n\t\t\t\t\t\t\t\t<\/div>\n\t\t\t\t<\/div>\n\t\t\t\t\t<\/div>\n\t\t<\/div>\n\t\t\t\t\t<\/div>\n\t\t<\/section>\n\t\t\t\t<\/div>\n\t\t","protected":false},"excerpt":{"rendered":"<p>Know-how Sistemi di Lubrificazione Minima Sistemi di Lubrificazione Minima Successo a lungo termine sul mercato: con l\u2019approccio inside-out Per sopravvivere meglio in un ambiente di mercato sempre pi\u00f9 difficile, \u00e8 importante ottimizzare la produzione. Ma come? I processi di lavorazione sono spesso limitati artificialmente fin dall&#8217;inizio dalla scelta della macchina utensile. Qui, una nuova prospettiva [&hellip;]<\/p>\n","protected":false},"author":4,"featured_media":0,"parent":1928,"menu_order":0,"comment_status":"closed","ping_status":"closed","template":"","meta":{"_acf_changed":false,"footnotes":""},"class_list":["post-1942","page","type-page","status-publish","hentry"],"acf":[],"yoast_head":"<!-- This site is optimized with the Yoast SEO Premium plugin v27.4 (Yoast SEO v27.4) - https:\/\/yoast.com\/product\/yoast-seo-premium-wordpress\/ -->\n<title>Know-how UNILUBE | Truciolatura in primo piano<\/title>\n<meta name=\"description\" content=\"Maggiore successo con l\u2019approccio inside-out. Definisce la lavorazione dall&#039;interno verso l&#039;esterno e dirige l&#039;attenzione sui parametri di processo che sono davvero importanti.\" \/>\n<meta name=\"robots\" content=\"index, follow, max-snippet:-1, max-image-preview:large, max-video-preview:-1\" \/>\n<link rel=\"canonical\" href=\"https:\/\/unilube.ch\/it\/sistemi-di-lubrificazione-minima\/la-truciolatura-al-centro-dellattenzione\/\" \/>\n<meta property=\"og:locale\" content=\"it_IT\" \/>\n<meta property=\"og:type\" content=\"article\" \/>\n<meta property=\"og:title\" content=\"La truciolatura al centro dell\u2019attenzione\" \/>\n<meta property=\"og:description\" content=\"Maggiore successo con l\u2019approccio inside-out. Definisce la lavorazione dall&#039;interno verso l&#039;esterno e dirige l&#039;attenzione sui parametri di processo che sono davvero importanti.\" \/>\n<meta property=\"og:url\" content=\"https:\/\/unilube.ch\/it\/sistemi-di-lubrificazione-minima\/la-truciolatura-al-centro-dellattenzione\/\" \/>\n<meta property=\"og:site_name\" content=\"UNILUBE | Quasi-Trockenbearbeitung\" \/>\n<meta property=\"article:modified_time\" content=\"2021-03-23T08:33:05+00:00\" \/>\n<meta property=\"og:image\" content=\"https:\/\/unilube.ch\/wp-content\/uploads\/2020\/11\/Inside-Out-2048x308-1.jpg\" \/>\n<meta name=\"twitter:card\" content=\"summary_large_image\" \/>\n<meta name=\"twitter:label1\" content=\"Tempo di lettura stimato\" \/>\n\t<meta name=\"twitter:data1\" content=\"2 minuti\" \/>\n<script type=\"application\/ld+json\" class=\"yoast-schema-graph\">{\"@context\":\"https:\\\/\\\/schema.org\",\"@graph\":[{\"@type\":\"WebPage\",\"@id\":\"https:\\\/\\\/unilube.ch\\\/it\\\/sistemi-di-lubrificazione-minima\\\/la-truciolatura-al-centro-dellattenzione\\\/\",\"url\":\"https:\\\/\\\/unilube.ch\\\/it\\\/sistemi-di-lubrificazione-minima\\\/la-truciolatura-al-centro-dellattenzione\\\/\",\"name\":\"Know-how UNILUBE | Truciolatura in primo piano\",\"isPartOf\":{\"@id\":\"https:\\\/\\\/unilube.ch\\\/#website\"},\"primaryImageOfPage\":{\"@id\":\"https:\\\/\\\/unilube.ch\\\/it\\\/sistemi-di-lubrificazione-minima\\\/la-truciolatura-al-centro-dellattenzione\\\/#primaryimage\"},\"image\":{\"@id\":\"https:\\\/\\\/unilube.ch\\\/it\\\/sistemi-di-lubrificazione-minima\\\/la-truciolatura-al-centro-dellattenzione\\\/#primaryimage\"},\"thumbnailUrl\":\"https:\\\/\\\/unilube.ch\\\/wp-content\\\/uploads\\\/2020\\\/11\\\/Inside-Out-2048x308-1.jpg\",\"datePublished\":\"2021-03-23T08:00:18+00:00\",\"dateModified\":\"2021-03-23T08:33:05+00:00\",\"description\":\"Maggiore successo con l\u2019approccio inside-out. Definisce la lavorazione dall'interno verso l'esterno e dirige l'attenzione sui parametri di processo che sono davvero importanti.\",\"breadcrumb\":{\"@id\":\"https:\\\/\\\/unilube.ch\\\/it\\\/sistemi-di-lubrificazione-minima\\\/la-truciolatura-al-centro-dellattenzione\\\/#breadcrumb\"},\"inLanguage\":\"it-IT\",\"potentialAction\":[{\"@type\":\"ReadAction\",\"target\":[\"https:\\\/\\\/unilube.ch\\\/it\\\/sistemi-di-lubrificazione-minima\\\/la-truciolatura-al-centro-dellattenzione\\\/\"]}]},{\"@type\":\"ImageObject\",\"inLanguage\":\"it-IT\",\"@id\":\"https:\\\/\\\/unilube.ch\\\/it\\\/sistemi-di-lubrificazione-minima\\\/la-truciolatura-al-centro-dellattenzione\\\/#primaryimage\",\"url\":\"https:\\\/\\\/unilube.ch\\\/wp-content\\\/uploads\\\/2020\\\/11\\\/Inside-Out-2048x308-1.jpg\",\"contentUrl\":\"https:\\\/\\\/unilube.ch\\\/wp-content\\\/uploads\\\/2020\\\/11\\\/Inside-Out-2048x308-1.jpg\"},{\"@type\":\"BreadcrumbList\",\"@id\":\"https:\\\/\\\/unilube.ch\\\/it\\\/sistemi-di-lubrificazione-minima\\\/la-truciolatura-al-centro-dellattenzione\\\/#breadcrumb\",\"itemListElement\":[{\"@type\":\"ListItem\",\"position\":1,\"name\":\"Startseite\",\"item\":\"https:\\\/\\\/unilube.ch\\\/it\\\/\"},{\"@type\":\"ListItem\",\"position\":2,\"name\":\"Sistemi di Lubrificazione Minima\",\"item\":\"https:\\\/\\\/unilube.ch\\\/it\\\/sistemi-di-lubrificazione-minima\\\/\"},{\"@type\":\"ListItem\",\"position\":3,\"name\":\"La truciolatura al centro dell\u2019attenzione\"}]},{\"@type\":\"WebSite\",\"@id\":\"https:\\\/\\\/unilube.ch\\\/#website\",\"url\":\"https:\\\/\\\/unilube.ch\\\/\",\"name\":\"UNILUBE | Quasi-Trockenbearbeitung\",\"description\":\"Top of Cleantech\",\"potentialAction\":[{\"@type\":\"SearchAction\",\"target\":{\"@type\":\"EntryPoint\",\"urlTemplate\":\"https:\\\/\\\/unilube.ch\\\/?s={search_term_string}\"},\"query-input\":{\"@type\":\"PropertyValueSpecification\",\"valueRequired\":true,\"valueName\":\"search_term_string\"}}],\"inLanguage\":\"it-IT\"}]}<\/script>\n<!-- \/ Yoast SEO Premium plugin. -->","yoast_head_json":{"title":"Know-how UNILUBE | Truciolatura in primo piano","description":"Maggiore successo con l\u2019approccio inside-out. Definisce la lavorazione dall'interno verso l'esterno e dirige l'attenzione sui parametri di processo che sono davvero importanti.","robots":{"index":"index","follow":"follow","max-snippet":"max-snippet:-1","max-image-preview":"max-image-preview:large","max-video-preview":"max-video-preview:-1"},"canonical":"https:\/\/unilube.ch\/it\/sistemi-di-lubrificazione-minima\/la-truciolatura-al-centro-dellattenzione\/","og_locale":"it_IT","og_type":"article","og_title":"La truciolatura al centro dell\u2019attenzione","og_description":"Maggiore successo con l\u2019approccio inside-out. Definisce la lavorazione dall'interno verso l'esterno e dirige l'attenzione sui parametri di processo che sono davvero importanti.","og_url":"https:\/\/unilube.ch\/it\/sistemi-di-lubrificazione-minima\/la-truciolatura-al-centro-dellattenzione\/","og_site_name":"UNILUBE | Quasi-Trockenbearbeitung","article_modified_time":"2021-03-23T08:33:05+00:00","og_image":[{"url":"https:\/\/unilube.ch\/wp-content\/uploads\/2020\/11\/Inside-Out-2048x308-1.jpg","type":"","width":"","height":""}],"twitter_card":"summary_large_image","twitter_misc":{"Tempo di lettura stimato":"2 minuti"},"schema":{"@context":"https:\/\/schema.org","@graph":[{"@type":"WebPage","@id":"https:\/\/unilube.ch\/it\/sistemi-di-lubrificazione-minima\/la-truciolatura-al-centro-dellattenzione\/","url":"https:\/\/unilube.ch\/it\/sistemi-di-lubrificazione-minima\/la-truciolatura-al-centro-dellattenzione\/","name":"Know-how UNILUBE | Truciolatura in primo piano","isPartOf":{"@id":"https:\/\/unilube.ch\/#website"},"primaryImageOfPage":{"@id":"https:\/\/unilube.ch\/it\/sistemi-di-lubrificazione-minima\/la-truciolatura-al-centro-dellattenzione\/#primaryimage"},"image":{"@id":"https:\/\/unilube.ch\/it\/sistemi-di-lubrificazione-minima\/la-truciolatura-al-centro-dellattenzione\/#primaryimage"},"thumbnailUrl":"https:\/\/unilube.ch\/wp-content\/uploads\/2020\/11\/Inside-Out-2048x308-1.jpg","datePublished":"2021-03-23T08:00:18+00:00","dateModified":"2021-03-23T08:33:05+00:00","description":"Maggiore successo con l\u2019approccio inside-out. Definisce la lavorazione dall'interno verso l'esterno e dirige l'attenzione sui parametri di processo che sono davvero importanti.","breadcrumb":{"@id":"https:\/\/unilube.ch\/it\/sistemi-di-lubrificazione-minima\/la-truciolatura-al-centro-dellattenzione\/#breadcrumb"},"inLanguage":"it-IT","potentialAction":[{"@type":"ReadAction","target":["https:\/\/unilube.ch\/it\/sistemi-di-lubrificazione-minima\/la-truciolatura-al-centro-dellattenzione\/"]}]},{"@type":"ImageObject","inLanguage":"it-IT","@id":"https:\/\/unilube.ch\/it\/sistemi-di-lubrificazione-minima\/la-truciolatura-al-centro-dellattenzione\/#primaryimage","url":"https:\/\/unilube.ch\/wp-content\/uploads\/2020\/11\/Inside-Out-2048x308-1.jpg","contentUrl":"https:\/\/unilube.ch\/wp-content\/uploads\/2020\/11\/Inside-Out-2048x308-1.jpg"},{"@type":"BreadcrumbList","@id":"https:\/\/unilube.ch\/it\/sistemi-di-lubrificazione-minima\/la-truciolatura-al-centro-dellattenzione\/#breadcrumb","itemListElement":[{"@type":"ListItem","position":1,"name":"Startseite","item":"https:\/\/unilube.ch\/it\/"},{"@type":"ListItem","position":2,"name":"Sistemi di Lubrificazione Minima","item":"https:\/\/unilube.ch\/it\/sistemi-di-lubrificazione-minima\/"},{"@type":"ListItem","position":3,"name":"La truciolatura al centro dell\u2019attenzione"}]},{"@type":"WebSite","@id":"https:\/\/unilube.ch\/#website","url":"https:\/\/unilube.ch\/","name":"UNILUBE | Quasi-Trockenbearbeitung","description":"Top of Cleantech","potentialAction":[{"@type":"SearchAction","target":{"@type":"EntryPoint","urlTemplate":"https:\/\/unilube.ch\/?s={search_term_string}"},"query-input":{"@type":"PropertyValueSpecification","valueRequired":true,"valueName":"search_term_string"}}],"inLanguage":"it-IT"}]}},"_links":{"self":[{"href":"https:\/\/unilube.ch\/it\/wp-json\/wp\/v2\/pages\/1942","targetHints":{"allow":["GET"]}}],"collection":[{"href":"https:\/\/unilube.ch\/it\/wp-json\/wp\/v2\/pages"}],"about":[{"href":"https:\/\/unilube.ch\/it\/wp-json\/wp\/v2\/types\/page"}],"author":[{"embeddable":true,"href":"https:\/\/unilube.ch\/it\/wp-json\/wp\/v2\/users\/4"}],"replies":[{"embeddable":true,"href":"https:\/\/unilube.ch\/it\/wp-json\/wp\/v2\/comments?post=1942"}],"version-history":[{"count":3,"href":"https:\/\/unilube.ch\/it\/wp-json\/wp\/v2\/pages\/1942\/revisions"}],"predecessor-version":[{"id":2054,"href":"https:\/\/unilube.ch\/it\/wp-json\/wp\/v2\/pages\/1942\/revisions\/2054"}],"up":[{"embeddable":true,"href":"https:\/\/unilube.ch\/it\/wp-json\/wp\/v2\/pages\/1928"}],"wp:attachment":[{"href":"https:\/\/unilube.ch\/it\/wp-json\/wp\/v2\/media?parent=1942"}],"curies":[{"name":"wp","href":"https:\/\/api.w.org\/{rel}","templated":true}]}}