{"id":1948,"date":"2021-03-23T09:00:29","date_gmt":"2021-03-23T08:00:29","guid":{"rendered":"https:\/\/unilube.ch\/lubrificanti-ad-alte-prestazioni\/"},"modified":"2024-12-10T11:23:26","modified_gmt":"2024-12-10T10:23:26","slug":"lubrificanti-ad-alte-prestazioni","status":"publish","type":"page","link":"https:\/\/unilube.ch\/it\/lubrificanti-ad-alte-prestazioni\/","title":{"rendered":"Lubrificanti ad alte prestazioni"},"content":{"rendered":"\t\t<div data-elementor-type=\"wp-page\" data-elementor-id=\"1948\" class=\"elementor elementor-1948 elementor-846\" data-elementor-post-type=\"page\">\n\t\t\t\t\t\t<section class=\"elementor-section elementor-top-section elementor-element elementor-element-15ff730c elementor-section-boxed elementor-section-height-default elementor-section-height-default\" data-id=\"15ff730c\" data-element_type=\"section\" data-e-type=\"section\">\n\t\t\t\t\t\t<div class=\"elementor-container elementor-column-gap-default\">\n\t\t\t\t\t<div class=\"elementor-column elementor-col-100 elementor-top-column elementor-element elementor-element-7dee3779\" data-id=\"7dee3779\" data-element_type=\"column\" data-e-type=\"column\">\n\t\t\t<div class=\"elementor-widget-wrap elementor-element-populated\">\n\t\t\t\t\t\t<div class=\"elementor-element elementor-element-639c8b9 elementor-icon-list--layout-inline elementor-align-start breadcrumbs elementor-list-item-link-full_width elementor-widget elementor-widget-icon-list\" data-id=\"639c8b9\" data-element_type=\"widget\" data-e-type=\"widget\" data-widget_type=\"icon-list.default\">\n\t\t\t\t<div class=\"elementor-widget-container\">\n\t\t\t\t\t\t\t<ul class=\"elementor-icon-list-items elementor-inline-items\">\n\t\t\t\t\t\t\t<li class=\"elementor-icon-list-item elementor-inline-item\">\n\t\t\t\t\t\t\t\t\t\t\t<a href=\"https:\/\/unilube.ch\/it\/\">\n\n\t\t\t\t\t\t\t\t\t\t\t\t<span class=\"elementor-icon-list-icon\">\n\t\t\t\t\t\t\t<i aria-hidden=\"true\" class=\"fas fa-home\"><\/i>\t\t\t\t\t\t<\/span>\n\t\t\t\t\t\t\t\t\t\t<span class=\"elementor-icon-list-text\"><\/span>\n\t\t\t\t\t\t\t\t\t\t\t<\/a>\n\t\t\t\t\t\t\t\t\t<\/li>\n\t\t\t\t\t\t\t\t<li class=\"elementor-icon-list-item elementor-inline-item\">\n\t\t\t\t\t\t\t\t\t\t\t<a href=\"https:\/\/unilube.ch\/it\/lubrificanti-ad-alte-prestazioni\/\">\n\n\t\t\t\t\t\t\t\t\t\t\t\t<span class=\"elementor-icon-list-icon\">\n\t\t\t\t\t\t\t<i aria-hidden=\"true\" class=\"fas fa-circle\"><\/i>\t\t\t\t\t\t<\/span>\n\t\t\t\t\t\t\t\t\t\t<span class=\"elementor-icon-list-text\">Know-how<\/span>\n\t\t\t\t\t\t\t\t\t\t\t<\/a>\n\t\t\t\t\t\t\t\t\t<\/li>\n\t\t\t\t\t\t\t\t<li class=\"elementor-icon-list-item elementor-inline-item\">\n\t\t\t\t\t\t\t\t\t\t\t<span class=\"elementor-icon-list-icon\">\n\t\t\t\t\t\t\t<i aria-hidden=\"true\" class=\"fas fa-circle\"><\/i>\t\t\t\t\t\t<\/span>\n\t\t\t\t\t\t\t\t\t\t<span class=\"elementor-icon-list-text\">Lubrificanti ad alte prestazioni<\/span>\n\t\t\t\t\t\t\t\t\t<\/li>\n\t\t\t\t\t\t<\/ul>\n\t\t\t\t\t\t<\/div>\n\t\t\t\t<\/div>\n\t\t\t\t\t<\/div>\n\t\t<\/div>\n\t\t\t\t\t<\/div>\n\t\t<\/section>\n\t\t\t\t<section class=\"elementor-section elementor-top-section elementor-element elementor-element-9478f9b elementor-section-height-min-height elementor-section-items-bottom elementor-section-boxed elementor-section-height-default\" data-id=\"9478f9b\" data-element_type=\"section\" data-e-type=\"section\" data-settings=\"{&quot;background_background&quot;:&quot;classic&quot;}\">\n\t\t\t\t\t\t<div class=\"elementor-container elementor-column-gap-default\">\n\t\t\t\t\t<div class=\"elementor-column elementor-col-50 elementor-top-column elementor-element elementor-element-9fd6747\" data-id=\"9fd6747\" data-element_type=\"column\" data-e-type=\"column\">\n\t\t\t<div class=\"elementor-widget-wrap elementor-element-populated\">\n\t\t\t\t\t\t<div class=\"elementor-element elementor-element-fdd4e5b table_display heading_yellow elementor-widget elementor-widget-heading\" data-id=\"fdd4e5b\" data-element_type=\"widget\" data-e-type=\"widget\" data-widget_type=\"heading.default\">\n\t\t\t\t<div class=\"elementor-widget-container\">\n\t\t\t\t\t<h2 class=\"elementor-heading-title elementor-size-default\">Lubrificanti ad alte prestazioni<\/h2>\t\t\t\t<\/div>\n\t\t\t\t<\/div>\n\t\t\t\t\t<\/div>\n\t\t<\/div>\n\t\t\t\t<div class=\"elementor-column elementor-col-50 elementor-top-column elementor-element elementor-element-cb69755\" data-id=\"cb69755\" data-element_type=\"column\" data-e-type=\"column\">\n\t\t\t<div class=\"elementor-widget-wrap\">\n\t\t\t\t\t\t\t<\/div>\n\t\t<\/div>\n\t\t\t\t\t<\/div>\n\t\t<\/section>\n\t\t\t\t<section class=\"elementor-section elementor-top-section elementor-element elementor-element-d417f70 elementor-section-boxed elementor-section-height-default elementor-section-height-default\" data-id=\"d417f70\" data-element_type=\"section\" data-e-type=\"section\">\n\t\t\t\t\t\t<div class=\"elementor-container elementor-column-gap-default\">\n\t\t\t\t\t<div class=\"elementor-column elementor-col-100 elementor-top-column elementor-element elementor-element-765d2d2\" data-id=\"765d2d2\" data-element_type=\"column\" data-e-type=\"column\">\n\t\t\t<div class=\"elementor-widget-wrap elementor-element-populated\">\n\t\t\t\t\t\t<div class=\"elementor-element elementor-element-28e15e7 elementor-widget elementor-widget-heading\" data-id=\"28e15e7\" data-element_type=\"widget\" data-e-type=\"widget\" data-widget_type=\"heading.default\">\n\t\t\t\t<div class=\"elementor-widget-container\">\n\t\t\t\t\t<h3 class=\"elementor-heading-title elementor-size-default\">Grande prestazione senza residui e macchie: i nostri lubrificanti ad alte prestazioni unici, biodegradabili e impiegabili universalmente offrono caratteristiche di prodotto eccezionali.<\/h3>\t\t\t\t<\/div>\n\t\t\t\t<\/div>\n\t\t\t\t<div class=\"elementor-element elementor-element-97393df elementor-widget elementor-widget-heading\" data-id=\"97393df\" data-element_type=\"widget\" data-e-type=\"widget\" data-widget_type=\"heading.default\">\n\t\t\t\t<div class=\"elementor-widget-container\">\n\t\t\t\t\t<h3 class=\"elementor-heading-title elementor-size-default\">Capacit\u00e0 di asportazione rispettosa dell'ambiente\n<\/h3>\t\t\t\t<\/div>\n\t\t\t\t<\/div>\n\t\t\t\t<div class=\"elementor-element elementor-element-e6d222f elementor-widget elementor-widget-text-editor\" data-id=\"e6d222f\" data-element_type=\"widget\" data-e-type=\"widget\" data-widget_type=\"text-editor.default\">\n\t\t\t\t<div class=\"elementor-widget-container\">\n\t\t\t\t\t\t\t\t\t<p>Altamente efficace e sempre al passo con i tempi: I <a href=\"https:\/\/unilube.ch\/it\/products_category\/lubrificanti\/\">Lubrificanti ad alte prestazioni<\/a> di UNILUBE vengono sviluppati costantemente e sono soggetti a un costante processo di miglioramento. In questo contesto, \u00e8 particolarmente importante per noi selezionare solo materie prime compatibili con l&#8217;ambiente e che non pongano problemi di salute tra l&#8217;inesauribile variet\u00e0 di materie prime disponibili. Cos\u00ec, la formulazione per la miscela dei lubrificanti minimali UNILUBE ad alte prestazioni \u00e8 sempre il risultato di una lunga e approfondita serie di test. Perch\u00e9 solo ingredienti di elevata purezza e materie prime di altissima qualit\u00e0 garantiscono una qualit\u00e0 sempre perfetta.<\/p>\t\t\t\t\t\t\t\t<\/div>\n\t\t\t\t<\/div>\n\t\t\t\t<div class=\"elementor-element elementor-element-c3584ec elementor-widget elementor-widget-heading\" data-id=\"c3584ec\" data-element_type=\"widget\" data-e-type=\"widget\" data-widget_type=\"heading.default\">\n\t\t\t\t<div class=\"elementor-widget-container\">\n\t\t\t\t\t<h3 class=\"elementor-heading-title elementor-size-default\">Il tuttofare\n<\/h3>\t\t\t\t<\/div>\n\t\t\t\t<\/div>\n\t\t\t\t<div class=\"elementor-element elementor-element-f5188ed elementor-widget elementor-widget-text-editor\" data-id=\"f5188ed\" data-element_type=\"widget\" data-e-type=\"widget\" data-widget_type=\"text-editor.default\">\n\t\t\t\t<div class=\"elementor-widget-container\">\n\t\t\t\t\t\t\t\t\t<p>UNILUBE 2032 \u00e8 basato su componenti naturali. Per noi \u00e8 ovvio che i nostri lubrificanti sono facilmente biodegradabili e hanno un&#8217;ottima compatibilit\u00e0. Ci\u00f2 significa che pezzi che vanno dalla plastica e dalle leghe di acciaio ai composti di titanio possono essere lavorati a secco, con trucioli che possono essere aspirati e in alta qualit\u00e0 superficiale.<\/p>\n\t\t\t\t\t\t\t\t<\/div>\n\t\t\t\t<\/div>\n\t\t\t\t<div class=\"elementor-element elementor-element-5598182 elementor-widget elementor-widget-image\" data-id=\"5598182\" data-element_type=\"widget\" data-e-type=\"widget\" data-widget_type=\"image.default\">\n\t\t\t\t<div class=\"elementor-widget-container\">\n\t\t\t\t\t\t\t\t\t\t\t\t\t\t\t<img decoding=\"async\" src=\"https:\/\/unilube.ch\/wp-content\/uploads\/2020\/11\/Unilube-2032-Kanister-300x173-1.jpg\" title=\"\" alt=\"\" loading=\"lazy\" \/>\t\t\t\t\t\t\t\t\t\t\t\t\t\t\t<\/div>\n\t\t\t\t<\/div>\n\t\t\t\t<div class=\"elementor-element elementor-element-50d2f31 elementor-widget elementor-widget-heading\" data-id=\"50d2f31\" data-element_type=\"widget\" data-e-type=\"widget\" data-widget_type=\"heading.default\">\n\t\t\t\t<div class=\"elementor-widget-container\">\n\t\t\t\t\t<h3 class=\"elementor-heading-title elementor-size-default\">Senza macchie e residui\n<\/h3>\t\t\t\t<\/div>\n\t\t\t\t<\/div>\n\t\t\t\t<div class=\"elementor-element elementor-element-e536159 elementor-widget elementor-widget-text-editor\" data-id=\"e536159\" data-element_type=\"widget\" data-e-type=\"widget\" data-widget_type=\"text-editor.default\">\n\t\t\t\t<div class=\"elementor-widget-container\">\n\t\t\t\t\t\t\t\t\t<p>UNILUBE 9107 \u00e8 stato originariamente sviluppato per soddisfare i requisiti dei trasformatori di alluminio. La base del lubrificante senza macchie e residui sono componenti sintetici che sono contenuti anche nei prodotti cosmetici \u2013 senza ingredienti animali e in purezza farmaceutica. Per esempio, le approvazioni dei clienti del settore della tecnologia medica permettono la lavorazione di componenti anche molto sensibili. Grazie alle sue propriet\u00e0 lubrificanti, UNILUBE 9107 previene anche la formazione di taglienti di riporto.<\/p>\n\t\t\t\t\t\t\t\t<\/div>\n\t\t\t\t<\/div>\n\t\t\t\t<div class=\"elementor-element elementor-element-d6b7f81 elementor-widget elementor-widget-heading\" data-id=\"d6b7f81\" data-element_type=\"widget\" data-e-type=\"widget\" data-widget_type=\"heading.default\">\n\t\t\t\t<div class=\"elementor-widget-container\">\n\t\t\t\t\t<h3 class=\"elementor-heading-title elementor-size-default\">Finemente coordinati tra loro\n<\/h3>\t\t\t\t<\/div>\n\t\t\t\t<\/div>\n\t\t\t\t<div class=\"elementor-element elementor-element-dd680da elementor-widget elementor-widget-text-editor\" data-id=\"dd680da\" data-element_type=\"widget\" data-e-type=\"widget\" data-widget_type=\"text-editor.default\">\n\t\t\t\t<div class=\"elementor-widget-container\">\n\t\t\t\t\t\t\t\t\t<p>UNILUBE offre prodotti di alta qualit\u00e0 per una lubrificazione a consumo efficace. Poich\u00e9 la zona di lavorazione deve essere bagnata solo in minima parte, la tecnologia si ripaga in breve tempo. La viscosit\u00e0 \u00e8 abbinata in modo ideale alla tecnologia degli ugelli UNILUBE e assicura un&#8217;applicazione di un film microlubrificante estremamente sottile.<br \/>Il concetto della lavorazione quasi a secco permette quindi un&#8217;alta qualit\u00e0 superficiale, pezzi e aree di lavoro asciutti. I trucioli non si attaccano tra loro e possono essere riciclati in modo pulito e in condizioni migliori.<br \/>Inoltre, vorremmo offrire ai nostri clienti ancora pi\u00f9 servizi. Pertanto, la ricerca di materie prime nuove e alternative per l&#8217;ulteriore sviluppo dei lubrificanti ad alte prestazioni UNILUBE continua.<\/p>\n\t\t\t\t\t\t\t\t<\/div>\n\t\t\t\t<\/div>\n\t\t\t\t<div class=\"elementor-element elementor-element-ca5b8a0 elementor-widget elementor-widget-text-editor\" data-id=\"ca5b8a0\" data-element_type=\"widget\" data-e-type=\"widget\" data-widget_type=\"text-editor.default\">\n\t\t\t\t<div class=\"elementor-widget-container\">\n\t\t\t\t\t\t\t\t\t<p>Qui si va ai prodotti:\u00a0<a href=\"https:\/\/unilube.ch\/it\/products_category\/lubrificanti\/\">Lubrificanti ad alte prestazioni<\/a><\/p>\t\t\t\t\t\t\t\t<\/div>\n\t\t\t\t<\/div>\n\t\t\t\t<div class=\"elementor-element elementor-element-52cfc7e elementor-widget elementor-widget-text-editor\" data-id=\"52cfc7e\" data-element_type=\"widget\" data-e-type=\"widget\" data-widget_type=\"text-editor.default\">\n\t\t\t\t<div class=\"elementor-widget-container\">\n\t\t\t\t\t\t\t\t\t<p><span style=\"text-decoration: underline;\">Spiegazione di biodegradabile:<br><\/span>I test OCSE da 301 A a F e 310 dimostrano una biodegradazione rapida e completa in condizioni aerobiche.<br>Se pi\u00f9 del 60% viene decomposto entro 28 giorni in condizioni di prova, la sostanza pu\u00f2 essere classificata come facilmente biodegradabile.<br>I lubrificanti di Unilube AG hanno i seguenti valori di prova o di letteratura per i singoli ingredienti:<br>Test OCSE 301F, facilmente biodegradabile, 86%, 28 giorni<br>Test OCSE 301D, facilmente biodegradabile, 86%, 28 giorni<br>Test OCSE 301B, facilmente biodegradabile, &gt;60%, 28 giorni<br>Test OCSE 310, facilmente biodegradabile, &gt;60%, 28 giorni<\/p>\t\t\t\t\t\t\t\t<\/div>\n\t\t\t\t<\/div>\n\t\t\t\t\t<\/div>\n\t\t<\/div>\n\t\t\t\t\t<\/div>\n\t\t<\/section>\n\t\t\t\t<\/div>\n\t\t","protected":false},"excerpt":{"rendered":"<p>Know-how Grande prestazione senza residui e macchie: i nostri lubrificanti ad alte prestazioni unici, biodegradabili e impiegabili universalmente offrono caratteristiche di prodotto eccezionali. Capacit\u00e0 di asportazione rispettosa dell&#8217;ambiente Altamente efficace e sempre al passo con i tempi: I Lubrificanti ad alte prestazioni di UNILUBE vengono sviluppati costantemente e sono soggetti a un costante processo di [&hellip;]<\/p>\n","protected":false},"author":4,"featured_media":0,"parent":0,"menu_order":0,"comment_status":"closed","ping_status":"closed","template":"","meta":{"_acf_changed":false,"footnotes":""},"class_list":["post-1948","page","type-page","status-publish","hentry"],"acf":[],"yoast_head":"<!-- This site is optimized with the Yoast SEO Premium plugin v27.1 (Yoast SEO v27.1.1) - https:\/\/yoast.com\/product\/yoast-seo-premium-wordpress\/ -->\n<title>Know-how UNILUBE | Lubrificanti ad alte prestazioni | Panoramica<\/title>\n<meta name=\"description\" content=\"Lubrificanti ad alte prestazioni di UNILUBE sono universalmente applicabili, potenti e facilmente biodegradabili.\" \/>\n<meta name=\"robots\" content=\"index, follow, max-snippet:-1, max-image-preview:large, max-video-preview:-1\" \/>\n<link rel=\"canonical\" href=\"https:\/\/unilube.ch\/it\/lubrificanti-ad-alte-prestazioni\/\" \/>\n<meta property=\"og:locale\" content=\"it_IT\" \/>\n<meta property=\"og:type\" content=\"article\" \/>\n<meta property=\"og:title\" content=\"Lubrificanti ad alte prestazioni\" \/>\n<meta property=\"og:description\" content=\"Lubrificanti ad alte prestazioni di UNILUBE sono universalmente applicabili, potenti e facilmente biodegradabili.\" \/>\n<meta property=\"og:url\" content=\"https:\/\/unilube.ch\/it\/lubrificanti-ad-alte-prestazioni\/\" \/>\n<meta property=\"og:site_name\" content=\"UNILUBE | Quasi-Trockenbearbeitung\" \/>\n<meta property=\"article:modified_time\" content=\"2024-12-10T10:23:26+00:00\" \/>\n<meta property=\"og:image\" content=\"https:\/\/unilube.ch\/wp-content\/uploads\/2020\/11\/Unilube-2032-Kanister-300x173-1.jpg\" \/>\n<meta name=\"twitter:card\" content=\"summary_large_image\" \/>\n<meta name=\"twitter:label1\" content=\"Tempo di lettura stimato\" \/>\n\t<meta name=\"twitter:data1\" content=\"3 minuti\" \/>\n<script type=\"application\/ld+json\" class=\"yoast-schema-graph\">{\"@context\":\"https:\/\/schema.org\",\"@graph\":[{\"@type\":\"WebPage\",\"@id\":\"https:\/\/unilube.ch\/it\/lubrificanti-ad-alte-prestazioni\/\",\"url\":\"https:\/\/unilube.ch\/it\/lubrificanti-ad-alte-prestazioni\/\",\"name\":\"Know-how UNILUBE | Lubrificanti ad alte prestazioni | Panoramica\",\"isPartOf\":{\"@id\":\"https:\/\/unilube.ch\/#website\"},\"primaryImageOfPage\":{\"@id\":\"https:\/\/unilube.ch\/it\/lubrificanti-ad-alte-prestazioni\/#primaryimage\"},\"image\":{\"@id\":\"https:\/\/unilube.ch\/it\/lubrificanti-ad-alte-prestazioni\/#primaryimage\"},\"thumbnailUrl\":\"https:\/\/unilube.ch\/wp-content\/uploads\/2020\/11\/Unilube-2032-Kanister-300x173-1.jpg\",\"datePublished\":\"2021-03-23T08:00:29+00:00\",\"dateModified\":\"2024-12-10T10:23:26+00:00\",\"description\":\"Lubrificanti ad alte prestazioni di UNILUBE sono universalmente applicabili, potenti e facilmente biodegradabili.\",\"breadcrumb\":{\"@id\":\"https:\/\/unilube.ch\/it\/lubrificanti-ad-alte-prestazioni\/#breadcrumb\"},\"inLanguage\":\"it-IT\",\"potentialAction\":[{\"@type\":\"ReadAction\",\"target\":[\"https:\/\/unilube.ch\/it\/lubrificanti-ad-alte-prestazioni\/\"]}]},{\"@type\":\"ImageObject\",\"inLanguage\":\"it-IT\",\"@id\":\"https:\/\/unilube.ch\/it\/lubrificanti-ad-alte-prestazioni\/#primaryimage\",\"url\":\"https:\/\/unilube.ch\/wp-content\/uploads\/2020\/11\/Unilube-2032-Kanister-300x173-1.jpg\",\"contentUrl\":\"https:\/\/unilube.ch\/wp-content\/uploads\/2020\/11\/Unilube-2032-Kanister-300x173-1.jpg\"},{\"@type\":\"BreadcrumbList\",\"@id\":\"https:\/\/unilube.ch\/it\/lubrificanti-ad-alte-prestazioni\/#breadcrumb\",\"itemListElement\":[{\"@type\":\"ListItem\",\"position\":1,\"name\":\"Startseite\",\"item\":\"https:\/\/unilube.ch\/it\/\"},{\"@type\":\"ListItem\",\"position\":2,\"name\":\"Lubrificanti ad alte prestazioni\"}]},{\"@type\":\"WebSite\",\"@id\":\"https:\/\/unilube.ch\/#website\",\"url\":\"https:\/\/unilube.ch\/\",\"name\":\"UNILUBE | Quasi-Trockenbearbeitung\",\"description\":\"Top of Cleantech\",\"potentialAction\":[{\"@type\":\"SearchAction\",\"target\":{\"@type\":\"EntryPoint\",\"urlTemplate\":\"https:\/\/unilube.ch\/?s={search_term_string}\"},\"query-input\":{\"@type\":\"PropertyValueSpecification\",\"valueRequired\":true,\"valueName\":\"search_term_string\"}}],\"inLanguage\":\"it-IT\"}]}<\/script>\n<!-- \/ Yoast SEO Premium plugin. -->","yoast_head_json":{"title":"Know-how UNILUBE | Lubrificanti ad alte prestazioni | Panoramica","description":"Lubrificanti ad alte prestazioni di UNILUBE sono universalmente applicabili, potenti e facilmente biodegradabili.","robots":{"index":"index","follow":"follow","max-snippet":"max-snippet:-1","max-image-preview":"max-image-preview:large","max-video-preview":"max-video-preview:-1"},"canonical":"https:\/\/unilube.ch\/it\/lubrificanti-ad-alte-prestazioni\/","og_locale":"it_IT","og_type":"article","og_title":"Lubrificanti ad alte prestazioni","og_description":"Lubrificanti ad alte prestazioni di UNILUBE sono universalmente applicabili, potenti e facilmente biodegradabili.","og_url":"https:\/\/unilube.ch\/it\/lubrificanti-ad-alte-prestazioni\/","og_site_name":"UNILUBE | Quasi-Trockenbearbeitung","article_modified_time":"2024-12-10T10:23:26+00:00","og_image":[{"url":"https:\/\/unilube.ch\/wp-content\/uploads\/2020\/11\/Unilube-2032-Kanister-300x173-1.jpg","type":"","width":"","height":""}],"twitter_card":"summary_large_image","twitter_misc":{"Tempo di lettura stimato":"3 minuti"},"schema":{"@context":"https:\/\/schema.org","@graph":[{"@type":"WebPage","@id":"https:\/\/unilube.ch\/it\/lubrificanti-ad-alte-prestazioni\/","url":"https:\/\/unilube.ch\/it\/lubrificanti-ad-alte-prestazioni\/","name":"Know-how UNILUBE | Lubrificanti ad alte prestazioni | Panoramica","isPartOf":{"@id":"https:\/\/unilube.ch\/#website"},"primaryImageOfPage":{"@id":"https:\/\/unilube.ch\/it\/lubrificanti-ad-alte-prestazioni\/#primaryimage"},"image":{"@id":"https:\/\/unilube.ch\/it\/lubrificanti-ad-alte-prestazioni\/#primaryimage"},"thumbnailUrl":"https:\/\/unilube.ch\/wp-content\/uploads\/2020\/11\/Unilube-2032-Kanister-300x173-1.jpg","datePublished":"2021-03-23T08:00:29+00:00","dateModified":"2024-12-10T10:23:26+00:00","description":"Lubrificanti ad alte prestazioni di UNILUBE sono universalmente applicabili, potenti e facilmente biodegradabili.","breadcrumb":{"@id":"https:\/\/unilube.ch\/it\/lubrificanti-ad-alte-prestazioni\/#breadcrumb"},"inLanguage":"it-IT","potentialAction":[{"@type":"ReadAction","target":["https:\/\/unilube.ch\/it\/lubrificanti-ad-alte-prestazioni\/"]}]},{"@type":"ImageObject","inLanguage":"it-IT","@id":"https:\/\/unilube.ch\/it\/lubrificanti-ad-alte-prestazioni\/#primaryimage","url":"https:\/\/unilube.ch\/wp-content\/uploads\/2020\/11\/Unilube-2032-Kanister-300x173-1.jpg","contentUrl":"https:\/\/unilube.ch\/wp-content\/uploads\/2020\/11\/Unilube-2032-Kanister-300x173-1.jpg"},{"@type":"BreadcrumbList","@id":"https:\/\/unilube.ch\/it\/lubrificanti-ad-alte-prestazioni\/#breadcrumb","itemListElement":[{"@type":"ListItem","position":1,"name":"Startseite","item":"https:\/\/unilube.ch\/it\/"},{"@type":"ListItem","position":2,"name":"Lubrificanti ad alte prestazioni"}]},{"@type":"WebSite","@id":"https:\/\/unilube.ch\/#website","url":"https:\/\/unilube.ch\/","name":"UNILUBE | Quasi-Trockenbearbeitung","description":"Top of Cleantech","potentialAction":[{"@type":"SearchAction","target":{"@type":"EntryPoint","urlTemplate":"https:\/\/unilube.ch\/?s={search_term_string}"},"query-input":{"@type":"PropertyValueSpecification","valueRequired":true,"valueName":"search_term_string"}}],"inLanguage":"it-IT"}]}},"_links":{"self":[{"href":"https:\/\/unilube.ch\/it\/wp-json\/wp\/v2\/pages\/1948","targetHints":{"allow":["GET"]}}],"collection":[{"href":"https:\/\/unilube.ch\/it\/wp-json\/wp\/v2\/pages"}],"about":[{"href":"https:\/\/unilube.ch\/it\/wp-json\/wp\/v2\/types\/page"}],"author":[{"embeddable":true,"href":"https:\/\/unilube.ch\/it\/wp-json\/wp\/v2\/users\/4"}],"replies":[{"embeddable":true,"href":"https:\/\/unilube.ch\/it\/wp-json\/wp\/v2\/comments?post=1948"}],"version-history":[{"count":16,"href":"https:\/\/unilube.ch\/it\/wp-json\/wp\/v2\/pages\/1948\/revisions"}],"predecessor-version":[{"id":3722,"href":"https:\/\/unilube.ch\/it\/wp-json\/wp\/v2\/pages\/1948\/revisions\/3722"}],"wp:attachment":[{"href":"https:\/\/unilube.ch\/it\/wp-json\/wp\/v2\/media?parent=1948"}],"curies":[{"name":"wp","href":"https:\/\/api.w.org\/{rel}","templated":true}]}}