{"id":1955,"date":"2021-03-23T09:00:48","date_gmt":"2021-03-23T08:00:48","guid":{"rendered":"https:\/\/unilube.ch\/lubrificanti-ad-alte-prestazioni\/riciclaggio-dei-lubrificanti\/"},"modified":"2021-03-23T09:34:54","modified_gmt":"2021-03-23T08:34:54","slug":"riciclaggio-dei-lubrificanti","status":"publish","type":"page","link":"https:\/\/unilube.ch\/it\/lubrificanti-ad-alte-prestazioni\/riciclaggio-dei-lubrificanti\/","title":{"rendered":"Riciclaggio dei lubrificanti"},"content":{"rendered":"\t\t<div data-elementor-type=\"wp-page\" data-elementor-id=\"1955\" class=\"elementor elementor-1955 elementor-872\" data-elementor-post-type=\"page\">\n\t\t\t\t\t\t<section class=\"elementor-section elementor-top-section elementor-element elementor-element-15ff730c elementor-section-boxed elementor-section-height-default elementor-section-height-default\" data-id=\"15ff730c\" data-element_type=\"section\" data-e-type=\"section\">\n\t\t\t\t\t\t<div class=\"elementor-container elementor-column-gap-default\">\n\t\t\t\t\t<div class=\"elementor-column elementor-col-100 elementor-top-column elementor-element elementor-element-7dee3779\" data-id=\"7dee3779\" data-element_type=\"column\" data-e-type=\"column\">\n\t\t\t<div class=\"elementor-widget-wrap elementor-element-populated\">\n\t\t\t\t\t\t<div class=\"elementor-element elementor-element-639c8b9 elementor-icon-list--layout-inline elementor-align-start breadcrumbs elementor-list-item-link-full_width elementor-widget elementor-widget-icon-list\" data-id=\"639c8b9\" data-element_type=\"widget\" data-e-type=\"widget\" data-widget_type=\"icon-list.default\">\n\t\t\t\t<div class=\"elementor-widget-container\">\n\t\t\t\t\t\t\t<ul class=\"elementor-icon-list-items elementor-inline-items\">\n\t\t\t\t\t\t\t<li class=\"elementor-icon-list-item elementor-inline-item\">\n\t\t\t\t\t\t\t\t\t\t\t<a href=\"https:\/\/unilube.ch\/it\/\">\n\n\t\t\t\t\t\t\t\t\t\t\t\t<span class=\"elementor-icon-list-icon\">\n\t\t\t\t\t\t\t<i aria-hidden=\"true\" class=\"fas fa-home\"><\/i>\t\t\t\t\t\t<\/span>\n\t\t\t\t\t\t\t\t\t\t<span class=\"elementor-icon-list-text\"><\/span>\n\t\t\t\t\t\t\t\t\t\t\t<\/a>\n\t\t\t\t\t\t\t\t\t<\/li>\n\t\t\t\t\t\t\t\t<li class=\"elementor-icon-list-item elementor-inline-item\">\n\t\t\t\t\t\t\t\t\t\t\t<a href=\"https:\/\/unilube.ch\/it\/lubrificanti-ad-alte-prestazioni\/riciclaggio-dei-lubrificanti\/\">\n\n\t\t\t\t\t\t\t\t\t\t\t\t<span class=\"elementor-icon-list-icon\">\n\t\t\t\t\t\t\t<i aria-hidden=\"true\" class=\"fas fa-circle\"><\/i>\t\t\t\t\t\t<\/span>\n\t\t\t\t\t\t\t\t\t\t<span class=\"elementor-icon-list-text\">Know-how<\/span>\n\t\t\t\t\t\t\t\t\t\t\t<\/a>\n\t\t\t\t\t\t\t\t\t<\/li>\n\t\t\t\t\t\t\t\t<li class=\"elementor-icon-list-item elementor-inline-item\">\n\t\t\t\t\t\t\t\t\t\t\t<a href=\"https:\/\/unilube.ch\/it\/lubrificanti-ad-alte-prestazioni\/\">\n\n\t\t\t\t\t\t\t\t\t\t\t\t<span class=\"elementor-icon-list-icon\">\n\t\t\t\t\t\t\t<i aria-hidden=\"true\" class=\"fas fa-circle\"><\/i>\t\t\t\t\t\t<\/span>\n\t\t\t\t\t\t\t\t\t\t<span class=\"elementor-icon-list-text\">Lubrificanti ad alte prestazioni<\/span>\n\t\t\t\t\t\t\t\t\t\t\t<\/a>\n\t\t\t\t\t\t\t\t\t<\/li>\n\t\t\t\t\t\t\t\t<li class=\"elementor-icon-list-item elementor-inline-item\">\n\t\t\t\t\t\t\t\t\t\t\t<span class=\"elementor-icon-list-icon\">\n\t\t\t\t\t\t\t<i aria-hidden=\"true\" class=\"fas fa-circle\"><\/i>\t\t\t\t\t\t<\/span>\n\t\t\t\t\t\t\t\t\t\t<span class=\"elementor-icon-list-text\">Riciclaggio dei lubrificanti<\/span>\n\t\t\t\t\t\t\t\t\t<\/li>\n\t\t\t\t\t\t<\/ul>\n\t\t\t\t\t\t<\/div>\n\t\t\t\t<\/div>\n\t\t\t\t\t<\/div>\n\t\t<\/div>\n\t\t\t\t\t<\/div>\n\t\t<\/section>\n\t\t\t\t<section class=\"elementor-section elementor-top-section elementor-element elementor-element-9478f9b elementor-section-height-min-height elementor-section-items-bottom elementor-section-boxed elementor-section-height-default\" data-id=\"9478f9b\" data-element_type=\"section\" data-e-type=\"section\" data-settings=\"{&quot;background_background&quot;:&quot;classic&quot;}\">\n\t\t\t\t\t\t<div class=\"elementor-container elementor-column-gap-default\">\n\t\t\t\t\t<div class=\"elementor-column elementor-col-50 elementor-top-column elementor-element elementor-element-9fd6747\" data-id=\"9fd6747\" data-element_type=\"column\" data-e-type=\"column\">\n\t\t\t<div class=\"elementor-widget-wrap elementor-element-populated\">\n\t\t\t\t\t\t<div class=\"elementor-element elementor-element-fdd4e5b table_display heading_yellow elementor-widget elementor-widget-heading\" data-id=\"fdd4e5b\" data-element_type=\"widget\" data-e-type=\"widget\" data-widget_type=\"heading.default\">\n\t\t\t\t<div class=\"elementor-widget-container\">\n\t\t\t\t\t<h2 class=\"elementor-heading-title elementor-size-default\">Lubrificanti ad alte prestazioni<\/h2>\t\t\t\t<\/div>\n\t\t\t\t<\/div>\n\t\t\t\t\t<\/div>\n\t\t<\/div>\n\t\t\t\t<div class=\"elementor-column elementor-col-50 elementor-top-column elementor-element elementor-element-cb69755\" data-id=\"cb69755\" data-element_type=\"column\" data-e-type=\"column\">\n\t\t\t<div class=\"elementor-widget-wrap\">\n\t\t\t\t\t\t\t<\/div>\n\t\t<\/div>\n\t\t\t\t\t<\/div>\n\t\t<\/section>\n\t\t\t\t<section class=\"elementor-section elementor-top-section elementor-element elementor-element-d417f70 elementor-section-boxed elementor-section-height-default elementor-section-height-default\" data-id=\"d417f70\" data-element_type=\"section\" data-e-type=\"section\">\n\t\t\t\t\t\t<div class=\"elementor-container elementor-column-gap-default\">\n\t\t\t\t\t<div class=\"elementor-column elementor-col-100 elementor-top-column elementor-element elementor-element-765d2d2\" data-id=\"765d2d2\" data-element_type=\"column\" data-e-type=\"column\">\n\t\t\t<div class=\"elementor-widget-wrap elementor-element-populated\">\n\t\t\t\t\t\t<div class=\"elementor-element elementor-element-28e15e7 elementor-widget elementor-widget-heading\" data-id=\"28e15e7\" data-element_type=\"widget\" data-e-type=\"widget\" data-widget_type=\"heading.default\">\n\t\t\t\t<div class=\"elementor-widget-container\">\n\t\t\t\t\t<h3 class=\"elementor-heading-title elementor-size-default\">La seconda vita dell\u2019olio motore oppure: Meno preoccupazioni con lo smaltimento con lubrificanti ad alte prestazioni UNILUBE\n\n<\/h3>\t\t\t\t<\/div>\n\t\t\t\t<\/div>\n\t\t\t\t<div class=\"elementor-element elementor-element-e6d222f elementor-widget elementor-widget-text-editor\" data-id=\"e6d222f\" data-element_type=\"widget\" data-e-type=\"widget\" data-widget_type=\"text-editor.default\">\n\t\t\t\t<div class=\"elementor-widget-container\">\n\t\t\t\t\t\t\t\t\t<p>Cosa succede effettivamente all&#8217;olio dopo un cambio dell&#8217;olio periodico su un&#8217;automobile? In poche parole: l\u2019officina deve smaltire correttamente l\u2019olio esausto. Questo processo \u00e8 altrettanto dispendioso in termini di tempo e di costi in uno stabilimento industriale e richiede competenze adeguate. Gli utenti dell&#8217;esclusiva lavorazione quasi a secco di UNILUBE, invece, possono rilassarsi, perch\u00e9, grazie alla lubrificazione a consumo, normalmente la questione dello smaltimento non si pone per loro. Solo nel raro caso in cui si trovino ancora residui obsoleti nel magazzino, anche questi dovrebbero essere smaltiti. A tale scopo vi diamo i seguenti consigli.<\/p>\n<p>Per quanto riguarda lo smaltimento, i lubrificanti ad alte prestazioni di UNILUBE rientrano nella categoria degli \u201coli sintetici per macchinari\u201d. Se si escludono i termini di marketing, il termine \u201csintetico\u201d si riferisce esclusivamente al procedimento chimico o al processo con lo scopo di produrre oli.<\/p>\n<div class=\"wpb_text_column wpb_content_element vc_custom_1599035002700\">\n<div class=\"wpb_wrapper\">\n<p>I prodotti sintetici come quelli di UNILUBE, che sono di origine vegetale-animale, sono quindi valutati in modo completamente diverso dagli oli motore sintetici in termini di smaltimento. Se questi sono disponibili separati per tipo, i lubrificanti UNILUBE possono essere riciclati in un impianto di biogas.<\/p>\n<\/div>\n<\/div>\n\t\t\t\t\t\t\t\t<\/div>\n\t\t\t\t<\/div>\n\t\t\t\t<div class=\"elementor-element elementor-element-c3584ec elementor-widget elementor-widget-heading\" data-id=\"c3584ec\" data-element_type=\"widget\" data-e-type=\"widget\" data-widget_type=\"heading.default\">\n\t\t\t\t<div class=\"elementor-widget-container\">\n\t\t\t\t\t<h3 class=\"elementor-heading-title elementor-size-default\">Consegnare nei punti di raccolta autorizzati\n<\/h3>\t\t\t\t<\/div>\n\t\t\t\t<\/div>\n\t\t\t\t<div class=\"elementor-element elementor-element-f5188ed elementor-widget elementor-widget-text-editor\" data-id=\"f5188ed\" data-element_type=\"widget\" data-e-type=\"widget\" data-widget_type=\"text-editor.default\">\n\t\t\t\t<div class=\"elementor-widget-container\">\n\t\t\t\t\t\t\t\t\t<p>Vorremmo sottolineare che \u00e8 imperativo che le norme regionali e nazionali siano sempre osservate e rispettate per qualsiasi smaltimento e che queste possono differire dalla nostra osservazione.<\/p>\n<p>I punti di raccolta dell&#8217;olio differenziano, se mai, tra due categorie di oli esausti: da un lato l&#8217;olio da cucina e dall&#8217;altro l&#8217;olio per motori. In Svizzera, per ragioni di sicurezza, entrambi sono classificati come rifiuti pericolosi non appena vengono consegnati in un punto di raccolta pubblico.<\/p>\n\t\t\t\t\t\t\t\t<\/div>\n\t\t\t\t<\/div>\n\t\t\t\t<div class=\"elementor-element elementor-element-50d2f31 elementor-widget elementor-widget-heading\" data-id=\"50d2f31\" data-element_type=\"widget\" data-e-type=\"widget\" data-widget_type=\"heading.default\">\n\t\t\t\t<div class=\"elementor-widget-container\">\n\t\t\t\t\t<h3 class=\"elementor-heading-title elementor-size-default\">Olio da cucina od olio per motori \u2013 dove smaltirli?\n<\/h3>\t\t\t\t<\/div>\n\t\t\t\t<\/div>\n\t\t\t\t<div class=\"elementor-element elementor-element-e536159 elementor-widget elementor-widget-text-editor\" data-id=\"e536159\" data-element_type=\"widget\" data-e-type=\"widget\" data-widget_type=\"text-editor.default\">\n\t\t\t\t<div class=\"elementor-widget-container\">\n\t\t\t\t\t\t\t\t\t<p>La distinzione \u00e8 in realt\u00e0 appropriata solo nel settore B2B, dove gli oli da cucina o di origine animale o vegetale vengono riutilizzati come biodiesel o vengono letteralmente volatilizzati negli impianti di biogas.<\/p>\n<p>D&#8217;altra parte, l&#8217;olio esausto come l&#8217;olio motore o l&#8217;olio a base minerale o prodotto sinteticamente deve essere obbligatoriamente incenerito in un apposito inceneritore speciale. Gli impianti di incenerimento dei rifiuti pericolosi, tecnicamente complessi, sono spesso situati nell&#8217;industria del cemento, dove l&#8217;energia di incenerimento pu\u00f2 anche essere sfruttata in modo utile. I filtri degli impianti di incenerimento dei rifiuti pericolosi finiscono poi nella discarica per rifiuti pericolosi.<\/p>\n<p>Per inciso, la rigenerazione dell&#8217;olio esausto ha senso solo se \u00e8 selezionato per tipo, disponibile in grandi quantit\u00e0 e pu\u00f2 essere usato come materia prima per un olio di qualit\u00e0 inferiore. Tuttavia, questo \u00e8 piuttosto raro.<\/p>\n\t\t\t\t\t\t\t\t<\/div>\n\t\t\t\t<\/div>\n\t\t\t\t<div class=\"elementor-element elementor-element-d6b7f81 elementor-widget elementor-widget-heading\" data-id=\"d6b7f81\" data-element_type=\"widget\" data-e-type=\"widget\" data-widget_type=\"heading.default\">\n\t\t\t\t<div class=\"elementor-widget-container\">\n\t\t\t\t\t<h3 class=\"elementor-heading-title elementor-size-default\">Prevenire l'insorgere di problemi di smaltimento\n<\/h3>\t\t\t\t<\/div>\n\t\t\t\t<\/div>\n\t\t\t\t<div class=\"elementor-element elementor-element-dd680da elementor-widget elementor-widget-text-editor\" data-id=\"dd680da\" data-element_type=\"widget\" data-e-type=\"widget\" data-widget_type=\"text-editor.default\">\n\t\t\t\t<div class=\"elementor-widget-container\">\n\t\t\t\t\t\t\t\t\t<p>Lo smaltimento dell&#8217;olio \u00e8 un fattore di costo importante e dovrebbe quindi essere preso in considerazione durante la valutazione di un Sistema di Lubrificazione Minima. \u00c8 proprio qui che si manifestano i grandi vantaggi della lubrificazione a consumo UNILUBE, dove il problema dello smaltimento non \u00e8 affatto un problema. Le minime quantit\u00e0 di lubrificante ad alte prestazioni vengono consumate direttamente nel processo di truciolatura.<\/p>\n\t\t\t\t\t\t\t\t<\/div>\n\t\t\t\t<\/div>\n\t\t\t\t\t<\/div>\n\t\t<\/div>\n\t\t\t\t\t<\/div>\n\t\t<\/section>\n\t\t\t\t<\/div>\n\t\t","protected":false},"excerpt":{"rendered":"<p>Know-how Lubrificanti ad alte prestazioni Lubrificanti ad alte prestazioni La seconda vita dell\u2019olio motore oppure: Meno preoccupazioni con lo smaltimento con lubrificanti ad alte prestazioni UNILUBE Cosa succede effettivamente all&#8217;olio dopo un cambio dell&#8217;olio periodico su un&#8217;automobile? In poche parole: l\u2019officina deve smaltire correttamente l\u2019olio esausto. Questo processo \u00e8 altrettanto dispendioso in termini di tempo [&hellip;]<\/p>\n","protected":false},"author":4,"featured_media":0,"parent":1948,"menu_order":0,"comment_status":"closed","ping_status":"closed","template":"","meta":{"_acf_changed":false,"footnotes":""},"class_list":["post-1955","page","type-page","status-publish","hentry"],"acf":[],"yoast_head":"<!-- This site is optimized with the Yoast SEO Premium plugin v27.1 (Yoast SEO v27.1.1) - https:\/\/yoast.com\/product\/yoast-seo-premium-wordpress\/ -->\n<title>Know-how UNILUBE | Riciclaggio dei lubrificanti<\/title>\n<meta name=\"description\" content=\"Corretto recupero dei lubrificanti oppure: Meno preoccupazioni con lo smaltimento con lubrificanti ad alte prestazioni UNILUBE.\" \/>\n<meta name=\"robots\" content=\"index, follow, max-snippet:-1, max-image-preview:large, max-video-preview:-1\" \/>\n<link rel=\"canonical\" href=\"https:\/\/unilube.ch\/it\/lubrificanti-ad-alte-prestazioni\/riciclaggio-dei-lubrificanti\/\" \/>\n<meta property=\"og:locale\" content=\"it_IT\" \/>\n<meta property=\"og:type\" content=\"article\" \/>\n<meta property=\"og:title\" content=\"Riciclaggio dei lubrificanti\" \/>\n<meta property=\"og:description\" content=\"Corretto recupero dei lubrificanti oppure: Meno preoccupazioni con lo smaltimento con lubrificanti ad alte prestazioni UNILUBE.\" \/>\n<meta property=\"og:url\" content=\"https:\/\/unilube.ch\/it\/lubrificanti-ad-alte-prestazioni\/riciclaggio-dei-lubrificanti\/\" \/>\n<meta property=\"og:site_name\" content=\"UNILUBE | Quasi-Trockenbearbeitung\" \/>\n<meta property=\"article:modified_time\" content=\"2021-03-23T08:34:54+00:00\" \/>\n<meta name=\"twitter:card\" content=\"summary_large_image\" \/>\n<meta name=\"twitter:label1\" content=\"Tempo di lettura stimato\" \/>\n\t<meta name=\"twitter:data1\" content=\"3 minuti\" \/>\n<script type=\"application\/ld+json\" class=\"yoast-schema-graph\">{\"@context\":\"https:\/\/schema.org\",\"@graph\":[{\"@type\":\"WebPage\",\"@id\":\"https:\/\/unilube.ch\/it\/lubrificanti-ad-alte-prestazioni\/riciclaggio-dei-lubrificanti\/\",\"url\":\"https:\/\/unilube.ch\/it\/lubrificanti-ad-alte-prestazioni\/riciclaggio-dei-lubrificanti\/\",\"name\":\"Know-how UNILUBE | Riciclaggio dei lubrificanti\",\"isPartOf\":{\"@id\":\"https:\/\/unilube.ch\/#website\"},\"datePublished\":\"2021-03-23T08:00:48+00:00\",\"dateModified\":\"2021-03-23T08:34:54+00:00\",\"description\":\"Corretto recupero dei lubrificanti oppure: Meno preoccupazioni con lo smaltimento con lubrificanti ad alte prestazioni UNILUBE.\",\"breadcrumb\":{\"@id\":\"https:\/\/unilube.ch\/it\/lubrificanti-ad-alte-prestazioni\/riciclaggio-dei-lubrificanti\/#breadcrumb\"},\"inLanguage\":\"it-IT\",\"potentialAction\":[{\"@type\":\"ReadAction\",\"target\":[\"https:\/\/unilube.ch\/it\/lubrificanti-ad-alte-prestazioni\/riciclaggio-dei-lubrificanti\/\"]}]},{\"@type\":\"BreadcrumbList\",\"@id\":\"https:\/\/unilube.ch\/it\/lubrificanti-ad-alte-prestazioni\/riciclaggio-dei-lubrificanti\/#breadcrumb\",\"itemListElement\":[{\"@type\":\"ListItem\",\"position\":1,\"name\":\"Startseite\",\"item\":\"https:\/\/unilube.ch\/it\/\"},{\"@type\":\"ListItem\",\"position\":2,\"name\":\"Lubrificanti ad alte prestazioni\",\"item\":\"https:\/\/unilube.ch\/it\/lubrificanti-ad-alte-prestazioni\/\"},{\"@type\":\"ListItem\",\"position\":3,\"name\":\"Riciclaggio dei lubrificanti\"}]},{\"@type\":\"WebSite\",\"@id\":\"https:\/\/unilube.ch\/#website\",\"url\":\"https:\/\/unilube.ch\/\",\"name\":\"UNILUBE | Quasi-Trockenbearbeitung\",\"description\":\"Top of Cleantech\",\"potentialAction\":[{\"@type\":\"SearchAction\",\"target\":{\"@type\":\"EntryPoint\",\"urlTemplate\":\"https:\/\/unilube.ch\/?s={search_term_string}\"},\"query-input\":{\"@type\":\"PropertyValueSpecification\",\"valueRequired\":true,\"valueName\":\"search_term_string\"}}],\"inLanguage\":\"it-IT\"}]}<\/script>\n<!-- \/ Yoast SEO Premium plugin. -->","yoast_head_json":{"title":"Know-how UNILUBE | Riciclaggio dei lubrificanti","description":"Corretto recupero dei lubrificanti oppure: Meno preoccupazioni con lo smaltimento con lubrificanti ad alte prestazioni UNILUBE.","robots":{"index":"index","follow":"follow","max-snippet":"max-snippet:-1","max-image-preview":"max-image-preview:large","max-video-preview":"max-video-preview:-1"},"canonical":"https:\/\/unilube.ch\/it\/lubrificanti-ad-alte-prestazioni\/riciclaggio-dei-lubrificanti\/","og_locale":"it_IT","og_type":"article","og_title":"Riciclaggio dei lubrificanti","og_description":"Corretto recupero dei lubrificanti oppure: Meno preoccupazioni con lo smaltimento con lubrificanti ad alte prestazioni UNILUBE.","og_url":"https:\/\/unilube.ch\/it\/lubrificanti-ad-alte-prestazioni\/riciclaggio-dei-lubrificanti\/","og_site_name":"UNILUBE | Quasi-Trockenbearbeitung","article_modified_time":"2021-03-23T08:34:54+00:00","twitter_card":"summary_large_image","twitter_misc":{"Tempo di lettura stimato":"3 minuti"},"schema":{"@context":"https:\/\/schema.org","@graph":[{"@type":"WebPage","@id":"https:\/\/unilube.ch\/it\/lubrificanti-ad-alte-prestazioni\/riciclaggio-dei-lubrificanti\/","url":"https:\/\/unilube.ch\/it\/lubrificanti-ad-alte-prestazioni\/riciclaggio-dei-lubrificanti\/","name":"Know-how UNILUBE | Riciclaggio dei lubrificanti","isPartOf":{"@id":"https:\/\/unilube.ch\/#website"},"datePublished":"2021-03-23T08:00:48+00:00","dateModified":"2021-03-23T08:34:54+00:00","description":"Corretto recupero dei lubrificanti oppure: Meno preoccupazioni con lo smaltimento con lubrificanti ad alte prestazioni UNILUBE.","breadcrumb":{"@id":"https:\/\/unilube.ch\/it\/lubrificanti-ad-alte-prestazioni\/riciclaggio-dei-lubrificanti\/#breadcrumb"},"inLanguage":"it-IT","potentialAction":[{"@type":"ReadAction","target":["https:\/\/unilube.ch\/it\/lubrificanti-ad-alte-prestazioni\/riciclaggio-dei-lubrificanti\/"]}]},{"@type":"BreadcrumbList","@id":"https:\/\/unilube.ch\/it\/lubrificanti-ad-alte-prestazioni\/riciclaggio-dei-lubrificanti\/#breadcrumb","itemListElement":[{"@type":"ListItem","position":1,"name":"Startseite","item":"https:\/\/unilube.ch\/it\/"},{"@type":"ListItem","position":2,"name":"Lubrificanti ad alte prestazioni","item":"https:\/\/unilube.ch\/it\/lubrificanti-ad-alte-prestazioni\/"},{"@type":"ListItem","position":3,"name":"Riciclaggio dei lubrificanti"}]},{"@type":"WebSite","@id":"https:\/\/unilube.ch\/#website","url":"https:\/\/unilube.ch\/","name":"UNILUBE | Quasi-Trockenbearbeitung","description":"Top of Cleantech","potentialAction":[{"@type":"SearchAction","target":{"@type":"EntryPoint","urlTemplate":"https:\/\/unilube.ch\/?s={search_term_string}"},"query-input":{"@type":"PropertyValueSpecification","valueRequired":true,"valueName":"search_term_string"}}],"inLanguage":"it-IT"}]}},"_links":{"self":[{"href":"https:\/\/unilube.ch\/it\/wp-json\/wp\/v2\/pages\/1955","targetHints":{"allow":["GET"]}}],"collection":[{"href":"https:\/\/unilube.ch\/it\/wp-json\/wp\/v2\/pages"}],"about":[{"href":"https:\/\/unilube.ch\/it\/wp-json\/wp\/v2\/types\/page"}],"author":[{"embeddable":true,"href":"https:\/\/unilube.ch\/it\/wp-json\/wp\/v2\/users\/4"}],"replies":[{"embeddable":true,"href":"https:\/\/unilube.ch\/it\/wp-json\/wp\/v2\/comments?post=1955"}],"version-history":[{"count":3,"href":"https:\/\/unilube.ch\/it\/wp-json\/wp\/v2\/pages\/1955\/revisions"}],"predecessor-version":[{"id":2066,"href":"https:\/\/unilube.ch\/it\/wp-json\/wp\/v2\/pages\/1955\/revisions\/2066"}],"up":[{"embeddable":true,"href":"https:\/\/unilube.ch\/it\/wp-json\/wp\/v2\/pages\/1948"}],"wp:attachment":[{"href":"https:\/\/unilube.ch\/it\/wp-json\/wp\/v2\/media?parent=1955"}],"curies":[{"name":"wp","href":"https:\/\/api.w.org\/{rel}","templated":true}]}}