{"id":1967,"date":"2021-03-23T09:01:16","date_gmt":"2021-03-23T08:01:16","guid":{"rendered":"https:\/\/unilube.ch\/superfici-perfette\/"},"modified":"2021-07-07T05:27:54","modified_gmt":"2021-07-07T03:27:54","slug":"superfici-perfette","status":"publish","type":"page","link":"https:\/\/unilube.ch\/it\/superfici-perfette\/","title":{"rendered":"Superfici perfette"},"content":{"rendered":"\t\t<div data-elementor-type=\"wp-page\" data-elementor-id=\"1967\" class=\"elementor elementor-1967 elementor-892\" data-elementor-post-type=\"page\">\n\t\t\t\t\t\t<section class=\"elementor-section elementor-top-section elementor-element elementor-element-15ff730c elementor-section-boxed elementor-section-height-default elementor-section-height-default\" data-id=\"15ff730c\" data-element_type=\"section\" data-e-type=\"section\">\n\t\t\t\t\t\t<div class=\"elementor-container elementor-column-gap-default\">\n\t\t\t\t\t<div class=\"elementor-column elementor-col-100 elementor-top-column elementor-element elementor-element-7dee3779\" data-id=\"7dee3779\" data-element_type=\"column\" data-e-type=\"column\">\n\t\t\t<div class=\"elementor-widget-wrap elementor-element-populated\">\n\t\t\t\t\t\t<div class=\"elementor-element elementor-element-639c8b9 elementor-icon-list--layout-inline elementor-align-start breadcrumbs elementor-list-item-link-full_width elementor-widget elementor-widget-icon-list\" data-id=\"639c8b9\" data-element_type=\"widget\" data-e-type=\"widget\" data-widget_type=\"icon-list.default\">\n\t\t\t\t<div class=\"elementor-widget-container\">\n\t\t\t\t\t\t\t<ul class=\"elementor-icon-list-items elementor-inline-items\">\n\t\t\t\t\t\t\t<li class=\"elementor-icon-list-item elementor-inline-item\">\n\t\t\t\t\t\t\t\t\t\t\t<a href=\"https:\/\/unilube.ch\/it\/\">\n\n\t\t\t\t\t\t\t\t\t\t\t\t<span class=\"elementor-icon-list-icon\">\n\t\t\t\t\t\t\t<i aria-hidden=\"true\" class=\"fas fa-home\"><\/i>\t\t\t\t\t\t<\/span>\n\t\t\t\t\t\t\t\t\t\t<span class=\"elementor-icon-list-text\"><\/span>\n\t\t\t\t\t\t\t\t\t\t\t<\/a>\n\t\t\t\t\t\t\t\t\t<\/li>\n\t\t\t\t\t\t\t\t<li class=\"elementor-icon-list-item elementor-inline-item\">\n\t\t\t\t\t\t\t\t\t\t\t<a href=\"https:\/\/unilube.ch\/it\/superfici-perfette\/\">\n\n\t\t\t\t\t\t\t\t\t\t\t\t<span class=\"elementor-icon-list-icon\">\n\t\t\t\t\t\t\t<i aria-hidden=\"true\" class=\"fas fa-circle\"><\/i>\t\t\t\t\t\t<\/span>\n\t\t\t\t\t\t\t\t\t\t<span class=\"elementor-icon-list-text\">Know-how<\/span>\n\t\t\t\t\t\t\t\t\t\t\t<\/a>\n\t\t\t\t\t\t\t\t\t<\/li>\n\t\t\t\t\t\t\t\t<li class=\"elementor-icon-list-item elementor-inline-item\">\n\t\t\t\t\t\t\t\t\t\t\t<a href=\"#\">\n\n\t\t\t\t\t\t\t\t\t\t\t\t<span class=\"elementor-icon-list-icon\">\n\t\t\t\t\t\t\t<i aria-hidden=\"true\" class=\"fas fa-circle\"><\/i>\t\t\t\t\t\t<\/span>\n\t\t\t\t\t\t\t\t\t\t<span class=\"elementor-icon-list-text\">Cosa c\u2019\u00e8 da sapere<\/span>\n\t\t\t\t\t\t\t\t\t\t\t<\/a>\n\t\t\t\t\t\t\t\t\t<\/li>\n\t\t\t\t\t\t\t\t<li class=\"elementor-icon-list-item elementor-inline-item\">\n\t\t\t\t\t\t\t\t\t\t\t<span class=\"elementor-icon-list-icon\">\n\t\t\t\t\t\t\t<i aria-hidden=\"true\" class=\"fas fa-circle\"><\/i>\t\t\t\t\t\t<\/span>\n\t\t\t\t\t\t\t\t\t\t<span class=\"elementor-icon-list-text\">Superfici perfette<\/span>\n\t\t\t\t\t\t\t\t\t<\/li>\n\t\t\t\t\t\t<\/ul>\n\t\t\t\t\t\t<\/div>\n\t\t\t\t<\/div>\n\t\t\t\t\t<\/div>\n\t\t<\/div>\n\t\t\t\t\t<\/div>\n\t\t<\/section>\n\t\t\t\t<section class=\"elementor-section elementor-top-section elementor-element elementor-element-9478f9b elementor-section-height-min-height elementor-section-items-bottom elementor-section-boxed elementor-section-height-default\" data-id=\"9478f9b\" data-element_type=\"section\" data-e-type=\"section\" data-settings=\"{&quot;background_background&quot;:&quot;classic&quot;}\">\n\t\t\t\t\t\t<div class=\"elementor-container elementor-column-gap-default\">\n\t\t\t\t\t<div class=\"elementor-column elementor-col-50 elementor-top-column elementor-element elementor-element-9fd6747\" data-id=\"9fd6747\" data-element_type=\"column\" data-e-type=\"column\">\n\t\t\t<div class=\"elementor-widget-wrap elementor-element-populated\">\n\t\t\t\t\t\t<div class=\"elementor-element elementor-element-fdd4e5b table_display heading_yellow elementor-widget elementor-widget-heading\" data-id=\"fdd4e5b\" data-element_type=\"widget\" data-e-type=\"widget\" data-widget_type=\"heading.default\">\n\t\t\t\t<div class=\"elementor-widget-container\">\n\t\t\t\t\t<h2 class=\"elementor-heading-title elementor-size-default\">Cosa c\u2019\u00e8 da sapere<\/h2>\t\t\t\t<\/div>\n\t\t\t\t<\/div>\n\t\t\t\t\t<\/div>\n\t\t<\/div>\n\t\t\t\t<div class=\"elementor-column elementor-col-50 elementor-top-column elementor-element elementor-element-cb69755\" data-id=\"cb69755\" data-element_type=\"column\" data-e-type=\"column\">\n\t\t\t<div class=\"elementor-widget-wrap\">\n\t\t\t\t\t\t\t<\/div>\n\t\t<\/div>\n\t\t\t\t\t<\/div>\n\t\t<\/section>\n\t\t\t\t<section class=\"elementor-section elementor-top-section elementor-element elementor-element-d417f70 elementor-section-boxed elementor-section-height-default elementor-section-height-default\" data-id=\"d417f70\" data-element_type=\"section\" data-e-type=\"section\">\n\t\t\t\t\t\t<div class=\"elementor-container elementor-column-gap-default\">\n\t\t\t\t\t<div class=\"elementor-column elementor-col-100 elementor-top-column elementor-element elementor-element-765d2d2\" data-id=\"765d2d2\" data-element_type=\"column\" data-e-type=\"column\">\n\t\t\t<div class=\"elementor-widget-wrap elementor-element-populated\">\n\t\t\t\t\t\t<div class=\"elementor-element elementor-element-f5188ed elementor-widget elementor-widget-text-editor\" data-id=\"f5188ed\" data-element_type=\"widget\" data-e-type=\"widget\" data-widget_type=\"text-editor.default\">\n\t\t\t\t<div class=\"elementor-widget-container\">\n\t\t\t\t\t\t\t\t\t<p><strong>Mai pi\u00f9 problemi di pulitura! Superfici estetiche grazie all\u2019assenza di macchie. Superfici senza residui per la medicina e rugosit\u00e0 superficiale generalmente migliore. UNILUBE \u00e8 sinonimo di superfici del pezzo pulite.<\/strong><\/p>\n\t\t\t\t\t\t\t\t<\/div>\n\t\t\t\t<\/div>\n\t\t\t\t<div class=\"elementor-element elementor-element-6768d24 elementor-widget elementor-widget-heading\" data-id=\"6768d24\" data-element_type=\"widget\" data-e-type=\"widget\" data-widget_type=\"heading.default\">\n\t\t\t\t<div class=\"elementor-widget-container\">\n\t\t\t\t\t<h3 class=\"elementor-heading-title elementor-size-default\">Superfici lisce e pulite: caratteristiche di qualit\u00e0 importanti\n<\/h3>\t\t\t\t<\/div>\n\t\t\t\t<\/div>\n\t\t\t\t<div class=\"elementor-element elementor-element-fcfeb5f elementor-widget elementor-widget-text-editor\" data-id=\"fcfeb5f\" data-element_type=\"widget\" data-e-type=\"widget\" data-widget_type=\"text-editor.default\">\n\t\t\t\t<div class=\"elementor-widget-container\">\n\t\t\t\t\t\t\t\t\t<p>La qualit\u00e0 di una superficie \u00e8 determinata dai requisiti di rugosit\u00e0 e pulizia della superficie. UNILUBE offre soluzioni adeguate per entrambi gli obiettivi di qualit\u00e0, che aiutano a ridurre i costi di produzione e a evitare costi consequenziali. Nei casi in cui sia la rugosit\u00e0 che la pulizia sono criteri di qualit\u00e0 importanti \u2013 per esempio nella produzione di medicinali e nell&#8217;industria orologiera \u2013 le cose si fanno particolarmente interessanti. \u00c8 qui che la lavorazione quasi a secco diventa una componente chiave del successo economico nella produzione.<\/p>\n\t\t\t\t\t\t\t\t<\/div>\n\t\t\t\t<\/div>\n\t\t\t\t<div class=\"elementor-element elementor-element-89887f2 elementor-widget elementor-widget-heading\" data-id=\"89887f2\" data-element_type=\"widget\" data-e-type=\"widget\" data-widget_type=\"heading.default\">\n\t\t\t\t<div class=\"elementor-widget-container\">\n\t\t\t\t\t<h3 class=\"elementor-heading-title elementor-size-default\">Estetica impeccabile\n<\/h3>\t\t\t\t<\/div>\n\t\t\t\t<\/div>\n\t\t\t\t<div class=\"elementor-element elementor-element-a251f33 elementor-widget elementor-widget-text-editor\" data-id=\"a251f33\" data-element_type=\"widget\" data-e-type=\"widget\" data-widget_type=\"text-editor.default\">\n\t\t\t\t<div class=\"elementor-widget-container\">\n\t\t\t\t\t\t\t\t\t<p>Per i pezzi in cui le esigenze estetiche sono elevate, \u00e8 di grande vantaggio se non si creano bordi o ombre dovuti all\u2019evaporazione. Questo perch\u00e9 queste macchie o nebbie richiedono una pulizia supplementare, e soprattutto con una superficie molto liscia, le aree interessate devono essere pulite non solo chimicamente, ma a volte anche meccanicamente. \u00c8 proprio per questo motivo che offriamo un lubrificante ad alte prestazioni che non causa macchie. Questo vi far\u00e0 risparmiare tempo e costi consequenziali a costo zero \u2013 e chi altro pu\u00f2 offrire questo?<\/p>\n\t\t\t\t\t\t\t\t<\/div>\n\t\t\t\t<\/div>\n\t\t\t\t<div class=\"elementor-element elementor-element-50d2f31 elementor-widget elementor-widget-heading\" data-id=\"50d2f31\" data-element_type=\"widget\" data-e-type=\"widget\" data-widget_type=\"heading.default\">\n\t\t\t\t<div class=\"elementor-widget-container\">\n\t\t\t\t\t<h3 class=\"elementor-heading-title elementor-size-default\">Superfici pulite senza germi e senza residui\n<\/h3>\t\t\t\t<\/div>\n\t\t\t\t<\/div>\n\t\t\t\t<div class=\"elementor-element elementor-element-e536159 elementor-widget elementor-widget-text-editor\" data-id=\"e536159\" data-element_type=\"widget\" data-e-type=\"widget\" data-widget_type=\"text-editor.default\">\n\t\t\t\t<div class=\"elementor-widget-container\">\n\t\t\t\t\t\t\t\t\t<p>Nella lavorazione di pezzi sensibili dal punto di vista medico, l&#8217;ideale sarebbe aggiungere il minor numero possibile di sostanze estranee, in modo che non si possa sviluppare un terreno fertile per i germi. \u00c8 proprio qui che risiedono i vantaggi dei nostri Sistemi di Lubrificazione Minima, che permettono una lavorazione quasi a secco e mantengono le superfici asciutte con un consumo minimo da record. Il lubrificante ad alte prestazioni di UNILUBE con qualit\u00e0 farmaceutica e senza particelle estranee contribuisce notevolmente al fatto che diventi concepibile il percorso dalla macchina di produzione direttamente all&#8217;autoclave o alla sterilizzazione a fascio elettronico \u2013 cio\u00e8 senza un processo di pulizia a pi\u00f9 fasi. In questo caso, gli ugelli di lubrificazione minima senza alimentazione di lubrificante vengono utilizzati gi\u00e0 supporto del pezzo per eliminare localmente la polvere metallica dovuta alla truciolatura.<\/p>\n<p>Nella tecnologia medica, sono proprio i bassi consumi ad offrire vantaggi inimmaginabili per la convalida di un processo. La bassa dose totale di lubrificante ad alte prestazioni di UNILUBE rende la lavorazione quasi a secco il concetto di lavorazione ideale, specialmente per materiali porosi con effetto capillare, per esempio.<\/p>\n\t\t\t\t\t\t\t\t<\/div>\n\t\t\t\t<\/div>\n\t\t\t\t<div class=\"elementor-element elementor-element-ad3748d elementor-widget elementor-widget-heading\" data-id=\"ad3748d\" data-element_type=\"widget\" data-e-type=\"widget\" data-widget_type=\"heading.default\">\n\t\t\t\t<div class=\"elementor-widget-container\">\n\t\t\t\t\t<h3 class=\"elementor-heading-title elementor-size-default\">Liscia come uno specchio<\/h3>\t\t\t\t<\/div>\n\t\t\t\t<\/div>\n\t\t\t\t<div class=\"elementor-element elementor-element-6f7f26c elementor-widget elementor-widget-text-editor\" data-id=\"6f7f26c\" data-element_type=\"widget\" data-e-type=\"widget\" data-widget_type=\"text-editor.default\">\n\t\t\t\t<div class=\"elementor-widget-container\">\n\t\t\t\t\t\t\t\t\t<p>Solo se non sono presenti particelle estranee e i microtrucioli vengono rimossi in modo affidabile, \u00e8 possibile soddisfare i massimi requisiti di qualit\u00e0 superficiale nella truciolatura di precisione. Questo perch\u00e9 ogni fattore di interferenza tra l&#8217;utensile e il pezzo ha un&#8217;influenza negativa sulla rugosit\u00e0 \u2013 questo vale allo stesso modo per la truciolatura con un tagliente definito e indefinito. \u00c8 proprio in questo punto centrale e delicato della truciolatura di precisione o della superfinitura che entra in gioco il concetto di lavorazione ben congegnato della lavorazione quasi a secco. L&#8217;esclusiva lubrificazione a consumo di UNILUBE assicura anche che non ci siano vibrazioni sull&#8217;utensile dovute cuscinetti idrostatici d&#8217;olio, come pu\u00f2 accadere quando viene applicato troppo lubrificante. Il getto d&#8217;aria degli ugelli rimuove in modo affidabile e continuo i microtrucioli o la polvere di metallo e allo stesso tempo protegge l&#8217;utensile. Una leggera depressione con aspirazione nella macchina utensile elimina definitivamente il problema della polvere di materiale.<\/p>\n\t\t\t\t\t\t\t\t<\/div>\n\t\t\t\t<\/div>\n\t\t\t\t<div class=\"elementor-element elementor-element-4e6c9f5 elementor-widget elementor-widget-text-editor\" data-id=\"4e6c9f5\" data-element_type=\"widget\" data-e-type=\"widget\" data-widget_type=\"text-editor.default\">\n\t\t\t\t<div class=\"elementor-widget-container\">\n\t\t\t\t\t\t\t\t\t<p>L&#8217;obiettivo di ottenere una superfinitura diretta usando un utensile con un tagliente definito \u2013 come l&#8217;alesatura invece della levigatura \u2013 ha anche molto senso dal punto di vista economico-aziendale. Allo stesso modo, risultati eccellenti con utensili con tagliente indefinito, per esempio nella levigatura, sono una cosa ovvia.<\/p>\n\t\t\t\t\t\t\t\t<\/div>\n\t\t\t\t<\/div>\n\t\t\t\t\t<\/div>\n\t\t<\/div>\n\t\t\t\t\t<\/div>\n\t\t<\/section>\n\t\t\t\t<\/div>\n\t\t","protected":false},"excerpt":{"rendered":"<p>Know-how Cosa c\u2019\u00e8 da sapere Cosa c\u2019\u00e8 da sapere Mai pi\u00f9 problemi di pulitura! Superfici estetiche grazie all\u2019assenza di macchie. Superfici senza residui per la medicina e rugosit\u00e0 superficiale generalmente migliore. UNILUBE \u00e8 sinonimo di superfici del pezzo pulite. Superfici lisce e pulite: caratteristiche di qualit\u00e0 importanti La qualit\u00e0 di una superficie \u00e8 determinata dai [&hellip;]<\/p>\n","protected":false},"author":4,"featured_media":0,"parent":0,"menu_order":0,"comment_status":"closed","ping_status":"closed","template":"","meta":{"_acf_changed":false,"footnotes":""},"class_list":["post-1967","page","type-page","status-publish","hentry"],"acf":[],"yoast_head":"<!-- This site is optimized with the Yoast SEO Premium plugin v27.4 (Yoast SEO v27.4) - https:\/\/yoast.com\/product\/yoast-seo-premium-wordpress\/ -->\n<title>Know-how UNILUBE | Superfici perfette<\/title>\n<meta name=\"description\" content=\"Superfici estetiche senza residui per la medicina e rugosit\u00e0 superficiale generalmente migliore: superfici pulite del pezzo.\" \/>\n<meta name=\"robots\" content=\"index, follow, max-snippet:-1, max-image-preview:large, max-video-preview:-1\" \/>\n<link rel=\"canonical\" href=\"https:\/\/unilube.ch\/it\/superfici-perfette\/\" \/>\n<meta property=\"og:locale\" content=\"it_IT\" \/>\n<meta property=\"og:type\" content=\"article\" \/>\n<meta property=\"og:title\" content=\"Superfici perfette\" \/>\n<meta property=\"og:description\" content=\"Superfici estetiche senza residui per la medicina e rugosit\u00e0 superficiale generalmente migliore: superfici pulite del pezzo.\" \/>\n<meta property=\"og:url\" content=\"https:\/\/unilube.ch\/it\/superfici-perfette\/\" \/>\n<meta property=\"og:site_name\" content=\"UNILUBE | Quasi-Trockenbearbeitung\" \/>\n<meta property=\"article:modified_time\" content=\"2021-07-07T03:27:54+00:00\" \/>\n<meta name=\"twitter:card\" content=\"summary_large_image\" \/>\n<meta name=\"twitter:label1\" content=\"Tempo di lettura stimato\" \/>\n\t<meta name=\"twitter:data1\" content=\"3 minuti\" \/>\n<script type=\"application\/ld+json\" class=\"yoast-schema-graph\">{\"@context\":\"https:\\\/\\\/schema.org\",\"@graph\":[{\"@type\":\"WebPage\",\"@id\":\"https:\\\/\\\/unilube.ch\\\/it\\\/superfici-perfette\\\/\",\"url\":\"https:\\\/\\\/unilube.ch\\\/it\\\/superfici-perfette\\\/\",\"name\":\"Know-how UNILUBE | Superfici perfette\",\"isPartOf\":{\"@id\":\"https:\\\/\\\/unilube.ch\\\/#website\"},\"datePublished\":\"2021-03-23T08:01:16+00:00\",\"dateModified\":\"2021-07-07T03:27:54+00:00\",\"description\":\"Superfici estetiche senza residui per la medicina e rugosit\u00e0 superficiale generalmente migliore: superfici pulite del pezzo.\",\"breadcrumb\":{\"@id\":\"https:\\\/\\\/unilube.ch\\\/it\\\/superfici-perfette\\\/#breadcrumb\"},\"inLanguage\":\"it-IT\",\"potentialAction\":[{\"@type\":\"ReadAction\",\"target\":[\"https:\\\/\\\/unilube.ch\\\/it\\\/superfici-perfette\\\/\"]}]},{\"@type\":\"BreadcrumbList\",\"@id\":\"https:\\\/\\\/unilube.ch\\\/it\\\/superfici-perfette\\\/#breadcrumb\",\"itemListElement\":[{\"@type\":\"ListItem\",\"position\":1,\"name\":\"Startseite\",\"item\":\"https:\\\/\\\/unilube.ch\\\/it\\\/\"},{\"@type\":\"ListItem\",\"position\":2,\"name\":\"Superfici perfette\"}]},{\"@type\":\"WebSite\",\"@id\":\"https:\\\/\\\/unilube.ch\\\/#website\",\"url\":\"https:\\\/\\\/unilube.ch\\\/\",\"name\":\"UNILUBE | Quasi-Trockenbearbeitung\",\"description\":\"Top of Cleantech\",\"potentialAction\":[{\"@type\":\"SearchAction\",\"target\":{\"@type\":\"EntryPoint\",\"urlTemplate\":\"https:\\\/\\\/unilube.ch\\\/?s={search_term_string}\"},\"query-input\":{\"@type\":\"PropertyValueSpecification\",\"valueRequired\":true,\"valueName\":\"search_term_string\"}}],\"inLanguage\":\"it-IT\"}]}<\/script>\n<!-- \/ Yoast SEO Premium plugin. -->","yoast_head_json":{"title":"Know-how UNILUBE | Superfici perfette","description":"Superfici estetiche senza residui per la medicina e rugosit\u00e0 superficiale generalmente migliore: superfici pulite del pezzo.","robots":{"index":"index","follow":"follow","max-snippet":"max-snippet:-1","max-image-preview":"max-image-preview:large","max-video-preview":"max-video-preview:-1"},"canonical":"https:\/\/unilube.ch\/it\/superfici-perfette\/","og_locale":"it_IT","og_type":"article","og_title":"Superfici perfette","og_description":"Superfici estetiche senza residui per la medicina e rugosit\u00e0 superficiale generalmente migliore: superfici pulite del pezzo.","og_url":"https:\/\/unilube.ch\/it\/superfici-perfette\/","og_site_name":"UNILUBE | Quasi-Trockenbearbeitung","article_modified_time":"2021-07-07T03:27:54+00:00","twitter_card":"summary_large_image","twitter_misc":{"Tempo di lettura stimato":"3 minuti"},"schema":{"@context":"https:\/\/schema.org","@graph":[{"@type":"WebPage","@id":"https:\/\/unilube.ch\/it\/superfici-perfette\/","url":"https:\/\/unilube.ch\/it\/superfici-perfette\/","name":"Know-how UNILUBE | Superfici perfette","isPartOf":{"@id":"https:\/\/unilube.ch\/#website"},"datePublished":"2021-03-23T08:01:16+00:00","dateModified":"2021-07-07T03:27:54+00:00","description":"Superfici estetiche senza residui per la medicina e rugosit\u00e0 superficiale generalmente migliore: superfici pulite del pezzo.","breadcrumb":{"@id":"https:\/\/unilube.ch\/it\/superfici-perfette\/#breadcrumb"},"inLanguage":"it-IT","potentialAction":[{"@type":"ReadAction","target":["https:\/\/unilube.ch\/it\/superfici-perfette\/"]}]},{"@type":"BreadcrumbList","@id":"https:\/\/unilube.ch\/it\/superfici-perfette\/#breadcrumb","itemListElement":[{"@type":"ListItem","position":1,"name":"Startseite","item":"https:\/\/unilube.ch\/it\/"},{"@type":"ListItem","position":2,"name":"Superfici perfette"}]},{"@type":"WebSite","@id":"https:\/\/unilube.ch\/#website","url":"https:\/\/unilube.ch\/","name":"UNILUBE | Quasi-Trockenbearbeitung","description":"Top of Cleantech","potentialAction":[{"@type":"SearchAction","target":{"@type":"EntryPoint","urlTemplate":"https:\/\/unilube.ch\/?s={search_term_string}"},"query-input":{"@type":"PropertyValueSpecification","valueRequired":true,"valueName":"search_term_string"}}],"inLanguage":"it-IT"}]}},"_links":{"self":[{"href":"https:\/\/unilube.ch\/it\/wp-json\/wp\/v2\/pages\/1967","targetHints":{"allow":["GET"]}}],"collection":[{"href":"https:\/\/unilube.ch\/it\/wp-json\/wp\/v2\/pages"}],"about":[{"href":"https:\/\/unilube.ch\/it\/wp-json\/wp\/v2\/types\/page"}],"author":[{"embeddable":true,"href":"https:\/\/unilube.ch\/it\/wp-json\/wp\/v2\/users\/4"}],"replies":[{"embeddable":true,"href":"https:\/\/unilube.ch\/it\/wp-json\/wp\/v2\/comments?post=1967"}],"version-history":[{"count":6,"href":"https:\/\/unilube.ch\/it\/wp-json\/wp\/v2\/pages\/1967\/revisions"}],"predecessor-version":[{"id":2613,"href":"https:\/\/unilube.ch\/it\/wp-json\/wp\/v2\/pages\/1967\/revisions\/2613"}],"wp:attachment":[{"href":"https:\/\/unilube.ch\/it\/wp-json\/wp\/v2\/media?parent=1967"}],"curies":[{"name":"wp","href":"https:\/\/api.w.org\/{rel}","templated":true}]}}