{"id":2083,"date":"2021-03-23T09:37:51","date_gmt":"2021-03-23T08:37:51","guid":{"rendered":"https:\/\/unilube.ch\/informazione-legale\/"},"modified":"2022-10-12T16:29:31","modified_gmt":"2022-10-12T14:29:31","slug":"informazione-legale","status":"publish","type":"page","link":"https:\/\/unilube.ch\/it\/informazione-legale\/","title":{"rendered":"Informazione legale"},"content":{"rendered":"\t\t<div data-elementor-type=\"wp-page\" data-elementor-id=\"2083\" class=\"elementor elementor-2083 elementor-896\" data-elementor-post-type=\"page\">\n\t\t\t\t\t\t<section class=\"elementor-section elementor-top-section elementor-element elementor-element-15ff730c elementor-section-boxed elementor-section-height-default elementor-section-height-default\" data-id=\"15ff730c\" data-element_type=\"section\" data-e-type=\"section\">\n\t\t\t\t\t\t<div class=\"elementor-container elementor-column-gap-default\">\n\t\t\t\t\t<div class=\"elementor-column elementor-col-100 elementor-top-column elementor-element elementor-element-7dee3779\" data-id=\"7dee3779\" data-element_type=\"column\" data-e-type=\"column\">\n\t\t\t<div class=\"elementor-widget-wrap elementor-element-populated\">\n\t\t\t\t\t\t<div class=\"elementor-element elementor-element-639c8b9 elementor-icon-list--layout-inline elementor-align-start breadcrumbs elementor-list-item-link-full_width elementor-widget elementor-widget-icon-list\" data-id=\"639c8b9\" data-element_type=\"widget\" data-e-type=\"widget\" data-widget_type=\"icon-list.default\">\n\t\t\t\t<div class=\"elementor-widget-container\">\n\t\t\t\t\t\t\t<ul class=\"elementor-icon-list-items elementor-inline-items\">\n\t\t\t\t\t\t\t<li class=\"elementor-icon-list-item elementor-inline-item\">\n\t\t\t\t\t\t\t\t\t\t\t<a href=\"https:\/\/unilube.ch\/it\/\">\n\n\t\t\t\t\t\t\t\t\t\t\t\t<span class=\"elementor-icon-list-icon\">\n\t\t\t\t\t\t\t<i aria-hidden=\"true\" class=\"fas fa-home\"><\/i>\t\t\t\t\t\t<\/span>\n\t\t\t\t\t\t\t\t\t\t<span class=\"elementor-icon-list-text\"><\/span>\n\t\t\t\t\t\t\t\t\t\t\t<\/a>\n\t\t\t\t\t\t\t\t\t<\/li>\n\t\t\t\t\t\t\t\t<li class=\"elementor-icon-list-item elementor-inline-item\">\n\t\t\t\t\t\t\t\t\t\t\t<span class=\"elementor-icon-list-icon\">\n\t\t\t\t\t\t\t<i aria-hidden=\"true\" class=\"fas fa-circle\"><\/i>\t\t\t\t\t\t<\/span>\n\t\t\t\t\t\t\t\t\t\t<span class=\"elementor-icon-list-text\">Informazione legale<\/span>\n\t\t\t\t\t\t\t\t\t<\/li>\n\t\t\t\t\t\t<\/ul>\n\t\t\t\t\t\t<\/div>\n\t\t\t\t<\/div>\n\t\t\t\t\t<\/div>\n\t\t<\/div>\n\t\t\t\t\t<\/div>\n\t\t<\/section>\n\t\t\t\t<section class=\"elementor-section elementor-top-section elementor-element elementor-element-9478f9b elementor-section-height-min-height elementor-section-items-bottom elementor-section-boxed elementor-section-height-default\" data-id=\"9478f9b\" data-element_type=\"section\" data-e-type=\"section\" data-settings=\"{&quot;background_background&quot;:&quot;classic&quot;}\">\n\t\t\t\t\t\t<div class=\"elementor-container elementor-column-gap-default\">\n\t\t\t\t\t<div class=\"elementor-column elementor-col-50 elementor-top-column elementor-element elementor-element-9fd6747\" data-id=\"9fd6747\" data-element_type=\"column\" data-e-type=\"column\">\n\t\t\t<div class=\"elementor-widget-wrap elementor-element-populated\">\n\t\t\t\t\t\t<div class=\"elementor-element elementor-element-fdd4e5b table_display heading_yellow elementor-widget elementor-widget-heading\" data-id=\"fdd4e5b\" data-element_type=\"widget\" data-e-type=\"widget\" data-widget_type=\"heading.default\">\n\t\t\t\t<div class=\"elementor-widget-container\">\n\t\t\t\t\t<h2 class=\"elementor-heading-title elementor-size-default\">Informazione legale<\/h2>\t\t\t\t<\/div>\n\t\t\t\t<\/div>\n\t\t\t\t\t<\/div>\n\t\t<\/div>\n\t\t\t\t<div class=\"elementor-column elementor-col-50 elementor-top-column elementor-element elementor-element-cb69755\" data-id=\"cb69755\" data-element_type=\"column\" data-e-type=\"column\">\n\t\t\t<div class=\"elementor-widget-wrap\">\n\t\t\t\t\t\t\t<\/div>\n\t\t<\/div>\n\t\t\t\t\t<\/div>\n\t\t<\/section>\n\t\t\t\t<section class=\"elementor-section elementor-top-section elementor-element elementor-element-d417f70 elementor-section-boxed elementor-section-height-default elementor-section-height-default\" data-id=\"d417f70\" data-element_type=\"section\" data-e-type=\"section\">\n\t\t\t\t\t\t<div class=\"elementor-container elementor-column-gap-default\">\n\t\t\t\t\t<div class=\"elementor-column elementor-col-100 elementor-top-column elementor-element elementor-element-765d2d2\" data-id=\"765d2d2\" data-element_type=\"column\" data-e-type=\"column\">\n\t\t\t<div class=\"elementor-widget-wrap elementor-element-populated\">\n\t\t\t\t\t\t<div class=\"elementor-element elementor-element-6768d24 elementor-widget elementor-widget-heading\" data-id=\"6768d24\" data-element_type=\"widget\" data-e-type=\"widget\" data-widget_type=\"heading.default\">\n\t\t\t\t<div class=\"elementor-widget-container\">\n\t\t\t\t\t<h3 class=\"elementor-heading-title elementor-size-default\">Indirizzo di contatto<\/h3>\t\t\t\t<\/div>\n\t\t\t\t<\/div>\n\t\t\t\t<div class=\"elementor-element elementor-element-fcfeb5f elementor-widget elementor-widget-text-editor\" data-id=\"fcfeb5f\" data-element_type=\"widget\" data-e-type=\"widget\" data-widget_type=\"text-editor.default\">\n\t\t\t\t<div class=\"elementor-widget-container\">\n\t\t\t\t\t\t\t\t\t<p>Unilube AG<br \/>Andhauserstrasse 52a<br \/>8572 Berg TG<br \/>Svizzera<\/p><p>E-mail:\u00a0<a href=\"mailto:info@unilube.ch\">info@unilube.ch<\/a><\/p>\t\t\t\t\t\t\t\t<\/div>\n\t\t\t\t<\/div>\n\t\t\t\t<div class=\"elementor-element elementor-element-89887f2 elementor-widget elementor-widget-heading\" data-id=\"89887f2\" data-element_type=\"widget\" data-e-type=\"widget\" data-widget_type=\"heading.default\">\n\t\t\t\t<div class=\"elementor-widget-container\">\n\t\t\t\t\t<h3 class=\"elementor-heading-title elementor-size-default\">Persona con potere di rappresentanza\n<\/h3>\t\t\t\t<\/div>\n\t\t\t\t<\/div>\n\t\t\t\t<div class=\"elementor-element elementor-element-a251f33 elementor-widget elementor-widget-text-editor\" data-id=\"a251f33\" data-element_type=\"widget\" data-e-type=\"widget\" data-widget_type=\"text-editor.default\">\n\t\t\t\t<div class=\"elementor-widget-container\">\n\t\t\t\t\t\t\t\t\t<p>Jonas H\u00fcgli, amministratore<\/p>\n\t\t\t\t\t\t\t\t<\/div>\n\t\t\t\t<\/div>\n\t\t\t\t<div class=\"elementor-element elementor-element-50d2f31 elementor-widget elementor-widget-heading\" data-id=\"50d2f31\" data-element_type=\"widget\" data-e-type=\"widget\" data-widget_type=\"heading.default\">\n\t\t\t\t<div class=\"elementor-widget-container\">\n\t\t\t\t\t<h3 class=\"elementor-heading-title elementor-size-default\">Iscrizione al registro delle imprese\n<\/h3>\t\t\t\t<\/div>\n\t\t\t\t<\/div>\n\t\t\t\t<div class=\"elementor-element elementor-element-e536159 elementor-widget elementor-widget-text-editor\" data-id=\"e536159\" data-element_type=\"widget\" data-e-type=\"widget\" data-widget_type=\"text-editor.default\">\n\t\t\t\t<div class=\"elementor-widget-container\">\n\t\t\t\t\t\t\t\t\t<p>Ragione sociale registrata: Unilube AG<br \/>N. iscrizione al registro commerciale: CHE-106.431.267<\/p>\n\t\t\t\t\t\t\t\t<\/div>\n\t\t\t\t<\/div>\n\t\t\t\t<div class=\"elementor-element elementor-element-ad3748d elementor-widget elementor-widget-heading\" data-id=\"ad3748d\" data-element_type=\"widget\" data-e-type=\"widget\" data-widget_type=\"heading.default\">\n\t\t\t\t<div class=\"elementor-widget-container\">\n\t\t\t\t\t<h3 class=\"elementor-heading-title elementor-size-default\">Numero di partita IVA\n<\/h3>\t\t\t\t<\/div>\n\t\t\t\t<\/div>\n\t\t\t\t<div class=\"elementor-element elementor-element-6f7f26c elementor-widget elementor-widget-text-editor\" data-id=\"6f7f26c\" data-element_type=\"widget\" data-e-type=\"widget\" data-widget_type=\"text-editor.default\">\n\t\t\t\t<div class=\"elementor-widget-container\">\n\t\t\t\t\t\t\t\t\t<p>CHE-106.431.267 MWST<\/p>\n\t\t\t\t\t\t\t\t<\/div>\n\t\t\t\t<\/div>\n\t\t\t\t<div class=\"elementor-element elementor-element-7aa65d4 elementor-widget elementor-widget-heading\" data-id=\"7aa65d4\" data-element_type=\"widget\" data-e-type=\"widget\" data-widget_type=\"heading.default\">\n\t\t\t\t<div class=\"elementor-widget-container\">\n\t\t\t\t\t<h3 class=\"elementor-heading-title elementor-size-default\">Esclusione di responsabilit\u00e0\n<\/h3>\t\t\t\t<\/div>\n\t\t\t\t<\/div>\n\t\t\t\t<div class=\"elementor-element elementor-element-4e6c9f5 elementor-widget elementor-widget-text-editor\" data-id=\"4e6c9f5\" data-element_type=\"widget\" data-e-type=\"widget\" data-widget_type=\"text-editor.default\">\n\t\t\t\t<div class=\"elementor-widget-container\">\n\t\t\t\t\t\t\t\t\t<p>La Unilube AG non si assume alcuna responsabilit\u00e0 in merito alla correttezza, all&#8217;esattezza, all&#8217;attualit\u00e0, all&#8217;affidabilit\u00e0 e alla completezza delle informazioni fornite.<br \/>I reclami di responsabilit\u00e0 contro la Unilube AG per danni di natura materiale o immateriale, causati dall&#8217;uso o dal non-uso di qualsiasi informazione fornita, incluso qualsiasi tipo di informazione incompleta o errata, saranno quindi respinti.<br \/>Tutte le offerte sono libere e sono vincolanti. UNILUBE AG si riserva espressamente il diritto di cambiare, completare o cancellare parti delle pagine o l&#8217;intera offerta senza preavviso o di interrompere la pubblicazione temporaneamente o permanentemente.<\/p>\n\t\t\t\t\t\t\t\t<\/div>\n\t\t\t\t<\/div>\n\t\t\t\t<div class=\"elementor-element elementor-element-15bc1ef elementor-widget elementor-widget-heading\" data-id=\"15bc1ef\" data-element_type=\"widget\" data-e-type=\"widget\" data-widget_type=\"heading.default\">\n\t\t\t\t<div class=\"elementor-widget-container\">\n\t\t\t\t\t<h3 class=\"elementor-heading-title elementor-size-default\">Esclusione di responsabilit\u00e0 per i link\n<\/h3>\t\t\t\t<\/div>\n\t\t\t\t<\/div>\n\t\t\t\t<div class=\"elementor-element elementor-element-7668fa0 elementor-widget elementor-widget-text-editor\" data-id=\"7668fa0\" data-element_type=\"widget\" data-e-type=\"widget\" data-widget_type=\"text-editor.default\">\n\t\t\t\t<div class=\"elementor-widget-container\">\n\t\t\t\t\t\t\t\t\t<p>I riferimenti e i link a siti web di terzi sono al di fuori della nostra area di responsabilit\u00e0. Si declina ogni responsabilit\u00e0 per tali siti web. L&#8217;accesso e l&#8217;uso di tali siti web \u00e8 a rischio e pericolo dell&#8217;utente.<\/p>\n\t\t\t\t\t\t\t\t<\/div>\n\t\t\t\t<\/div>\n\t\t\t\t<div class=\"elementor-element elementor-element-ee7db63 elementor-widget elementor-widget-heading\" data-id=\"ee7db63\" data-element_type=\"widget\" data-e-type=\"widget\" data-widget_type=\"heading.default\">\n\t\t\t\t<div class=\"elementor-widget-container\">\n\t\t\t\t\t<h3 class=\"elementor-heading-title elementor-size-default\">Diritti d\u2019autore<\/h3>\t\t\t\t<\/div>\n\t\t\t\t<\/div>\n\t\t\t\t<div class=\"elementor-element elementor-element-84b6098 elementor-widget elementor-widget-text-editor\" data-id=\"84b6098\" data-element_type=\"widget\" data-e-type=\"widget\" data-widget_type=\"text-editor.default\">\n\t\t\t\t<div class=\"elementor-widget-container\">\n\t\t\t\t\t\t\t\t\t<p>La Unilube AG si impegna a rispettare i diritti d&#8217;autore delle opere utilizzate in tutte le pubblicazioni secondo la legge sul diritto d&#8217;autore (art. 2-4 LDA), a utilizzare opere da essa stessa create o a fare uso di opere prive di licenza.<br \/>Il diritto d&#8217;autore per le opere pubblicate e create dalla stessa Unilube AG rimane esclusivamente di Unilube AG. Qualsiasi duplicazione o utilizzo di tali opere in altre pubblicazioni elettroniche o stampate non \u00e8 consentito senza il previo accordo di Unilube AG.<\/p>\n\t\t\t\t\t\t\t\t<\/div>\n\t\t\t\t<\/div>\n\t\t\t\t\t<\/div>\n\t\t<\/div>\n\t\t\t\t\t<\/div>\n\t\t<\/section>\n\t\t\t\t<\/div>\n\t\t","protected":false},"excerpt":{"rendered":"<p>Indirizzo di contatto Unilube AGAndhauserstrasse 52a8572 Berg TGSvizzera E-mail:\u00a0info@unilube.ch Persona con potere di rappresentanza Jonas H\u00fcgli, amministratore Iscrizione al registro delle imprese Ragione sociale registrata: Unilube AGN. iscrizione al registro commerciale: CHE-106.431.267 Numero di partita IVA CHE-106.431.267 MWST Esclusione di responsabilit\u00e0 La Unilube AG non si assume alcuna responsabilit\u00e0 in merito alla correttezza, all&#8217;esattezza, all&#8217;attualit\u00e0, [&hellip;]<\/p>\n","protected":false},"author":4,"featured_media":0,"parent":0,"menu_order":0,"comment_status":"closed","ping_status":"closed","template":"","meta":{"_acf_changed":false,"footnotes":""},"class_list":["post-2083","page","type-page","status-publish","hentry"],"acf":[],"yoast_head":"<!-- This site is optimized with the Yoast SEO Premium plugin v27.1 (Yoast SEO v27.1.1) - https:\/\/yoast.com\/product\/yoast-seo-premium-wordpress\/ -->\n<title>UNILUBE | Informazione legale<\/title>\n<meta name=\"description\" content=\"Si prega di notare le informazioni riguardanti i diritti d&#039;autore e l\u2019esclusione di responsabilit\u00e0 nella nostra informazione legale.\" \/>\n<meta name=\"robots\" content=\"index, follow, max-snippet:-1, max-image-preview:large, max-video-preview:-1\" \/>\n<link rel=\"canonical\" href=\"https:\/\/unilube.ch\/it\/informazione-legale\/\" \/>\n<meta property=\"og:locale\" content=\"it_IT\" \/>\n<meta property=\"og:type\" content=\"article\" \/>\n<meta property=\"og:title\" content=\"Informazione legale\" \/>\n<meta property=\"og:description\" content=\"Si prega di notare le informazioni riguardanti i diritti d&#039;autore e l\u2019esclusione di responsabilit\u00e0 nella nostra informazione legale.\" \/>\n<meta property=\"og:url\" content=\"https:\/\/unilube.ch\/it\/informazione-legale\/\" \/>\n<meta property=\"og:site_name\" content=\"UNILUBE | Quasi-Trockenbearbeitung\" \/>\n<meta property=\"article:modified_time\" content=\"2022-10-12T14:29:31+00:00\" \/>\n<meta name=\"twitter:card\" content=\"summary_large_image\" \/>\n<meta name=\"twitter:label1\" content=\"Tempo di lettura stimato\" \/>\n\t<meta name=\"twitter:data1\" content=\"2 minuti\" \/>\n<script type=\"application\/ld+json\" class=\"yoast-schema-graph\">{\"@context\":\"https:\/\/schema.org\",\"@graph\":[{\"@type\":\"WebPage\",\"@id\":\"https:\/\/unilube.ch\/it\/informazione-legale\/\",\"url\":\"https:\/\/unilube.ch\/it\/informazione-legale\/\",\"name\":\"UNILUBE | Informazione legale\",\"isPartOf\":{\"@id\":\"https:\/\/unilube.ch\/#website\"},\"datePublished\":\"2021-03-23T08:37:51+00:00\",\"dateModified\":\"2022-10-12T14:29:31+00:00\",\"description\":\"Si prega di notare le informazioni riguardanti i diritti d'autore e l\u2019esclusione di responsabilit\u00e0 nella nostra informazione legale.\",\"breadcrumb\":{\"@id\":\"https:\/\/unilube.ch\/it\/informazione-legale\/#breadcrumb\"},\"inLanguage\":\"it-IT\",\"potentialAction\":[{\"@type\":\"ReadAction\",\"target\":[\"https:\/\/unilube.ch\/it\/informazione-legale\/\"]}]},{\"@type\":\"BreadcrumbList\",\"@id\":\"https:\/\/unilube.ch\/it\/informazione-legale\/#breadcrumb\",\"itemListElement\":[{\"@type\":\"ListItem\",\"position\":1,\"name\":\"Startseite\",\"item\":\"https:\/\/unilube.ch\/it\/\"},{\"@type\":\"ListItem\",\"position\":2,\"name\":\"Informazione legale\"}]},{\"@type\":\"WebSite\",\"@id\":\"https:\/\/unilube.ch\/#website\",\"url\":\"https:\/\/unilube.ch\/\",\"name\":\"UNILUBE | Quasi-Trockenbearbeitung\",\"description\":\"Top of Cleantech\",\"potentialAction\":[{\"@type\":\"SearchAction\",\"target\":{\"@type\":\"EntryPoint\",\"urlTemplate\":\"https:\/\/unilube.ch\/?s={search_term_string}\"},\"query-input\":{\"@type\":\"PropertyValueSpecification\",\"valueRequired\":true,\"valueName\":\"search_term_string\"}}],\"inLanguage\":\"it-IT\"}]}<\/script>\n<!-- \/ Yoast SEO Premium plugin. -->","yoast_head_json":{"title":"UNILUBE | Informazione legale","description":"Si prega di notare le informazioni riguardanti i diritti d'autore e l\u2019esclusione di responsabilit\u00e0 nella nostra informazione legale.","robots":{"index":"index","follow":"follow","max-snippet":"max-snippet:-1","max-image-preview":"max-image-preview:large","max-video-preview":"max-video-preview:-1"},"canonical":"https:\/\/unilube.ch\/it\/informazione-legale\/","og_locale":"it_IT","og_type":"article","og_title":"Informazione legale","og_description":"Si prega di notare le informazioni riguardanti i diritti d'autore e l\u2019esclusione di responsabilit\u00e0 nella nostra informazione legale.","og_url":"https:\/\/unilube.ch\/it\/informazione-legale\/","og_site_name":"UNILUBE | Quasi-Trockenbearbeitung","article_modified_time":"2022-10-12T14:29:31+00:00","twitter_card":"summary_large_image","twitter_misc":{"Tempo di lettura stimato":"2 minuti"},"schema":{"@context":"https:\/\/schema.org","@graph":[{"@type":"WebPage","@id":"https:\/\/unilube.ch\/it\/informazione-legale\/","url":"https:\/\/unilube.ch\/it\/informazione-legale\/","name":"UNILUBE | Informazione legale","isPartOf":{"@id":"https:\/\/unilube.ch\/#website"},"datePublished":"2021-03-23T08:37:51+00:00","dateModified":"2022-10-12T14:29:31+00:00","description":"Si prega di notare le informazioni riguardanti i diritti d'autore e l\u2019esclusione di responsabilit\u00e0 nella nostra informazione legale.","breadcrumb":{"@id":"https:\/\/unilube.ch\/it\/informazione-legale\/#breadcrumb"},"inLanguage":"it-IT","potentialAction":[{"@type":"ReadAction","target":["https:\/\/unilube.ch\/it\/informazione-legale\/"]}]},{"@type":"BreadcrumbList","@id":"https:\/\/unilube.ch\/it\/informazione-legale\/#breadcrumb","itemListElement":[{"@type":"ListItem","position":1,"name":"Startseite","item":"https:\/\/unilube.ch\/it\/"},{"@type":"ListItem","position":2,"name":"Informazione legale"}]},{"@type":"WebSite","@id":"https:\/\/unilube.ch\/#website","url":"https:\/\/unilube.ch\/","name":"UNILUBE | Quasi-Trockenbearbeitung","description":"Top of Cleantech","potentialAction":[{"@type":"SearchAction","target":{"@type":"EntryPoint","urlTemplate":"https:\/\/unilube.ch\/?s={search_term_string}"},"query-input":{"@type":"PropertyValueSpecification","valueRequired":true,"valueName":"search_term_string"}}],"inLanguage":"it-IT"}]}},"_links":{"self":[{"href":"https:\/\/unilube.ch\/it\/wp-json\/wp\/v2\/pages\/2083","targetHints":{"allow":["GET"]}}],"collection":[{"href":"https:\/\/unilube.ch\/it\/wp-json\/wp\/v2\/pages"}],"about":[{"href":"https:\/\/unilube.ch\/it\/wp-json\/wp\/v2\/types\/page"}],"author":[{"embeddable":true,"href":"https:\/\/unilube.ch\/it\/wp-json\/wp\/v2\/users\/4"}],"replies":[{"embeddable":true,"href":"https:\/\/unilube.ch\/it\/wp-json\/wp\/v2\/comments?post=2083"}],"version-history":[{"count":4,"href":"https:\/\/unilube.ch\/it\/wp-json\/wp\/v2\/pages\/2083\/revisions"}],"predecessor-version":[{"id":3495,"href":"https:\/\/unilube.ch\/it\/wp-json\/wp\/v2\/pages\/2083\/revisions\/3495"}],"wp:attachment":[{"href":"https:\/\/unilube.ch\/it\/wp-json\/wp\/v2\/media?parent=2083"}],"curies":[{"name":"wp","href":"https:\/\/api.w.org\/{rel}","templated":true}]}}